{"id":7225,"date":"2026-03-23T14:14:09","date_gmt":"2026-03-23T19:14:09","guid":{"rendered":"https:\/\/www.pvtravels.com\/tour\/sem%20categoria\/cusco-machu-picchu-montanha-arco-iris-lago-humantay-5d-4n\/"},"modified":"2026-03-26T15:21:41","modified_gmt":"2026-03-26T20:21:41","slug":"cusco-machu-picchu-montanha-arco-iris-lago-humantay-5d-4n","status":"publish","type":"product","link":"https:\/\/www.pvtravels.com\/pt-pt\/tour\/cusco-machu-picchu-pt-pt\/pacotes-em-cusco\/cusco-machu-picchu-montanha-arco-iris-lago-humantay-5d-4n\/","title":{"rendered":"Cusco &#038; Machu Picchu &#038;Montanha Arco-\u00cdris &#038; Lago Humantay 5D\/4N"},"content":{"rendered":"\t\t<div data-elementor-type=\"product-post\" data-elementor-id=\"7225\" class=\"elementor elementor-7225 elementor-7122\" data-elementor-post-type=\"product\">\n\t\t\t\t\t\t<section class=\"elementor-section elementor-top-section elementor-element elementor-element-16a93a66 elementor-section-boxed elementor-section-height-default elementor-section-height-default\" data-id=\"16a93a66\" data-element_type=\"section\" data-e-type=\"section\">\n\t\t\t\t\t\t<div class=\"elementor-container elementor-column-gap-default\">\n\t\t\t\t\t<div class=\"elementor-column elementor-col-100 elementor-top-column elementor-element elementor-element-2ca0247b\" data-id=\"2ca0247b\" data-element_type=\"column\" data-e-type=\"column\">\n\t\t\t<div class=\"elementor-widget-wrap elementor-element-populated\">\n\t\t\t\t\t\t<div class=\"elementor-element elementor-element-395c88ae elementor-widget elementor-widget-heading\" data-id=\"395c88ae\" data-element_type=\"widget\" data-e-type=\"widget\" data-widget_type=\"heading.default\">\n\t\t\t\t<div class=\"elementor-widget-container\">\n\t\t\t\t\t<h3 class=\"elementor-heading-title elementor-size-default\">Itinerario<\/h3>\t\t\t\t<\/div>\n\t\t\t\t<\/div>\n\t\t\t\t<div class=\"elementor-element elementor-element-787c14ab elementor-widget elementor-widget-accordion\" data-id=\"787c14ab\" data-element_type=\"widget\" data-e-type=\"widget\" data-widget_type=\"accordion.default\">\n\t\t\t\t<div class=\"elementor-widget-container\">\n\t\t\t\t\t\t\t<div class=\"elementor-accordion\">\n\t\t\t\t\t\t\t<div class=\"elementor-accordion-item\">\n\t\t\t\t\t<div id=\"elementor-tab-title-2021\" class=\"elementor-tab-title\" data-tab=\"1\" role=\"button\" aria-controls=\"elementor-tab-content-2021\" aria-expanded=\"false\">\n\t\t\t\t\t\t\t\t\t\t\t\t\t<span class=\"elementor-accordion-icon elementor-accordion-icon-left\" aria-hidden=\"true\">\n\t\t\t\t\t\t\t\t\t\t\t\t\t\t\t<span class=\"elementor-accordion-icon-closed\"><i class=\"fas fa-plus\"><\/i><\/span>\n\t\t\t\t\t\t\t\t<span class=\"elementor-accordion-icon-opened\"><i class=\"fas fa-minus\"><\/i><\/span>\n\t\t\t\t\t\t\t\t\t\t\t\t\t\t<\/span>\n\t\t\t\t\t\t\t\t\t\t\t\t<a class=\"elementor-accordion-title\" tabindex=\"0\">Dia 1: Chegada a Cusco<\/a>\n\t\t\t\t\t<\/div>\n\t\t\t\t\t<div id=\"elementor-tab-content-2021\" class=\"elementor-tab-content elementor-clearfix\" data-tab=\"1\" role=\"region\" aria-labelledby=\"elementor-tab-title-2021\"><p>Na chegada a Cusco, recep\u00e7\u00e3o no aeroporto\/rodovi\u00e1ria e traslado para o hotel no centro da cidade.<\/p>\n<p>O restante do dia ser\u00e1 livre para descanso e aclimata\u00e7\u00e3o \u00e0 altitude.<\/p>\n<p>Nota: Recomenda-se chegar a Cusco antes das 11h.<\/p>\n<p>Pernoite em Cusco.<\/p>\n<\/div>\n\t\t\t\t<\/div>\n\t\t\t\t\t\t\t<div class=\"elementor-accordion-item\">\n\t\t\t\t\t<div id=\"elementor-tab-title-2022\" class=\"elementor-tab-title\" data-tab=\"2\" role=\"button\" aria-controls=\"elementor-tab-content-2022\" aria-expanded=\"false\">\n\t\t\t\t\t\t\t\t\t\t\t\t\t<span class=\"elementor-accordion-icon elementor-accordion-icon-left\" aria-hidden=\"true\">\n\t\t\t\t\t\t\t\t\t\t\t\t\t\t\t<span class=\"elementor-accordion-icon-closed\"><i class=\"fas fa-plus\"><\/i><\/span>\n\t\t\t\t\t\t\t\t<span class=\"elementor-accordion-icon-opened\"><i class=\"fas fa-minus\"><\/i><\/span>\n\t\t\t\t\t\t\t\t\t\t\t\t\t\t<\/span>\n\t\t\t\t\t\t\t\t\t\t\t\t<a class=\"elementor-accordion-title\" tabindex=\"0\">Dia 2: Trilha Montanha Arco-\u00cdris<\/a>\n\t\t\t\t\t<\/div>\n\t\t\t\t\t<div id=\"elementor-tab-content-2022\" class=\"elementor-tab-content elementor-clearfix\" data-tab=\"2\" role=\"region\" aria-labelledby=\"elementor-tab-title-2022\"><p>Buscaremos voc\u00ea entre 4h10 e 4h30 da manh\u00e3. Em seguida, partiremos de carro pelo Vale do Sul. A viagem at\u00e9 a comunidade de Hanchipacha leva cerca de 3 horas, onde faremos uma parada para o caf\u00e9 da manh\u00e3. Depois, seguiremos por mais 15 minutos at\u00e9 a comunidade de Quesiuno (4.326 m), onde iniciaremos a trilha de aproximadamente 3 horas at\u00e9 a Montanha Arco-\u00cdris. Durante a subida, poderemos apreciar paisagens incr\u00edveis com rebanhos de alpacas e lhamas, a Montanha Ausangate, diversas montanhas vermelhas e casas tradicionais locais. Ao chegarmos \u00e0 Montanha Arco-\u00cdris (5.020 m), voc\u00ea ter\u00e1 tempo para explorar a \u00e1rea e tirar fotos. Passaremos aproximadamente de 30 minutos a 1 hora l\u00e1 (dependendo do seu ritmo de caminhada e das condi\u00e7\u00f5es clim\u00e1ticas).<\/p>\n<p>Ap\u00f3s a vista deslumbrante da paisagem no topo, desceremos at\u00e9 o ponto de partida da nossa trilha, que leva aproximadamente 2 horas (comunidade de Quesiuno), onde pegaremos o transporte para a comunidade de Hanchipacha para almo\u00e7ar. Em seguida, seguiremos de carro at\u00e9 Cusco e o desembarque ser\u00e1 na Pra\u00e7a Regocijos, a dois quarteir\u00f5es da Pra\u00e7a Principal.<\/p>\n<p>Pernoite em Cusco.<\/p>\n<\/div>\n\t\t\t\t<\/div>\n\t\t\t\t\t\t\t<div class=\"elementor-accordion-item\">\n\t\t\t\t\t<div id=\"elementor-tab-title-2023\" class=\"elementor-tab-title\" data-tab=\"3\" role=\"button\" aria-controls=\"elementor-tab-content-2023\" aria-expanded=\"false\">\n\t\t\t\t\t\t\t\t\t\t\t\t\t<span class=\"elementor-accordion-icon elementor-accordion-icon-left\" aria-hidden=\"true\">\n\t\t\t\t\t\t\t\t\t\t\t\t\t\t\t<span class=\"elementor-accordion-icon-closed\"><i class=\"fas fa-plus\"><\/i><\/span>\n\t\t\t\t\t\t\t\t<span class=\"elementor-accordion-icon-opened\"><i class=\"fas fa-minus\"><\/i><\/span>\n\t\t\t\t\t\t\t\t\t\t\t\t\t\t<\/span>\n\t\t\t\t\t\t\t\t\t\t\t\t<a class=\"elementor-accordion-title\" tabindex=\"0\">Dia 3: Excurs\u00e3o\u00a0 a Machu Picchu<\/a>\n\t\t\t\t\t<\/div>\n\t\t\t\t\t<div id=\"elementor-tab-content-2023\" class=\"elementor-tab-content elementor-clearfix\" data-tab=\"3\" role=\"region\" aria-labelledby=\"elementor-tab-title-2023\"><p>Sa\u00edda do nosso hotel em Cusco pela manh\u00e3, por volta das 4h. Iremos at\u00e9 a esta\u00e7\u00e3o de trem em Ollantaytambo, a cerca de 1h30 de Cusco, e ent\u00e3o embarcaremos nesta extraordin\u00e1ria viagem de trem at\u00e9 Machu Picchu, onde voc\u00ea poder\u00e1 apreciar belas paisagens. O trem atravessa ecossistemas deslumbrantes, ent\u00e3o prepare sua c\u00e2mera para tirar fotos.<br \/>\nAproximadamente quatro horas ap\u00f3s nossa partida de Cusco, chegaremos \u00e0 esta\u00e7\u00e3o de trem em Aguas Calientes (a cidade localizada aos p\u00e9s de Machu Picchu). L\u00e1, nosso guia especializado estar\u00e1 esperando. Juntos, pegaremos o \u00f4nibus de Aguas Calientes para Machu Picchu, uma viagem de 25 minutos.<br \/>\nAo chegarmos em Machu Picchu, entraremos no s\u00edtio arqueol\u00f3gico (n\u00e3o se esque\u00e7a do seu passaporte) e nosso guia nos conduzir\u00e1 por uma visita guiada \u00e0 cidadela, com dura\u00e7\u00e3o de 2 horas. Ap\u00f3s a visita guiada, haver\u00e1 tempo livre para explorar e tirar fotos.<br \/>\nDepois de explorar Machu Picchu, retornaremos de \u00f4nibus para Aguas Calientes. L\u00e1, voc\u00ea poder\u00e1 aproveitar os restaurantes, explorar a vila ou relaxar.<br \/>\n\u00c0 tarde, pegaremos o trem de volta para Ollantaytambo, onde nosso motorista estar\u00e1 esperando para nos levar de volta \u00e0 nossa acomoda\u00e7\u00e3o em Cusco.<\/p>\n<p>Pernoite em Cusco.<\/p>\n<\/div>\n\t\t\t\t<\/div>\n\t\t\t\t\t\t\t<div class=\"elementor-accordion-item\">\n\t\t\t\t\t<div id=\"elementor-tab-title-2024\" class=\"elementor-tab-title\" data-tab=\"4\" role=\"button\" aria-controls=\"elementor-tab-content-2024\" aria-expanded=\"false\">\n\t\t\t\t\t\t\t\t\t\t\t\t\t<span class=\"elementor-accordion-icon elementor-accordion-icon-left\" aria-hidden=\"true\">\n\t\t\t\t\t\t\t\t\t\t\t\t\t\t\t<span class=\"elementor-accordion-icon-closed\"><i class=\"fas fa-plus\"><\/i><\/span>\n\t\t\t\t\t\t\t\t<span class=\"elementor-accordion-icon-opened\"><i class=\"fas fa-minus\"><\/i><\/span>\n\t\t\t\t\t\t\t\t\t\t\t\t\t\t<\/span>\n\t\t\t\t\t\t\t\t\t\t\t\t<a class=\"elementor-accordion-title\" tabindex=\"0\">Dia 4:Trilha Lago Humantay<\/a>\n\t\t\t\t\t<\/div>\n\t\t\t\t\t<div id=\"elementor-tab-content-2024\" class=\"elementor-tab-content elementor-clearfix\" data-tab=\"4\" role=\"region\" aria-labelledby=\"elementor-tab-title-2024\"><p>O transporte buscar\u00e1 voc\u00ea em sua acomoda\u00e7\u00e3o entre 4h10 e 4h30 da manh\u00e3 e, em seguida, seguiremos de \u00f4nibus at\u00e9 a cidade de Mollepata, onde desfrutaremos de um caf\u00e9 da manh\u00e3 t\u00edpico da regi\u00e3o.<\/p>\n<p>Ap\u00f3s o caf\u00e9 da manh\u00e3, retornaremos ao \u00f4nibus para continuar nosso passeio at\u00e9 Soraypama. Viajaremos por uma trilha fotog\u00eanica chamada &#8220;Camino Real&#8221;, ganhando altitude. Ao chegarmos \u00e0 pequena vila, com poucas comodidades, iniciaremos nossa caminhada at\u00e9 o Lago Humantay, a 4.250 metros acima do n\u00edvel do mar. A subida dura cerca de uma hora e meia at\u00e9 alcan\u00e7armos o lago. Ap\u00f3s vencermos a \u00faltima colina, contemplaremos o lago turquesa l\u00e1 embaixo, cercado por picos \u00edngremes e uma impressionante geleira.<\/p>\n<p>Ao chegarmos ao bel\u00edssimo Lago Humantay, teremos cerca de uma hora para apreciar a beleza natural que nos rodeia e recarregar as energias proporcionadas pela montanha nevada de Salkantay.<\/p>\n<p>Quando estiver pronto para a descida, seguiremos para Soraypampa, apreciando as vistas panor\u00e2micas deslumbrantes dos picos nevados.<\/p>\n<p>Continuaremos a viagem at\u00e9 Mollepata, onde almo\u00e7aremos e, em seguida, retornaremos a Cusco, chegando \u00e0 cidade \u00e0s 18h30.<\/p>\n<p>O \u00f4nibus partir\u00e1 da Plaza Regocijo, a apenas dois quarteir\u00f5es da pra\u00e7a principal.<\/p>\n<p>Pernoite em Cusco.<\/p>\n<\/div>\n\t\t\t\t<\/div>\n\t\t\t\t\t\t\t<div class=\"elementor-accordion-item\">\n\t\t\t\t\t<div id=\"elementor-tab-title-2025\" class=\"elementor-tab-title\" data-tab=\"5\" role=\"button\" aria-controls=\"elementor-tab-content-2025\" aria-expanded=\"false\">\n\t\t\t\t\t\t\t\t\t\t\t\t\t<span class=\"elementor-accordion-icon elementor-accordion-icon-left\" aria-hidden=\"true\">\n\t\t\t\t\t\t\t\t\t\t\t\t\t\t\t<span class=\"elementor-accordion-icon-closed\"><i class=\"fas fa-plus\"><\/i><\/span>\n\t\t\t\t\t\t\t\t<span class=\"elementor-accordion-icon-opened\"><i class=\"fas fa-minus\"><\/i><\/span>\n\t\t\t\t\t\t\t\t\t\t\t\t\t\t<\/span>\n\t\t\t\t\t\t\t\t\t\t\t\t<a class=\"elementor-accordion-title\" tabindex=\"0\">Dia 5: Sa\u00edda de Cusco<\/a>\n\t\t\t\t\t<\/div>\n\t\t\t\t\t<div id=\"elementor-tab-content-2025\" class=\"elementor-tab-content elementor-clearfix\" data-tab=\"5\" role=\"region\" aria-labelledby=\"elementor-tab-title-2025\"><p>Caf\u00e9 da manh\u00e3 no hotel e traslado para o aeroporto para o seu voo de retorno.<\/p>\n<p>Nota: O check-out do hotel deve ser feito \u00e0s 11h.<\/p>\n<p>Fim dos nossos servi\u00e7os!<\/p>\n<\/div>\n\t\t\t\t<\/div>\n\t\t\t\t\t\t\t\t<\/div>\n\t\t\t\t\t\t<\/div>\n\t\t\t\t<\/div>\n\t\t\t\t<div class=\"elementor-element elementor-element-2a4137d4 elementor-widget elementor-widget-text-editor\" data-id=\"2a4137d4\" data-element_type=\"widget\" data-e-type=\"widget\" data-widget_type=\"text-editor.default\">\n\t\t\t\t<div class=\"elementor-widget-container\">\n\t\t\t\t\t\t\t\t\t<h3><span style=\"color: #008000;\">O que est\u00e1 inclu\u00eddo:<\/span><\/h3>\n<ul>\n<li>Traslados aeroporto &#8211; hotel &#8211; aeroporto (ou terminal rodovi\u00e1rio)<\/li>\n<li>4 noites em Cusco<\/li>\n<li>Caf\u00e9 da manh\u00e3 inclu\u00eddo no hotel<\/li>\n<li>Caf\u00e9 da manh\u00e3 e almo\u00e7o na Montanha Arco-\u00cdris<\/li>\n<li>Caf\u00e9 da manh\u00e3 e almo\u00e7o no Lago Humantay<\/li>\n<li>Trilha de dia inteiro na Montanha Arco-\u00cdris<\/li>\n<li>Trilha de dia inteiro no Lago Humantay<\/li>\n<li>Tour de dia inteiro em Machu Picchu<\/li>\n<li>Tour guiado em ingl\u00eas ou espanhol<\/li>\n<li>Entradas para a Montanha Arco-\u00cdris<\/li>\n<li>Entradas para o Lago Humantay<\/li>\n<li>Entradas para Machu Picchu<\/li>\n<li>Passagem de \u00f4nibus: Aguas Calientes-Machu Picchu-Aguas-Calientes.<\/li>\n<li>Bilhete de trem Ollantaytambo-Aguas Calientes-Ollantaytambo(servi\u00e7o Expedition ou Voyager)<\/li>\n<li>Transporte para todas as visitas inclu\u00eddas no itiner\u00e1rio<\/li>\n<li>Suporte 24 horas por dia, 7 dias por semana<\/li>\n<\/ul>\n<h3><span style=\"color: #008000;\">N\u00e3o inclu\u00eddo:<\/span><\/h3>\n<ul>\n<li>Refei\u00e7\u00f5es n\u00e3o especificadas no itiner\u00e1rio<\/li>\n<li>Voo\/\u00f4nibus de\/para Cusco<\/li>\n<li>Gorjetas<\/li>\n<\/ul>\n<h3><span style=\"color: #008000;\">Lista de recomenda\u00e7\u00f5es<\/span><\/h3>\n<ul>\n<li>Lanches (frutas secas, biscoitos, doces, chocolates, etc.)<\/li>\n<li>Cal\u00e7ados confort\u00e1veis \u200b\u200bpara caminhada ou t\u00eanis<\/li>\n<li>Equipamento completo para chuva ou poncho (de novembro a abril)<\/li>\n<li>Luvas<\/li>\n<li>Chap\u00e9u ou bon\u00e9<\/li>\n<li>\u00d3culos de sol<\/li>\n<li>Protetor solar<\/li>\n<li>Produtos de higiene pessoal (xampu, sabonete, creme corporal)<\/li>\n<li>C\u00e2meras fotogr\u00e1ficas\/de v\u00eddeo e carregadores<\/li>\n<li>Garrafa de \u00e1gua<\/li>\n<\/ul>\n\t\t\t\t\t\t\t\t<\/div>\n\t\t\t\t<\/div>\n\t\t\t\t\t<\/div>\n\t\t<\/div>\n\t\t\t\t\t<\/div>\n\t\t<\/section>\n\t\t\t\t<\/div>\n\t\t","protected":false},"excerpt":{"rendered":"<p><strong>C\u00d3DIGO:<\/strong> PVT-CP002 &#8211; A<\/p>\n<ul>\n<li><strong>Sa\u00eddas:<\/strong> Di\u00e1ria<\/li>\n<li><strong>Dura\u00e7\u00e3o:<\/strong> 5 dias \/ 4 noites<\/li>\n<li>**<span style=\"color: #ff0000;\">RESERVE J\u00c1 E GANHE 15% DE DESCONTO!!<\/span><\/li>\n<li><strong style=\"font-size: 16px;\"><span style=\"color: #ff0000;\">A entrada para Machu Picchu depender\u00e1 da disponibilidade no momento da reserva e poder\u00e1 ser para o<\/span> Circuito 1, Circuito 2 ou Circuito 3.<\/strong><\/li>\n<\/ul>\n<p><em>Entre em contato conosco para mais informa\u00e7\u00f5es.**<\/em><\/p>\n","protected":false},"featured_media":7224,"template":"","meta":{"site-sidebar-layout":"default","site-content-layout":"","ast-site-content-layout":"default","site-content-style":"default","site-sidebar-style":"default","ast-global-header-display":"","ast-banner-title-visibility":"","ast-main-header-display":"","ast-hfb-above-header-display":"","ast-hfb-below-header-display":"","ast-hfb-mobile-header-display":"","site-post-title":"","ast-breadcrumbs-content":"","ast-featured-img":"","footer-sml-layout":"","ast-disable-related-posts":"","theme-transparent-header-meta":"default","adv-header-id-meta":"","stick-header-meta":"default","header-above-stick-meta":"","header-main-stick-meta":"","header-below-stick-meta":"","astra-migrate-meta-layouts":"default","ast-page-background-enabled":"default","ast-page-background-meta":{"desktop":{"background-color":"var(--ast-global-color-4)","background-image":"","background-repeat":"repeat","background-position":"center center","background-size":"auto","background-attachment":"scroll","background-type":"","background-media":"","overlay-type":"","overlay-color":"","overlay-opacity":"","overlay-gradient":""},"tablet":{"background-color":"","background-image":"","background-repeat":"repeat","background-position":"center center","background-size":"auto","background-attachment":"scroll","background-type":"","background-media":"","overlay-type":"","overlay-color":"","overlay-opacity":"","overlay-gradient":""},"mobile":{"background-color":"","background-image":"","background-repeat":"repeat","background-position":"center center","background-size":"auto","background-attachment":"scroll","background-type":"","background-media":"","overlay-type":"","overlay-color":"","overlay-opacity":"","overlay-gradient":""}},"ast-content-background-meta":{"desktop":{"background-color":"var(--ast-global-color-5)","background-image":"","background-repeat":"repeat","background-position":"center center","background-size":"auto","background-attachment":"scroll","background-type":"","background-media":"","overlay-type":"","overlay-color":"","overlay-opacity":"","overlay-gradient":""},"tablet":{"background-color":"var(--ast-global-color-5)","background-image":"","background-repeat":"repeat","background-position":"center center","background-size":"auto","background-attachment":"scroll","background-type":"","background-media":"","overlay-type":"","overlay-color":"","overlay-opacity":"","overlay-gradient":""},"mobile":{"background-color":"var(--ast-global-color-5)","background-image":"","background-repeat":"repeat","background-position":"center center","background-size":"auto","background-attachment":"scroll","background-type":"","background-media":"","overlay-type":"","overlay-color":"","overlay-opacity":"","overlay-gradient":""}},"_joinchat":[]},"product_brand":[],"product_cat":[121],"product_tag":[],"class_list":{"0":"post-7225","1":"product","2":"type-product","3":"status-publish","4":"has-post-thumbnail","6":"product_cat-pacotes-em-cusco","7":"desktop-align-center","8":"tablet-align-center","9":"mobile-align-center","10":"ast-product-gallery-layout-horizontal-slider","11":"ast-product-gallery-with-no-image","12":"ast-product-single-variable","13":"ast-product-tabs-layout-horizontal","15":"first","16":"instock","17":"shipping-taxable","18":"purchasable","19":"product-type-variable"},"_links":{"self":[{"href":"https:\/\/www.pvtravels.com\/pt-pt\/wp-json\/wp\/v2\/product\/7225","targetHints":{"allow":["GET"]}}],"collection":[{"href":"https:\/\/www.pvtravels.com\/pt-pt\/wp-json\/wp\/v2\/product"}],"about":[{"href":"https:\/\/www.pvtravels.com\/pt-pt\/wp-json\/wp\/v2\/types\/product"}],"version-history":[{"count":7,"href":"https:\/\/www.pvtravels.com\/pt-pt\/wp-json\/wp\/v2\/product\/7225\/revisions"}],"predecessor-version":[{"id":7447,"href":"https:\/\/www.pvtravels.com\/pt-pt\/wp-json\/wp\/v2\/product\/7225\/revisions\/7447"}],"wp:featuredmedia":[{"embeddable":true,"href":"https:\/\/www.pvtravels.com\/pt-pt\/wp-json\/wp\/v2\/media\/7224"}],"wp:attachment":[{"href":"https:\/\/www.pvtravels.com\/pt-pt\/wp-json\/wp\/v2\/media?parent=7225"}],"wp:term":[{"taxonomy":"product_brand","embeddable":true,"href":"https:\/\/www.pvtravels.com\/pt-pt\/wp-json\/wp\/v2\/product_brand?post=7225"},{"taxonomy":"product_cat","embeddable":true,"href":"https:\/\/www.pvtravels.com\/pt-pt\/wp-json\/wp\/v2\/product_cat?post=7225"},{"taxonomy":"product_tag","embeddable":true,"href":"https:\/\/www.pvtravels.com\/pt-pt\/wp-json\/wp\/v2\/product_tag?post=7225"}],"curies":[{"name":"wp","href":"https:\/\/api.w.org\/{rel}","templated":true}]}}