{"id":6893,"date":"2026-03-07T10:19:49","date_gmt":"2026-03-07T15:19:49","guid":{"rendered":"https:\/\/www.pvtravels.com\/tour\/sem%20categoria\/canon-del-colca-a-puno-2d-1n\/"},"modified":"2026-03-07T10:49:14","modified_gmt":"2026-03-07T15:49:14","slug":"canon-del-colca-a-puno-2d-1n","status":"publish","type":"product","link":"https:\/\/www.pvtravels.com\/pt-pt\/tour\/arequipa-pt-pt\/pacotes-arequipa\/canon-del-colca-a-puno-2d-1n\/","title":{"rendered":"Ca\u00f1on del Colca a Puno 2D\/1N"},"content":{"rendered":"\t\t<div data-elementor-type=\"product-post\" data-elementor-id=\"6893\" class=\"elementor elementor-6893 elementor-6870\" data-elementor-post-type=\"product\">\n\t\t\t\t\t\t<section class=\"elementor-section elementor-top-section elementor-element elementor-element-3e9004a3 elementor-section-boxed elementor-section-height-default elementor-section-height-default\" data-id=\"3e9004a3\" data-element_type=\"section\" data-e-type=\"section\">\n\t\t\t\t\t\t<div class=\"elementor-container elementor-column-gap-default\">\n\t\t\t\t\t<div class=\"elementor-column elementor-col-100 elementor-top-column elementor-element elementor-element-13d1a0f\" data-id=\"13d1a0f\" data-element_type=\"column\" data-e-type=\"column\">\n\t\t\t<div class=\"elementor-widget-wrap elementor-element-populated\">\n\t\t\t\t\t\t<div class=\"elementor-element elementor-element-181968a2 elementor-widget elementor-widget-heading\" data-id=\"181968a2\" data-element_type=\"widget\" data-e-type=\"widget\" data-widget_type=\"heading.default\">\n\t\t\t\t<div class=\"elementor-widget-container\">\n\t\t\t\t\t<h3 class=\"elementor-heading-title elementor-size-default\">Itinerario<\/h3>\t\t\t\t<\/div>\n\t\t\t\t<\/div>\n\t\t\t\t<div class=\"elementor-element elementor-element-2acb27d9 elementor-widget elementor-widget-accordion\" data-id=\"2acb27d9\" data-element_type=\"widget\" data-e-type=\"widget\" data-widget_type=\"accordion.default\">\n\t\t\t\t<div class=\"elementor-widget-container\">\n\t\t\t\t\t\t\t<div class=\"elementor-accordion\">\n\t\t\t\t\t\t\t<div class=\"elementor-accordion-item\">\n\t\t\t\t\t<div id=\"elementor-tab-title-7171\" class=\"elementor-tab-title\" data-tab=\"1\" role=\"button\" aria-controls=\"elementor-tab-content-7171\" aria-expanded=\"false\">\n\t\t\t\t\t\t\t\t\t\t\t\t\t<span class=\"elementor-accordion-icon elementor-accordion-icon-left\" aria-hidden=\"true\">\n\t\t\t\t\t\t\t\t\t\t\t\t\t\t\t<span class=\"elementor-accordion-icon-closed\"><i class=\"fas fa-plus\"><\/i><\/span>\n\t\t\t\t\t\t\t\t<span class=\"elementor-accordion-icon-opened\"><i class=\"fas fa-minus\"><\/i><\/span>\n\t\t\t\t\t\t\t\t\t\t\t\t\t\t<\/span>\n\t\t\t\t\t\t\t\t\t\t\t\t<a class=\"elementor-accordion-title\" tabindex=\"0\">Dia 1: Arequipa \u2013 Chivay<\/a>\n\t\t\t\t\t<\/div>\n\t\t\t\t\t<div id=\"elementor-tab-content-7171\" class=\"elementor-tab-content elementor-clearfix\" data-tab=\"1\" role=\"region\" aria-labelledby=\"elementor-tab-title-7171\"><p>\u00c0s 8h, buscaremos voc\u00ea em seu hotel para partirmos de Arequipa (2.325 m) rumo \u00e0 montanha nevada de Chachani em nosso transporte. Observaremos vicunhas, alpacas e lhamas selvagens na Reserva Nacional de Pampa Ca\u00f1ahu, al\u00e9m de aves como flamingos, \u00edbis, gansos andinos, patos, \u00e1guias e o kara-andino.<br \/>\nTamb\u00e9m visitaremos o mirante com vista para os vulc\u00f5es e montanhas nevadas em Patapampa (4.800 m).<br \/>\nAo chegarmos em Chivay (3.600 m), a capital do Vale do Colca, almo\u00e7aremos e teremos a tarde livre para relaxar ou visitar as fontes termais (opcional).<br \/>\nPernoite em hotel em Chivay.<\/p>\n<\/div>\n\t\t\t\t<\/div>\n\t\t\t\t\t\t\t<div class=\"elementor-accordion-item\">\n\t\t\t\t\t<div id=\"elementor-tab-title-7172\" class=\"elementor-tab-title\" data-tab=\"2\" role=\"button\" aria-controls=\"elementor-tab-content-7172\" aria-expanded=\"false\">\n\t\t\t\t\t\t\t\t\t\t\t\t\t<span class=\"elementor-accordion-icon elementor-accordion-icon-left\" aria-hidden=\"true\">\n\t\t\t\t\t\t\t\t\t\t\t\t\t\t\t<span class=\"elementor-accordion-icon-closed\"><i class=\"fas fa-plus\"><\/i><\/span>\n\t\t\t\t\t\t\t\t<span class=\"elementor-accordion-icon-opened\"><i class=\"fas fa-minus\"><\/i><\/span>\n\t\t\t\t\t\t\t\t\t\t\t\t\t\t<\/span>\n\t\t\t\t\t\t\t\t\t\t\t\t<a class=\"elementor-accordion-title\" tabindex=\"0\">Dia 2: C\u00e2nion do Colca - Puno<\/a>\n\t\t\t\t\t<\/div>\n\t\t\t\t\t<div id=\"elementor-tab-content-7172\" class=\"elementor-tab-content elementor-clearfix\" data-tab=\"2\" role=\"region\" aria-labelledby=\"elementor-tab-title-7172\"><p>Logo pela manh\u00e3, ap\u00f3s o caf\u00e9 da manh\u00e3 (por volta das 6h), partiremos para uma excurs\u00e3o de dia inteiro pelo lado esquerdo do c\u00e2nion, visitando belas cidades como Yanque e Maca, com igrejas coloniais e moradores simp\u00e1ticos que ter\u00e3o prazer em mostrar suas roupas tradicionais bordadas. Veremos centenas de terra\u00e7os pr\u00e9-incas ainda usados \u200b\u200bpara o cultivo de milho andino, quinoa, amaranto e outros.<br \/>\nAp\u00f3s duas horas de viagem, chegaremos ao local que voc\u00ea estava esperando: La Cruz del Condor. Aqui, poderemos contemplar a profundidade do c\u00e2nion e observar o maravilhoso voo dos condores. Tempo livre para observar os condores e explorar o mirante.<br \/>\nEm seguida, retornaremos a Chivay, onde teremos tempo para o almo\u00e7o (n\u00e3o incluso).<\/p>\n<p><strong>\u00d4nibus tur\u00edstico de Chivay para Puno<\/strong><br \/>\n13h: Embarque no \u00f4nibus para iniciar o passeio. Primeira parada: Patahuasi para tomar mate e observar o Mirante dos Vulc\u00f5es, localizado a 4.950 metros acima do n\u00edvel do mar, de onde avistaremos os vulc\u00f5es Misti, Chachani e Ampato. Segunda parada: Pampa Ca\u00f1ahuas ou Reserva Nacional Salinas e Aguada Blanca. Neste local, apreciaremos as forma\u00e7\u00f5es rochosas e os camel\u00eddeos sul-americanos, como vicunhas, lhamas e alpacas. Nossa \u00faltima e terceira parada ser\u00e1 em \u201cLagunillas\u201d, de onde se tem uma vista panor\u00e2mica dos pequenos lagos. \u00c9 tamb\u00e9m o habitat de flamingos, gaivotas andinas e outras aves, sem d\u00favida, uma \u00f3tima oportunidade para tirar fotos. Observaremos aves silvestres como flamingos, gaivotas andinas e patos.<br \/>\nDas 19h \u00e0s 19h30, chegaremos \u00e0 cidade de Puno (Plaza de Armas) e aos hot\u00e9is pr\u00f3ximos \u00e0 Plaza de Armas.<br \/>\nFim dos nossos servi\u00e7os!<\/p>\n<\/div>\n\t\t\t\t<\/div>\n\t\t\t\t\t\t\t\t<\/div>\n\t\t\t\t\t\t<\/div>\n\t\t\t\t<\/div>\n\t\t\t\t<div class=\"elementor-element elementor-element-500bd1ba elementor-widget elementor-widget-text-editor\" data-id=\"500bd1ba\" data-element_type=\"widget\" data-e-type=\"widget\" data-widget_type=\"text-editor.default\">\n\t\t\t\t<div class=\"elementor-widget-container\">\n\t\t\t\t\t\t\t\t\t<h3><span style=\"color: #008000;\">O que est\u00e1 inclu\u00eddo:<\/span><\/h3>\n<ul>\n<li>Traslado do seu alojamento no centro de Arequipa<\/li>\n<li>Transporte de Arequipa para o C\u00e2nion do Colca<\/li>\n<li>Hospedagem em Chivay<\/li>\n<li>Caf\u00e9 da manh\u00e3 no hotel<\/li>\n<li>\u00d4nibus tur\u00edstico de Chivay para Puno<\/li>\n<li>Guia em ingl\u00eas ou espanhol<\/li>\n<\/ul>\n<h3><span style=\"color: #008000;\">N\u00e3o inclu\u00eddo:<\/span><\/h3>\n<ul>\n<li>Refei\u00e7\u00f5es e bebidas n\u00e3o especificadas no itiner\u00e1rio<\/li>\n<li>Taxa de entrada para o C\u00e2nion do Colca<\/li>\n<li>Hospedagem em Arequipa<\/li>\n<li>Hospedagem em Puno<\/li>\n<\/ul>\n<h3><span style=\"color: #008000;\">Lista recomendados :<\/span><\/h3>\n<ul>\n<li>Lanches (frutas secas, biscoitos, doces, chocolates, etc.)<\/li>\n<li>Cal\u00e7ados confort\u00e1veis \u200b\u200bpara caminhada ou t\u00eanis<\/li>\n<li>Equipamento completo para chuva ou poncho<\/li>\n<li>Luvas<\/li>\n<li>Roupa de banho (opcional para as \u00e1guas termais)<\/li>\n<li>Chap\u00e9u ou bon\u00e9<\/li>\n<li>\u00d3culos de solProtetor solar<\/li>\n<li>Artigos de higiene pessoal<\/li>\n<li>Garrafa de \u00e1gua<\/li>\n<\/ul>\n\t\t\t\t\t\t\t\t<\/div>\n\t\t\t\t<\/div>\n\t\t\t\t\t<\/div>\n\t\t<\/div>\n\t\t\t\t\t<\/div>\n\t\t<\/section>\n\t\t\t\t<\/div>\n\t\t","protected":false},"excerpt":{"rendered":"<p><strong>C\u00d3DIGO:<\/strong> PVT-A002<\/p>\n<ul>\n<li><strong>Partidas:<\/strong> Di\u00e1rias<\/li>\n<li><strong>Dura\u00e7\u00e3o:<\/strong> 2 dias \/ 1 noite<\/li>\n<\/ul>\n","protected":false},"featured_media":6098,"template":"","meta":{"site-sidebar-layout":"no-sidebar","site-content-layout":"page-builder","ast-site-content-layout":"full-width-container","site-content-style":"unboxed","site-sidebar-style":"unboxed","ast-global-header-display":"","ast-banner-title-visibility":"","ast-main-header-display":"","ast-hfb-above-header-display":"","ast-hfb-below-header-display":"","ast-hfb-mobile-header-display":"","site-post-title":"","ast-breadcrumbs-content":"","ast-featured-img":"disabled","footer-sml-layout":"","ast-disable-related-posts":"","theme-transparent-header-meta":"default","adv-header-id-meta":"","stick-header-meta":"default","header-above-stick-meta":"","header-main-stick-meta":"","header-below-stick-meta":"","astra-migrate-meta-layouts":"default","ast-page-background-enabled":"default","ast-page-background-meta":{"desktop":{"background-color":"var(--ast-global-color-4)","background-image":"","background-repeat":"repeat","background-position":"center center","background-size":"auto","background-attachment":"scroll","background-type":"","background-media":"","overlay-type":"","overlay-color":"","overlay-opacity":"","overlay-gradient":""},"tablet":{"background-color":"","background-image":"","background-repeat":"repeat","background-position":"center center","background-size":"auto","background-attachment":"scroll","background-type":"","background-media":"","overlay-type":"","overlay-color":"","overlay-opacity":"","overlay-gradient":""},"mobile":{"background-color":"","background-image":"","background-repeat":"repeat","background-position":"center center","background-size":"auto","background-attachment":"scroll","background-type":"","background-media":"","overlay-type":"","overlay-color":"","overlay-opacity":"","overlay-gradient":""}},"ast-content-background-meta":{"desktop":{"background-color":"var(--ast-global-color-5)","background-image":"","background-repeat":"repeat","background-position":"center center","background-size":"auto","background-attachment":"scroll","background-type":"","background-media":"","overlay-type":"","overlay-color":"","overlay-opacity":"","overlay-gradient":""},"tablet":{"background-color":"var(--ast-global-color-5)","background-image":"","background-repeat":"repeat","background-position":"center center","background-size":"auto","background-attachment":"scroll","background-type":"","background-media":"","overlay-type":"","overlay-color":"","overlay-opacity":"","overlay-gradient":""},"mobile":{"background-color":"var(--ast-global-color-5)","background-image":"","background-repeat":"repeat","background-position":"center center","background-size":"auto","background-attachment":"scroll","background-type":"","background-media":"","overlay-type":"","overlay-color":"","overlay-opacity":"","overlay-gradient":""}},"_joinchat":[]},"product_brand":[],"product_cat":[93],"product_tag":[],"class_list":{"0":"post-6893","1":"product","2":"type-product","3":"status-publish","4":"has-post-thumbnail","6":"product_cat-pacotes-arequipa","7":"desktop-align-center","8":"tablet-align-center","9":"mobile-align-center","10":"ast-product-gallery-layout-horizontal-slider","11":"ast-product-gallery-with-no-image","12":"ast-product-single-variable","13":"ast-product-tabs-layout-horizontal","15":"first","16":"instock","17":"shipping-taxable","18":"purchasable","19":"product-type-variable"},"_links":{"self":[{"href":"https:\/\/www.pvtravels.com\/pt-pt\/wp-json\/wp\/v2\/product\/6893","targetHints":{"allow":["GET"]}}],"collection":[{"href":"https:\/\/www.pvtravels.com\/pt-pt\/wp-json\/wp\/v2\/product"}],"about":[{"href":"https:\/\/www.pvtravels.com\/pt-pt\/wp-json\/wp\/v2\/types\/product"}],"version-history":[{"count":5,"href":"https:\/\/www.pvtravels.com\/pt-pt\/wp-json\/wp\/v2\/product\/6893\/revisions"}],"predecessor-version":[{"id":6910,"href":"https:\/\/www.pvtravels.com\/pt-pt\/wp-json\/wp\/v2\/product\/6893\/revisions\/6910"}],"wp:featuredmedia":[{"embeddable":true,"href":"https:\/\/www.pvtravels.com\/pt-pt\/wp-json\/wp\/v2\/media\/6098"}],"wp:attachment":[{"href":"https:\/\/www.pvtravels.com\/pt-pt\/wp-json\/wp\/v2\/media?parent=6893"}],"wp:term":[{"taxonomy":"product_brand","embeddable":true,"href":"https:\/\/www.pvtravels.com\/pt-pt\/wp-json\/wp\/v2\/product_brand?post=6893"},{"taxonomy":"product_cat","embeddable":true,"href":"https:\/\/www.pvtravels.com\/pt-pt\/wp-json\/wp\/v2\/product_cat?post=6893"},{"taxonomy":"product_tag","embeddable":true,"href":"https:\/\/www.pvtravels.com\/pt-pt\/wp-json\/wp\/v2\/product_tag?post=6893"}],"curies":[{"name":"wp","href":"https:\/\/api.w.org\/{rel}","templated":true}]}}