{"id":6859,"date":"2026-03-07T09:55:42","date_gmt":"2026-03-07T14:55:42","guid":{"rendered":"https:\/\/www.pvtravels.com\/tour\/sem%20categoria\/fullday-canion-do-colca-a-puno\/"},"modified":"2026-03-07T10:09:56","modified_gmt":"2026-03-07T15:09:56","slug":"fullday-canion-do-colca-a-puno","status":"publish","type":"product","link":"https:\/\/www.pvtravels.com\/pt-pt\/tour\/arequipa-pt-pt\/pacotes-arequipa\/fullday-canion-do-colca-a-puno\/","title":{"rendered":"Fullday C\u00e2nion do Colca a Puno"},"content":{"rendered":"<h3><span style=\"color: #008000;\">Itinerario:<\/span><\/h3>\n<p style=\"text-align: justify;\">Buscaremos voc\u00ea em seu hotel por volta das 3h da manh\u00e3 para sairmos de Arequipa. Ap\u00f3s uma viagem de aproximadamente 3 horas, chegaremos a Chivay, onde desfrutaremos de um delicioso caf\u00e9 da manh\u00e3.<br \/>\nContinuaremos a viagem at\u00e9 o Mirador de la Cruz del Condor, com dura\u00e7\u00e3o aproximada de 1h30. Ap\u00f3s apreciarmos a paisagem impressionante, o voo do condor e o c\u00e2nion, retornaremos a Chivay.<br \/>\nFaremos uma parada para aqueles que desejarem visitar as termas de Chacapi (opcional).<br \/>\nEm seguida, voc\u00ea ter\u00e1 um almo\u00e7o andino em Chivay para repor as energias.<br \/>\nNo hor\u00e1rio combinado, embarcaremos em nosso \u00f4nibus tur\u00edstico para partirmos de Chivay rumo a Puno. Durante este passeio, voc\u00ea poder\u00e1 observar as belas paisagens que este vale oferece, poder\u00e1 avistar os vulc\u00f5es e tamb\u00e9m camel\u00eddeos, como vicunhas e lhamas, fazendo paradas para apreciar e tirar fotos da paisagem.<br \/>\n19h00 Chegada prevista a Puno (Plaza de Armas) e hot\u00e9is pr\u00f3ximos \u00e0 Plaza de Armas.<br \/>\nFim dos nossos servi\u00e7os!<\/p>\n<h3><span style=\"color: #008000;\">O que est\u00e1 inclu\u00eddo:<\/span><\/h3>\n<ul>\n<li>Traslado do seu alojamento no centro de Arequipa<\/li>\n<li>Transporte de Arequipa para o C\u00e2nion do Colca<\/li>\n<li>Caf\u00e9 da manh\u00e3 em Chivay<\/li>\n<li>Almo\u00e7o em Chivay<\/li>\n<li>\u00d4nibus tur\u00edstico de Chivay para Puno<\/li>\n<li>Guia em ingl\u00eas ou espanhol<\/li>\n<\/ul>\n<h3><span style=\"color: #008000;\">N\u00e3o inclu\u00eddo:<\/span><\/h3>\n<ul>\n<li>Refei\u00e7\u00f5es e bebidas n\u00e3o especificadas no itiner\u00e1rio<\/li>\n<li>Taxa de entrada<\/li>\n<li>Acomoda\u00e7\u00e3o em Arequipa ou Puno<\/li>\n<\/ul>\n<h3><span style=\"color: #008000;\">Lista recomendados <\/span><\/h3>\n<ul>\n<li>Lanches (frutas secas, biscoitos, doces, chocolates, etc.)<\/li>\n<li>Cal\u00e7ados confort\u00e1veis \u200b\u200bpara caminhada ou t\u00eanis<\/li>\n<li>Equipamento completo para chuva ou poncho<\/li>\n<li>Luvas<\/li>\n<li>Roupa de banho (opcional para as \u00e1guas termais)<\/li>\n<li>Chap\u00e9u ou bon\u00e9<\/li>\n<li>\u00d3culos de sol<\/li>\n<li>Protetor solar<\/li>\n<li>Artigos de higiene pessoal<\/li>\n<li>Garrafa de \u00e1gua<\/li>\n<\/ul>\n","protected":false},"excerpt":{"rendered":"<p><strong>C\u00d3DIGO:<\/strong>\u00a0PVT-A001<\/p>\n<ul>\n<li><strong>Partidas: <\/strong>diariamente \u2013 03:00am<\/li>\n<li><strong>Dura\u00e7\u00e3o: <\/strong>Aproximadamente 16 horas<\/li>\n<\/ul>\n","protected":false},"featured_media":6858,"template":"","meta":{"site-sidebar-layout":"default","site-content-layout":"","ast-site-content-layout":"default","site-content-style":"default","site-sidebar-style":"default","ast-global-header-display":"","ast-banner-title-visibility":"","ast-main-header-display":"","ast-hfb-above-header-display":"","ast-hfb-below-header-display":"","ast-hfb-mobile-header-display":"","site-post-title":"","ast-breadcrumbs-content":"","ast-featured-img":"","footer-sml-layout":"","ast-disable-related-posts":"","theme-transparent-header-meta":"default","adv-header-id-meta":"","stick-header-meta":"default","header-above-stick-meta":"","header-main-stick-meta":"","header-below-stick-meta":"","astra-migrate-meta-layouts":"default","ast-page-background-enabled":"default","ast-page-background-meta":{"desktop":{"background-color":"var(--ast-global-color-4)","background-image":"","background-repeat":"repeat","background-position":"center center","background-size":"auto","background-attachment":"scroll","background-type":"","background-media":"","overlay-type":"","overlay-color":"","overlay-opacity":"","overlay-gradient":""},"tablet":{"background-color":"","background-image":"","background-repeat":"repeat","background-position":"center center","background-size":"auto","background-attachment":"scroll","background-type":"","background-media":"","overlay-type":"","overlay-color":"","overlay-opacity":"","overlay-gradient":""},"mobile":{"background-color":"","background-image":"","background-repeat":"repeat","background-position":"center center","background-size":"auto","background-attachment":"scroll","background-type":"","background-media":"","overlay-type":"","overlay-color":"","overlay-opacity":"","overlay-gradient":""}},"ast-content-background-meta":{"desktop":{"background-color":"var(--ast-global-color-5)","background-image":"","background-repeat":"repeat","background-position":"center center","background-size":"auto","background-attachment":"scroll","background-type":"","background-media":"","overlay-type":"","overlay-color":"","overlay-opacity":"","overlay-gradient":""},"tablet":{"background-color":"var(--ast-global-color-5)","background-image":"","background-repeat":"repeat","background-position":"center center","background-size":"auto","background-attachment":"scroll","background-type":"","background-media":"","overlay-type":"","overlay-color":"","overlay-opacity":"","overlay-gradient":""},"mobile":{"background-color":"var(--ast-global-color-5)","background-image":"","background-repeat":"repeat","background-position":"center center","background-size":"auto","background-attachment":"scroll","background-type":"","background-media":"","overlay-type":"","overlay-color":"","overlay-opacity":"","overlay-gradient":""}},"_joinchat":[]},"product_brand":[],"product_cat":[93],"product_tag":[],"class_list":{"0":"post-6859","1":"product","2":"type-product","3":"status-publish","4":"has-post-thumbnail","6":"product_cat-pacotes-arequipa","7":"desktop-align-center","8":"tablet-align-center","9":"mobile-align-center","10":"ast-product-gallery-layout-horizontal-slider","11":"ast-product-gallery-with-no-image","12":"ast-product-tabs-layout-horizontal","14":"first","15":"instock","16":"shipping-taxable","17":"purchasable","18":"product-type-simple"},"_links":{"self":[{"href":"https:\/\/www.pvtravels.com\/pt-pt\/wp-json\/wp\/v2\/product\/6859","targetHints":{"allow":["GET"]}}],"collection":[{"href":"https:\/\/www.pvtravels.com\/pt-pt\/wp-json\/wp\/v2\/product"}],"about":[{"href":"https:\/\/www.pvtravels.com\/pt-pt\/wp-json\/wp\/v2\/types\/product"}],"version-history":[{"count":4,"href":"https:\/\/www.pvtravels.com\/pt-pt\/wp-json\/wp\/v2\/product\/6859\/revisions"}],"predecessor-version":[{"id":6868,"href":"https:\/\/www.pvtravels.com\/pt-pt\/wp-json\/wp\/v2\/product\/6859\/revisions\/6868"}],"wp:featuredmedia":[{"embeddable":true,"href":"https:\/\/www.pvtravels.com\/pt-pt\/wp-json\/wp\/v2\/media\/6858"}],"wp:attachment":[{"href":"https:\/\/www.pvtravels.com\/pt-pt\/wp-json\/wp\/v2\/media?parent=6859"}],"wp:term":[{"taxonomy":"product_brand","embeddable":true,"href":"https:\/\/www.pvtravels.com\/pt-pt\/wp-json\/wp\/v2\/product_brand?post=6859"},{"taxonomy":"product_cat","embeddable":true,"href":"https:\/\/www.pvtravels.com\/pt-pt\/wp-json\/wp\/v2\/product_cat?post=6859"},{"taxonomy":"product_tag","embeddable":true,"href":"https:\/\/www.pvtravels.com\/pt-pt\/wp-json\/wp\/v2\/product_tag?post=6859"}],"curies":[{"name":"wp","href":"https:\/\/api.w.org\/{rel}","templated":true}]}}