{"id":6760,"date":"2026-03-05T13:13:08","date_gmt":"2026-03-05T18:13:08","guid":{"rendered":"https:\/\/www.pvtravels.com\/tour\/sem%20categoria\/skybike-cusco\/"},"modified":"2026-03-05T13:18:41","modified_gmt":"2026-03-05T18:18:41","slug":"skybike-cusco","status":"publish","type":"product","link":"https:\/\/www.pvtravels.com\/pt-pt\/tour\/cusco-machu-picchu-pt-pt\/cusco-adventure-pt-pt\/skybike-cusco\/","title":{"rendered":"Skybike Cusco"},"content":{"rendered":"<h3><span style=\"color: #008000;\">Itinerario:<\/span><\/h3>\n<p style=\"text-align: justify;\">Buscaremos voc\u00ea por volta das 8h em seu hotel ou na Plazoleta Regocijo e, em seguida, seguiremos para a cidade de Cachimayo (30 minutos). Ao chegar ao parque de aventuras, voc\u00ea receber\u00e1 todas as instru\u00e7\u00f5es de seguran\u00e7a necess\u00e1rias e informa\u00e7\u00f5es sobre os equipamentos para as atividades a\u00e9reas.<br \/>\n1. Via Ferrata: Iremos at\u00e9 o in\u00edcio da via ferrata para uma emocionante escalada de aproximadamente 50 metros (dificuldade K2) equipada com escadas de ferro. Aprecie as vistas panor\u00e2micas.<br \/>\n2. Skybike (bicicletas a\u00e9reas): Continue seu dia de aventura com uma experi\u00eancia emocionante nas bicicletas a\u00e9reas. Desfrute da sensa\u00e7\u00e3o de voar enquanto percorre os aproximadamente 130 metros (260 metros ida e volta) na bicicleta a\u00e9rea e admire a paisagem de cima.<br \/>\n3. Piquenique: Ao chegarmos ao topo, um piquenique estar\u00e1 nos esperando, incluindo frutas, nozes, queijo, azeitonas, p\u00e3o andino, vinho ros\u00e9 e biscoitos andinos. 4. Rapel (Descida de Corda): Conclua seu dia com uma emocionante sess\u00e3o de rapel. Um instrutor ir\u00e1 gui\u00e1-lo nesta atividade de descida de corda. Aproveite esta oportunidade para desafiar a si mesmo e ao seu medo de altura, e desfrute da adrenalina enquanto desliza por aproximadamente 20 metros pela parede rochosa. Retorno \u00e0 Plaza Regocijo por volta das 12h30.<\/p>\n<h3><span style=\"color: #008000;\">O que est\u00e1 inclu\u00eddo:<\/span><\/h3>\n<ul>\n<li>Traslado do seu alojamento em Cusco<\/li>\n<li>Equipamento (arn\u00eas, capacete, luvas)<\/li>\n<li>Instrutor<\/li>\n<li>Transporte<\/li>\n<li>Kit de primeiros socorros<\/li>\n<\/ul>\n<h3><span style=\"color: #008000;\">N\u00e3o inclu\u00eddo:<\/span><\/h3>\n<ul>\n<li>Refei\u00e7\u00f5es n\u00e3o especificadas no itiner\u00e1rio<\/li>\n<li>Retorno ao seu alojamento em Cusco<\/li>\n<\/ul>\n<h3><span style=\"color: #008000;\">Lista de itens recomendados:<\/span><\/h3>\n<ul>\n<li>Lanches (frutas secas, biscoitos, doces, chocolates, etc.)<\/li>\n<li>Cal\u00e7ados confort\u00e1veis \u200b\u200bpara caminhada ou t\u00eanis<\/li>\n<li>Equipamento completo para chuva ou poncho (de novembro a abril)<\/li>\n<li>Chap\u00e9u ou bon\u00e9<\/li>\n<li>\u00d3culos de sol<\/li>\n<li>Protetor solar<\/li>\n<li>Garrafa de \u00e1gua<\/li>\n<\/ul>\n","protected":false},"excerpt":{"rendered":"<p><strong>C\u00d3DIGO: PVT-CA002<\/strong><\/p>\n<ul>\n<li><strong>Partida:<\/strong> Diariamente: 8h<\/li>\n<li><strong>Dura\u00e7\u00e3o<\/strong>: 5 horas<\/li>\n<\/ul>\n","protected":false},"featured_media":6759,"template":"","meta":{"site-sidebar-layout":"default","site-content-layout":"","ast-site-content-layout":"default","site-content-style":"default","site-sidebar-style":"default","ast-global-header-display":"","ast-banner-title-visibility":"","ast-main-header-display":"","ast-hfb-above-header-display":"","ast-hfb-below-header-display":"","ast-hfb-mobile-header-display":"","site-post-title":"","ast-breadcrumbs-content":"","ast-featured-img":"","footer-sml-layout":"","ast-disable-related-posts":"","theme-transparent-header-meta":"default","adv-header-id-meta":"","stick-header-meta":"default","header-above-stick-meta":"","header-main-stick-meta":"","header-below-stick-meta":"","astra-migrate-meta-layouts":"default","ast-page-background-enabled":"default","ast-page-background-meta":{"desktop":{"background-color":"var(--ast-global-color-4)","background-image":"","background-repeat":"repeat","background-position":"center center","background-size":"auto","background-attachment":"scroll","background-type":"","background-media":"","overlay-type":"","overlay-color":"","overlay-opacity":"","overlay-gradient":""},"tablet":{"background-color":"","background-image":"","background-repeat":"repeat","background-position":"center center","background-size":"auto","background-attachment":"scroll","background-type":"","background-media":"","overlay-type":"","overlay-color":"","overlay-opacity":"","overlay-gradient":""},"mobile":{"background-color":"","background-image":"","background-repeat":"repeat","background-position":"center center","background-size":"auto","background-attachment":"scroll","background-type":"","background-media":"","overlay-type":"","overlay-color":"","overlay-opacity":"","overlay-gradient":""}},"ast-content-background-meta":{"desktop":{"background-color":"var(--ast-global-color-5)","background-image":"","background-repeat":"repeat","background-position":"center center","background-size":"auto","background-attachment":"scroll","background-type":"","background-media":"","overlay-type":"","overlay-color":"","overlay-opacity":"","overlay-gradient":""},"tablet":{"background-color":"var(--ast-global-color-5)","background-image":"","background-repeat":"repeat","background-position":"center center","background-size":"auto","background-attachment":"scroll","background-type":"","background-media":"","overlay-type":"","overlay-color":"","overlay-opacity":"","overlay-gradient":""},"mobile":{"background-color":"var(--ast-global-color-5)","background-image":"","background-repeat":"repeat","background-position":"center center","background-size":"auto","background-attachment":"scroll","background-type":"","background-media":"","overlay-type":"","overlay-color":"","overlay-opacity":"","overlay-gradient":""}},"_joinchat":[]},"product_brand":[],"product_cat":[61],"product_tag":[],"class_list":{"0":"post-6760","1":"product","2":"type-product","3":"status-publish","4":"has-post-thumbnail","6":"product_cat-cusco-adventure-pt-pt","7":"desktop-align-center","8":"tablet-align-center","9":"mobile-align-center","10":"ast-product-gallery-layout-horizontal-slider","11":"ast-product-gallery-with-no-image","12":"ast-product-tabs-layout-horizontal","14":"first","15":"instock","16":"shipping-taxable","17":"purchasable","18":"product-type-simple"},"_links":{"self":[{"href":"https:\/\/www.pvtravels.com\/pt-pt\/wp-json\/wp\/v2\/product\/6760","targetHints":{"allow":["GET"]}}],"collection":[{"href":"https:\/\/www.pvtravels.com\/pt-pt\/wp-json\/wp\/v2\/product"}],"about":[{"href":"https:\/\/www.pvtravels.com\/pt-pt\/wp-json\/wp\/v2\/types\/product"}],"version-history":[{"count":1,"href":"https:\/\/www.pvtravels.com\/pt-pt\/wp-json\/wp\/v2\/product\/6760\/revisions"}],"predecessor-version":[{"id":6761,"href":"https:\/\/www.pvtravels.com\/pt-pt\/wp-json\/wp\/v2\/product\/6760\/revisions\/6761"}],"wp:featuredmedia":[{"embeddable":true,"href":"https:\/\/www.pvtravels.com\/pt-pt\/wp-json\/wp\/v2\/media\/6759"}],"wp:attachment":[{"href":"https:\/\/www.pvtravels.com\/pt-pt\/wp-json\/wp\/v2\/media?parent=6760"}],"wp:term":[{"taxonomy":"product_brand","embeddable":true,"href":"https:\/\/www.pvtravels.com\/pt-pt\/wp-json\/wp\/v2\/product_brand?post=6760"},{"taxonomy":"product_cat","embeddable":true,"href":"https:\/\/www.pvtravels.com\/pt-pt\/wp-json\/wp\/v2\/product_cat?post=6760"},{"taxonomy":"product_tag","embeddable":true,"href":"https:\/\/www.pvtravels.com\/pt-pt\/wp-json\/wp\/v2\/product_tag?post=6760"}],"curies":[{"name":"wp","href":"https:\/\/api.w.org\/{rel}","templated":true}]}}