{"id":6699,"date":"2026-03-05T11:12:34","date_gmt":"2026-03-05T16:12:34","guid":{"rendered":"https:\/\/www.pvtravels.com\/tour\/sem%20categoria\/bus-turistico-de-cusco-a-puno\/"},"modified":"2026-03-05T11:22:44","modified_gmt":"2026-03-05T16:22:44","slug":"bus-turistico-de-cusco-a-puno","status":"publish","type":"product","link":"https:\/\/www.pvtravels.com\/pt-pt\/tour\/cusco-machu-picchu-pt-pt\/cusco-puno\/bus-turistico-de-cusco-a-puno\/","title":{"rendered":"Bus tur\u00edstico de Cusco a Puno"},"content":{"rendered":"<h3><span style=\"color: #008000;\">Itinerario:<\/span><\/h3>\n<div style=\"text-align: justify;\">Cusco, ou sai de Cusco para Puno, com quase 400 km entre ambas as cidades. O servi\u00e7o inclui 5 paradas para visitar o templo colonial de Andahuaylillas, reconhecido como a Capela Sistina da Am\u00e9rica; Raqchi, \u201co templo de Wiracocha, o criador do mundo andino\u201d; Sicuani, &#8220;um lugar rural onde desfrutaremos de um delicioso almo\u00e7o buffet&#8221;; La Raya, &#8220;uma pousada tur\u00edstica com belas paisagens andinas&#8221;; e Pucar\u00e1, &#8220;conhecido como o templo da fertilidade&#8221;.<\/div>\n<div style=\"text-align: justify;\">Saia de Cusco bem cedo para um passeio de \u00f4nibus at\u00e9 Puno com belas vistas de montanhas, lagos e cidades historicamente sagradas. Almoce em Sicuani e pare nos templos de Andahuaylillas e Raqchi, no Passo Raya e no Museu L\u00edtico Pukara para visitas guiadas a esses importantes locais peruanos.<\/div>\n<div style=\"text-align: justify;\">Prepare-se para uma caminhada de 10 horas pelo corredor sul do Altiplano, a parte mais larga da cordilheira dos Andes. Sua primeira parada \u00e9 San Pedro Ap\u00f3stol de Andahuaylillas, uma igreja do s\u00e9culo XVI conhecida como Capela Sistina dos Andes por seus murais extravagantes e ornamenta\u00e7\u00e3o dourada.<\/div>\n<div style=\"text-align: justify;\">O pr\u00f3ximo \u00e9 o templo inca de Raqchi, onde voc\u00ea pode vislumbrar o passado distante e ver como era a vida dos adoradores do sol. Depois de explorar os extensos jardins, fa\u00e7a uma pausa para um almo\u00e7o estilo buffet na cidade vizinha de Sicuani antes de continuar para o sul.<\/div>\n<div style=\"text-align: justify;\">Suba at\u00e9 o Passo Raya a 4.335 metros acima do n\u00edvel do mar para ter vistas panor\u00e2micas dos Andes. Admire a paisagem deslumbrante repleta de piscinas de \u00e1gua doce, montanhas cobertas de neve e vendedores de souvenirs tradicionais.<\/div>\n<div style=\"text-align: justify;\">Por fim, visite o Museu L\u00edtico em Pukara para aprender sobre a cultura Inca e Aymara. Veja artefatos raros e passeie pelo s\u00edtio arqueol\u00f3gico do museu para apreciar a hist\u00f3ria fascinante da regi\u00e3o.<\/div>\n<div style=\"text-align: justify;\">Cada passeio dura de 20 a 40 minutos, dando a voc\u00ea tempo para fazer perguntas, tirar fotos e explorar no seu pr\u00f3prio ritmo. Ao chegar em Puno, voc\u00ea se separar\u00e1 do grupo e ser\u00e1 transferido para sua acomoda\u00e7\u00e3o em Puno.<\/div>\n<div style=\"text-align: justify;\">**\u00f4nibus possuem \u00e1reas de armazenamento internas, onde podemos acomodar at\u00e9 duas malas de 23 quilos por pessoa.<\/div>\n<div><\/div>\n<h3><span style=\"color: #008000;\">O que est\u00e1 inclu\u00eddo:<\/span><\/h3>\n<ul>\n<li>Traslado no seu alojamento em Cusco<\/li>\n<li>Retorno ao alojamento em Puno<\/li>\n<li>Visitas guiadas em Andahuaylillas, Raqchi e Pukara.<\/li>\n<li>Ingressos para os lugares visitados<\/li>\n<li>Servi\u00e7o de guia bil\u00edngue em ingl\u00eas e espanhol.<\/li>\n<li>Servi\u00e7o de bordo de bebidas quentes e frias.<\/li>\n<li>Almo\u00e7o buffet na vila de Sicuani.<\/li>\n<li>Transporte em \u00f4nibus modernos.<\/li>\n<li>Assentos reclin\u00e1veis \u200b\u200bconfort\u00e1veis.<\/li>\n<li>Oxig\u00eanio medicamentoso. E kit de primeiros socorros.<\/li>\n<li>Internet WIFI a bordo. (Somente em locais com sinal de internet.)<\/li>\n<\/ul>\n<h3><span style=\"color: #008000;\">N\u00e3o inclu\u00eddo:<\/span><\/h3>\n<ul>\n<li>Refei\u00e7\u00f5es n\u00e3o especificadas no itiner\u00e1rio<\/li>\n<li>Acomoda\u00e7\u00e3o em Cusco e Puno<\/li>\n<\/ul>\n<h3><span style=\"color: #008000;\">Lista recomendada<\/span><\/h3>\n<ul>\n<li>Lanches (frutas secas, biscoitos, doces, chocolates, etc.)<\/li>\n<li>sapatos de caminhada ou t\u00eanis<\/li>\n<li>Capa de chuva completa ou poncho (novembro a abril)<\/li>\n<li>chap\u00e9u ou bon\u00e9<\/li>\n<li>\u00d3culos de sol<\/li>\n<li>protetor solar<\/li>\n<li>Garrafa de \u00e1gua<\/li>\n<\/ul>\n","protected":false},"excerpt":{"rendered":"<p><strong>Descri\u00e7\u00e3o<\/strong><\/p>\n<p><strong>C\u00d3DIGO: <\/strong>PVT-TB001<\/p>\n<ul>\n<li><strong>Partida:<\/strong> Diariamente \u00e0s 6h50<\/li>\n<li><strong>Dura\u00e7\u00e3o:<\/strong> Previs\u00e3o de t\u00e9rmino por volta das 18h<\/li>\n<\/ul>\n","protected":false},"featured_media":6698,"template":"","meta":{"site-sidebar-layout":"default","site-content-layout":"","ast-site-content-layout":"default","site-content-style":"default","site-sidebar-style":"default","ast-global-header-display":"","ast-banner-title-visibility":"","ast-main-header-display":"","ast-hfb-above-header-display":"","ast-hfb-below-header-display":"","ast-hfb-mobile-header-display":"","site-post-title":"","ast-breadcrumbs-content":"","ast-featured-img":"","footer-sml-layout":"","ast-disable-related-posts":"","theme-transparent-header-meta":"default","adv-header-id-meta":"","stick-header-meta":"default","header-above-stick-meta":"","header-main-stick-meta":"","header-below-stick-meta":"","astra-migrate-meta-layouts":"default","ast-page-background-enabled":"default","ast-page-background-meta":{"desktop":{"background-color":"var(--ast-global-color-4)","background-image":"","background-repeat":"repeat","background-position":"center center","background-size":"auto","background-attachment":"scroll","background-type":"","background-media":"","overlay-type":"","overlay-color":"","overlay-opacity":"","overlay-gradient":""},"tablet":{"background-color":"","background-image":"","background-repeat":"repeat","background-position":"center center","background-size":"auto","background-attachment":"scroll","background-type":"","background-media":"","overlay-type":"","overlay-color":"","overlay-opacity":"","overlay-gradient":""},"mobile":{"background-color":"","background-image":"","background-repeat":"repeat","background-position":"center center","background-size":"auto","background-attachment":"scroll","background-type":"","background-media":"","overlay-type":"","overlay-color":"","overlay-opacity":"","overlay-gradient":""}},"ast-content-background-meta":{"desktop":{"background-color":"var(--ast-global-color-5)","background-image":"","background-repeat":"repeat","background-position":"center center","background-size":"auto","background-attachment":"scroll","background-type":"","background-media":"","overlay-type":"","overlay-color":"","overlay-opacity":"","overlay-gradient":""},"tablet":{"background-color":"var(--ast-global-color-5)","background-image":"","background-repeat":"repeat","background-position":"center center","background-size":"auto","background-attachment":"scroll","background-type":"","background-media":"","overlay-type":"","overlay-color":"","overlay-opacity":"","overlay-gradient":""},"mobile":{"background-color":"var(--ast-global-color-5)","background-image":"","background-repeat":"repeat","background-position":"center center","background-size":"auto","background-attachment":"scroll","background-type":"","background-media":"","overlay-type":"","overlay-color":"","overlay-opacity":"","overlay-gradient":""}},"_joinchat":[]},"product_brand":[],"product_cat":[195],"product_tag":[],"class_list":{"0":"post-6699","1":"product","2":"type-product","3":"status-publish","4":"has-post-thumbnail","6":"product_cat-cusco-puno","7":"desktop-align-center","8":"tablet-align-center","9":"mobile-align-center","10":"ast-product-gallery-layout-horizontal-slider","11":"ast-product-gallery-with-no-image","12":"ast-product-tabs-layout-horizontal","14":"first","15":"instock","16":"shipping-taxable","17":"purchasable","18":"product-type-simple"},"_links":{"self":[{"href":"https:\/\/www.pvtravels.com\/pt-pt\/wp-json\/wp\/v2\/product\/6699","targetHints":{"allow":["GET"]}}],"collection":[{"href":"https:\/\/www.pvtravels.com\/pt-pt\/wp-json\/wp\/v2\/product"}],"about":[{"href":"https:\/\/www.pvtravels.com\/pt-pt\/wp-json\/wp\/v2\/types\/product"}],"version-history":[{"count":1,"href":"https:\/\/www.pvtravels.com\/pt-pt\/wp-json\/wp\/v2\/product\/6699\/revisions"}],"predecessor-version":[{"id":6700,"href":"https:\/\/www.pvtravels.com\/pt-pt\/wp-json\/wp\/v2\/product\/6699\/revisions\/6700"}],"wp:featuredmedia":[{"embeddable":true,"href":"https:\/\/www.pvtravels.com\/pt-pt\/wp-json\/wp\/v2\/media\/6698"}],"wp:attachment":[{"href":"https:\/\/www.pvtravels.com\/pt-pt\/wp-json\/wp\/v2\/media?parent=6699"}],"wp:term":[{"taxonomy":"product_brand","embeddable":true,"href":"https:\/\/www.pvtravels.com\/pt-pt\/wp-json\/wp\/v2\/product_brand?post=6699"},{"taxonomy":"product_cat","embeddable":true,"href":"https:\/\/www.pvtravels.com\/pt-pt\/wp-json\/wp\/v2\/product_cat?post=6699"},{"taxonomy":"product_tag","embeddable":true,"href":"https:\/\/www.pvtravels.com\/pt-pt\/wp-json\/wp\/v2\/product_tag?post=6699"}],"curies":[{"name":"wp","href":"https:\/\/api.w.org\/{rel}","templated":true}]}}