{"id":6689,"date":"2026-03-05T10:32:06","date_gmt":"2026-03-05T15:32:06","guid":{"rendered":"https:\/\/www.pvtravels.com\/tour\/sem%20categoria\/trem-de-luxo-de-cusco-a-puno\/"},"modified":"2026-03-10T10:37:46","modified_gmt":"2026-03-10T15:37:46","slug":"trem-de-luxo-de-cusco-a-puno","status":"publish","type":"product","link":"https:\/\/www.pvtravels.com\/pt-pt\/tour\/cusco-machu-picchu-pt-pt\/cusco-puno\/trem-de-luxo-de-cusco-a-puno\/","title":{"rendered":"Trem de luxo de Cusco a Puno"},"content":{"rendered":"<h3><span style=\"color: #008000;\">Itiner\u00e1rio:<\/span><\/h3>\n<p style=\"text-align: justify;\">Esta aventura \u00fanica na vida dura aproximadamente 10 horas e 30 minutos. Sua viagem perfeita para Puno come\u00e7a com um traslado privativo de sua acomoda\u00e7\u00e3o em Cusco \u00e0s 6h50 at\u00e9 a esta\u00e7\u00e3o de trem, onde voc\u00ea ser\u00e1 recebido na Esta\u00e7\u00e3o Wanchaq de Cusco. M\u00fasicos locais fornecer\u00e3o m\u00fasica ambiente enquanto voc\u00ea embarca no trem. A bordo, voc\u00ea poder\u00e1 desfrutar dos dois vag\u00f5es-restaurante decorados no estilo dos vag\u00f5es Pullman da d\u00e9cada de 1920. Al\u00e9m disso, durante a viagem, voc\u00ea ter\u00e1 o melhor da gastronomia e um delicioso ch\u00e1 da tarde. A qualidade do nosso servi\u00e7o personalizado \u00e9 garantida. Na chegada a Puno, recep\u00e7\u00e3o na esta\u00e7\u00e3o de trem e traslado para a acomoda\u00e7\u00e3o. O hor\u00e1rio de chegada est\u00e1 previsto para as 18h.<br \/>\nBagagem permitida:<br \/>\n1 mochila com peso m\u00e1ximo de 8 kg e dimens\u00f5es de at\u00e9 100 cm (soma de altura + comprimento + largura)<br \/>\n1 mala com peso m\u00e1ximo de 23 kg e dimens\u00f5es de at\u00e9 158 cm (soma de altura + comprimento + largura)<br \/>\n**Bagagem adicional poder\u00e1 ser aceita mediante taxa extra, sujeita a termos e condi\u00e7\u00f5es.**<\/p>\n<h3><span style=\"color: #008000;\">O que est\u00e1 inclu\u00eddo:<\/span><\/h3>\n<ul>\n<li>Uma bebida quente de cortesia.<\/li>\n<li>Bar (o dia todo): Lanches<\/li>\n<li>Ch\u00e1 da tarde<\/li>\n<li>Almo\u00e7o gourmet de 3 pratos com op\u00e7\u00f5es para restri\u00e7\u00f5es alimentares ou alergias<\/li>\n<li>Almo\u00e7o\/jantar: inclui bebidas n\u00e3o alco\u00f3licas como sucos e refrigerantes; ta\u00e7a de vinho tinto ou branco e bebidas quentes ao final da refei\u00e7\u00e3o<\/li>\n<li>Durante todo o dia: \u00e1gua com g\u00e1s ou sem g\u00e1s em copo.<\/li>\n<li>Ch\u00e1 da tarde: caf\u00e9, ch\u00e1 ou chocolate (inicia uma hora e meia antes da chegada ao destino final)<\/li>\n<li>Parada em La Raya (Mercado Andino)<\/li>\n<li>Carro lounge<\/li>\n<li>Carro do mirante<\/li>\n<li>Traslado de ida e volta do seu hotel em Cusco<\/li>\n<li>Retorno ao seu hotel em Puno<\/li>\n<\/ul>\n<h3><span style=\"color: #008000;\"><strong>N\u00e3o incluso:<\/strong><\/span><\/h3>\n<ul>\n<li>Refei\u00e7\u00f5es n\u00e3o especificadas no itiner\u00e1rio<\/li>\n<li>Alojamento em Cusco<\/li>\n<\/ul>\n<h3><span style=\"color: #008000;\"><strong>Lista recomendada<\/strong><\/span><\/h3>\n<ul>\n<li>Lanches<\/li>\n<li>Sapatos de caminhada ou t\u00eanis<\/li>\n<li>Equipamento completo para chuva ou poncho (de novembro a abril)<\/li>\n<li>Chap\u00e9u ou bon\u00e9<\/li>\n<li>\u00d3culos de sol<\/li>\n<li>Protetor solar<\/li>\n<li>Artigos de toalete<\/li>\n<li>C\u00e2meras fotogr\u00e1ficas \/ de v\u00eddeo e carregadores<\/li>\n<li>Garrafa de \u00c1gua<\/li>\n<\/ul>\n","protected":false},"excerpt":{"rendered":"<p><strong>Descri\u00e7\u00e3o<\/strong><\/p>\n<p><strong>C\u00d3DIGO:<\/strong> PVT-TB002<\/p>\n<ul>\n<li>Partida: traslado \u00e0s 6h50<\/li>\n<li>Dura\u00e7\u00e3o: Previs\u00e3o de t\u00e9rmino por volta das 18h<\/li>\n<li>***<strong><span style=\"color: #000000;\">Partidas de trem SOMENTE aos<\/span> <span style=\"color: #ff0000;\">DOMINGOS, QUARTAS E SEXTAS-FEIRAS<\/span><\/strong><\/li>\n<\/ul>\n","protected":false},"featured_media":6688,"template":"","meta":{"site-sidebar-layout":"default","site-content-layout":"","ast-site-content-layout":"default","site-content-style":"default","site-sidebar-style":"default","ast-global-header-display":"","ast-banner-title-visibility":"","ast-main-header-display":"","ast-hfb-above-header-display":"","ast-hfb-below-header-display":"","ast-hfb-mobile-header-display":"","site-post-title":"","ast-breadcrumbs-content":"","ast-featured-img":"","footer-sml-layout":"","ast-disable-related-posts":"","theme-transparent-header-meta":"default","adv-header-id-meta":"","stick-header-meta":"default","header-above-stick-meta":"","header-main-stick-meta":"","header-below-stick-meta":"","astra-migrate-meta-layouts":"set","ast-page-background-enabled":"default","ast-page-background-meta":{"desktop":{"background-color":"var(--ast-global-color-4)","background-image":"","background-repeat":"repeat","background-position":"center center","background-size":"auto","background-attachment":"scroll","background-type":"","background-media":"","overlay-type":"","overlay-color":"","overlay-opacity":"","overlay-gradient":""},"tablet":{"background-color":"","background-image":"","background-repeat":"repeat","background-position":"center center","background-size":"auto","background-attachment":"scroll","background-type":"","background-media":"","overlay-type":"","overlay-color":"","overlay-opacity":"","overlay-gradient":""},"mobile":{"background-color":"","background-image":"","background-repeat":"repeat","background-position":"center center","background-size":"auto","background-attachment":"scroll","background-type":"","background-media":"","overlay-type":"","overlay-color":"","overlay-opacity":"","overlay-gradient":""}},"ast-content-background-meta":{"desktop":{"background-color":"var(--ast-global-color-5)","background-image":"","background-repeat":"repeat","background-position":"center center","background-size":"auto","background-attachment":"scroll","background-type":"","background-media":"","overlay-type":"","overlay-color":"","overlay-opacity":"","overlay-gradient":""},"tablet":{"background-color":"var(--ast-global-color-5)","background-image":"","background-repeat":"repeat","background-position":"center center","background-size":"auto","background-attachment":"scroll","background-type":"","background-media":"","overlay-type":"","overlay-color":"","overlay-opacity":"","overlay-gradient":""},"mobile":{"background-color":"var(--ast-global-color-5)","background-image":"","background-repeat":"repeat","background-position":"center center","background-size":"auto","background-attachment":"scroll","background-type":"","background-media":"","overlay-type":"","overlay-color":"","overlay-opacity":"","overlay-gradient":""}},"_joinchat":[]},"product_brand":[],"product_cat":[195],"product_tag":[],"class_list":{"0":"post-6689","1":"product","2":"type-product","3":"status-publish","4":"has-post-thumbnail","6":"product_cat-cusco-puno","7":"desktop-align-center","8":"tablet-align-center","9":"mobile-align-center","10":"ast-product-gallery-layout-horizontal-slider","11":"ast-product-gallery-with-no-image","12":"ast-product-tabs-layout-horizontal","14":"first","15":"instock","16":"shipping-taxable","17":"purchasable","18":"product-type-simple"},"_links":{"self":[{"href":"https:\/\/www.pvtravels.com\/pt-pt\/wp-json\/wp\/v2\/product\/6689","targetHints":{"allow":["GET"]}}],"collection":[{"href":"https:\/\/www.pvtravels.com\/pt-pt\/wp-json\/wp\/v2\/product"}],"about":[{"href":"https:\/\/www.pvtravels.com\/pt-pt\/wp-json\/wp\/v2\/types\/product"}],"version-history":[{"count":3,"href":"https:\/\/www.pvtravels.com\/pt-pt\/wp-json\/wp\/v2\/product\/6689\/revisions"}],"predecessor-version":[{"id":6933,"href":"https:\/\/www.pvtravels.com\/pt-pt\/wp-json\/wp\/v2\/product\/6689\/revisions\/6933"}],"wp:featuredmedia":[{"embeddable":true,"href":"https:\/\/www.pvtravels.com\/pt-pt\/wp-json\/wp\/v2\/media\/6688"}],"wp:attachment":[{"href":"https:\/\/www.pvtravels.com\/pt-pt\/wp-json\/wp\/v2\/media?parent=6689"}],"wp:term":[{"taxonomy":"product_brand","embeddable":true,"href":"https:\/\/www.pvtravels.com\/pt-pt\/wp-json\/wp\/v2\/product_brand?post=6689"},{"taxonomy":"product_cat","embeddable":true,"href":"https:\/\/www.pvtravels.com\/pt-pt\/wp-json\/wp\/v2\/product_cat?post=6689"},{"taxonomy":"product_tag","embeddable":true,"href":"https:\/\/www.pvtravels.com\/pt-pt\/wp-json\/wp\/v2\/product_tag?post=6689"}],"curies":[{"name":"wp","href":"https:\/\/api.w.org\/{rel}","templated":true}]}}