{"id":4095,"date":"2022-02-10T12:30:44","date_gmt":"2022-02-10T17:30:44","guid":{"rendered":"https:\/\/www.pvtravels.com\/tour\/sem%20categoria\/centro-ao-norte-lima-paracas-lima-mancora-lima-8-dias\/"},"modified":"2025-02-12T16:36:53","modified_gmt":"2025-02-12T21:36:53","slug":"centro-ao-norte-lima-paracas-lima-mancora-lima-8-dias","status":"publish","type":"product","link":"https:\/\/www.pvtravels.com\/pt-pt\/tour\/por-todo-peru\/centro-ao-norte-lima-paracas-lima-mancora-lima-8-dias\/","title":{"rendered":"Centro ao Norte:. Lima &#8211; Paracas &#8211; Lima &#8211; Mancora &#8211; Lima 8 dias"},"content":{"rendered":"\t\t<div data-elementor-type=\"product-post\" data-elementor-id=\"4095\" class=\"elementor elementor-4095 elementor-4060\" data-elementor-post-type=\"product\">\n\t\t\t\t\t\t<section class=\"elementor-section elementor-top-section elementor-element elementor-element-38d7b8ef elementor-section-boxed elementor-section-height-default elementor-section-height-default\" data-id=\"38d7b8ef\" data-element_type=\"section\" data-e-type=\"section\">\n\t\t\t\t\t\t<div class=\"elementor-container elementor-column-gap-default\">\n\t\t\t\t\t<div class=\"elementor-column elementor-col-100 elementor-top-column elementor-element elementor-element-34688c6d\" data-id=\"34688c6d\" data-element_type=\"column\" data-e-type=\"column\">\n\t\t\t<div class=\"elementor-widget-wrap elementor-element-populated\">\n\t\t\t\t\t\t<div class=\"elementor-element elementor-element-1aaa7ccc elementor-widget elementor-widget-heading\" data-id=\"1aaa7ccc\" data-element_type=\"widget\" data-e-type=\"widget\" data-widget_type=\"heading.default\">\n\t\t\t\t<div class=\"elementor-widget-container\">\n\t\t\t\t\t<h3 class=\"elementor-heading-title elementor-size-default\">Itinerario<\/h3>\t\t\t\t<\/div>\n\t\t\t\t<\/div>\n\t\t\t\t<div class=\"elementor-element elementor-element-60ae8938 elementor-widget elementor-widget-accordion\" data-id=\"60ae8938\" data-element_type=\"widget\" data-e-type=\"widget\" data-widget_type=\"accordion.default\">\n\t\t\t\t<div class=\"elementor-widget-container\">\n\t\t\t\t\t\t\t<div class=\"elementor-accordion\">\n\t\t\t\t\t\t\t<div class=\"elementor-accordion-item\">\n\t\t\t\t\t<div id=\"elementor-tab-title-1621\" class=\"elementor-tab-title\" data-tab=\"1\" role=\"button\" aria-controls=\"elementor-tab-content-1621\" aria-expanded=\"false\">\n\t\t\t\t\t\t\t\t\t\t\t\t\t<span class=\"elementor-accordion-icon elementor-accordion-icon-left\" aria-hidden=\"true\">\n\t\t\t\t\t\t\t\t\t\t\t\t\t\t\t<span class=\"elementor-accordion-icon-closed\"><i class=\"fas fa-plus\"><\/i><\/span>\n\t\t\t\t\t\t\t\t<span class=\"elementor-accordion-icon-opened\"><i class=\"fas fa-minus\"><\/i><\/span>\n\t\t\t\t\t\t\t\t\t\t\t\t\t\t<\/span>\n\t\t\t\t\t\t\t\t\t\t\t\t<a class=\"elementor-accordion-title\" tabindex=\"0\">Dia 1: Chegada em Lima<\/a>\n\t\t\t\t\t<\/div>\n\t\t\t\t\t<div id=\"elementor-tab-content-1621\" class=\"elementor-tab-content elementor-clearfix\" data-tab=\"1\" role=\"region\" aria-labelledby=\"elementor-tab-title-1621\"><p>Ap\u00f3s a chegada ao aeroporto de Lima, estaremos esperando por voc\u00ea e juntos iremos para o alojamento em Lima.<\/p><p><em>**<span style=\"text-decoration: underline;\"><strong>Nota:.<\/strong><\/span> Check in no hotel a partir das 11am<\/em><\/p><p>Noite no hotel em Lima<\/p><\/div>\n\t\t\t\t<\/div>\n\t\t\t\t\t\t\t<div class=\"elementor-accordion-item\">\n\t\t\t\t\t<div id=\"elementor-tab-title-1622\" class=\"elementor-tab-title\" data-tab=\"2\" role=\"button\" aria-controls=\"elementor-tab-content-1622\" aria-expanded=\"false\">\n\t\t\t\t\t\t\t\t\t\t\t\t\t<span class=\"elementor-accordion-icon elementor-accordion-icon-left\" aria-hidden=\"true\">\n\t\t\t\t\t\t\t\t\t\t\t\t\t\t\t<span class=\"elementor-accordion-icon-closed\"><i class=\"fas fa-plus\"><\/i><\/span>\n\t\t\t\t\t\t\t\t<span class=\"elementor-accordion-icon-opened\"><i class=\"fas fa-minus\"><\/i><\/span>\n\t\t\t\t\t\t\t\t\t\t\t\t\t\t<\/span>\n\t\t\t\t\t\t\t\t\t\t\t\t<a class=\"elementor-accordion-title\" tabindex=\"0\">Dia 2: Manh\u00e3:. Lima City tour <\/a>\n\t\t\t\t\t<\/div>\n\t\t\t\t\t<div id=\"elementor-tab-content-1622\" class=\"elementor-tab-content elementor-clearfix\" data-tab=\"2\" role=\"region\" aria-labelledby=\"elementor-tab-title-1622\"><p>\u00c0s 9h, traslado de nossa acomoda\u00e7\u00e3o para iniciar nosso passeio pela cidade de Lima, come\u00e7aremos com Visita \u00e0 \u201cPir\u00e2mide de Pucllana\u201d e depois ao Centro Hist\u00f3rico de Lima com mais de cinquenta monumentos e edifica\u00e7\u00f5es coloniais, como o Paseo da Rep\u00fablica, San Mart\u00edn Pra\u00e7a, a pra\u00e7a principal, o pal\u00e1cio do governo, o pal\u00e1cio do arcebispo, a bas\u00edlica da catedral e o pal\u00e1cio do conselho da cidade, entre outros, o convento de S\u00e3o Francisco.<\/p><p><span style=\"color: #008000;\"><strong><span style=\"text-decoration: underline;\">Lima \u2013 Trujillo<\/span><\/strong><\/span><\/p><p>\u00c0 tarde, traslado \u00e0 rodovi\u00e1ria de Lima para pegar nosso \u00f4nibus para Trujillo, ao norte de Lima. A viagem levar\u00e1 cerca de 11 horas. Teremos lanches a bordo.<\/p><p>Na chegada a Trujillo, traslado ao hotel.<\/p><\/div>\n\t\t\t\t<\/div>\n\t\t\t\t\t\t\t<div class=\"elementor-accordion-item\">\n\t\t\t\t\t<div id=\"elementor-tab-title-1623\" class=\"elementor-tab-title\" data-tab=\"3\" role=\"button\" aria-controls=\"elementor-tab-content-1623\" aria-expanded=\"false\">\n\t\t\t\t\t\t\t\t\t\t\t\t\t<span class=\"elementor-accordion-icon elementor-accordion-icon-left\" aria-hidden=\"true\">\n\t\t\t\t\t\t\t\t\t\t\t\t\t\t\t<span class=\"elementor-accordion-icon-closed\"><i class=\"fas fa-plus\"><\/i><\/span>\n\t\t\t\t\t\t\t\t<span class=\"elementor-accordion-icon-opened\"><i class=\"fas fa-minus\"><\/i><\/span>\n\t\t\t\t\t\t\t\t\t\t\t\t\t\t<\/span>\n\t\t\t\t\t\t\t\t\t\t\t\t<a class=\"elementor-accordion-title\" tabindex=\"0\">Dia 3: Tarde:. Chan Chan + Huanchaco<\/a>\n\t\t\t\t\t<\/div>\n\t\t\t\t\t<div id=\"elementor-tab-content-1623\" class=\"elementor-tab-content elementor-clearfix\" data-tab=\"3\" role=\"region\" aria-labelledby=\"elementor-tab-title-1623\"><p>Pickup do alojamento por volta das 14h. Iremos ao Templo do Arco-\u00edris ou Drag\u00e3o Huaca, s\u00edmbolo de chuva e fertilidade na cultura Chim\u00fa, a menos de 6 quil\u00f4metros da cidade de Trujillo. Uma vez l\u00e1, podemos admirar os vest\u00edgios da cultura Chim\u00fa, como as representa\u00e7\u00f5es do arco-\u00edris e as serpentes de duas cabe\u00e7as que adornam suas paredes.<\/p><p>Depois de visitar o templo, seguiremos para o Pal\u00e1cio de NIC-KAN, um dos mais importantes dos dez que encontraremos na cidade de Chan Chan. Este pal\u00e1cio \u00e9 dedicado ao deus do mar e por isso a decora\u00e7\u00e3o de temas marinhos como os peixes.<\/p><p>Finalmente iremos \u00e0 costa para visitar o Spa Huanchaco, o mais importante da cidade de Trujillo. Durante a visita, descobriremos por que o spa leva o nome da palavra chim\u00fa &#8220;guaukocha&#8221;, que significa &#8220;lagoa de peixes dourados&#8221;. Passeando pela praia e pelo cal\u00e7ad\u00e3o podemos ver de perto os barcos t\u00edpicos chamados &#8220;caballitos de totora&#8221;, heran\u00e7a fundamental das culturas mochica e chim\u00fa. . Retornaremos ao alojamento em Trujillo por volta das 18h.<\/p><p>Noite no hotel em Trujillo<\/p><p>Refei\u00e7\u00f5es: caf\u00e9 da manh\u00e3<\/p><\/div>\n\t\t\t\t<\/div>\n\t\t\t\t\t\t\t<div class=\"elementor-accordion-item\">\n\t\t\t\t\t<div id=\"elementor-tab-title-1624\" class=\"elementor-tab-title\" data-tab=\"4\" role=\"button\" aria-controls=\"elementor-tab-content-1624\" aria-expanded=\"false\">\n\t\t\t\t\t\t\t\t\t\t\t\t\t<span class=\"elementor-accordion-icon elementor-accordion-icon-left\" aria-hidden=\"true\">\n\t\t\t\t\t\t\t\t\t\t\t\t\t\t\t<span class=\"elementor-accordion-icon-closed\"><i class=\"fas fa-plus\"><\/i><\/span>\n\t\t\t\t\t\t\t\t<span class=\"elementor-accordion-icon-opened\"><i class=\"fas fa-minus\"><\/i><\/span>\n\t\t\t\t\t\t\t\t\t\t\t\t\t\t<\/span>\n\t\t\t\t\t\t\t\t\t\t\t\t<a class=\"elementor-accordion-title\" tabindex=\"0\">Dia 4: Manh\u00e3:. Brujo e Museu Cao<\/a>\n\t\t\t\t\t<\/div>\n\t\t\t\t\t<div id=\"elementor-tab-content-1624\" class=\"elementor-tab-content elementor-clearfix\" data-tab=\"4\" role=\"region\" aria-labelledby=\"elementor-tab-title-1624\"><p>Por volta das 10h, sa\u00edda de nosso alojamento em Trujillo, iniciaremos nossa visita na cidade de Magdalena de Cao, a 60 minutos de Trujillo. A excurs\u00e3o come\u00e7a com a visita ao Museu do S\u00edtio Cao localizado no Complexo Arqueol\u00f3gico El Brujo, onde s\u00e3o expostos os achados do &#8220;Projeto Arqueol\u00f3gico El Brujo&#8221; da Funda\u00e7\u00e3o Wiese com a coopera\u00e7\u00e3o de outras institui\u00e7\u00f5es.<\/p><p>Continuamos com o passeio pela Huaca Cao Viejo, que \u00e9 a \u00e1rea da descoberta da Senhora do Cao, uma m\u00famia pertencente \u00e0 aristocracia guerreira, que tinha tatuagens de cobras e aranhas em seus bra\u00e7os, ao lado dela estavam j\u00f3ias, armas e utens\u00edlios de cer\u00e2mica, elementos que sustentam a teoria de que ela foi uma mulher importante em uma sociedade militarista e patriarcal.<\/p><p>Continuamos com a visita \u00e0 Igreja colonial, da qual atualmente existem apenas vest\u00edgios. Ter\u00e1 uma vista panor\u00e2mica do vale de Chicama e Huaca Prieta. Retorno ao alojamento em Trujillo por volta das 14h<\/p><p><span style=\"color: #008000;\"><strong><u>Trujillo \u2013 M\u00e1ncora<\/u><\/strong><\/span><\/p><p>\u00c0 tarde, traslado para a rodovi\u00e1ria para iniciar nossa viagem de volta a Lima, a viagem levar\u00e1 aproximadamente 11 horas.<\/p><p>Noite no \u00f4nibus<\/p><\/div>\n\t\t\t\t<\/div>\n\t\t\t\t\t\t\t<div class=\"elementor-accordion-item\">\n\t\t\t\t\t<div id=\"elementor-tab-title-1625\" class=\"elementor-tab-title\" data-tab=\"5\" role=\"button\" aria-controls=\"elementor-tab-content-1625\" aria-expanded=\"false\">\n\t\t\t\t\t\t\t\t\t\t\t\t\t<span class=\"elementor-accordion-icon elementor-accordion-icon-left\" aria-hidden=\"true\">\n\t\t\t\t\t\t\t\t\t\t\t\t\t\t\t<span class=\"elementor-accordion-icon-closed\"><i class=\"fas fa-plus\"><\/i><\/span>\n\t\t\t\t\t\t\t\t<span class=\"elementor-accordion-icon-opened\"><i class=\"fas fa-minus\"><\/i><\/span>\n\t\t\t\t\t\t\t\t\t\t\t\t\t\t<\/span>\n\t\t\t\t\t\t\t\t\t\t\t\t<a class=\"elementor-accordion-title\" tabindex=\"0\">Dia 5: Chegada em Mancora<\/a>\n\t\t\t\t\t<\/div>\n\t\t\t\t\t<div id=\"elementor-tab-content-1625\" class=\"elementor-tab-content elementor-clearfix\" data-tab=\"5\" role=\"region\" aria-labelledby=\"elementor-tab-title-1625\"><p>Teremos o dia livre para relaxar e aproveitar as praias pr\u00f3ximas e a piscina do hotel.<\/p><p>Noite no hotel em Mancora<\/p><p>Refei\u00e7\u00f5es: caf\u00e9 da manh\u00e3<\/p><\/div>\n\t\t\t\t<\/div>\n\t\t\t\t\t\t\t<div class=\"elementor-accordion-item\">\n\t\t\t\t\t<div id=\"elementor-tab-title-1626\" class=\"elementor-tab-title\" data-tab=\"6\" role=\"button\" aria-controls=\"elementor-tab-content-1626\" aria-expanded=\"false\">\n\t\t\t\t\t\t\t\t\t\t\t\t\t<span class=\"elementor-accordion-icon elementor-accordion-icon-left\" aria-hidden=\"true\">\n\t\t\t\t\t\t\t\t\t\t\t\t\t\t\t<span class=\"elementor-accordion-icon-closed\"><i class=\"fas fa-plus\"><\/i><\/span>\n\t\t\t\t\t\t\t\t<span class=\"elementor-accordion-icon-opened\"><i class=\"fas fa-minus\"><\/i><\/span>\n\t\t\t\t\t\t\t\t\t\t\t\t\t\t<\/span>\n\t\t\t\t\t\t\t\t\t\t\t\t<a class=\"elementor-accordion-title\" tabindex=\"0\">Dia 6: Dia livre em Mancora<\/a>\n\t\t\t\t\t<\/div>\n\t\t\t\t\t<div id=\"elementor-tab-content-1626\" class=\"elementor-tab-content elementor-clearfix\" data-tab=\"6\" role=\"region\" aria-labelledby=\"elementor-tab-title-1626\"><p>Teremos o dia livre para relaxar e aproveitar as praias pr\u00f3ximas e a piscina do hotel.<\/p><p>Noite no hotel em Mancora<\/p><p>Refei\u00e7\u00f5es: caf\u00e9 da manh\u00e3<\/p><\/div>\n\t\t\t\t<\/div>\n\t\t\t\t\t\t\t<div class=\"elementor-accordion-item\">\n\t\t\t\t\t<div id=\"elementor-tab-title-1627\" class=\"elementor-tab-title\" data-tab=\"7\" role=\"button\" aria-controls=\"elementor-tab-content-1627\" aria-expanded=\"false\">\n\t\t\t\t\t\t\t\t\t\t\t\t\t<span class=\"elementor-accordion-icon elementor-accordion-icon-left\" aria-hidden=\"true\">\n\t\t\t\t\t\t\t\t\t\t\t\t\t\t\t<span class=\"elementor-accordion-icon-closed\"><i class=\"fas fa-plus\"><\/i><\/span>\n\t\t\t\t\t\t\t\t<span class=\"elementor-accordion-icon-opened\"><i class=\"fas fa-minus\"><\/i><\/span>\n\t\t\t\t\t\t\t\t\t\t\t\t\t\t<\/span>\n\t\t\t\t\t\t\t\t\t\t\t\t<a class=\"elementor-accordion-title\" tabindex=\"0\">Dia 7: Mancora \u2013Lima<\/a>\n\t\t\t\t\t<\/div>\n\t\t\t\t\t<div id=\"elementor-tab-content-1627\" class=\"elementor-tab-content elementor-clearfix\" data-tab=\"7\" role=\"region\" aria-labelledby=\"elementor-tab-title-1627\"><p>No momento apropriado, transfira do hotel em Mancora para o aeroporto para o seu voo para Lima.<\/p><p>Chegada em Lima, traslado ao hotel.<\/p><p>Noite no hotel em Lima<\/p><p>Refei\u00e7\u00f5es: caf\u00e9 da manh\u00e3<\/p><\/div>\n\t\t\t\t<\/div>\n\t\t\t\t\t\t\t<div class=\"elementor-accordion-item\">\n\t\t\t\t\t<div id=\"elementor-tab-title-1628\" class=\"elementor-tab-title\" data-tab=\"8\" role=\"button\" aria-controls=\"elementor-tab-content-1628\" aria-expanded=\"false\">\n\t\t\t\t\t\t\t\t\t\t\t\t\t<span class=\"elementor-accordion-icon elementor-accordion-icon-left\" aria-hidden=\"true\">\n\t\t\t\t\t\t\t\t\t\t\t\t\t\t\t<span class=\"elementor-accordion-icon-closed\"><i class=\"fas fa-plus\"><\/i><\/span>\n\t\t\t\t\t\t\t\t<span class=\"elementor-accordion-icon-opened\"><i class=\"fas fa-minus\"><\/i><\/span>\n\t\t\t\t\t\t\t\t\t\t\t\t\t\t<\/span>\n\t\t\t\t\t\t\t\t\t\t\t\t<a class=\"elementor-accordion-title\" tabindex=\"0\">Dia 8: Sa\u00edda de Lima<\/a>\n\t\t\t\t\t<\/div>\n\t\t\t\t\t<div id=\"elementor-tab-content-1628\" class=\"elementor-tab-content elementor-clearfix\" data-tab=\"8\" role=\"region\" aria-labelledby=\"elementor-tab-title-1628\"><p>No momento apropriado, traslado para o aeroporto em Lima<\/p><p>Fim dos nossos servi\u00e7os<\/p><\/div>\n\t\t\t\t<\/div>\n\t\t\t\t\t\t\t\t<\/div>\n\t\t\t\t\t\t<\/div>\n\t\t\t\t<\/div>\n\t\t\t\t<div class=\"elementor-element elementor-element-30f4afb3 elementor-widget elementor-widget-text-editor\" data-id=\"30f4afb3\" data-element_type=\"widget\" data-e-type=\"widget\" data-widget_type=\"text-editor.default\">\n\t\t\t\t<div class=\"elementor-widget-container\">\n\t\t\t\t\t\t\t\t\t<h3><span style=\"color: #008000;\"><strong>Inclu\u00eddo no pacote:<\/strong><\/span><\/h3><ul><li>Traslado privado aeroporto \u2013 hotel \u2013 aeroporto em Lima<\/li><li>Voo de M\u00e1ncora para Lima<\/li><li>City Tour Manh\u00e3 em Lima \u2013 servi\u00e7o compartilhado<\/li><li>Tarde:. Chan Chan +Huanchaco \u2013 servi\u00e7o compartilhado<\/li><li>Manh\u00e3:. Brujo &amp; Museo Cao \u2013 servi\u00e7o compartilhado<\/li><li>Guia profissional em ingl\u00eas ou espanhol<\/li><li>2 noites em Lima<\/li><li>1 noite em Trujillo<\/li><li>2 noites em M\u00e1ncora<\/li><li>1 noite em \u00f4nibus confort\u00e1vel de Trujillo para Mancora<\/li><li>Caf\u00e9 da manh\u00e3 no hotel<\/li><li>Transporte para todas as visitas inclu\u00eddas no itiner\u00e1rio<\/li><li>Suporte 24\/7<\/li><\/ul><h3><span style=\"color: #008000;\"><strong>N\u00e3o inclu\u00eddo: <\/strong><\/span><\/h3><ul><li>Voos internacionais<\/li><li>Refei\u00e7\u00f5es n\u00e3o especificadas no itiner\u00e1rio<\/li><li>Gorjeta<\/li><\/ul><p><em><strong>** Dicas de reservas:<\/strong><\/em><\/p><p>-Voc\u00ea pode chegar a qualquer momento em Lima, vamos busc\u00e1-lo no aeroporto.<\/p><p>&#8211; O check-in no hotel em Lima \u00e9 \u00e0s 11h.<\/p><p>-Os voos devem entrar e sair do aeroporto de Lima<\/p>\t\t\t\t\t\t\t\t<\/div>\n\t\t\t\t<\/div>\n\t\t\t\t\t<\/div>\n\t\t<\/div>\n\t\t\t\t\t<\/div>\n\t\t<\/section>\n\t\t\t\t<\/div>\n\t\t","protected":false},"excerpt":{"rendered":"<p><strong>Descri\u00e7\u00e3o<\/strong><\/p>\n<p><strong>C\u00d3DIGO:<\/strong> PVT-P8001<\/p>\n<ul>\n<li><strong>Sa\u00eddas:<\/strong> Di\u00e1rias<\/li>\n<li><strong>Dura\u00e7\u00e3o:<\/strong> 8 Dias \/ 7 Noites<\/li>\n<\/ul>\n","protected":false},"featured_media":4065,"template":"","meta":{"site-sidebar-layout":"no-sidebar","site-content-layout":"page-builder","ast-site-content-layout":"full-width-container","site-content-style":"unboxed","site-sidebar-style":"unboxed","ast-global-header-display":"","ast-banner-title-visibility":"","ast-main-header-display":"","ast-hfb-above-header-display":"","ast-hfb-below-header-display":"","ast-hfb-mobile-header-display":"","site-post-title":"disabled","ast-breadcrumbs-content":"","ast-featured-img":"disabled","footer-sml-layout":"","ast-disable-related-posts":"","theme-transparent-header-meta":"default","adv-header-id-meta":"","stick-header-meta":"default","header-above-stick-meta":"","header-main-stick-meta":"","header-below-stick-meta":"","astra-migrate-meta-layouts":"set","ast-page-background-enabled":"default","ast-page-background-meta":{"desktop":{"background-color":"var(--ast-global-color-4)","background-image":"","background-repeat":"repeat","background-position":"center center","background-size":"auto","background-attachment":"scroll","background-type":"","background-media":"","overlay-type":"","overlay-color":"","overlay-opacity":"","overlay-gradient":""},"tablet":{"background-color":"","background-image":"","background-repeat":"repeat","background-position":"center center","background-size":"auto","background-attachment":"scroll","background-type":"","background-media":"","overlay-type":"","overlay-color":"","overlay-opacity":"","overlay-gradient":""},"mobile":{"background-color":"","background-image":"","background-repeat":"repeat","background-position":"center center","background-size":"auto","background-attachment":"scroll","background-type":"","background-media":"","overlay-type":"","overlay-color":"","overlay-opacity":"","overlay-gradient":""}},"ast-content-background-meta":{"desktop":{"background-color":"var(--ast-global-color-5)","background-image":"","background-repeat":"repeat","background-position":"center center","background-size":"auto","background-attachment":"scroll","background-type":"","background-media":"","overlay-type":"","overlay-color":"","overlay-opacity":"","overlay-gradient":""},"tablet":{"background-color":"var(--ast-global-color-5)","background-image":"","background-repeat":"repeat","background-position":"center center","background-size":"auto","background-attachment":"scroll","background-type":"","background-media":"","overlay-type":"","overlay-color":"","overlay-opacity":"","overlay-gradient":""},"mobile":{"background-color":"var(--ast-global-color-5)","background-image":"","background-repeat":"repeat","background-position":"center center","background-size":"auto","background-attachment":"scroll","background-type":"","background-media":"","overlay-type":"","overlay-color":"","overlay-opacity":"","overlay-gradient":""}},"_joinchat":[]},"product_brand":[],"product_cat":[153],"product_tag":[],"class_list":{"0":"post-4095","1":"product","2":"type-product","3":"status-publish","4":"has-post-thumbnail","6":"product_cat-por-todo-peru","7":"desktop-align-center","8":"tablet-align-center","9":"mobile-align-center","10":"ast-product-gallery-layout-horizontal-slider","11":"ast-product-gallery-with-no-image","12":"ast-product-single-variable","13":"ast-product-tabs-layout-horizontal","15":"first","16":"instock","17":"shipping-taxable","18":"purchasable","19":"product-type-variable"},"_links":{"self":[{"href":"https:\/\/www.pvtravels.com\/pt-pt\/wp-json\/wp\/v2\/product\/4095","targetHints":{"allow":["GET"]}}],"collection":[{"href":"https:\/\/www.pvtravels.com\/pt-pt\/wp-json\/wp\/v2\/product"}],"about":[{"href":"https:\/\/www.pvtravels.com\/pt-pt\/wp-json\/wp\/v2\/types\/product"}],"version-history":[{"count":6,"href":"https:\/\/www.pvtravels.com\/pt-pt\/wp-json\/wp\/v2\/product\/4095\/revisions"}],"predecessor-version":[{"id":5850,"href":"https:\/\/www.pvtravels.com\/pt-pt\/wp-json\/wp\/v2\/product\/4095\/revisions\/5850"}],"wp:featuredmedia":[{"embeddable":true,"href":"https:\/\/www.pvtravels.com\/pt-pt\/wp-json\/wp\/v2\/media\/4065"}],"wp:attachment":[{"href":"https:\/\/www.pvtravels.com\/pt-pt\/wp-json\/wp\/v2\/media?parent=4095"}],"wp:term":[{"taxonomy":"product_brand","embeddable":true,"href":"https:\/\/www.pvtravels.com\/pt-pt\/wp-json\/wp\/v2\/product_brand?post=4095"},{"taxonomy":"product_cat","embeddable":true,"href":"https:\/\/www.pvtravels.com\/pt-pt\/wp-json\/wp\/v2\/product_cat?post=4095"},{"taxonomy":"product_tag","embeddable":true,"href":"https:\/\/www.pvtravels.com\/pt-pt\/wp-json\/wp\/v2\/product_tag?post=4095"}],"curies":[{"name":"wp","href":"https:\/\/api.w.org\/{rel}","templated":true}]}}