{"id":3995,"date":"2022-02-09T16:17:43","date_gmt":"2022-02-09T21:17:43","guid":{"rendered":"https:\/\/www.pvtravels.com\/tour\/sem%20categoria\/montanha-para-a-selva-cusco-tambopata-6-dias\/"},"modified":"2025-02-12T16:37:47","modified_gmt":"2025-02-12T21:37:47","slug":"montanha-para-a-selva-cusco-tambopata-6-dias","status":"publish","type":"product","link":"https:\/\/www.pvtravels.com\/pt-pt\/tour\/por-todo-peru\/montanha-para-a-selva-cusco-tambopata-6-dias\/","title":{"rendered":"Montanha para a Selva:. Cusco &#8211; Tambopata 6 dias"},"content":{"rendered":"\t\t<div data-elementor-type=\"product-post\" data-elementor-id=\"3995\" class=\"elementor elementor-3995 elementor-3963\" data-elementor-post-type=\"product\">\n\t\t\t\t\t\t<section class=\"elementor-section elementor-top-section elementor-element elementor-element-49e40b19 elementor-section-boxed elementor-section-height-default elementor-section-height-default\" data-id=\"49e40b19\" data-element_type=\"section\" data-e-type=\"section\">\n\t\t\t\t\t\t<div class=\"elementor-container elementor-column-gap-default\">\n\t\t\t\t\t<div class=\"elementor-column elementor-col-100 elementor-top-column elementor-element elementor-element-20d93cb8\" data-id=\"20d93cb8\" data-element_type=\"column\" data-e-type=\"column\">\n\t\t\t<div class=\"elementor-widget-wrap elementor-element-populated\">\n\t\t\t\t\t\t<div class=\"elementor-element elementor-element-4440d469 elementor-widget elementor-widget-heading\" data-id=\"4440d469\" data-element_type=\"widget\" data-e-type=\"widget\" data-widget_type=\"heading.default\">\n\t\t\t\t<div class=\"elementor-widget-container\">\n\t\t\t\t\t<h3 class=\"elementor-heading-title elementor-size-default\">Itinerario<\/h3>\t\t\t\t<\/div>\n\t\t\t\t<\/div>\n\t\t\t\t<div class=\"elementor-element elementor-element-5477c9dd elementor-widget elementor-widget-accordion\" data-id=\"5477c9dd\" data-element_type=\"widget\" data-e-type=\"widget\" data-widget_type=\"accordion.default\">\n\t\t\t\t<div class=\"elementor-widget-container\">\n\t\t\t\t\t\t\t<div class=\"elementor-accordion\">\n\t\t\t\t\t\t\t<div class=\"elementor-accordion-item\">\n\t\t\t\t\t<div id=\"elementor-tab-title-1411\" class=\"elementor-tab-title\" data-tab=\"1\" role=\"button\" aria-controls=\"elementor-tab-content-1411\" aria-expanded=\"false\">\n\t\t\t\t\t\t\t\t\t\t\t\t\t<span class=\"elementor-accordion-icon elementor-accordion-icon-left\" aria-hidden=\"true\">\n\t\t\t\t\t\t\t\t\t\t\t\t\t\t\t<span class=\"elementor-accordion-icon-closed\"><i class=\"fas fa-plus\"><\/i><\/span>\n\t\t\t\t\t\t\t\t<span class=\"elementor-accordion-icon-opened\"><i class=\"fas fa-minus\"><\/i><\/span>\n\t\t\t\t\t\t\t\t\t\t\t\t\t\t<\/span>\n\t\t\t\t\t\t\t\t\t\t\t\t<a class=\"elementor-accordion-title\" tabindex=\"0\">Dia 1: Chegada a Cusco<\/a>\n\t\t\t\t\t<\/div>\n\t\t\t\t\t<div id=\"elementor-tab-content-1411\" class=\"elementor-tab-content elementor-clearfix\" data-tab=\"1\" role=\"region\" aria-labelledby=\"elementor-tab-title-1411\"><p>Ap\u00f3s a chegada a Cusco, recep\u00e7\u00e3o na esta\u00e7\u00e3o de \u00f4nibus e traslado ao nosso hotel no centro da cidade.<\/p><p>**Nota:. recomendado chegar antes das 11h<\/p><p><span style=\"text-decoration: underline;\"><span style=\"color: #008000;\"><strong>Tarde:. Cusco City tour<\/strong><\/span><\/span><\/p><p>\u00c0 tarde, por volta das 13h10, traslado do hotel para come\u00e7ar o Cusco City Tour. O passeio come\u00e7ar\u00e1 com a visita ao Templo do Sol ou Qorikancha, Sacsayhuaman, Kenko, Puca Pucara e Tambomachay. Estaremos de volta por volta das 19:00.<\/p><p>Noite no hotel em Cusco<\/p><\/div>\n\t\t\t\t<\/div>\n\t\t\t\t\t\t\t<div class=\"elementor-accordion-item\">\n\t\t\t\t\t<div id=\"elementor-tab-title-1412\" class=\"elementor-tab-title\" data-tab=\"2\" role=\"button\" aria-controls=\"elementor-tab-content-1412\" aria-expanded=\"false\">\n\t\t\t\t\t\t\t\t\t\t\t\t\t<span class=\"elementor-accordion-icon elementor-accordion-icon-left\" aria-hidden=\"true\">\n\t\t\t\t\t\t\t\t\t\t\t\t\t\t\t<span class=\"elementor-accordion-icon-closed\"><i class=\"fas fa-plus\"><\/i><\/span>\n\t\t\t\t\t\t\t\t<span class=\"elementor-accordion-icon-opened\"><i class=\"fas fa-minus\"><\/i><\/span>\n\t\t\t\t\t\t\t\t\t\t\t\t\t\t<\/span>\n\t\t\t\t\t\t\t\t\t\t\t\t<a class=\"elementor-accordion-title\" tabindex=\"0\">Dia 2: Full Day Tour a Machu Picchu <\/a>\n\t\t\t\t\t<\/div>\n\t\t\t\t\t<div id=\"elementor-tab-content-1412\" class=\"elementor-tab-content elementor-clearfix\" data-tab=\"2\" role=\"region\" aria-labelledby=\"elementor-tab-title-1412\"><p>Traslado do nosso hotel em Cusco pela manh\u00e3. Vamos lev\u00e1-lo \u00e0 esta\u00e7\u00e3o de trem, onde embarcaremos nesta extraordin\u00e1ria viagem de trem para Machu Picchu, onde voc\u00ea ter\u00e1 belas vistas. O trem passa por belos ecossistemas e sua c\u00e2mera est\u00e1 pronta para tirar fotos.<\/p><p>Aproximadamente quatro horas ap\u00f3s sua partida de Cusco, chegar\u00e1 \u00e0 esta\u00e7\u00e3o de trem em Aguas Calientes (a cidade localizada na parte inferior de Machu Picchu). Nosso guia especializado estar\u00e1 esperando na esta\u00e7\u00e3o. Juntos, pegaremos o \u00f4nibus de Aguas Calientes para Machu Picchu, que dura 25 minutos.<\/p><p>Chegando a Machu Picchu, voc\u00ea entrar\u00e1 no site. E seu guia far\u00e1 uma excurs\u00e3o pela cidadela por 2horas. Ap\u00f3s a visita guiada, haver\u00e1 tempo livre para explorar e tirar fotos.<\/p><p>Depois de explorar Machu Picchu voltaremos a Aguas Calientes em \u00f4nibus. Depois, voc\u00ea pode desfrutar dos restaurantes, explorar a vila ou relaxar.<\/p><p>\u00c0 tarde, retorno a Cusco de trem, quatro horas depois de partir, voc\u00ea chegar\u00e1 a Cusco e ser\u00e1 transferido para o seu hotel.<\/p><p>Noite no hotel em Cusco<\/p><p>Refei\u00e7\u00f5es: caf\u00e9 da manh\u00e3<\/p><\/div>\n\t\t\t\t<\/div>\n\t\t\t\t\t\t\t<div class=\"elementor-accordion-item\">\n\t\t\t\t\t<div id=\"elementor-tab-title-1413\" class=\"elementor-tab-title\" data-tab=\"3\" role=\"button\" aria-controls=\"elementor-tab-content-1413\" aria-expanded=\"false\">\n\t\t\t\t\t\t\t\t\t\t\t\t\t<span class=\"elementor-accordion-icon elementor-accordion-icon-left\" aria-hidden=\"true\">\n\t\t\t\t\t\t\t\t\t\t\t\t\t\t\t<span class=\"elementor-accordion-icon-closed\"><i class=\"fas fa-plus\"><\/i><\/span>\n\t\t\t\t\t\t\t\t<span class=\"elementor-accordion-icon-opened\"><i class=\"fas fa-minus\"><\/i><\/span>\n\t\t\t\t\t\t\t\t\t\t\t\t\t\t<\/span>\n\t\t\t\t\t\t\t\t\t\t\t\t<a class=\"elementor-accordion-title\" tabindex=\"0\">Dia 3: Fullday:.  Valle Sagrado tour<\/a>\n\t\t\t\t\t<\/div>\n\t\t\t\t\t<div id=\"elementor-tab-content-1413\" class=\"elementor-tab-content elementor-clearfix\" data-tab=\"3\" role=\"region\" aria-labelledby=\"elementor-tab-title-1413\"><p>Ap\u00f3s um delicioso caf\u00e9 da manh\u00e3, traslado do hotel por volta das 8h30 para come\u00e7ar o maravilhoso Tour Vale Sagrado dos Incas e visitaremos o parque arqueol\u00f3gico de Pisac e seu mercado tradicional, desfrutaremos de um delicioso buffet de almo\u00e7o em Urubamba e depois visitaremos a maravilhosa cidade de Ollantaytambo, onde voc\u00ea deve andar pelas ruas de paralelep\u00edpedos que mant\u00eam viva a cultura inca que nos faz voltar no tempo. Finalmente, na volta, visita ao distrito de Chinchero, conhecido como a cidade de Arco Iris, onde podemos ver as montanhas dos Andes como Veronica, coberta de neve, e Salkantay e Soray, sua bela igreja, seus talentosos artes\u00e3os, onde voc\u00ea pode comprar seus lindos produtos feitos \u00e0 m\u00e3o. Estar\u00e1 de volta a Cusco por volta das 19h30.<\/p><p><span style=\"color: #008000;\"><strong><u>Cusco a Puerto Maldonado<\/u><\/strong><\/span><\/p><p>\u00c0 tarde, traslado \u00e0 rodovi\u00e1ria para o seu \u00f4nibus noturno de Cusco a Puerto Maldonado. O percurso leva cerca de 7 horas e voc\u00ea ter\u00e1 servi\u00e7o a bordo.<\/p><p>Refei\u00e7\u00f5es: caf\u00e9 da manh\u00e3, almo\u00e7o<\/p><\/div>\n\t\t\t\t<\/div>\n\t\t\t\t\t\t\t<div class=\"elementor-accordion-item\">\n\t\t\t\t\t<div id=\"elementor-tab-title-1414\" class=\"elementor-tab-title\" data-tab=\"4\" role=\"button\" aria-controls=\"elementor-tab-content-1414\" aria-expanded=\"false\">\n\t\t\t\t\t\t\t\t\t\t\t\t\t<span class=\"elementor-accordion-icon elementor-accordion-icon-left\" aria-hidden=\"true\">\n\t\t\t\t\t\t\t\t\t\t\t\t\t\t\t<span class=\"elementor-accordion-icon-closed\"><i class=\"fas fa-plus\"><\/i><\/span>\n\t\t\t\t\t\t\t\t<span class=\"elementor-accordion-icon-opened\"><i class=\"fas fa-minus\"><\/i><\/span>\n\t\t\t\t\t\t\t\t\t\t\t\t\t\t<\/span>\n\t\t\t\t\t\t\t\t\t\t\t\t<a class=\"elementor-accordion-title\" tabindex=\"0\">Dia 4: Chegada a Puerto Maldonado <\/a>\n\t\t\t\t\t<\/div>\n\t\t\t\t\t<div id=\"elementor-tab-content-1414\" class=\"elementor-tab-content elementor-clearfix\" data-tab=\"4\" role=\"region\" aria-labelledby=\"elementor-tab-title-1414\"><p>Na chegada a Puerto Maldonado, nosso guia encontrar\u00e1 na rodoviaria e iremos para o nosso escrit\u00f3rio para fazer um registro.<\/p><p>Seu excesso de bagagem ser\u00e1 armazenado com seguran\u00e7a em nosso escrit\u00f3rio em Puerto Maldonado e continuaremos at\u00e9 o porto de Capitan\u00eda. Tomaremos nosso barco a motor ao longo do rio Madre de Dios por aproximadamente 40 minutos para o nosso alojamento. Na chegada, uma recep\u00e7\u00e3o calorosa estar\u00e1 esperando por n\u00f3s!<\/p><p><span style=\"color: #008000;\"><strong><u>Ilhas dos Macacos\u00a0 &#8211; \u00a0Observa\u00e7\u00e3o de Caimanes<\/u><\/strong><\/span><\/p><p>Depois de um merecido almo\u00e7o, tomamos os caiaques para o rio, esta atividade de n\u00edvel um \u00e9 relaxante e acess\u00edvel a todos. Quando chegarmos \u00e0 Ilha dos Macacos, poderemos apreciar uma grande diversidade de macacos, como os: capuchinhos, tamarindos e macacos de esquilo, mostraremos um balan\u00e7o pelas \u00e1rvores, carregando os troncos das grandes \u00e1rvores que formam sua casa para aceitar comida da sua m\u00e3o.<\/p><p>Voltaremos ao lodge e jantar.<\/p><p>\u00c0 noite, teremos nossa atividade extra de observa\u00e7\u00e3o de jacar\u00e9s.<\/p><p>Noite no alojamento<\/p><p>Refei\u00e7\u00f5es: almo\u00e7o e jantar<\/p><\/div>\n\t\t\t\t<\/div>\n\t\t\t\t\t\t\t<div class=\"elementor-accordion-item\">\n\t\t\t\t\t<div id=\"elementor-tab-title-1415\" class=\"elementor-tab-title\" data-tab=\"5\" role=\"button\" aria-controls=\"elementor-tab-content-1415\" aria-expanded=\"false\">\n\t\t\t\t\t\t\t\t\t\t\t\t\t<span class=\"elementor-accordion-icon elementor-accordion-icon-left\" aria-hidden=\"true\">\n\t\t\t\t\t\t\t\t\t\t\t\t\t\t\t<span class=\"elementor-accordion-icon-closed\"><i class=\"fas fa-plus\"><\/i><\/span>\n\t\t\t\t\t\t\t\t<span class=\"elementor-accordion-icon-opened\"><i class=\"fas fa-minus\"><\/i><\/span>\n\t\t\t\t\t\t\t\t\t\t\t\t\t\t<\/span>\n\t\t\t\t\t\t\t\t\t\t\t\t<a class=\"elementor-accordion-title\" tabindex=\"0\">Dia 5: Lago Sandoval <\/a>\n\t\t\t\t\t<\/div>\n\t\t\t\t\t<div id=\"elementor-tab-content-1415\" class=\"elementor-tab-content elementor-clearfix\" data-tab=\"5\" role=\"region\" aria-labelledby=\"elementor-tab-title-1415\"><p>Depois de um \u00f3timo caf\u00e9 da manh\u00e3, receberemos nosso almo\u00e7o durante o dia, depois tomaremos o barco para chegar ao controle da Zona da Reserva Nacional de Tambopata, depois de 1 hora e meia caminhando pela floresta, estamos nos aproximando do famoso Sandoval Lago. O caminho \u00e9 com imensas \u00e1rvores antigas e trepadeiras emaranhadas; poderemos ver flores e fauna multicoloridas, incluindo: Lontras Gigantes, p\u00e1ssaros, borboletas coloridas, tartarugas e variedade de peixes. Passaremos algumas horas em canoa neste um dos lagos mais bonitos da regi\u00e3o.<\/p><p>Noite no alojamento<\/p><p>Refei\u00e7\u00f5es: caf\u00e9 da manh\u00e3, almo\u00e7o e jantar<\/p><\/div>\n\t\t\t\t<\/div>\n\t\t\t\t\t\t\t<div class=\"elementor-accordion-item\">\n\t\t\t\t\t<div id=\"elementor-tab-title-1416\" class=\"elementor-tab-title\" data-tab=\"6\" role=\"button\" aria-controls=\"elementor-tab-content-1416\" aria-expanded=\"false\">\n\t\t\t\t\t\t\t\t\t\t\t\t\t<span class=\"elementor-accordion-icon elementor-accordion-icon-left\" aria-hidden=\"true\">\n\t\t\t\t\t\t\t\t\t\t\t\t\t\t\t<span class=\"elementor-accordion-icon-closed\"><i class=\"fas fa-plus\"><\/i><\/span>\n\t\t\t\t\t\t\t\t<span class=\"elementor-accordion-icon-opened\"><i class=\"fas fa-minus\"><\/i><\/span>\n\t\t\t\t\t\t\t\t\t\t\t\t\t\t<\/span>\n\t\t\t\t\t\t\t\t\t\t\t\t<a class=\"elementor-accordion-title\" tabindex=\"0\">Dia 6: Papagaios e periquitos Clay Lick \u2013 Puerto Maldonado<\/a>\n\t\t\t\t\t<\/div>\n\t\t\t\t\t<div id=\"elementor-tab-content-1416\" class=\"elementor-tab-content elementor-clearfix\" data-tab=\"6\" role=\"region\" aria-labelledby=\"elementor-tab-title-1416\"><p>Antes do caf\u00e9 da manh\u00e3, visitaremos os papagaios e periquitos. Todos os dias eles comem a argila rica que lhes fornece os sais e minerais necess\u00e1rios para metabolizar e neutralizar as toxinas e \u00e1cidos das flores, frutas e sementes nas quais se alimentam. Retornaremos ao hotel para o caf\u00e9 da manh\u00e3.<\/p><p>\u00c0s 9h, retornaremos a Puerto Maldonado e transferiremos para o aeroporto ou rodovi\u00e1ria.<\/p><p>Refei\u00e7\u00f5es: caf\u00e9 da manh\u00e3<\/p><p>Fim dos nossos servi\u00e7os!<\/p><p><strong>**<span style=\"text-decoration: underline;\"><em>Nota:<\/em><\/span><\/strong><em> o voo de partida deve ser ap\u00f3s as 13h<\/em><\/p><\/div>\n\t\t\t\t<\/div>\n\t\t\t\t\t\t\t\t<\/div>\n\t\t\t\t\t\t<\/div>\n\t\t\t\t<\/div>\n\t\t\t\t<div class=\"elementor-element elementor-element-740575f1 elementor-widget elementor-widget-text-editor\" data-id=\"740575f1\" data-element_type=\"widget\" data-e-type=\"widget\" data-widget_type=\"text-editor.default\">\n\t\t\t\t<div class=\"elementor-widget-container\">\n\t\t\t\t\t\t\t\t\t<h3><span style=\"color: #008000;\"><strong>Inclu\u00eddo no pacote:<\/strong><\/span><\/h3><ul><li>Traslado privativo aeroporto &#8211; hotel &#8211; aeroporto<\/li><li>Tarde Cusco City Tour &#8211; servi\u00e7o compartilhado<\/li><li>Excurs\u00e3o de dia inteiro a Machu Picchu &#8211; servi\u00e7o compartilhado<\/li><li>Excurs\u00e3o ao vale sagrado de Fullday &#8211; servi\u00e7o compartilhado<\/li><li>Visita \u00e0 Ilha dos Macacos<\/li><li>Visita ao Lago Sandoval<\/li><li>Caminhada de dossel<\/li><li>BTP (boleto turistico parcial )<\/li><li>Taxas de entrada: Koricancha, Catedral e Machu Picchu.<\/li><li>Visita guiada em ingl\u00eas ou espanhol<\/li><li>Passagem de \u00f4nibus: Aguas Calientes-Machu Picchu-Aguas Calientes.<\/li><li>Bilhete de trem Cusco-Aguas Calientes-Cusco (servi\u00e7o 360 \u00b0) Inca Rail.<\/li><li>2 noites no hotel 3 * em Cusco<\/li><li>1 noite em \u00f4nibus confort\u00e1vel de Cusco a Puerto Maldonado<\/li><li>2 noites no Jungle Lodge<\/li><li>Caf\u00e9 da manh\u00e3 no hotel<\/li><li>2 caf\u00e9s da manh\u00e3, 2 almo\u00e7os e 2 jantares no alojamento<\/li><li>Transporte para todas as visitas inclu\u00eddas no roteiro<\/li><li>Suporte 24\/7<\/li><\/ul><h3><span style=\"color: #008000;\"><strong>N\u00e3o inclu\u00eddo: <\/strong><\/span><\/h3><ul><li>Voos internacionais<\/li><li>Voo de partida de Puerto Maldonado<\/li><li>Refei\u00e7\u00f5es n\u00e3o especificadas no itiner\u00e1rio<\/li><\/ul><p><em><strong>** Dicas de reservas:<\/strong><\/em><\/p><p>-O check-in no hotel em Cusco \u00e9 \u00e0s 11h<\/p><p>-Deve chegar em Cusco para o in\u00edcio do pacote<\/p><p>-O voo de partida deve ser do aeroporto ou da rodovi\u00e1ria de Puerto Maldonado<\/p><p>\u00a0<\/p>\t\t\t\t\t\t\t\t<\/div>\n\t\t\t\t<\/div>\n\t\t\t\t\t<\/div>\n\t\t<\/div>\n\t\t\t\t\t<\/div>\n\t\t<\/section>\n\t\t\t\t<\/div>\n\t\t","protected":false},"excerpt":{"rendered":"<p><strong>Descri\u00e7\u00e3o<\/strong><\/p>\n<p><strong>C\u00d3DIGO:<\/strong> PVT-P6005<\/p>\n<ul>\n<li><strong>Sa\u00eddas:<\/strong> Di\u00e1rias<\/li>\n<li><strong>Dura\u00e7\u00e3o:<\/strong> 6 Dias \/ 5 Noites<\/li>\n<\/ul>\n","protected":false},"featured_media":3968,"template":"","meta":{"site-sidebar-layout":"no-sidebar","site-content-layout":"page-builder","ast-site-content-layout":"full-width-container","site-content-style":"unboxed","site-sidebar-style":"unboxed","ast-global-header-display":"","ast-banner-title-visibility":"","ast-main-header-display":"","ast-hfb-above-header-display":"","ast-hfb-below-header-display":"","ast-hfb-mobile-header-display":"","site-post-title":"disabled","ast-breadcrumbs-content":"","ast-featured-img":"disabled","footer-sml-layout":"","ast-disable-related-posts":"","theme-transparent-header-meta":"default","adv-header-id-meta":"","stick-header-meta":"default","header-above-stick-meta":"","header-main-stick-meta":"","header-below-stick-meta":"","astra-migrate-meta-layouts":"set","ast-page-background-enabled":"default","ast-page-background-meta":{"desktop":{"background-color":"var(--ast-global-color-4)","background-image":"","background-repeat":"repeat","background-position":"center center","background-size":"auto","background-attachment":"scroll","background-type":"","background-media":"","overlay-type":"","overlay-color":"","overlay-opacity":"","overlay-gradient":""},"tablet":{"background-color":"","background-image":"","background-repeat":"repeat","background-position":"center center","background-size":"auto","background-attachment":"scroll","background-type":"","background-media":"","overlay-type":"","overlay-color":"","overlay-opacity":"","overlay-gradient":""},"mobile":{"background-color":"","background-image":"","background-repeat":"repeat","background-position":"center center","background-size":"auto","background-attachment":"scroll","background-type":"","background-media":"","overlay-type":"","overlay-color":"","overlay-opacity":"","overlay-gradient":""}},"ast-content-background-meta":{"desktop":{"background-color":"var(--ast-global-color-5)","background-image":"","background-repeat":"repeat","background-position":"center center","background-size":"auto","background-attachment":"scroll","background-type":"","background-media":"","overlay-type":"","overlay-color":"","overlay-opacity":"","overlay-gradient":""},"tablet":{"background-color":"var(--ast-global-color-5)","background-image":"","background-repeat":"repeat","background-position":"center center","background-size":"auto","background-attachment":"scroll","background-type":"","background-media":"","overlay-type":"","overlay-color":"","overlay-opacity":"","overlay-gradient":""},"mobile":{"background-color":"var(--ast-global-color-5)","background-image":"","background-repeat":"repeat","background-position":"center center","background-size":"auto","background-attachment":"scroll","background-type":"","background-media":"","overlay-type":"","overlay-color":"","overlay-opacity":"","overlay-gradient":""}},"_joinchat":[]},"product_brand":[],"product_cat":[153],"product_tag":[],"class_list":{"0":"post-3995","1":"product","2":"type-product","3":"status-publish","4":"has-post-thumbnail","6":"product_cat-por-todo-peru","7":"desktop-align-center","8":"tablet-align-center","9":"mobile-align-center","10":"ast-product-gallery-layout-horizontal-slider","11":"ast-product-gallery-with-no-image","12":"ast-product-single-variable","13":"ast-product-tabs-layout-horizontal","15":"first","16":"outofstock","17":"shipping-taxable","18":"purchasable","19":"product-type-variable"},"_links":{"self":[{"href":"https:\/\/www.pvtravels.com\/pt-pt\/wp-json\/wp\/v2\/product\/3995","targetHints":{"allow":["GET"]}}],"collection":[{"href":"https:\/\/www.pvtravels.com\/pt-pt\/wp-json\/wp\/v2\/product"}],"about":[{"href":"https:\/\/www.pvtravels.com\/pt-pt\/wp-json\/wp\/v2\/types\/product"}],"version-history":[{"count":6,"href":"https:\/\/www.pvtravels.com\/pt-pt\/wp-json\/wp\/v2\/product\/3995\/revisions"}],"predecessor-version":[{"id":5852,"href":"https:\/\/www.pvtravels.com\/pt-pt\/wp-json\/wp\/v2\/product\/3995\/revisions\/5852"}],"wp:featuredmedia":[{"embeddable":true,"href":"https:\/\/www.pvtravels.com\/pt-pt\/wp-json\/wp\/v2\/media\/3968"}],"wp:attachment":[{"href":"https:\/\/www.pvtravels.com\/pt-pt\/wp-json\/wp\/v2\/media?parent=3995"}],"wp:term":[{"taxonomy":"product_brand","embeddable":true,"href":"https:\/\/www.pvtravels.com\/pt-pt\/wp-json\/wp\/v2\/product_brand?post=3995"},{"taxonomy":"product_cat","embeddable":true,"href":"https:\/\/www.pvtravels.com\/pt-pt\/wp-json\/wp\/v2\/product_cat?post=3995"},{"taxonomy":"product_tag","embeddable":true,"href":"https:\/\/www.pvtravels.com\/pt-pt\/wp-json\/wp\/v2\/product_tag?post=3995"}],"curies":[{"name":"wp","href":"https:\/\/api.w.org\/{rel}","templated":true}]}}