{"id":3948,"date":"2022-02-08T18:18:15","date_gmt":"2022-02-08T23:18:15","guid":{"rendered":"https:\/\/www.pvtravels.com\/tour\/sem%20categoria\/sul-completo-arequipa-puno-cusco-6-dias\/"},"modified":"2025-02-12T16:38:05","modified_gmt":"2025-02-12T21:38:05","slug":"sul-completo-arequipa-puno-cusco-6-dias","status":"publish","type":"product","link":"https:\/\/www.pvtravels.com\/pt-pt\/tour\/por-todo-peru\/sul-completo-arequipa-puno-cusco-6-dias\/","title":{"rendered":"Sul completo:. Arequipa &#8211; Puno &#8211; Cusco 6 dias"},"content":{"rendered":"\t\t<div data-elementor-type=\"product-post\" data-elementor-id=\"3948\" class=\"elementor elementor-3948 elementor-3918\" data-elementor-post-type=\"product\">\n\t\t\t\t\t\t<section class=\"elementor-section elementor-top-section elementor-element elementor-element-da33f18 elementor-section-boxed elementor-section-height-default elementor-section-height-default\" data-id=\"da33f18\" data-element_type=\"section\" data-e-type=\"section\">\n\t\t\t\t\t\t<div class=\"elementor-container elementor-column-gap-default\">\n\t\t\t\t\t<div class=\"elementor-column elementor-col-100 elementor-top-column elementor-element elementor-element-4eb87a4f\" data-id=\"4eb87a4f\" data-element_type=\"column\" data-e-type=\"column\">\n\t\t\t<div class=\"elementor-widget-wrap elementor-element-populated\">\n\t\t\t\t\t\t<div class=\"elementor-element elementor-element-3094bb91 elementor-widget elementor-widget-heading\" data-id=\"3094bb91\" data-element_type=\"widget\" data-e-type=\"widget\" data-widget_type=\"heading.default\">\n\t\t\t\t<div class=\"elementor-widget-container\">\n\t\t\t\t\t<h3 class=\"elementor-heading-title elementor-size-default\">Itinerario<\/h3>\t\t\t\t<\/div>\n\t\t\t\t<\/div>\n\t\t\t\t<div class=\"elementor-element elementor-element-6faf313a elementor-widget elementor-widget-accordion\" data-id=\"6faf313a\" data-element_type=\"widget\" data-e-type=\"widget\" data-widget_type=\"accordion.default\">\n\t\t\t\t<div class=\"elementor-widget-container\">\n\t\t\t\t\t\t\t<div class=\"elementor-accordion\">\n\t\t\t\t\t\t\t<div class=\"elementor-accordion-item\">\n\t\t\t\t\t<div id=\"elementor-tab-title-1871\" class=\"elementor-tab-title\" data-tab=\"1\" role=\"button\" aria-controls=\"elementor-tab-content-1871\" aria-expanded=\"false\">\n\t\t\t\t\t\t\t\t\t\t\t\t\t<span class=\"elementor-accordion-icon elementor-accordion-icon-left\" aria-hidden=\"true\">\n\t\t\t\t\t\t\t\t\t\t\t\t\t\t\t<span class=\"elementor-accordion-icon-closed\"><i class=\"fas fa-plus\"><\/i><\/span>\n\t\t\t\t\t\t\t\t<span class=\"elementor-accordion-icon-opened\"><i class=\"fas fa-minus\"><\/i><\/span>\n\t\t\t\t\t\t\t\t\t\t\t\t\t\t<\/span>\n\t\t\t\t\t\t\t\t\t\t\t\t<a class=\"elementor-accordion-title\" tabindex=\"0\">Dia 1: Chegada a Arequipa<\/a>\n\t\t\t\t\t<\/div>\n\t\t\t\t\t<div id=\"elementor-tab-content-1871\" class=\"elementor-tab-content elementor-clearfix\" data-tab=\"1\" role=\"region\" aria-labelledby=\"elementor-tab-title-1871\"><p>Assim que chegarmos a Arequipa, seremos buscados e transferidos para o hotel. Ap\u00f3s o check-in no hotel, teremos manh\u00e3 livre para fazer compras ou descansar.<\/p><p>** Nota:. recomendado chegar antes das 11h<\/p><p><strong>Tarde:. Arequipa City tour<\/strong><\/p><p>\u00c0 tarde, por volta das 13: 30h, iniciaremos nosso passeio pela cidade de Arequipa, visitaremos o Mosteiro de Santa Catalina, depois visitaremos a Plaza de Armas, uma das mais bonitas do Peru, a Igreja Jesu\u00edta da Companhia, que em sua bela fachada anuncia a chamada arquitetura mesti\u00e7a, seus claustros e c\u00fapula, a casa Tristan del Pozo e, no final, e para uma vista magn\u00edfica da cidade, visitaremos os bairros t\u00edpicos de Carmen alto e Yanahuara. (Mirador e Igreja). Voltaremos a Arequipa por volta das 18h.<\/p><p>Noite no hotel em Arequipa<\/p><\/div>\n\t\t\t\t<\/div>\n\t\t\t\t\t\t\t<div class=\"elementor-accordion-item\">\n\t\t\t\t\t<div id=\"elementor-tab-title-1872\" class=\"elementor-tab-title\" data-tab=\"2\" role=\"button\" aria-controls=\"elementor-tab-content-1872\" aria-expanded=\"false\">\n\t\t\t\t\t\t\t\t\t\t\t\t\t<span class=\"elementor-accordion-icon elementor-accordion-icon-left\" aria-hidden=\"true\">\n\t\t\t\t\t\t\t\t\t\t\t\t\t\t\t<span class=\"elementor-accordion-icon-closed\"><i class=\"fas fa-plus\"><\/i><\/span>\n\t\t\t\t\t\t\t\t<span class=\"elementor-accordion-icon-opened\"><i class=\"fas fa-minus\"><\/i><\/span>\n\t\t\t\t\t\t\t\t\t\t\t\t\t\t<\/span>\n\t\t\t\t\t\t\t\t\t\t\t\t<a class=\"elementor-accordion-title\" tabindex=\"0\">Dia 2: Arequipa ao Colca Canyon a Puno<\/a>\n\t\t\t\t\t<\/div>\n\t\t\t\t\t<div id=\"elementor-tab-content-1872\" class=\"elementor-tab-content elementor-clearfix\" data-tab=\"2\" role=\"region\" aria-labelledby=\"elementor-tab-title-1872\"><p>Deixamos Arequipa entre as 2:30 e as 3:00 da manh\u00e3. Dirigimos por 3 horas a noroeste, atr\u00e1s do Chachani, at\u00e9 Chivay, capital do Colca Canyon. Onde tomaremos caf\u00e9 da manh\u00e3.<\/p><p>Continuamos dirigindo por 2 horas no ponto mais famoso do Colca Canyon &#8220;La Cruz del Condor&#8221;. \u00c9 aqui que vemos a profundidade do canyon e o v\u00f4o do Condor. A \u00e1rea possui belas aldeias t\u00edpicas como Yanque e Maca, igrejas coloniais, pessoas amig\u00e1veis \u200b\u200bcom vestidos e chap\u00e9us com costura t\u00edpica e centenas de terra\u00e7os pr\u00e9-incas que ainda s\u00e3o utilizados com culturas andinas, como milho, quinoa e amaranto. J\u00e1 em Chivay, ao meio-dia, teremos um almo\u00e7o tradicional e, depois do almo\u00e7o, viajaremos para de volta a Arequipa. Paramos no caminho, no degrau mais alto: o ponto de vista dos vulc\u00f5es e montanhas cobertas de neve em Patapampa (4.800 m). Mais tarde, veremos vicunos selvagens, alpacas e lhamas na reserva nacional de Pampa Ca\u00f1ahuas e alguns p\u00e1ssaros como flamingos, \u00edbis, gansos andinos, patos e \u00e1guias quechua andinas chamadas &#8220;Kara Kara&#8221;.<\/p><p><span style=\"text-decoration: underline; color: #008000;\"><strong>Chivay &#8211; Puno<\/strong><\/span><\/p><p>Por volta das 13h30, traslado \u00e0 esta\u00e7\u00e3o de \u00f4nibus em Chivay para pegar nosso \u00f4nibus para Puno. No caminho, veremos belas paisagens, fazendo uma parada em Pampa Ca\u00f1ahuas para ver vicunhas e beber mate de folhas de coca, tamb\u00e9m pararemos em Lagunillas, onde observaremos p\u00e1ssaros e pequenos lagos. Chegaremos a Puno por volta das 18h.<\/p><p>Noite no hotel em Puno<\/p><p>Refei\u00e7\u00f5es: caf\u00e9 da manh\u00e3, almo\u00e7o<\/p><\/div>\n\t\t\t\t<\/div>\n\t\t\t\t\t\t\t<div class=\"elementor-accordion-item\">\n\t\t\t\t\t<div id=\"elementor-tab-title-1873\" class=\"elementor-tab-title\" data-tab=\"3\" role=\"button\" aria-controls=\"elementor-tab-content-1873\" aria-expanded=\"false\">\n\t\t\t\t\t\t\t\t\t\t\t\t\t<span class=\"elementor-accordion-icon elementor-accordion-icon-left\" aria-hidden=\"true\">\n\t\t\t\t\t\t\t\t\t\t\t\t\t\t\t<span class=\"elementor-accordion-icon-closed\"><i class=\"fas fa-plus\"><\/i><\/span>\n\t\t\t\t\t\t\t\t<span class=\"elementor-accordion-icon-opened\"><i class=\"fas fa-minus\"><\/i><\/span>\n\t\t\t\t\t\t\t\t\t\t\t\t\t\t<\/span>\n\t\t\t\t\t\t\t\t\t\t\t\t<a class=\"elementor-accordion-title\" tabindex=\"0\">Dia 3: Lago Titicaca full day - Ilha flutuante de Uros e Taquile<\/a>\n\t\t\t\t\t<\/div>\n\t\t\t\t\t<div id=\"elementor-tab-content-1873\" class=\"elementor-tab-content elementor-clearfix\" data-tab=\"3\" role=\"region\" aria-labelledby=\"elementor-tab-title-1873\"><p>Nosso passeio come\u00e7a com o embarque no hotel \u00e0s 7:00 da manh\u00e3 para ir ao porto de Puno. Depois, fazemos uma viagem de barco por 2 horas no Lago Titicaca para as ilhas flutuantes de Uros. Esses habitantes do lago s\u00e3o conhecidos como Tribo da \u00c1gua; eles constru\u00edram suas pr\u00f3prias ilhas adicionando periodicamente novas camadas de uma esp\u00e9cie \u00fanica de cana-de-a\u00e7\u00facar na \u00e1rea chamada &#8220;Totora&#8221;. Suas casas e barcos tamb\u00e9m s\u00e3o feitos com esses materiais.<\/p><p>Depois de visitar os nativos, continue nossa viagem \u00e0 Ilha Taquile, habitada por habitantes locais que falam qu\u00edchua e desenvolveram sistemas sociais eficientes e \u00fanicos, al\u00e9m de boas t\u00e9cnicas de tecelagem manual. Ao chegar \u00e0 vila de Taquile, teremos um almo\u00e7o t\u00edpico. Depois, caminhamos pelas colinas e s\u00edtios arqueol\u00f3gicos dessa ilha de 6 km. \u00c0 tarde, retornamos a Puno de barco.<\/p><p><span style=\"text-decoration: underline; color: #008000;\"><strong>Puno &#8211; Cusco<\/strong><\/span><\/p><p>\u00c0 tarde, traslado \u00e0 esta\u00e7\u00e3o de \u00f4nibus para nosso \u00f4nibus noturno de Puno a Cusco. O percurso leva cerca de 7 horas e voc\u00ea ter\u00e1 servi\u00e7o a bordo.<\/p><\/div>\n\t\t\t\t<\/div>\n\t\t\t\t\t\t\t<div class=\"elementor-accordion-item\">\n\t\t\t\t\t<div id=\"elementor-tab-title-1874\" class=\"elementor-tab-title\" data-tab=\"4\" role=\"button\" aria-controls=\"elementor-tab-content-1874\" aria-expanded=\"false\">\n\t\t\t\t\t\t\t\t\t\t\t\t\t<span class=\"elementor-accordion-icon elementor-accordion-icon-left\" aria-hidden=\"true\">\n\t\t\t\t\t\t\t\t\t\t\t\t\t\t\t<span class=\"elementor-accordion-icon-closed\"><i class=\"fas fa-plus\"><\/i><\/span>\n\t\t\t\t\t\t\t\t<span class=\"elementor-accordion-icon-opened\"><i class=\"fas fa-minus\"><\/i><\/span>\n\t\t\t\t\t\t\t\t\t\t\t\t\t\t<\/span>\n\t\t\t\t\t\t\t\t\t\t\t\t<a class=\"elementor-accordion-title\" tabindex=\"0\">Dia 4: Chegada a Cusco<\/a>\n\t\t\t\t\t<\/div>\n\t\t\t\t\t<div id=\"elementor-tab-content-1874\" class=\"elementor-tab-content elementor-clearfix\" data-tab=\"4\" role=\"region\" aria-labelledby=\"elementor-tab-title-1874\"><p>Ap\u00f3s a chegada a Cusco, recep\u00e7\u00e3o na rodovi\u00e1ria e traslado ao nosso hotel no centro da cidade.<\/p><p><span style=\"text-decoration: underline; color: #008000;\"><strong>Tarde:. Cusco City tour<\/strong><\/span><\/p><p>\u00c0 tarde, por volta das 13h10, traslado do hotel para come\u00e7ar o Cusco City Tour. O passeio come\u00e7ar\u00e1 com a visita ao Templo do Sol ou Qorikancha, Sacsayhuaman, Kenko, Puca Pucara e Tambomachay. Estaremos de volta por volta das 19:00.<\/p><p>Noite no hotel em Cusco<\/p><\/div>\n\t\t\t\t<\/div>\n\t\t\t\t\t\t\t<div class=\"elementor-accordion-item\">\n\t\t\t\t\t<div id=\"elementor-tab-title-1875\" class=\"elementor-tab-title\" data-tab=\"5\" role=\"button\" aria-controls=\"elementor-tab-content-1875\" aria-expanded=\"false\">\n\t\t\t\t\t\t\t\t\t\t\t\t\t<span class=\"elementor-accordion-icon elementor-accordion-icon-left\" aria-hidden=\"true\">\n\t\t\t\t\t\t\t\t\t\t\t\t\t\t\t<span class=\"elementor-accordion-icon-closed\"><i class=\"fas fa-plus\"><\/i><\/span>\n\t\t\t\t\t\t\t\t<span class=\"elementor-accordion-icon-opened\"><i class=\"fas fa-minus\"><\/i><\/span>\n\t\t\t\t\t\t\t\t\t\t\t\t\t\t<\/span>\n\t\t\t\t\t\t\t\t\t\t\t\t<a class=\"elementor-accordion-title\" tabindex=\"0\">Dia 5: Full Day Tour a Machu Picchu <\/a>\n\t\t\t\t\t<\/div>\n\t\t\t\t\t<div id=\"elementor-tab-content-1875\" class=\"elementor-tab-content elementor-clearfix\" data-tab=\"5\" role=\"region\" aria-labelledby=\"elementor-tab-title-1875\"><p>Traslado do nosso hotel em Cusco pela manh\u00e3. Vamos lev\u00e1-lo \u00e0 esta\u00e7\u00e3o de trem, onde embarcaremos nesta extraordin\u00e1ria viagem de trem para Machu Picchu, onde voc\u00ea ter\u00e1 belas vistas. O trem passa por belos ecossistemas e sua c\u00e2mera est\u00e1 pronta para tirar fotos.<\/p><p>Aproximadamente quatro horas ap\u00f3s sua partida de Cusco, chegar\u00e1 \u00e0 esta\u00e7\u00e3o de trem em Aguas Calientes (a cidade localizada na parte inferior de Machu Picchu). Nosso guia especializado estar\u00e1 esperando na esta\u00e7\u00e3o. Juntos, pegaremos o \u00f4nibus de Aguas Calientes para Machu Picchu, que dura 25 minutos.<\/p><p>Chegando a Machu Picchu, voc\u00ea entrar\u00e1 no site. E seu guia far\u00e1 uma excurs\u00e3o pela cidadela por 2horas. Ap\u00f3s a visita guiada, haver\u00e1 tempo livre para explorar e tirar fotos.<\/p><p>Depois de explorar Machu Picchu voltaremos a Aguas Calientes em \u00f4nibus. Depois, voc\u00ea pode desfrutar dos restaurantes, explorar a vila ou relaxar.<\/p><p>\u00c0 tarde, retorno a Cusco de trem, quatro horas depois de partir, voc\u00ea chegar\u00e1 a Cusco e ser\u00e1 transferido para o seu hotel.<\/p><p>Noite no hotel em Cusco<\/p><p>Refei\u00e7\u00f5es: caf\u00e9 da manh\u00e3<\/p><\/div>\n\t\t\t\t<\/div>\n\t\t\t\t\t\t\t<div class=\"elementor-accordion-item\">\n\t\t\t\t\t<div id=\"elementor-tab-title-1876\" class=\"elementor-tab-title\" data-tab=\"6\" role=\"button\" aria-controls=\"elementor-tab-content-1876\" aria-expanded=\"false\">\n\t\t\t\t\t\t\t\t\t\t\t\t\t<span class=\"elementor-accordion-icon elementor-accordion-icon-left\" aria-hidden=\"true\">\n\t\t\t\t\t\t\t\t\t\t\t\t\t\t\t<span class=\"elementor-accordion-icon-closed\"><i class=\"fas fa-plus\"><\/i><\/span>\n\t\t\t\t\t\t\t\t<span class=\"elementor-accordion-icon-opened\"><i class=\"fas fa-minus\"><\/i><\/span>\n\t\t\t\t\t\t\t\t\t\t\t\t\t\t<\/span>\n\t\t\t\t\t\t\t\t\t\t\t\t<a class=\"elementor-accordion-title\" tabindex=\"0\">Dia 6: Sa\u00edda de Cusco<\/a>\n\t\t\t\t\t<\/div>\n\t\t\t\t\t<div id=\"elementor-tab-content-1876\" class=\"elementor-tab-content elementor-clearfix\" data-tab=\"6\" role=\"region\" aria-labelledby=\"elementor-tab-title-1876\"><p>No momento apropriado, traslado do hotel em Cusco para o aeroporto para o seu voo para Lima.<\/p><p>Refei\u00e7\u00f5es: caf\u00e9 da manh\u00e3<\/p><p>Fim dos nossos servi\u00e7os!<\/p><\/div>\n\t\t\t\t<\/div>\n\t\t\t\t\t\t\t\t<\/div>\n\t\t\t\t\t\t<\/div>\n\t\t\t\t<\/div>\n\t\t\t\t<div class=\"elementor-element elementor-element-57bcfff6 elementor-widget elementor-widget-text-editor\" data-id=\"57bcfff6\" data-element_type=\"widget\" data-e-type=\"widget\" data-widget_type=\"text-editor.default\">\n\t\t\t\t<div class=\"elementor-widget-container\">\n\t\t\t\t\t\t\t\t\t<h3><span style=\"color: #008000;\"><strong>Inclu\u00eddo no pacote:<\/strong><\/span><\/h3><ul><li>Traslado privativo aeroporto &#8211; hotel &#8211; aeroporto ou rodovi\u00e1ria<\/li><li>Tarde: City Tour Arequipa &#8211; servi\u00e7o compartilhado<\/li><li>Excurs\u00e3o de dia inteiro ao Colca Canyon &#8211; servi\u00e7o compartilhado<\/li><li>Dia inteiro Lago Titicaca &#8211; servi\u00e7o compartilhado<\/li><li>Tarde Cusco City Tour &#8211; servi\u00e7o compartilhado<\/li><li>BTG (bilhete tur\u00edstico geral).<\/li><li>Taxas de entrada: Koricancha, Catedral e Machu Picchu.<\/li><li>Visita guiada em ingl\u00eas ou espanhol<\/li><li>Passagem de \u00f4nibus: Aguas Calientes-Machu Picchu-Aguas Calientes.<\/li><li>Bilhete de trem Cusco &#8211; Aguas Calientes &#8211; Cusco (trem 360 \u00b0 de Inca Rail)<\/li><li>\u00d4nibus tur\u00edstico de Chivay para Puno<\/li><li>1 noite em hotel 3 * em Arequipa<\/li><li>1 noite no hotel 3 * em Puno<\/li><li>2 noites no hotel 3 * em Cusco<\/li><li>1 noite em \u00f4nibus confort\u00e1vel de Puno a Cusco<\/li><li>Caf\u00e9 da manh\u00e3 no hotel<\/li><li>Almo\u00e7o em Chivay<\/li><li>Almo\u00e7o em Taquile<\/li><li>Transporte para todas as visitas inclu\u00eddas no roteiro<\/li><li>Suporte 24\/7<\/li><\/ul><h3><span style=\"color: #008000;\"><strong>N\u00e3o inclu\u00eddo: <\/strong><\/span><\/h3><ul><li>Voos internacionais<\/li><li>Voo de partida de Cusco<\/li><li>Refei\u00e7\u00f5es n\u00e3o especificadas no itiner\u00e1rio<\/li><li>Gorjetas<\/li><\/ul><p><em><strong>** Dicas de reservas:<\/strong><\/em><\/p><p>-O check-in no hotel em Arequipa \u00e9 \u00e0s 11h.<\/p><p>-A chegada deve chegar em Arequipa para o in\u00edcio do pacote.<\/p><p>-Voos de partida devem ser do aeroporto de Cusco<\/p>\t\t\t\t\t\t\t\t<\/div>\n\t\t\t\t<\/div>\n\t\t\t\t\t<\/div>\n\t\t<\/div>\n\t\t\t\t\t<\/div>\n\t\t<\/section>\n\t\t\t\t<\/div>\n\t\t","protected":false},"excerpt":{"rendered":"<p><strong>Descri\u00e7\u00e3o<\/strong><\/p>\n<p><strong>C\u00d3DIGO: <\/strong>PVT \u2013 P6004<\/p>\n<ul>\n<li><strong>Sa\u00eddas:<\/strong> Di\u00e1rias<\/li>\n<li><strong>Dura\u00e7\u00e3o:<\/strong> 6 Dias \/ 5 Noites<\/li>\n<\/ul>\n","protected":false},"featured_media":3923,"template":"","meta":{"site-sidebar-layout":"no-sidebar","site-content-layout":"page-builder","ast-site-content-layout":"full-width-container","site-content-style":"unboxed","site-sidebar-style":"unboxed","ast-global-header-display":"","ast-banner-title-visibility":"","ast-main-header-display":"","ast-hfb-above-header-display":"","ast-hfb-below-header-display":"","ast-hfb-mobile-header-display":"","site-post-title":"disabled","ast-breadcrumbs-content":"","ast-featured-img":"disabled","footer-sml-layout":"","ast-disable-related-posts":"","theme-transparent-header-meta":"default","adv-header-id-meta":"","stick-header-meta":"default","header-above-stick-meta":"","header-main-stick-meta":"","header-below-stick-meta":"","astra-migrate-meta-layouts":"set","ast-page-background-enabled":"default","ast-page-background-meta":{"desktop":{"background-color":"var(--ast-global-color-4)","background-image":"","background-repeat":"repeat","background-position":"center center","background-size":"auto","background-attachment":"scroll","background-type":"","background-media":"","overlay-type":"","overlay-color":"","overlay-opacity":"","overlay-gradient":""},"tablet":{"background-color":"","background-image":"","background-repeat":"repeat","background-position":"center center","background-size":"auto","background-attachment":"scroll","background-type":"","background-media":"","overlay-type":"","overlay-color":"","overlay-opacity":"","overlay-gradient":""},"mobile":{"background-color":"","background-image":"","background-repeat":"repeat","background-position":"center center","background-size":"auto","background-attachment":"scroll","background-type":"","background-media":"","overlay-type":"","overlay-color":"","overlay-opacity":"","overlay-gradient":""}},"ast-content-background-meta":{"desktop":{"background-color":"var(--ast-global-color-5)","background-image":"","background-repeat":"repeat","background-position":"center center","background-size":"auto","background-attachment":"scroll","background-type":"","background-media":"","overlay-type":"","overlay-color":"","overlay-opacity":"","overlay-gradient":""},"tablet":{"background-color":"var(--ast-global-color-5)","background-image":"","background-repeat":"repeat","background-position":"center center","background-size":"auto","background-attachment":"scroll","background-type":"","background-media":"","overlay-type":"","overlay-color":"","overlay-opacity":"","overlay-gradient":""},"mobile":{"background-color":"var(--ast-global-color-5)","background-image":"","background-repeat":"repeat","background-position":"center center","background-size":"auto","background-attachment":"scroll","background-type":"","background-media":"","overlay-type":"","overlay-color":"","overlay-opacity":"","overlay-gradient":""}},"_joinchat":[]},"product_brand":[],"product_cat":[153],"product_tag":[],"class_list":{"0":"post-3948","1":"product","2":"type-product","3":"status-publish","4":"has-post-thumbnail","6":"product_cat-por-todo-peru","7":"desktop-align-center","8":"tablet-align-center","9":"mobile-align-center","10":"ast-product-gallery-layout-horizontal-slider","11":"ast-product-gallery-with-no-image","12":"ast-product-single-variable","13":"ast-product-tabs-layout-horizontal","15":"first","16":"outofstock","17":"shipping-taxable","18":"purchasable","19":"product-type-variable"},"_links":{"self":[{"href":"https:\/\/www.pvtravels.com\/pt-pt\/wp-json\/wp\/v2\/product\/3948","targetHints":{"allow":["GET"]}}],"collection":[{"href":"https:\/\/www.pvtravels.com\/pt-pt\/wp-json\/wp\/v2\/product"}],"about":[{"href":"https:\/\/www.pvtravels.com\/pt-pt\/wp-json\/wp\/v2\/types\/product"}],"version-history":[{"count":6,"href":"https:\/\/www.pvtravels.com\/pt-pt\/wp-json\/wp\/v2\/product\/3948\/revisions"}],"predecessor-version":[{"id":5853,"href":"https:\/\/www.pvtravels.com\/pt-pt\/wp-json\/wp\/v2\/product\/3948\/revisions\/5853"}],"wp:featuredmedia":[{"embeddable":true,"href":"https:\/\/www.pvtravels.com\/pt-pt\/wp-json\/wp\/v2\/media\/3923"}],"wp:attachment":[{"href":"https:\/\/www.pvtravels.com\/pt-pt\/wp-json\/wp\/v2\/media?parent=3948"}],"wp:term":[{"taxonomy":"product_brand","embeddable":true,"href":"https:\/\/www.pvtravels.com\/pt-pt\/wp-json\/wp\/v2\/product_brand?post=3948"},{"taxonomy":"product_cat","embeddable":true,"href":"https:\/\/www.pvtravels.com\/pt-pt\/wp-json\/wp\/v2\/product_cat?post=3948"},{"taxonomy":"product_tag","embeddable":true,"href":"https:\/\/www.pvtravels.com\/pt-pt\/wp-json\/wp\/v2\/product_tag?post=3948"}],"curies":[{"name":"wp","href":"https:\/\/api.w.org\/{rel}","templated":true}]}}