{"id":3782,"date":"2022-02-08T10:27:21","date_gmt":"2022-02-08T15:27:21","guid":{"rendered":"https:\/\/www.pvtravels.com\/tour\/sem%20categoria\/centro-norte-lima-paracas-nazca-lima-6-dias\/"},"modified":"2026-02-05T17:26:10","modified_gmt":"2026-02-05T22:26:10","slug":"centro-norte-lima-paracas-nazca-lima-6-dias","status":"publish","type":"product","link":"https:\/\/www.pvtravels.com\/pt-pt\/tour\/por-todo-peru\/centro-norte-lima-paracas-nazca-lima-6-dias\/","title":{"rendered":"Costa Central:. Lima &#8211; Paracas &#8211; Nazca &#8211; Lima 6 dias"},"content":{"rendered":"\t\t<div data-elementor-type=\"product-post\" data-elementor-id=\"3782\" class=\"elementor elementor-3782 elementor-3766\" data-elementor-post-type=\"product\">\n\t\t\t\t\t\t<section class=\"elementor-section elementor-top-section elementor-element elementor-element-7c3d83ed elementor-section-boxed elementor-section-height-default elementor-section-height-default\" data-id=\"7c3d83ed\" data-element_type=\"section\" data-e-type=\"section\">\n\t\t\t\t\t\t<div class=\"elementor-container elementor-column-gap-default\">\n\t\t\t\t\t<div class=\"elementor-column elementor-col-100 elementor-top-column elementor-element elementor-element-1ea7bb89\" data-id=\"1ea7bb89\" data-element_type=\"column\" data-e-type=\"column\">\n\t\t\t<div class=\"elementor-widget-wrap elementor-element-populated\">\n\t\t\t\t\t\t<div class=\"elementor-element elementor-element-56c465f5 elementor-widget elementor-widget-heading\" data-id=\"56c465f5\" data-element_type=\"widget\" data-e-type=\"widget\" data-widget_type=\"heading.default\">\n\t\t\t\t<div class=\"elementor-widget-container\">\n\t\t\t\t\t<h3 class=\"elementor-heading-title elementor-size-default\">Itinerario<\/h3>\t\t\t\t<\/div>\n\t\t\t\t<\/div>\n\t\t\t\t<div class=\"elementor-element elementor-element-45dcf563 elementor-widget elementor-widget-accordion\" data-id=\"45dcf563\" data-element_type=\"widget\" data-e-type=\"widget\" data-widget_type=\"accordion.default\">\n\t\t\t\t<div class=\"elementor-widget-container\">\n\t\t\t\t\t\t\t<div class=\"elementor-accordion\">\n\t\t\t\t\t\t\t<div class=\"elementor-accordion-item\">\n\t\t\t\t\t<div id=\"elementor-tab-title-1171\" class=\"elementor-tab-title\" data-tab=\"1\" role=\"button\" aria-controls=\"elementor-tab-content-1171\" aria-expanded=\"false\">\n\t\t\t\t\t\t\t\t\t\t\t\t\t<span class=\"elementor-accordion-icon elementor-accordion-icon-left\" aria-hidden=\"true\">\n\t\t\t\t\t\t\t\t\t\t\t\t\t\t\t<span class=\"elementor-accordion-icon-closed\"><i class=\"fas fa-plus\"><\/i><\/span>\n\t\t\t\t\t\t\t\t<span class=\"elementor-accordion-icon-opened\"><i class=\"fas fa-minus\"><\/i><\/span>\n\t\t\t\t\t\t\t\t\t\t\t\t\t\t<\/span>\n\t\t\t\t\t\t\t\t\t\t\t\t<a class=\"elementor-accordion-title\" tabindex=\"0\">Dia 1: Chegada em Lima<\/a>\n\t\t\t\t\t<\/div>\n\t\t\t\t\t<div id=\"elementor-tab-content-1171\" class=\"elementor-tab-content elementor-clearfix\" data-tab=\"1\" role=\"region\" aria-labelledby=\"elementor-tab-title-1171\"><p>Ap\u00f3s a chegada ao aeroporto de Lima, estaremos esperando por voc\u00ea e juntos iremos para o alojamento em Lima.<\/p><p><em><strong>**Nota:.<\/strong> Check in no hotel a partir das 1pm<\/em><\/p><p>Noite no hotel em Lima<\/p><\/div>\n\t\t\t\t<\/div>\n\t\t\t\t\t\t\t<div class=\"elementor-accordion-item\">\n\t\t\t\t\t<div id=\"elementor-tab-title-1172\" class=\"elementor-tab-title\" data-tab=\"2\" role=\"button\" aria-controls=\"elementor-tab-content-1172\" aria-expanded=\"false\">\n\t\t\t\t\t\t\t\t\t\t\t\t\t<span class=\"elementor-accordion-icon elementor-accordion-icon-left\" aria-hidden=\"true\">\n\t\t\t\t\t\t\t\t\t\t\t\t\t\t\t<span class=\"elementor-accordion-icon-closed\"><i class=\"fas fa-plus\"><\/i><\/span>\n\t\t\t\t\t\t\t\t<span class=\"elementor-accordion-icon-opened\"><i class=\"fas fa-minus\"><\/i><\/span>\n\t\t\t\t\t\t\t\t\t\t\t\t\t\t<\/span>\n\t\t\t\t\t\t\t\t\t\t\t\t<a class=\"elementor-accordion-title\" tabindex=\"0\">Dia 2: Fullday:. Excurs\u00e3o gastron\u00f4mica e cidade de Lima <\/a>\n\t\t\t\t\t<\/div>\n\t\t\t\t\t<div id=\"elementor-tab-content-1172\" class=\"elementor-tab-content elementor-clearfix\" data-tab=\"2\" role=\"region\" aria-labelledby=\"elementor-tab-title-1172\"><p>09:40 am pick up do alojamento em Lima e partida para iniciar nosso passeio gastron\u00f4mico. Os mercados s\u00e3o sempre um reflexo bastante preciso das cidades. Nesta oportunidade visitaremos o mercado popular de Surquillo, o favorito dos chefs famosos. No que era uma antiga f\u00e1brica de cal\u00e7ados, ao entrar voc\u00ea ver\u00e1 que existem moldes de madeira no bar que foram encontrados no espa\u00e7o onde hoje est\u00e1 localizado o Ka\u00f1ete. Uma proposta totalmente nova e diferente. Neste restaurante tem\u00e1tico pela m\u00e3o do chef vamos aprender a cozinhar o nosso almo\u00e7o, al\u00e9m disso podemos provar Pisco Sour ou Chilcano. Voc\u00ea viver\u00e1 uma experi\u00eancia \u00fanica aprendendo com o melhor da culin\u00e1ria peruana. Ap\u00f3s o almo\u00e7o, continuaremos nossa visita para iniciar nosso passeio pela cidade de Lima, come\u00e7aremos com a visita \u00e0 \u201cPir\u00e2mide Pucllana\u201d, ent\u00e3o Centro Hist\u00f3rico de Lima, com mais de cinquenta monumentos e edifica\u00e7\u00f5es coloniais, como o Paseo de la Rep\u00fablica, a Pra\u00e7a San Mart\u00edn , a Pra\u00e7a Maior, o Pal\u00e1cio do Governo, o Pa\u00e7o do Arcebispo, a Catedral Bas\u00edlica, o Pal\u00e1cio da C\u00e2mara Municipal entre outros, o Convento de S\u00e3o Francisco. Retorno ao alojamento por volta das 18h.<\/p><p>Noite no hotel em Lima<\/p><p>Refei\u00e7\u00f5es: caf\u00e9 da manh\u00e3, almo\u00e7o<\/p><\/div>\n\t\t\t\t<\/div>\n\t\t\t\t\t\t\t<div class=\"elementor-accordion-item\">\n\t\t\t\t\t<div id=\"elementor-tab-title-1173\" class=\"elementor-tab-title\" data-tab=\"3\" role=\"button\" aria-controls=\"elementor-tab-content-1173\" aria-expanded=\"false\">\n\t\t\t\t\t\t\t\t\t\t\t\t\t<span class=\"elementor-accordion-icon elementor-accordion-icon-left\" aria-hidden=\"true\">\n\t\t\t\t\t\t\t\t\t\t\t\t\t\t\t<span class=\"elementor-accordion-icon-closed\"><i class=\"fas fa-plus\"><\/i><\/span>\n\t\t\t\t\t\t\t\t<span class=\"elementor-accordion-icon-opened\"><i class=\"fas fa-minus\"><\/i><\/span>\n\t\t\t\t\t\t\t\t\t\t\t\t\t\t<\/span>\n\t\t\t\t\t\t\t\t\t\t\t\t<a class=\"elementor-accordion-title\" tabindex=\"0\">Dia 3: Lima \u2013 Paracas - Huacachina<\/a>\n\t\t\t\t\t<\/div>\n\t\t\t\t\t<div id=\"elementor-tab-content-1173\" class=\"elementor-tab-content elementor-clearfix\" data-tab=\"3\" role=\"region\" aria-labelledby=\"elementor-tab-title-1173\"><p><strong>Dia 3: Lima \u2013 Paracas &#8211; Huacachina<\/strong><\/p><p>4h00 &#8211; 4h50: Sa\u00edda do seu hotel em Lima.<\/p><p>Faremos uma breve parada no caminho para comprar o caf\u00e9 da manh\u00e3 (n\u00e3o incluso), incluindo p\u00e3es artesanais.<\/p><p>Chegaremos \u00e0 cidade de Paracas, onde faremos nosso passeio de barco. Durante o passeio, voc\u00ea poder\u00e1 apreciar o Candelabro (um enorme geoglifo de origem incerta). Tamb\u00e9m observaremos os famosos le\u00f5es-marinhos e os encantadores pinguins-de-humboldt. Retorno \u00e0 Ba\u00eda de Paracas.<\/p><p>Teremos uma degusta\u00e7\u00e3o de doces t\u00edpicos, como as chocotejas, uma especialidade local.<\/p><p>O almo\u00e7o ser\u00e1 servido durante o trajeto, com tempo suficiente para desfrutar do melhor da culin\u00e1ria de Ica.<\/p><p>Em seguida, faremos uma degusta\u00e7\u00e3o de vinhos e pisco em uma vin\u00edcola artesanal local. Degustaremos diferentes vinhos, como Borgonha, vinho de altar, macera\u00e7\u00e3o de frutas e pisco, entre outros. Cada degusta\u00e7\u00e3o ser\u00e1 acompanhada por frases t\u00edpicas de Ica.<\/p><p>Continuaremos at\u00e9 o O\u00e1sis de Huacachina. Este o\u00e1sis surgiu da ressurg\u00eancia de correntes de \u00e1gua subterr\u00e2neas, o que permite o crescimento de vegeta\u00e7\u00e3o composta por palmeiras, eucaliptos e a alfarrobeira, conhecida localmente como huarango.<\/p><p>Os entusiastas de esportes de aventura podem desfrutar dos famosos buggies (ve\u00edculos de areia) e de um belo passeio pelas dunas de areia de tamanhos variados. Tamb\u00e9m podem experimentar o sandboard.<\/p><p>Retorno ao hotel em Ica.<\/p><p>Pernoite em Ica-Huacachina.<\/p><\/div>\n\t\t\t\t<\/div>\n\t\t\t\t\t\t\t<div class=\"elementor-accordion-item\">\n\t\t\t\t\t<div id=\"elementor-tab-title-1174\" class=\"elementor-tab-title\" data-tab=\"4\" role=\"button\" aria-controls=\"elementor-tab-content-1174\" aria-expanded=\"false\">\n\t\t\t\t\t\t\t\t\t\t\t\t\t<span class=\"elementor-accordion-icon elementor-accordion-icon-left\" aria-hidden=\"true\">\n\t\t\t\t\t\t\t\t\t\t\t\t\t\t\t<span class=\"elementor-accordion-icon-closed\"><i class=\"fas fa-plus\"><\/i><\/span>\n\t\t\t\t\t\t\t\t<span class=\"elementor-accordion-icon-opened\"><i class=\"fas fa-minus\"><\/i><\/span>\n\t\t\t\t\t\t\t\t\t\t\t\t\t\t<\/span>\n\t\t\t\t\t\t\t\t\t\t\t\t<a class=\"elementor-accordion-title\" tabindex=\"0\">Dia 4: Linhas de Nazca<\/a>\n\t\t\t\t\t<\/div>\n\t\t\t\t\t<div id=\"elementor-tab-content-1174\" class=\"elementor-tab-content elementor-clearfix\" data-tab=\"4\" role=\"region\" aria-labelledby=\"elementor-tab-title-1174\"><p>6h30am: Sa\u00edda do seu hotel em Ica e partida para a cidade de Nazca, a aproximadamente 3 horas de Ica.<\/p><p>Chegada a Nazca e sobrevoo das Linhas de Nazca (13 figuras). Estas s\u00e3o antigas figuras geoglifas localizadas entre as plan\u00edcies des\u00e9rticas de Palpa e Nazca. Aprenda sobre estas figuras impressionantes. Voc\u00ea poder\u00e1 apreciar as principais figuras, como o Beija-flor, a Aranha, o Condor, a Baleia, o Macaco e muitas outras. Elas s\u00f3 s\u00e3o vis\u00edveis em sobrevoos a bordo de avi\u00f5es. De acordo com a arque\u00f3loga Maria Reiche, que dedicou sua vida ao estudo das Linhas de Nazca, trata-se de um calend\u00e1rio astron\u00f4mico, o maior do mundo.<\/p><p>O sobrevoo dura aproximadamente 30 minutos.<\/p><p>**Pessoas com mais de 100 kg dever\u00e3o pagar uma taxa extra de US$ 90,00.<\/p><p>Ap\u00f3s o sobrevoo, retornaremos \u00e0 cidade de Ica, onde voc\u00ea ter\u00e1 tempo livre para o almo\u00e7o. A tarde \u00e9 livre para aproveitar as instala\u00e7\u00f5es do hotel.<\/p><p>Pernoite em Ica \u2013 Huacachina<\/p><p>Refei\u00e7\u00f5es: caf\u00e9 da manh\u00e3 no hotel<\/p><\/div>\n\t\t\t\t<\/div>\n\t\t\t\t\t\t\t<div class=\"elementor-accordion-item\">\n\t\t\t\t\t<div id=\"elementor-tab-title-1175\" class=\"elementor-tab-title\" data-tab=\"5\" role=\"button\" aria-controls=\"elementor-tab-content-1175\" aria-expanded=\"false\">\n\t\t\t\t\t\t\t\t\t\t\t\t\t<span class=\"elementor-accordion-icon elementor-accordion-icon-left\" aria-hidden=\"true\">\n\t\t\t\t\t\t\t\t\t\t\t\t\t\t\t<span class=\"elementor-accordion-icon-closed\"><i class=\"fas fa-plus\"><\/i><\/span>\n\t\t\t\t\t\t\t\t<span class=\"elementor-accordion-icon-opened\"><i class=\"fas fa-minus\"><\/i><\/span>\n\t\t\t\t\t\t\t\t\t\t\t\t\t\t<\/span>\n\t\t\t\t\t\t\t\t\t\t\t\t<a class=\"elementor-accordion-title\" tabindex=\"0\">Dia 5: Huacachina - Lima<\/a>\n\t\t\t\t\t<\/div>\n\t\t\t\t\t<div id=\"elementor-tab-content-1175\" class=\"elementor-tab-content elementor-clearfix\" data-tab=\"5\" role=\"region\" aria-labelledby=\"elementor-tab-title-1175\"><p>9h00: Traslado do hotel para Lima.<\/p><p>No caminho, visitaremos o Centro Dromed\u00e1rio (passeio de camelo). Visite o Centro Dromed\u00e1rio e conhe\u00e7a uma fam\u00edlia de camel\u00eddeos, incluindo camelos e dromed\u00e1rios. Viva esta maravilhosa aventura em um passeio pelo deserto. O passeio de camelo inclui entrada e passeio dentro do centro, tempo na piscina e uso dos tobo\u00e1guas. Voc\u00ea ter\u00e1 mais de 3 horas para aproveitar as instala\u00e7\u00f5es.<\/p><p>Haver\u00e1 tempo suficiente para saborear a melhor culin\u00e1ria de Ica. Retorno a Lima e traslado para o seu hotel.<\/p><p>Pernoite em Lima.<\/p><p>Refei\u00e7\u00f5es: caf\u00e9 da manh\u00e3 no hotel<\/p><\/div>\n\t\t\t\t<\/div>\n\t\t\t\t\t\t\t<div class=\"elementor-accordion-item\">\n\t\t\t\t\t<div id=\"elementor-tab-title-1176\" class=\"elementor-tab-title\" data-tab=\"6\" role=\"button\" aria-controls=\"elementor-tab-content-1176\" aria-expanded=\"false\">\n\t\t\t\t\t\t\t\t\t\t\t\t\t<span class=\"elementor-accordion-icon elementor-accordion-icon-left\" aria-hidden=\"true\">\n\t\t\t\t\t\t\t\t\t\t\t\t\t\t\t<span class=\"elementor-accordion-icon-closed\"><i class=\"fas fa-plus\"><\/i><\/span>\n\t\t\t\t\t\t\t\t<span class=\"elementor-accordion-icon-opened\"><i class=\"fas fa-minus\"><\/i><\/span>\n\t\t\t\t\t\t\t\t\t\t\t\t\t\t<\/span>\n\t\t\t\t\t\t\t\t\t\t\t\t<a class=\"elementor-accordion-title\" tabindex=\"0\">Dia 6: Sa\u00edda de Lima<\/a>\n\t\t\t\t\t<\/div>\n\t\t\t\t\t<div id=\"elementor-tab-content-1176\" class=\"elementor-tab-content elementor-clearfix\" data-tab=\"6\" role=\"region\" aria-labelledby=\"elementor-tab-title-1176\"><p>No momento apropriado, traslado \u00a0de hotel em Lima com sa\u00edda para o aeroporto.<\/p><p>Nota:. Check out no hotel as 11am<\/p><p>Fim dos nossos servi\u00e7os!<\/p><\/div>\n\t\t\t\t<\/div>\n\t\t\t\t\t\t\t\t<\/div>\n\t\t\t\t\t\t<\/div>\n\t\t\t\t<\/div>\n\t\t\t\t<div class=\"elementor-element elementor-element-47bff155 elementor-widget elementor-widget-text-editor\" data-id=\"47bff155\" data-element_type=\"widget\" data-e-type=\"widget\" data-widget_type=\"text-editor.default\">\n\t\t\t\t<div class=\"elementor-widget-container\">\n\t\t\t\t\t\t\t\t\t<h3><span style=\"color: #008000;\"><strong>Inclu\u00eddo no pacote:<\/strong><\/span><\/h3><ul><li>Traslado privado aeroporto \u2013 hotel \u2013 aeroporto em Lima (rodovi\u00e1ria)<\/li><li>3 noites em Lima<\/li><li>2 noites em Huacachina<\/li><li>\u00d4nibus confort\u00e1vel de Lima- Paracas- Huacachina- Nazca- Lima<\/li><li>City Tour Manh\u00e3 em Lima \u2013 Grupo compartilhado<\/li><li>Passeio de barco na ilha Ballestas \u2013 Grupo compartilhado<\/li><li>Tour Linhas de Nazca \u2013 Grupo compartilhado<\/li><li>Guia profissional em ingl\u00eas ou espanhol<\/li><li>Todas as entradas<\/li><li>Caf\u00e9 da manh\u00e3 na hospedagem<\/li><li>Transporte para todas as visitas inclu\u00eddas no itiner\u00e1rio<\/li><li>Suporte 24\/7<\/li><\/ul><h3><span style=\"color: #008000;\"><strong>N\u00e3o inclu\u00eddo: <\/strong><\/span><\/h3><ul><li>Voos internacionais<\/li><li>Refei\u00e7\u00f5es n\u00e3o especificadas no itiner\u00e1rio<\/li><li>Gorjetas<\/li><\/ul><p><em><strong>** Dicas de reservas:<\/strong><\/em><\/p><p>-Voc\u00ea pode chegar a qualquer momento em Lima, vamos busc\u00e1-lo no aeroporto.<\/p><p>&#8211; O check-in no hotel em Lima \u00e9 \u00e0s 1pm.<\/p><p>-Os voos devem ser de chegada e sa\u00edda do aeroporto de Lima<\/p>\t\t\t\t\t\t\t\t<\/div>\n\t\t\t\t<\/div>\n\t\t\t\t\t<\/div>\n\t\t<\/div>\n\t\t\t\t\t<\/div>\n\t\t<\/section>\n\t\t\t\t<\/div>\n\t\t","protected":false},"excerpt":{"rendered":"<p><strong>Descri\u00e7\u00e3o<\/strong><\/p>\n<p><strong>C\u00d3DIGO:<\/strong> PVT- P6001<\/p>\n<ul>\n<li><strong>Sa\u00eddas:<\/strong> Di\u00e1rias<\/li>\n<li><strong>Dura\u00e7\u00e3o:<\/strong> 6 dias \/ 5 noites<\/li>\n<\/ul>\n<p>**<span style=\"color: #ff0000;\"><strong>RESERVE J\u00c1 E GANHE 15% DE DESCONTO!!<\/strong><\/span><\/p>\n","protected":false},"featured_media":3779,"template":"","meta":{"site-sidebar-layout":"no-sidebar","site-content-layout":"page-builder","ast-site-content-layout":"full-width-container","site-content-style":"unboxed","site-sidebar-style":"unboxed","ast-global-header-display":"","ast-banner-title-visibility":"","ast-main-header-display":"","ast-hfb-above-header-display":"","ast-hfb-below-header-display":"","ast-hfb-mobile-header-display":"","site-post-title":"disabled","ast-breadcrumbs-content":"","ast-featured-img":"disabled","footer-sml-layout":"","ast-disable-related-posts":"","theme-transparent-header-meta":"default","adv-header-id-meta":"","stick-header-meta":"default","header-above-stick-meta":"","header-main-stick-meta":"","header-below-stick-meta":"","astra-migrate-meta-layouts":"set","ast-page-background-enabled":"default","ast-page-background-meta":{"desktop":{"background-color":"var(--ast-global-color-4)","background-image":"","background-repeat":"repeat","background-position":"center center","background-size":"auto","background-attachment":"scroll","background-type":"","background-media":"","overlay-type":"","overlay-color":"","overlay-opacity":"","overlay-gradient":""},"tablet":{"background-color":"","background-image":"","background-repeat":"repeat","background-position":"center center","background-size":"auto","background-attachment":"scroll","background-type":"","background-media":"","overlay-type":"","overlay-color":"","overlay-opacity":"","overlay-gradient":""},"mobile":{"background-color":"","background-image":"","background-repeat":"repeat","background-position":"center center","background-size":"auto","background-attachment":"scroll","background-type":"","background-media":"","overlay-type":"","overlay-color":"","overlay-opacity":"","overlay-gradient":""}},"ast-content-background-meta":{"desktop":{"background-color":"var(--ast-global-color-5)","background-image":"","background-repeat":"repeat","background-position":"center center","background-size":"auto","background-attachment":"scroll","background-type":"","background-media":"","overlay-type":"","overlay-color":"","overlay-opacity":"","overlay-gradient":""},"tablet":{"background-color":"var(--ast-global-color-5)","background-image":"","background-repeat":"repeat","background-position":"center center","background-size":"auto","background-attachment":"scroll","background-type":"","background-media":"","overlay-type":"","overlay-color":"","overlay-opacity":"","overlay-gradient":""},"mobile":{"background-color":"var(--ast-global-color-5)","background-image":"","background-repeat":"repeat","background-position":"center center","background-size":"auto","background-attachment":"scroll","background-type":"","background-media":"","overlay-type":"","overlay-color":"","overlay-opacity":"","overlay-gradient":""}},"_joinchat":[]},"product_brand":[],"product_cat":[153],"product_tag":[],"class_list":{"0":"post-3782","1":"product","2":"type-product","3":"status-publish","4":"has-post-thumbnail","6":"product_cat-por-todo-peru","7":"desktop-align-center","8":"tablet-align-center","9":"mobile-align-center","10":"ast-product-gallery-layout-horizontal-slider","11":"ast-product-gallery-with-no-image","12":"ast-product-single-variable","13":"ast-product-tabs-layout-horizontal","15":"first","16":"instock","17":"shipping-taxable","18":"purchasable","19":"product-type-variable"},"_links":{"self":[{"href":"https:\/\/www.pvtravels.com\/pt-pt\/wp-json\/wp\/v2\/product\/3782","targetHints":{"allow":["GET"]}}],"collection":[{"href":"https:\/\/www.pvtravels.com\/pt-pt\/wp-json\/wp\/v2\/product"}],"about":[{"href":"https:\/\/www.pvtravels.com\/pt-pt\/wp-json\/wp\/v2\/types\/product"}],"version-history":[{"count":18,"href":"https:\/\/www.pvtravels.com\/pt-pt\/wp-json\/wp\/v2\/product\/3782\/revisions"}],"predecessor-version":[{"id":6480,"href":"https:\/\/www.pvtravels.com\/pt-pt\/wp-json\/wp\/v2\/product\/3782\/revisions\/6480"}],"wp:featuredmedia":[{"embeddable":true,"href":"https:\/\/www.pvtravels.com\/pt-pt\/wp-json\/wp\/v2\/media\/3779"}],"wp:attachment":[{"href":"https:\/\/www.pvtravels.com\/pt-pt\/wp-json\/wp\/v2\/media?parent=3782"}],"wp:term":[{"taxonomy":"product_brand","embeddable":true,"href":"https:\/\/www.pvtravels.com\/pt-pt\/wp-json\/wp\/v2\/product_brand?post=3782"},{"taxonomy":"product_cat","embeddable":true,"href":"https:\/\/www.pvtravels.com\/pt-pt\/wp-json\/wp\/v2\/product_cat?post=3782"},{"taxonomy":"product_tag","embeddable":true,"href":"https:\/\/www.pvtravels.com\/pt-pt\/wp-json\/wp\/v2\/product_tag?post=3782"}],"curies":[{"name":"wp","href":"https:\/\/api.w.org\/{rel}","templated":true}]}}