{"id":2973,"date":"2022-01-20T11:21:46","date_gmt":"2022-01-20T16:21:46","guid":{"rendered":"https:\/\/www.pvtravels.com\/tour\/sem%20categoria\/trilha-waqra-pukara\/"},"modified":"2026-03-10T11:05:12","modified_gmt":"2026-03-10T16:05:12","slug":"trilha-waqra-pukara","status":"publish","type":"product","link":"https:\/\/www.pvtravels.com\/pt-pt\/tour\/cusco-machu-picchu-pt-pt\/cusco-trek\/trilha-waqra-pukara\/","title":{"rendered":"Trilha Waqra Pukara"},"content":{"rendered":"<h3><span style=\"color: #008000;\"><strong>Itiner\u00e1rio:<\/strong><\/span><\/h3>\n<p style=\"text-align: justify;\">Servi\u00e7o de busca em sua acomoda\u00e7\u00e3o em Cusco por volta das 4h. Estamos indo para o sul por uma estrada pavimentada, em dire\u00e7\u00e3o a Puno, em dire\u00e7\u00e3o a uma pequena comunidade chamada Choquecahuana. Este est\u00e1 localizado em um distrito de Cusco chamado Acomayo, ao longo do caminho, veremos o impressionante lago Pomacanchis e v\u00e1rias aldeias pitorescas at\u00e9 chegarmos ao entroncamento de huascar onde termina a estrada pavimentada, depois continuaremos nossa viagem por uma estrada de terra at\u00e9 chegar Wayki onde nossa aventura come\u00e7a para o Waqrapukara (3.350m\/10.990ft)<\/p>\n<p style=\"text-align: justify;\">Antes de come\u00e7armos a caminhada, tomaremos nosso caf\u00e9 da manh\u00e3. A primeira parte de nossa caminhada \u00e9 llamapinta, que levar\u00e1 cerca de uma hora e meia. A partir daqui continuamos caminhando por 2 horas aprox. ao longo de uma trilha sinuosa cercada por montanhas. As vistas aqui s\u00e3o deslumbrantes.<\/p>\n<p style=\"text-align: justify;\">Finalmente, chegaremos ao local de waqrapukara (4.150 m \/ 13.615 p\u00e9s), descansaremos um pouco e desfrutaremos de nosso almo\u00e7o embalado, depois iniciaremos nossa visita guiada a esta fortaleza inca.<\/p>\n<p style=\"text-align: justify;\">Depois de termos uma hist\u00f3ria incr\u00edvel do lugar, voltaremos pela mesma trilha. Finalmente, chegaremos a Wayki, onde nosso transporte estar\u00e1 esperando para nos levar de volta a Cusco. Nuestro passeio termina na Plaza Regocijo.<\/p>\n<h3><span style=\"color: #008000;\"><strong>O que est\u00e1 inclu\u00eddo:<\/strong><\/span><\/h3>\n<ul>\n<li>Guias Profissionais em Ingl\u00eas ou Espanhol<\/li>\n<li>Transporte tur\u00edstico com motorista profissional.<\/li>\n<li>Caf\u00e9 da manh\u00e3 e Box Lunch.<\/li>\n<li>Kit de primeiros socorros e bal\u00e3o de oxig\u00eanio.<\/li>\n<li>Chegada na Plaza Regocijo<\/li>\n<\/ul>\n<h3><span style=\"color: #008000;\"><strong>N\u00e3o incluso:<\/strong><\/span><\/h3>\n<ul>\n<li>Taxa de entrada para o antigo local inca de Waqrapukara<\/li>\n<li>Refei\u00e7\u00f5es n\u00e3o especificadas no itiner\u00e1rio<\/li>\n<li>Hospedagem em Cusco<\/li>\n<\/ul>\n<h3><span style=\"color: #008000;\"><strong>Lista recomendada<\/strong><\/span><\/h3>\n<ul>\n<li>Lanches (frutas secas, biscoitos, doces, chocolates, etc.)<\/li>\n<li>T\u00eanis para caminhada ou t\u00eanis<\/li>\n<li>Equipamento completo para chuva ou poncho (de novembro a abril)<\/li>\n<li>Cal\u00e7as de caminhada leve<\/li>\n<li>Chap\u00e9u ou bon\u00e9<\/li>\n<li>\u00d3culos escuros<\/li>\n<li>Protetor solar<\/li>\n<li>C\u00e2meras e carregadores de foto \/ v\u00eddeo<\/li>\n<li>Garrafa de agua<\/li>\n<\/ul>\n","protected":false},"excerpt":{"rendered":"<p><strong>Descri\u00e7\u00e3o<\/strong><\/p>\n<p><strong>C\u00d3DIGO: PVT-TR009<\/strong><\/p>\n<ul>\n<li><strong> Partida: Diariamente<\/strong><\/li>\n<li><strong> Dura\u00e7\u00e3o: dia inteiro<\/strong><\/li>\n<\/ul>\n","protected":false},"featured_media":2956,"template":"","meta":{"site-sidebar-layout":"default","site-content-layout":"default","ast-site-content-layout":"default","site-content-style":"default","site-sidebar-style":"default","ast-global-header-display":"","ast-banner-title-visibility":"","ast-main-header-display":"","ast-hfb-above-header-display":"","ast-hfb-below-header-display":"","ast-hfb-mobile-header-display":"","site-post-title":"","ast-breadcrumbs-content":"","ast-featured-img":"","footer-sml-layout":"","ast-disable-related-posts":"","theme-transparent-header-meta":"default","adv-header-id-meta":"","stick-header-meta":"default","header-above-stick-meta":"","header-main-stick-meta":"","header-below-stick-meta":"","astra-migrate-meta-layouts":"default","ast-page-background-enabled":"default","ast-page-background-meta":{"desktop":{"background-color":"var(--ast-global-color-4)","background-image":"","background-repeat":"repeat","background-position":"center center","background-size":"auto","background-attachment":"scroll","background-type":"","background-media":"","overlay-type":"","overlay-color":"","overlay-opacity":"","overlay-gradient":""},"tablet":{"background-color":"","background-image":"","background-repeat":"repeat","background-position":"center center","background-size":"auto","background-attachment":"scroll","background-type":"","background-media":"","overlay-type":"","overlay-color":"","overlay-opacity":"","overlay-gradient":""},"mobile":{"background-color":"","background-image":"","background-repeat":"repeat","background-position":"center center","background-size":"auto","background-attachment":"scroll","background-type":"","background-media":"","overlay-type":"","overlay-color":"","overlay-opacity":"","overlay-gradient":""}},"ast-content-background-meta":{"desktop":{"background-color":"var(--ast-global-color-5)","background-image":"","background-repeat":"repeat","background-position":"center center","background-size":"auto","background-attachment":"scroll","background-type":"","background-media":"","overlay-type":"","overlay-color":"","overlay-opacity":"","overlay-gradient":""},"tablet":{"background-color":"var(--ast-global-color-5)","background-image":"","background-repeat":"repeat","background-position":"center center","background-size":"auto","background-attachment":"scroll","background-type":"","background-media":"","overlay-type":"","overlay-color":"","overlay-opacity":"","overlay-gradient":""},"mobile":{"background-color":"var(--ast-global-color-5)","background-image":"","background-repeat":"repeat","background-position":"center center","background-size":"auto","background-attachment":"scroll","background-type":"","background-media":"","overlay-type":"","overlay-color":"","overlay-opacity":"","overlay-gradient":""}},"_joinchat":[]},"product_brand":[],"product_cat":[60,64],"product_tag":[],"class_list":{"0":"post-2973","1":"product","2":"type-product","3":"status-publish","4":"has-post-thumbnail","6":"product_cat-cusco-machu-picchu-pt-pt","7":"product_cat-cusco-trek","8":"desktop-align-center","9":"tablet-align-center","10":"mobile-align-center","11":"ast-product-gallery-layout-horizontal-slider","12":"ast-product-gallery-with-no-image","13":"ast-product-tabs-layout-horizontal","15":"first","16":"instock","17":"shipping-taxable","18":"purchasable","19":"product-type-simple"},"_links":{"self":[{"href":"https:\/\/www.pvtravels.com\/pt-pt\/wp-json\/wp\/v2\/product\/2973","targetHints":{"allow":["GET"]}}],"collection":[{"href":"https:\/\/www.pvtravels.com\/pt-pt\/wp-json\/wp\/v2\/product"}],"about":[{"href":"https:\/\/www.pvtravels.com\/pt-pt\/wp-json\/wp\/v2\/types\/product"}],"version-history":[{"count":3,"href":"https:\/\/www.pvtravels.com\/pt-pt\/wp-json\/wp\/v2\/product\/2973\/revisions"}],"predecessor-version":[{"id":6937,"href":"https:\/\/www.pvtravels.com\/pt-pt\/wp-json\/wp\/v2\/product\/2973\/revisions\/6937"}],"wp:featuredmedia":[{"embeddable":true,"href":"https:\/\/www.pvtravels.com\/pt-pt\/wp-json\/wp\/v2\/media\/2956"}],"wp:attachment":[{"href":"https:\/\/www.pvtravels.com\/pt-pt\/wp-json\/wp\/v2\/media?parent=2973"}],"wp:term":[{"taxonomy":"product_brand","embeddable":true,"href":"https:\/\/www.pvtravels.com\/pt-pt\/wp-json\/wp\/v2\/product_brand?post=2973"},{"taxonomy":"product_cat","embeddable":true,"href":"https:\/\/www.pvtravels.com\/pt-pt\/wp-json\/wp\/v2\/product_cat?post=2973"},{"taxonomy":"product_tag","embeddable":true,"href":"https:\/\/www.pvtravels.com\/pt-pt\/wp-json\/wp\/v2\/product_tag?post=2973"}],"curies":[{"name":"wp","href":"https:\/\/api.w.org\/{rel}","templated":true}]}}