{"id":2928,"date":"2022-01-19T15:38:37","date_gmt":"2022-01-19T20:38:37","guid":{"rendered":"https:\/\/www.pvtravels.com\/tour\/sem%20categoria\/quatrimoto-tour-maras-moray-tirolesa\/"},"modified":"2026-03-05T12:29:12","modified_gmt":"2026-03-05T17:29:12","slug":"quatrimoto-tour-maras-moray-tirolesa","status":"publish","type":"product","link":"https:\/\/www.pvtravels.com\/pt-pt\/tour\/cusco-machu-picchu-pt-pt\/cusco-adventure-pt-pt\/quatrimoto-tour-maras-moray-tirolesa\/","title":{"rendered":"Fullday Quatrimoto tour  Maras &#038; Moray + Tirolesa"},"content":{"rendered":"<h3><span style=\"color: #008000;\"><strong>Itiner\u00e1rio:<\/strong><\/span><\/h3>\n<p style=\"text-align: justify;\">Come\u00e7amos com a retirada de sua acomoda\u00e7\u00e3o em Cusco e o transporte por cerca de 50 minutos at\u00e9 a cidade conhecida como Racchi\u201d. No meio de uma paisagem natural que permite desfrutar desde o planalto de Chinchero, o desfiladeiro de Pj&#8217;acchayoc, o vale sagrado dos Incas, o nevado Chic\u00f3n e Pitusiray, bem como a cultura viva da comunidade Racchi. Cusco Zipline tem 4 cabos diferentes, sendo o mais longo com 600 metros de comprimento e o mais longo de profundidade com 2000 metros O primeiro cabo \u00e9 muito macio onde o participante pode ganhar confian\u00e7a e se familiarizar com a atividade. O segundo fio \u00e9 mais r\u00e1pido para poder imaginar a sensa\u00e7\u00e3o m\u00e1xima de voar. O terceiro fio \u00e9 mais longo onde o participante tem tempo para realizar movimentos ou posi\u00e7\u00f5es extremas. O quarto cabo \u00e9 o mais profundo com as melhores vistas do c\u00e2nion, vale sagrado e montanhas.<\/p>\n<p style=\"text-align: justify;\">Terminando o passeio de tirolesa que \u00e9 de aproximadamente 1 hora e 30 minutos vamos para Cruzpata que fica a 5 minutos para come\u00e7ar nosso passeio de quadriciclo aqui vamos praticar 10 minutos, depois come\u00e7amos o passeio, voc\u00ea estar\u00e1 andando aproximadamente 2 e 1\/2 para 3 horas, todo off road, no caminho voc\u00ea encontrar\u00e1 pessoas que est\u00e3o fazendo seu dia a dia, passaremos por lugares onde poucas pessoas v\u00e3o e onde a natureza lhe mostrar\u00e1 o melhor que voc\u00ea pode imaginar; cada momento, cada vista far\u00e1 voc\u00ea se sentir especial, na rota tamb\u00e9m podemos apreciar o s\u00edtio arqueol\u00f3gico de Moray (esta era uma esp\u00e9cie de estufa para os incas), tamb\u00e9m as mais de 3.000 fontes de sal (SALINERAS) que s\u00e3o exploradas at\u00e9 agora para a popula\u00e7\u00e3o local e tamb\u00e9m dois lagos (isso depender\u00e1 de qual rota voc\u00ea decidir seguir), ent\u00e3o retornaremos \u00e0 nossa base onde nosso transporte estar\u00e1 esperando por voc\u00ea para traz\u00ea-lo de volta a Cusco<\/p>\n<p>** <strong>IMPORTANTE:<\/strong> Use cal\u00e7as compridas e sapatos fechados, sem sand\u00e1lias.<\/p>\n<h3><span style=\"color: #008000;\"><strong>O que est\u00e1 inclu\u00eddo:<\/strong><\/span><\/h3>\n<ul>\n<li>Traslado alojamento em Cusco<\/li>\n<li>Transporte Cusco &#8211; Cruzpata &#8211; Cusco<\/li>\n<li>Quadric\u00edclo<\/li>\n<li>Capacetes de seguran\u00e7a e luvas.<\/li>\n<li>Guia de Ingl\u00eas ou Espanhol<\/li>\n<li>Kit de primeiros socorros.<\/li>\n<li>Retorno na Plaza Regocijo (a 2 quarteir\u00f5es da pra\u00e7a principal)<\/li>\n<\/ul>\n<h3><span style=\"color: #008000;\"><strong>N\u00e3o incluso:<\/strong><\/span><\/h3>\n<ul>\n<li>Entrada para as minas de sal<\/li>\n<li>Entrada para Moray\u00a0 (inclu\u00eddo no Boleto Tur\u00edstico)<\/li>\n<li>Refei\u00e7\u00f5es n\u00e3o especificadas no itiner\u00e1rio<\/li>\n<li>Alojamento em Cusco<\/li>\n<\/ul>\n<h3><span style=\"color: #008000;\"><strong>Lista recomendada:<\/strong><\/span><\/h3>\n<ul>\n<li>Lanches<\/li>\n<li>Sapatos ou t\u00eanis<\/li>\n<li>Chap\u00e9u ou bon\u00e9<\/li>\n<li>\u00d3culos de sol<\/li>\n<li>Protetor solar<\/li>\n<li>Artigos de higiene pessoal<\/li>\n<li>Garrafa de \u00c1gua<\/li>\n<\/ul>\n<p>&nbsp;<\/p>\n","protected":false},"excerpt":{"rendered":"<p><strong>Descri\u00e7\u00e3o<\/strong><\/p>\n<p><strong>C\u00d3DIGO: PVT-CA009<\/strong><\/p>\n<ul>\n<li><strong>Partida: 09:00am<\/strong><\/li>\n<li><strong>Dura\u00e7\u00e3o: dia inteiro<\/strong><\/li>\n<\/ul>\n","protected":false},"featured_media":2893,"template":"","meta":{"site-sidebar-layout":"default","site-content-layout":"default","ast-site-content-layout":"default","site-content-style":"default","site-sidebar-style":"default","ast-global-header-display":"","ast-banner-title-visibility":"","ast-main-header-display":"","ast-hfb-above-header-display":"","ast-hfb-below-header-display":"","ast-hfb-mobile-header-display":"","site-post-title":"","ast-breadcrumbs-content":"","ast-featured-img":"","footer-sml-layout":"","ast-disable-related-posts":"","theme-transparent-header-meta":"default","adv-header-id-meta":"","stick-header-meta":"default","header-above-stick-meta":"","header-main-stick-meta":"","header-below-stick-meta":"","astra-migrate-meta-layouts":"set","ast-page-background-enabled":"default","ast-page-background-meta":{"desktop":{"background-color":"var(--ast-global-color-4)","background-image":"","background-repeat":"repeat","background-position":"center center","background-size":"auto","background-attachment":"scroll","background-type":"","background-media":"","overlay-type":"","overlay-color":"","overlay-opacity":"","overlay-gradient":""},"tablet":{"background-color":"","background-image":"","background-repeat":"repeat","background-position":"center center","background-size":"auto","background-attachment":"scroll","background-type":"","background-media":"","overlay-type":"","overlay-color":"","overlay-opacity":"","overlay-gradient":""},"mobile":{"background-color":"","background-image":"","background-repeat":"repeat","background-position":"center center","background-size":"auto","background-attachment":"scroll","background-type":"","background-media":"","overlay-type":"","overlay-color":"","overlay-opacity":"","overlay-gradient":""}},"ast-content-background-meta":{"desktop":{"background-color":"var(--ast-global-color-5)","background-image":"","background-repeat":"repeat","background-position":"center center","background-size":"auto","background-attachment":"scroll","background-type":"","background-media":"","overlay-type":"","overlay-color":"","overlay-opacity":"","overlay-gradient":""},"tablet":{"background-color":"var(--ast-global-color-5)","background-image":"","background-repeat":"repeat","background-position":"center center","background-size":"auto","background-attachment":"scroll","background-type":"","background-media":"","overlay-type":"","overlay-color":"","overlay-opacity":"","overlay-gradient":""},"mobile":{"background-color":"var(--ast-global-color-5)","background-image":"","background-repeat":"repeat","background-position":"center center","background-size":"auto","background-attachment":"scroll","background-type":"","background-media":"","overlay-type":"","overlay-color":"","overlay-opacity":"","overlay-gradient":""}},"_joinchat":[]},"product_brand":[],"product_cat":[60,61],"product_tag":[],"class_list":{"0":"post-2928","1":"product","2":"type-product","3":"status-publish","4":"has-post-thumbnail","6":"product_cat-cusco-machu-picchu-pt-pt","7":"product_cat-cusco-adventure-pt-pt","8":"desktop-align-center","9":"tablet-align-center","10":"mobile-align-center","11":"ast-product-gallery-layout-horizontal-slider","12":"ast-product-gallery-with-no-image","13":"ast-product-tabs-layout-horizontal","15":"first","16":"instock","17":"shipping-taxable","18":"purchasable","19":"product-type-simple"},"_links":{"self":[{"href":"https:\/\/www.pvtravels.com\/pt-pt\/wp-json\/wp\/v2\/product\/2928","targetHints":{"allow":["GET"]}}],"collection":[{"href":"https:\/\/www.pvtravels.com\/pt-pt\/wp-json\/wp\/v2\/product"}],"about":[{"href":"https:\/\/www.pvtravels.com\/pt-pt\/wp-json\/wp\/v2\/types\/product"}],"version-history":[{"count":4,"href":"https:\/\/www.pvtravels.com\/pt-pt\/wp-json\/wp\/v2\/product\/2928\/revisions"}],"predecessor-version":[{"id":6723,"href":"https:\/\/www.pvtravels.com\/pt-pt\/wp-json\/wp\/v2\/product\/2928\/revisions\/6723"}],"wp:featuredmedia":[{"embeddable":true,"href":"https:\/\/www.pvtravels.com\/pt-pt\/wp-json\/wp\/v2\/media\/2893"}],"wp:attachment":[{"href":"https:\/\/www.pvtravels.com\/pt-pt\/wp-json\/wp\/v2\/media?parent=2928"}],"wp:term":[{"taxonomy":"product_brand","embeddable":true,"href":"https:\/\/www.pvtravels.com\/pt-pt\/wp-json\/wp\/v2\/product_brand?post=2928"},{"taxonomy":"product_cat","embeddable":true,"href":"https:\/\/www.pvtravels.com\/pt-pt\/wp-json\/wp\/v2\/product_cat?post=2928"},{"taxonomy":"product_tag","embeddable":true,"href":"https:\/\/www.pvtravels.com\/pt-pt\/wp-json\/wp\/v2\/product_tag?post=2928"}],"curies":[{"name":"wp","href":"https:\/\/api.w.org\/{rel}","templated":true}]}}