{"id":2820,"date":"2022-01-18T16:46:16","date_gmt":"2022-01-18T21:46:16","guid":{"rendered":"https:\/\/www.pvtravels.com\/tour\/sem%20categoria\/machu-picchu-2-dias-1-noite-by-car-2\/"},"modified":"2026-03-04T15:50:57","modified_gmt":"2026-03-04T20:50:57","slug":"machu-picchu-3-dias-2-noite-by-car-2","status":"publish","type":"product","link":"https:\/\/www.pvtravels.com\/pt-pt\/tour\/cusco-machu-picchu-pt-pt\/cusco-packages-pt-pt\/machu-picchu-3-dias-2-noite-by-car-2\/","title":{"rendered":"Machu Picchu 3 dias 2 noite by Car"},"content":{"rendered":"\t\t<div data-elementor-type=\"product-post\" data-elementor-id=\"2820\" class=\"elementor elementor-2820 elementor-2802\" data-elementor-post-type=\"product\">\n\t\t\t\t\t\t<section class=\"elementor-section elementor-top-section elementor-element elementor-element-4dffbeed elementor-section-boxed elementor-section-height-default elementor-section-height-default\" data-id=\"4dffbeed\" data-element_type=\"section\" data-e-type=\"section\">\n\t\t\t\t\t\t<div class=\"elementor-container elementor-column-gap-default\">\n\t\t\t\t\t<div class=\"elementor-column elementor-col-100 elementor-top-column elementor-element elementor-element-1621b27c\" data-id=\"1621b27c\" data-element_type=\"column\" data-e-type=\"column\">\n\t\t\t<div class=\"elementor-widget-wrap elementor-element-populated\">\n\t\t\t\t\t\t<div class=\"elementor-element elementor-element-72d4f76a elementor-widget elementor-widget-heading\" data-id=\"72d4f76a\" data-element_type=\"widget\" data-e-type=\"widget\" data-widget_type=\"heading.default\">\n\t\t\t\t<div class=\"elementor-widget-container\">\n\t\t\t\t\t<h3 class=\"elementor-heading-title elementor-size-default\">Roteiro<\/h3>\t\t\t\t<\/div>\n\t\t\t\t<\/div>\n\t\t\t\t<div class=\"elementor-element elementor-element-2ae97554 elementor-widget elementor-widget-accordion\" data-id=\"2ae97554\" data-element_type=\"widget\" data-e-type=\"widget\" data-widget_type=\"accordion.default\">\n\t\t\t\t<div class=\"elementor-widget-container\">\n\t\t\t\t\t\t\t<div class=\"elementor-accordion\">\n\t\t\t\t\t\t\t<div class=\"elementor-accordion-item\">\n\t\t\t\t\t<div id=\"elementor-tab-title-7191\" class=\"elementor-tab-title\" data-tab=\"1\" role=\"button\" aria-controls=\"elementor-tab-content-7191\" aria-expanded=\"false\">\n\t\t\t\t\t\t\t\t\t\t\t\t\t<span class=\"elementor-accordion-icon elementor-accordion-icon-left\" aria-hidden=\"true\">\n\t\t\t\t\t\t\t\t\t\t\t\t\t\t\t<span class=\"elementor-accordion-icon-closed\"><i class=\"fas fa-plus\"><\/i><\/span>\n\t\t\t\t\t\t\t\t<span class=\"elementor-accordion-icon-opened\"><i class=\"fas fa-minus\"><\/i><\/span>\n\t\t\t\t\t\t\t\t\t\t\t\t\t\t<\/span>\n\t\t\t\t\t\t\t\t\t\t\t\t<a class=\"elementor-accordion-title\" tabindex=\"0\">Dia 1: Cusco \u2013 \u00c1guas Calientes<\/a>\n\t\t\t\t\t<\/div>\n\t\t\t\t\t<div id=\"elementor-tab-content-7191\" class=\"elementor-tab-content elementor-clearfix\" data-tab=\"1\" role=\"region\" aria-labelledby=\"elementor-tab-title-7191\"><p>Ponto de encontro entre as 05:40 e as 06:10am na Pra\u00e7a Regocijo e saimos de Cusco para fazer uma viagem de 6 horas e meia. Durante a viagem, at\u00e9 chegar \u00e0 Hidrel\u00e9trica, ser\u00e3o feitas duas paradas. primeiro em Ollantaytambo (10 a 15 minutos), onde t\u00eam a op\u00e7\u00e3o de comprar \u00e1gua e\/ou outros lanches. ent\u00e3o eles subir\u00e3o ao Abra M\u00e1laga onde poder\u00e3o observar uma bela paisagem da regi\u00e3o alta andina com picos nevados e depois descer entrando na selva alta, passando por cidades como Santa Mar\u00eda at\u00e9 chegarmos a Santa Teresa, l\u00e1 fazer a segunda parada (40 minutos) onde eles t\u00eam tempo para almo\u00e7ar; depois continuamos at\u00e9 chegarmos \u00e0 Hidrel\u00e9trica, onde iniciaremos nossa viagem de trem que dura aproximadamente 25 minutos.<\/p><p>Ao chegar a Aguas Calientes e depois de se instalar na hospedagem, voc\u00ea ter\u00e1 um pouco de tempo livre para descansar ou visitar as fontes termais. Depois teremos um jantar onde no final ser\u00e3o dadas todas as instru\u00e7\u00f5es para o dia seguinte.<\/p><p>Pernoite em \u00c1guas Calientes<\/p><\/div>\n\t\t\t\t<\/div>\n\t\t\t\t\t\t\t<div class=\"elementor-accordion-item\">\n\t\t\t\t\t<div id=\"elementor-tab-title-7192\" class=\"elementor-tab-title\" data-tab=\"2\" role=\"button\" aria-controls=\"elementor-tab-content-7192\" aria-expanded=\"false\">\n\t\t\t\t\t\t\t\t\t\t\t\t\t<span class=\"elementor-accordion-icon elementor-accordion-icon-left\" aria-hidden=\"true\">\n\t\t\t\t\t\t\t\t\t\t\t\t\t\t\t<span class=\"elementor-accordion-icon-closed\"><i class=\"fas fa-plus\"><\/i><\/span>\n\t\t\t\t\t\t\t\t<span class=\"elementor-accordion-icon-opened\"><i class=\"fas fa-minus\"><\/i><\/span>\n\t\t\t\t\t\t\t\t\t\t\t\t\t\t<\/span>\n\t\t\t\t\t\t\t\t\t\t\t\t<a class=\"elementor-accordion-title\" tabindex=\"0\">Dia 2: Machu Picchu - Cusco<\/a>\n\t\t\t\t\t<\/div>\n\t\t\t\t\t<div id=\"elementor-tab-content-7192\" class=\"elementor-tab-content elementor-clearfix\" data-tab=\"2\" role=\"region\" aria-labelledby=\"elementor-tab-title-7192\"><p>Come\u00e7amos bem cedo (4h30) e nos preparamos para subir a Machu Picchu. Pegaremos um \u00f4nibus at\u00e9 o s\u00edtio arqueol\u00f3gico (25 minutos). O primeiro \u00f4nibus sai \u00e0s 5h30. Ao chegarmos em Machu Picchu, entraremos no s\u00edtio arqueol\u00f3gico (n\u00e3o se esque\u00e7a do seu passaporte) e nosso guia nos dar\u00e1 uma visita guiada de 2 horas pela cidadela. Ap\u00f3s a visita guiada, voc\u00ea ter\u00e1 tempo livre para explorar e tirar fotos.<br \/>Ap\u00f3s explorar Machu Picchu, pegaremos o \u00f4nibus de volta para Aguas Calientes. Ent\u00e3o, voc\u00ea poder\u00e1 aproveitar os restaurantes, explorar a cidade ou relaxar.<br \/>Pernoite em Aguas Calientes.<\/p><\/div>\n\t\t\t\t<\/div>\n\t\t\t\t\t\t\t<div class=\"elementor-accordion-item\">\n\t\t\t\t\t<div id=\"elementor-tab-title-7193\" class=\"elementor-tab-title\" data-tab=\"3\" role=\"button\" aria-controls=\"elementor-tab-content-7193\" aria-expanded=\"false\">\n\t\t\t\t\t\t\t\t\t\t\t\t\t<span class=\"elementor-accordion-icon elementor-accordion-icon-left\" aria-hidden=\"true\">\n\t\t\t\t\t\t\t\t\t\t\t\t\t\t\t<span class=\"elementor-accordion-icon-closed\"><i class=\"fas fa-plus\"><\/i><\/span>\n\t\t\t\t\t\t\t\t<span class=\"elementor-accordion-icon-opened\"><i class=\"fas fa-minus\"><\/i><\/span>\n\t\t\t\t\t\t\t\t\t\t\t\t\t\t<\/span>\n\t\t\t\t\t\t\t\t\t\t\t\t<a class=\"elementor-accordion-title\" tabindex=\"0\">Dia 3: Aguas Calientes - Cusco<\/a>\n\t\t\t\t\t<\/div>\n\t\t\t\t\t<div id=\"elementor-tab-content-7193\" class=\"elementor-tab-content elementor-clearfix\" data-tab=\"3\" role=\"region\" aria-labelledby=\"elementor-tab-title-7193\"><p>Caf\u00e9 da manh\u00e3 no hotel e manh\u00e3 livre para explorar Aguas Calientes. Caminhada de volta \u00e0 Usina Hidrel\u00e9trica (3 horas), onde pegaremos nosso \u00f4nibus (sa\u00edda \u00e0s 14h30) para retornar a Cusco (chegada prevista para as 21h30).<\/p><\/div>\n\t\t\t\t<\/div>\n\t\t\t\t\t\t\t\t<\/div>\n\t\t\t\t\t\t<\/div>\n\t\t\t\t<\/div>\n\t\t\t\t<div class=\"elementor-element elementor-element-58c08d67 elementor-widget elementor-widget-text-editor\" data-id=\"58c08d67\" data-element_type=\"widget\" data-e-type=\"widget\" data-widget_type=\"text-editor.default\">\n\t\t\t\t<div class=\"elementor-widget-container\">\n\t\t\t\t\t\t\t\t\t<h3><span style=\"color: #008000;\"><strong>O que est\u00e1 inclu\u00eddo:<\/strong><\/span><\/h3><ul><li>Transporte tur\u00edstico Cusco &#8211; Hidrel\u00e9trica &#8211; Cusco.<\/li><li>Bilhete de entrada para o parque arqueol\u00f3gico de Machu Picchu.<\/li><li>Bilhetes de \u00f4nibus para Machu Picchu.<\/li><li>Guia profissional em espanhol ou ingl\u00eas.<\/li><li>Bilhetes de comboio Hidroelectrica &#8211; Aguas Calientes &#8211; Hidroelectrica<\/li><li>02 noites de hospedagem em Aguas Calientes (cidade de Machu Picchu).<\/li><li>01 Caf\u00e9 da manh\u00e3.<\/li><li>01 Almo\u00e7o.<\/li><li>01 Jantar.<\/li><li>Kit de primeiros socorros.<\/li><\/ul><h3><span style=\"color: #008000;\"><strong>N\u00e3o incluso:<\/strong><\/span><\/h3><ul><li>Traslado e Retorno ao alojamento en Cusco<\/li><li>Refei\u00e7\u00f5es n\u00e3o especificadas no itiner\u00e1rio<\/li><li>Acomoda\u00e7\u00f5es em Cusco ou Aguas Calientes<\/li><li>Entradas as piscinas termais<\/li><\/ul><h3><span style=\"color: #008000;\"><strong>Lista recomendada<\/strong><\/span><\/h3><ul><li>Lanches<\/li><li>Sapatos de caminhada ou t\u00eanis<\/li><li>Equipamento completo para chuva ou poncho (de novembro a abril)<\/li><li>Chap\u00e9u ou bon\u00e9<\/li><li>\u00d3culos de sol<\/li><li>Protetor solar<\/li><li>Artigos de toalete<\/li><li>C\u00e2meras fotogr\u00e1ficas \/ de v\u00eddeo e carregadores<\/li><li>Garrafa de \u00c1gua<\/li><\/ul>\t\t\t\t\t\t\t\t<\/div>\n\t\t\t\t<\/div>\n\t\t\t\t\t<\/div>\n\t\t<\/div>\n\t\t\t\t\t<\/div>\n\t\t<\/section>\n\t\t\t\t<\/div>\n\t\t","protected":false},"excerpt":{"rendered":"<p><strong>Descri\u00e7\u00e3o<\/strong><\/p>\n<p><strong>C\u00d3DIGO: PVT-MP006-A<\/strong><\/p>\n<ul>\n<li><strong> Sa\u00edda:<\/strong> di\u00e1ria<\/li>\n<li><strong> Dura\u00e7\u00e3o: <\/strong>2 dias 1 noite<\/li>\n<li><strong><span style=\"color: #ff0000;\">A entrada para Machu Picchu depender\u00e1 da disponibilidade no momento da reserva, podendo ser para o<\/span> Circuito 1, Circuito 2 ou Circuito 3.<\/strong><\/li>\n<\/ul>\n","protected":false},"featured_media":2810,"template":"","meta":{"site-sidebar-layout":"no-sidebar","site-content-layout":"page-builder","ast-site-content-layout":"full-width-container","site-content-style":"unboxed","site-sidebar-style":"unboxed","ast-global-header-display":"","ast-banner-title-visibility":"","ast-main-header-display":"","ast-hfb-above-header-display":"","ast-hfb-below-header-display":"","ast-hfb-mobile-header-display":"","site-post-title":"disabled","ast-breadcrumbs-content":"","ast-featured-img":"disabled","footer-sml-layout":"","ast-disable-related-posts":"","theme-transparent-header-meta":"default","adv-header-id-meta":"","stick-header-meta":"default","header-above-stick-meta":"","header-main-stick-meta":"","header-below-stick-meta":"","astra-migrate-meta-layouts":"set","ast-page-background-enabled":"default","ast-page-background-meta":{"desktop":{"background-color":"var(--ast-global-color-4)","background-image":"","background-repeat":"repeat","background-position":"center center","background-size":"auto","background-attachment":"scroll","background-type":"","background-media":"","overlay-type":"","overlay-color":"","overlay-opacity":"","overlay-gradient":""},"tablet":{"background-color":"","background-image":"","background-repeat":"repeat","background-position":"center center","background-size":"auto","background-attachment":"scroll","background-type":"","background-media":"","overlay-type":"","overlay-color":"","overlay-opacity":"","overlay-gradient":""},"mobile":{"background-color":"","background-image":"","background-repeat":"repeat","background-position":"center center","background-size":"auto","background-attachment":"scroll","background-type":"","background-media":"","overlay-type":"","overlay-color":"","overlay-opacity":"","overlay-gradient":""}},"ast-content-background-meta":{"desktop":{"background-color":"var(--ast-global-color-5)","background-image":"","background-repeat":"repeat","background-position":"center center","background-size":"auto","background-attachment":"scroll","background-type":"","background-media":"","overlay-type":"","overlay-color":"","overlay-opacity":"","overlay-gradient":""},"tablet":{"background-color":"var(--ast-global-color-5)","background-image":"","background-repeat":"repeat","background-position":"center center","background-size":"auto","background-attachment":"scroll","background-type":"","background-media":"","overlay-type":"","overlay-color":"","overlay-opacity":"","overlay-gradient":""},"mobile":{"background-color":"var(--ast-global-color-5)","background-image":"","background-repeat":"repeat","background-position":"center center","background-size":"auto","background-attachment":"scroll","background-type":"","background-media":"","overlay-type":"","overlay-color":"","overlay-opacity":"","overlay-gradient":""}},"_joinchat":[]},"product_brand":[],"product_cat":[62],"product_tag":[],"class_list":{"0":"post-2820","1":"product","2":"type-product","3":"status-publish","4":"has-post-thumbnail","6":"product_cat-cusco-packages-pt-pt","7":"desktop-align-center","8":"tablet-align-center","9":"mobile-align-center","10":"ast-product-gallery-layout-horizontal-slider","11":"ast-product-gallery-with-no-image","12":"ast-product-tabs-layout-horizontal","14":"first","15":"instock","16":"shipping-taxable","17":"purchasable","18":"product-type-simple"},"_links":{"self":[{"href":"https:\/\/www.pvtravels.com\/pt-pt\/wp-json\/wp\/v2\/product\/2820","targetHints":{"allow":["GET"]}}],"collection":[{"href":"https:\/\/www.pvtravels.com\/pt-pt\/wp-json\/wp\/v2\/product"}],"about":[{"href":"https:\/\/www.pvtravels.com\/pt-pt\/wp-json\/wp\/v2\/types\/product"}],"version-history":[{"count":18,"href":"https:\/\/www.pvtravels.com\/pt-pt\/wp-json\/wp\/v2\/product\/2820\/revisions"}],"predecessor-version":[{"id":6631,"href":"https:\/\/www.pvtravels.com\/pt-pt\/wp-json\/wp\/v2\/product\/2820\/revisions\/6631"}],"wp:featuredmedia":[{"embeddable":true,"href":"https:\/\/www.pvtravels.com\/pt-pt\/wp-json\/wp\/v2\/media\/2810"}],"wp:attachment":[{"href":"https:\/\/www.pvtravels.com\/pt-pt\/wp-json\/wp\/v2\/media?parent=2820"}],"wp:term":[{"taxonomy":"product_brand","embeddable":true,"href":"https:\/\/www.pvtravels.com\/pt-pt\/wp-json\/wp\/v2\/product_brand?post=2820"},{"taxonomy":"product_cat","embeddable":true,"href":"https:\/\/www.pvtravels.com\/pt-pt\/wp-json\/wp\/v2\/product_cat?post=2820"},{"taxonomy":"product_tag","embeddable":true,"href":"https:\/\/www.pvtravels.com\/pt-pt\/wp-json\/wp\/v2\/product_tag?post=2820"}],"curies":[{"name":"wp","href":"https:\/\/api.w.org\/{rel}","templated":true}]}}