{"id":2695,"date":"2021-12-20T10:22:01","date_gmt":"2021-12-20T15:22:01","guid":{"rendered":"https:\/\/www.pvtravels.com\/tour\/sem%20categoria\/machu-picchu-full-day-em-trem-panoramico\/"},"modified":"2026-03-04T15:41:22","modified_gmt":"2026-03-04T20:41:22","slug":"machu-picchu-full-day-em-trem-panoramico","status":"publish","type":"product","link":"https:\/\/www.pvtravels.com\/pt-pt\/tour\/cusco-machu-picchu-pt-pt\/cusco-packages-pt-pt\/machu-picchu-full-day-em-trem-panoramico\/","title":{"rendered":"Machu Picchu Full Day em trem Panor\u00e2mico"},"content":{"rendered":"<h3 style=\"text-align: justify;\"><span style=\"color: #008000;\"><strong>Itinerario:<\/strong><\/span><\/h3>\n<p style=\"text-align: justify;\">Traslado as 5am da hospedagem em Cusco e depois viaje para a esta\u00e7\u00e3o de trem para fazer o incr\u00edvel passeio de trem em Machupicchu em dire\u00e7\u00e3o a Machu Picchu.<\/p>\n<p style=\"text-align: justify;\">O trem de Machu Picchu \u00e9 equipado com janelas panor\u00e2micas mais altas e mais altas e uma carruagem externa de observa\u00e7\u00e3o, incluindo um bar. O \u00fanico trem no Peru com um aplicativo de entretenimento a bordo que permitir\u00e1 que voc\u00ea aprenda mais sobre a viagem de trem e a civiliza\u00e7\u00e3o inca.<\/p>\n<p style=\"text-align: justify;\">Ao chegar em Aguas Calientes, o guia estar\u00e1 esperando na esta\u00e7\u00e3o de trem para acompanh\u00e1-lo at\u00e9 as ru\u00ednas de Machu Picchu de \u00f4nibus. Viaje por cerca de 25 minutos pelo cen\u00e1rio de tirar o f\u00f4lego e, ao chegar ao local da &#8220;Cidade Perdida dos Incas&#8221;, entre na cidadela hist\u00f3rica e ter\u00e1 uma excurs\u00e3o guiada de 2 horas. Voc\u00ea ter\u00e1 tempo para explorar a cidade sozinho.<\/p>\n<p style=\"text-align: justify;\">Volte de \u00f4nibus para Aguas Calientes e aproveite o tempo livre para explorar a cidade por conta pr\u00f3pria. Depois, embarque no trem de Machu Picchu no hor\u00e1rio do p\u00f4r-do-sol para a viagem de volta \u00e0 esta\u00e7\u00e3o de trem, onde na chegada, nosso motorista estar\u00e1 esperando para lev\u00e1-lo de volta ao seu alojamento em Cusco.<\/p>\n<h3><span style=\"color: #008000;\"><strong>O que est\u00e1 inclu\u00eddo:<\/strong><\/span><\/h3>\n<ul>\n<li>Traslado do seu alojamento em Cusco<\/li>\n<li>Ingresso para Machu Picchu<\/li>\n<li>Transporte particular de ida e volta para a esta\u00e7\u00e3o de trem<\/li>\n<li>Bilhetes de trem de ida e volta no servi\u00e7o de trem panor\u00e2mico<\/li>\n<li>Bilhetes de \u00f4nibus de ida e volta entre Aguas Calientes e Machu Picchu<\/li>\n<li>Excurs\u00e3o de 2 horas em Machu Picchu com um guia em ingl\u00eas \/ espanhol<\/li>\n<li>Assentos confort\u00e1veis com mesas na frente<\/li>\n<li>Servi\u00e7o de lanches a bordo com caf\u00e9 e ch\u00e1<\/li>\n<li>Janelas panor\u00e2micas maiores e maiores<\/li>\n<li>Transporte externo, incluindo um bar para apreciar a paisagem<\/li>\n<\/ul>\n<h3><span style=\"color: #008000;\"><strong>N\u00e3o incluso:<\/strong><\/span><\/h3>\n<ul>\n<li>Refei\u00e7\u00f5es n\u00e3o especificadas no itiner\u00e1rio<\/li>\n<li>Acomoda\u00e7\u00f5es em Cusco ou Aguas Calientes<\/li>\n<li>Entradas para Piscinas termais<\/li>\n<\/ul>\n<h3><span style=\"color: #008000;\"><strong>Lista recomendada<\/strong><\/span><\/h3>\n<ul>\n<li>Lanches<\/li>\n<li>Sapatos de caminhada ou t\u00eanis<\/li>\n<li>Equipamento completo para chuva ou poncho (de novembro a abril)<\/li>\n<li>Chap\u00e9u ou bon\u00e9<\/li>\n<li>\u00d3culos de sol<\/li>\n<li>Protetor solar<\/li>\n<li>Artigos de toalete<\/li>\n<li>C\u00e2meras fotogr\u00e1ficas \/ de v\u00eddeo e carregadores<\/li>\n<li>Garrafa de \u00c1gua<\/li>\n<\/ul>\n","protected":false},"excerpt":{"rendered":"<p><strong>Descri\u00e7\u00e3o<\/strong><\/p>\n<p><strong>C\u00d3DIGO: PVT-MP002<\/strong><\/p>\n<ul>\n<li><strong>Partida: <\/strong>Di\u00e1ria<\/li>\n<li><strong>Dura\u00e7\u00e3o: <\/strong>dia inteiro<\/li>\n<li><strong><span style=\"color: #ff0000;\">A entrada para Machu Picchu depender\u00e1 da disponibilidade no momento da reserva, podendo ser para o<\/span> Circuito 1, Circuito 2 ou Circuito 3.<\/strong><\/li>\n<\/ul>\n","protected":false},"featured_media":3649,"template":"","meta":{"site-sidebar-layout":"default","site-content-layout":"default","ast-site-content-layout":"default","site-content-style":"default","site-sidebar-style":"default","ast-global-header-display":"","ast-banner-title-visibility":"","ast-main-header-display":"","ast-hfb-above-header-display":"","ast-hfb-below-header-display":"","ast-hfb-mobile-header-display":"","site-post-title":"","ast-breadcrumbs-content":"","ast-featured-img":"","footer-sml-layout":"","ast-disable-related-posts":"","theme-transparent-header-meta":"default","adv-header-id-meta":"","stick-header-meta":"default","header-above-stick-meta":"","header-main-stick-meta":"","header-below-stick-meta":"","astra-migrate-meta-layouts":"set","ast-page-background-enabled":"default","ast-page-background-meta":{"desktop":{"background-color":"var(--ast-global-color-4)","background-image":"","background-repeat":"repeat","background-position":"center center","background-size":"auto","background-attachment":"scroll","background-type":"","background-media":"","overlay-type":"","overlay-color":"","overlay-opacity":"","overlay-gradient":""},"tablet":{"background-color":"","background-image":"","background-repeat":"repeat","background-position":"center center","background-size":"auto","background-attachment":"scroll","background-type":"","background-media":"","overlay-type":"","overlay-color":"","overlay-opacity":"","overlay-gradient":""},"mobile":{"background-color":"","background-image":"","background-repeat":"repeat","background-position":"center center","background-size":"auto","background-attachment":"scroll","background-type":"","background-media":"","overlay-type":"","overlay-color":"","overlay-opacity":"","overlay-gradient":""}},"ast-content-background-meta":{"desktop":{"background-color":"var(--ast-global-color-5)","background-image":"","background-repeat":"repeat","background-position":"center center","background-size":"auto","background-attachment":"scroll","background-type":"","background-media":"","overlay-type":"","overlay-color":"","overlay-opacity":"","overlay-gradient":""},"tablet":{"background-color":"var(--ast-global-color-5)","background-image":"","background-repeat":"repeat","background-position":"center center","background-size":"auto","background-attachment":"scroll","background-type":"","background-media":"","overlay-type":"","overlay-color":"","overlay-opacity":"","overlay-gradient":""},"mobile":{"background-color":"var(--ast-global-color-5)","background-image":"","background-repeat":"repeat","background-position":"center center","background-size":"auto","background-attachment":"scroll","background-type":"","background-media":"","overlay-type":"","overlay-color":"","overlay-opacity":"","overlay-gradient":""}},"_joinchat":[]},"product_brand":[],"product_cat":[60,62],"product_tag":[],"class_list":{"0":"post-2695","1":"product","2":"type-product","3":"status-publish","4":"has-post-thumbnail","6":"product_cat-cusco-machu-picchu-pt-pt","7":"product_cat-cusco-packages-pt-pt","8":"desktop-align-center","9":"tablet-align-center","10":"mobile-align-center","11":"ast-product-gallery-layout-horizontal-slider","12":"ast-product-gallery-with-no-image","13":"ast-product-tabs-layout-horizontal","15":"first","16":"instock","17":"shipping-taxable","18":"purchasable","19":"product-type-simple"},"_links":{"self":[{"href":"https:\/\/www.pvtravels.com\/pt-pt\/wp-json\/wp\/v2\/product\/2695","targetHints":{"allow":["GET"]}}],"collection":[{"href":"https:\/\/www.pvtravels.com\/pt-pt\/wp-json\/wp\/v2\/product"}],"about":[{"href":"https:\/\/www.pvtravels.com\/pt-pt\/wp-json\/wp\/v2\/types\/product"}],"version-history":[{"count":5,"href":"https:\/\/www.pvtravels.com\/pt-pt\/wp-json\/wp\/v2\/product\/2695\/revisions"}],"predecessor-version":[{"id":6622,"href":"https:\/\/www.pvtravels.com\/pt-pt\/wp-json\/wp\/v2\/product\/2695\/revisions\/6622"}],"wp:featuredmedia":[{"embeddable":true,"href":"https:\/\/www.pvtravels.com\/pt-pt\/wp-json\/wp\/v2\/media\/3649"}],"wp:attachment":[{"href":"https:\/\/www.pvtravels.com\/pt-pt\/wp-json\/wp\/v2\/media?parent=2695"}],"wp:term":[{"taxonomy":"product_brand","embeddable":true,"href":"https:\/\/www.pvtravels.com\/pt-pt\/wp-json\/wp\/v2\/product_brand?post=2695"},{"taxonomy":"product_cat","embeddable":true,"href":"https:\/\/www.pvtravels.com\/pt-pt\/wp-json\/wp\/v2\/product_cat?post=2695"},{"taxonomy":"product_tag","embeddable":true,"href":"https:\/\/www.pvtravels.com\/pt-pt\/wp-json\/wp\/v2\/product_tag?post=2695"}],"curies":[{"name":"wp","href":"https:\/\/api.w.org\/{rel}","templated":true}]}}