{"id":2692,"date":"2021-12-20T10:54:34","date_gmt":"2021-12-20T15:54:34","guid":{"rendered":"https:\/\/www.pvtravels.com\/tour\/sem%20categoria\/machu-picchu-full-day-em-trem-de-luxo\/"},"modified":"2026-03-04T15:42:12","modified_gmt":"2026-03-04T20:42:12","slug":"machu-picchu-full-day-em-trem-de-luxo","status":"publish","type":"product","link":"https:\/\/www.pvtravels.com\/pt-pt\/tour\/cusco-machu-picchu-pt-pt\/cusco-packages-pt-pt\/machu-picchu-full-day-em-trem-de-luxo\/","title":{"rendered":"Machu Picchu Full Day em trem First Class"},"content":{"rendered":"<h3><span style=\"color: #008000;\"><strong>Itiner\u00e1rio:<\/strong><\/span><\/h3>\n<p style=\"text-align: justify;\">Bem cedo pela manh\u00e3, por volta das 7h30, nosso carro particular ir\u00e1 busc\u00e1-lo em seu hotel em Cusco. Em seguida, iremos para a esta\u00e7\u00e3o de trem. Ao chegarmos \u00e0 esta\u00e7\u00e3o, embarcaremos no trem para iniciar esta extraordin\u00e1ria viagem at\u00e9 Machu Picchu.<br \/>\nO trem possui um luxuoso vag\u00e3o-lounge com m\u00fasica ao vivo e janelas panor\u00e2micas para admirar a paisagem incr\u00edvel.<br \/>\nAproximadamente quatro horas ap\u00f3s a partida de Cusco, chegaremos \u00e0 esta\u00e7\u00e3o de trem em Aguas Calientes (a cidade localizada aos p\u00e9s de Machu Picchu), de onde pegaremos o \u00f4nibus para Machu Picchu, com dura\u00e7\u00e3o de 25 minutos.<br \/>\nAo chegarmos a Machu Picchu, encontraremos nosso guia especializado, entraremos no s\u00edtio arqueol\u00f3gico e ele lhe dar\u00e1 uma visita guiada particular pela cidadela, com dura\u00e7\u00e3o de 2 horas.<br \/>\nAp\u00f3s explorar Machu Picchu, desfrutaremos de um ch\u00e1 da tarde no restaurante do Belmond Sanctuary Lodge e, em seguida, retornaremos a Aguas Calientes.<br \/>\n\u00c0 tarde, pegaremos o trem de volta. Chegaremos \u00e0 esta\u00e7\u00e3o de trem, onde nosso motorista estar\u00e1 esperando para lev\u00e1-lo de volta \u00e0 sua acomoda\u00e7\u00e3o. Chegada prevista para as 23h.<\/p>\n<h3><span style=\"color: #008000;\"><strong>O que est\u00e1 inclu\u00eddo:<\/strong><\/span><\/h3>\n<ul>\n<li>Menu gourmet de brunch e jantar preparado com ingredientes andinos<\/li>\n<li>Janelas amplas para admirar a bela paisagem<\/li>\n<li>M\u00fasica ao vivo<\/li>\n<li>Sele\u00e7\u00e3o de bebidas quentes e frias preparadas com frutas frescas locais<\/li>\n<li>Traslado privativo de ida e volta do seu alojamento em Cusco<\/li>\n<li>Entradas para Machu Picchu<\/li>\n<li>\u00d4nibus de ida e volta Aguas Calientes \/ Machu Picchu \/ Aguas Calientes<\/li>\n<li>Tour guiado privativo em Machu Picchu com dura\u00e7\u00e3o de 2 a 3 horas<\/li>\n<li>Viagem de trem de ida e volta em primeira classe pela Inca Rail<\/li>\n<\/ul>\n<h3><span style=\"color: #008000;\"><strong>N\u00e3o incluso:<\/strong><\/span><\/h3>\n<ul>\n<li>Refei\u00e7\u00f5es n\u00e3o especificadas no itiner\u00e1rio<\/li>\n<li>Acomoda\u00e7\u00f5es em Cusco ou Aguas Calientes<\/li>\n<\/ul>\n<h3><span style=\"color: #008000;\"><strong>Lista recomendada<\/strong><\/span><\/h3>\n<ul>\n<li>Lanches<\/li>\n<li>Sapatos de caminhada ou t\u00eanis<\/li>\n<li>Equipamento completo para chuva ou poncho (de novembro a abril)<\/li>\n<li>Chap\u00e9u ou bon\u00e9<\/li>\n<li>\u00d3culos de sol<\/li>\n<li>Protetor solar<\/li>\n<li>Artigos de toalete<\/li>\n<li>C\u00e2meras fotogr\u00e1ficas \/ de v\u00eddeo e carregadores<\/li>\n<li>Garrafa de \u00c1gua<\/li>\n<\/ul>\n","protected":false},"excerpt":{"rendered":"<p><strong>Descri\u00e7\u00e3o<\/strong><\/p>\n<p><strong>C\u00d3DIGO: PVT-MP003<\/strong><\/p>\n<ul>\n<li><strong>Partida: <\/strong>Di\u00e1ria<\/li>\n<li><strong>Dura\u00e7\u00e3o: <\/strong>dia inteiro<\/li>\n<li><strong><span style=\"color: #ff0000;\">A entrada para Machu Picchu depender\u00e1 da disponibilidade no momento da reserva, podendo ser para o<\/span> Circuito 1, Circuito 2 ou Circuito 3.<\/strong><\/li>\n<\/ul>\n","protected":false},"featured_media":2988,"template":"","meta":{"site-sidebar-layout":"default","site-content-layout":"default","ast-site-content-layout":"default","site-content-style":"default","site-sidebar-style":"default","ast-global-header-display":"","ast-banner-title-visibility":"","ast-main-header-display":"","ast-hfb-above-header-display":"","ast-hfb-below-header-display":"","ast-hfb-mobile-header-display":"","site-post-title":"","ast-breadcrumbs-content":"","ast-featured-img":"","footer-sml-layout":"","ast-disable-related-posts":"","theme-transparent-header-meta":"default","adv-header-id-meta":"","stick-header-meta":"default","header-above-stick-meta":"","header-main-stick-meta":"","header-below-stick-meta":"","astra-migrate-meta-layouts":"set","ast-page-background-enabled":"default","ast-page-background-meta":{"desktop":{"background-color":"var(--ast-global-color-4)","background-image":"","background-repeat":"repeat","background-position":"center center","background-size":"auto","background-attachment":"scroll","background-type":"","background-media":"","overlay-type":"","overlay-color":"","overlay-opacity":"","overlay-gradient":""},"tablet":{"background-color":"","background-image":"","background-repeat":"repeat","background-position":"center center","background-size":"auto","background-attachment":"scroll","background-type":"","background-media":"","overlay-type":"","overlay-color":"","overlay-opacity":"","overlay-gradient":""},"mobile":{"background-color":"","background-image":"","background-repeat":"repeat","background-position":"center center","background-size":"auto","background-attachment":"scroll","background-type":"","background-media":"","overlay-type":"","overlay-color":"","overlay-opacity":"","overlay-gradient":""}},"ast-content-background-meta":{"desktop":{"background-color":"var(--ast-global-color-5)","background-image":"","background-repeat":"repeat","background-position":"center center","background-size":"auto","background-attachment":"scroll","background-type":"","background-media":"","overlay-type":"","overlay-color":"","overlay-opacity":"","overlay-gradient":""},"tablet":{"background-color":"var(--ast-global-color-5)","background-image":"","background-repeat":"repeat","background-position":"center center","background-size":"auto","background-attachment":"scroll","background-type":"","background-media":"","overlay-type":"","overlay-color":"","overlay-opacity":"","overlay-gradient":""},"mobile":{"background-color":"var(--ast-global-color-5)","background-image":"","background-repeat":"repeat","background-position":"center center","background-size":"auto","background-attachment":"scroll","background-type":"","background-media":"","overlay-type":"","overlay-color":"","overlay-opacity":"","overlay-gradient":""}},"_joinchat":[]},"product_brand":[],"product_cat":[60,62],"product_tag":[],"class_list":{"0":"post-2692","1":"product","2":"type-product","3":"status-publish","4":"has-post-thumbnail","6":"product_cat-cusco-machu-picchu-pt-pt","7":"product_cat-cusco-packages-pt-pt","8":"desktop-align-center","9":"tablet-align-center","10":"mobile-align-center","11":"ast-product-gallery-layout-horizontal-slider","12":"ast-product-gallery-with-no-image","13":"ast-product-tabs-layout-horizontal","15":"first","16":"instock","17":"shipping-taxable","18":"purchasable","19":"product-type-simple"},"_links":{"self":[{"href":"https:\/\/www.pvtravels.com\/pt-pt\/wp-json\/wp\/v2\/product\/2692","targetHints":{"allow":["GET"]}}],"collection":[{"href":"https:\/\/www.pvtravels.com\/pt-pt\/wp-json\/wp\/v2\/product"}],"about":[{"href":"https:\/\/www.pvtravels.com\/pt-pt\/wp-json\/wp\/v2\/types\/product"}],"version-history":[{"count":8,"href":"https:\/\/www.pvtravels.com\/pt-pt\/wp-json\/wp\/v2\/product\/2692\/revisions"}],"predecessor-version":[{"id":6623,"href":"https:\/\/www.pvtravels.com\/pt-pt\/wp-json\/wp\/v2\/product\/2692\/revisions\/6623"}],"wp:featuredmedia":[{"embeddable":true,"href":"https:\/\/www.pvtravels.com\/pt-pt\/wp-json\/wp\/v2\/media\/2988"}],"wp:attachment":[{"href":"https:\/\/www.pvtravels.com\/pt-pt\/wp-json\/wp\/v2\/media?parent=2692"}],"wp:term":[{"taxonomy":"product_brand","embeddable":true,"href":"https:\/\/www.pvtravels.com\/pt-pt\/wp-json\/wp\/v2\/product_brand?post=2692"},{"taxonomy":"product_cat","embeddable":true,"href":"https:\/\/www.pvtravels.com\/pt-pt\/wp-json\/wp\/v2\/product_cat?post=2692"},{"taxonomy":"product_tag","embeddable":true,"href":"https:\/\/www.pvtravels.com\/pt-pt\/wp-json\/wp\/v2\/product_tag?post=2692"}],"curies":[{"name":"wp","href":"https:\/\/api.w.org\/{rel}","templated":true}]}}