{"id":2690,"date":"2022-01-18T12:10:18","date_gmt":"2022-01-18T17:10:18","guid":{"rendered":"https:\/\/www.pvtravels.com\/tour\/sem%20categoria\/machu-picchu-full-day-em-trem-hiram-bingham\/"},"modified":"2026-03-04T15:43:14","modified_gmt":"2026-03-04T20:43:14","slug":"machu-picchu-full-day-em-trem-hiram-bingham","status":"publish","type":"product","link":"https:\/\/www.pvtravels.com\/pt-pt\/tour\/cusco-machu-picchu-pt-pt\/cusco-packages-pt-pt\/machu-picchu-full-day-em-trem-hiram-bingham\/","title":{"rendered":"Machu Picchu Full Day em trem Hiram Bingham"},"content":{"rendered":"<h3><span style=\"color: #008000;\"><strong>Itiner\u00e1rio:<\/strong><\/span><\/h3>\n<p style=\"text-align: justify;\">Pick up \u00e0s 08:00 da manh\u00e3 em carro particular. Traslado \u00e0 esta\u00e7\u00e3o de trem onde voc\u00ea embarcar\u00e1 no trem para iniciar este extraordin\u00e1rio passeio de trem para Machu Picchu. Uma vez a bordo, o ma\u00eetre ir\u00e1 convid\u00e1-lo para um brunch e almo\u00e7o gourmet. O trem passa por belos ecossistemas de onde voc\u00ea pode apreciar do carro observat\u00f3rio.<\/p>\n<p style=\"text-align: justify;\">Aproximadamente quatro horas ap\u00f3s a partida de Cusco, voc\u00ea chegar\u00e1 \u00e0 esta\u00e7\u00e3o de trem de Aguas Calientes, onde iniciar\u00e1 sua jornada para a cidadela em um \u00f4nibus exclusivo, apenas para o passageiro do trem Hiram Bingham, o passeio levar\u00e1 25 minutos<\/p>\n<p style=\"text-align: justify;\">Chegando a Machu Picchu, voc\u00ea iniciar\u00e1 o extraordin\u00e1rio passeio pela cidadela por 2-3 horas. Ap\u00f3s a visita guiada, haver\u00e1 tempo livre para explorar e tirar fotos.<\/p>\n<p style=\"text-align: justify;\">\u00c0s 16:00 voc\u00ea desfrutar\u00e1 do ch\u00e1 da tarde em um dos mais belos hot\u00e9is do Peru, ao lado da entrada de Machu Picchu.<\/p>\n<p style=\"text-align: justify;\">\u00c0s 17:00, \u00f4nibus de Machu Picchu para Aguas Calientes de onde sai o trem de Aguas Calientes \u00e0s 17:50h. A viagem de volta inclui uma experi\u00eancia gastron\u00f4mica no jantar. Pode acompanhar as suas refei\u00e7\u00f5es com bebidas (n\u00e3o premium) e uma excelente sele\u00e7\u00e3o de vinhos. Ao ritmo do caj\u00f3n e dos pandeiros peruanos, a m\u00fasica tradicional peruana e internacional ao vivo dar\u00e1 o tom durante toda a viagem para uma viagem inesquec\u00edvel.<\/p>\n<p style=\"text-align: justify;\">Na chegada \u00e0 esta\u00e7\u00e3o de trem, traslado ao seu alojamento em Cusco.<\/p>\n<h3><span style=\"color: #008000;\"><strong>O que est\u00e1 inclu\u00eddo:<\/strong><\/span><\/h3>\n<ul>\n<li>Show de boas-vindas a bordo com dan\u00e7as t\u00edpicas da regi\u00e3o<\/li>\n<li>Um Bar Car com os melhores coquet\u00e9is peruanos<\/li>\n<li>Um Carro Observat\u00f3rio para apreciar a paisagem do percurso<\/li>\n<li>Show de m\u00fasica ao vivo<\/li>\n<li>\u00d4nibus de subida para a Cidadela de Machu Picchu<\/li>\n<li>Um guia tur\u00edstico em espanhol e\/ou ingl\u00eas<\/li>\n<li>Entradas para Machu Picchu<\/li>\n<li>Hora do ch\u00e1 no Belmond Sanctuary Lodge Hotel<\/li>\n<li>\u00d4nibus de retorno para a cidade de Machu Picchu<\/li>\n<li>Sala VIP na Esta\u00e7\u00e3o Machu Picchu<\/li>\n<li>Refei\u00e7\u00f5es gourmet a bordo<\/li>\n<li>Pickup e drop off do hotel em Cusco<\/li>\n<\/ul>\n<h3><span style=\"color: #008000;\"><strong>N\u00e3o incluso:<\/strong><\/span><\/h3>\n<ul>\n<li>Refei\u00e7\u00f5es n\u00e3o especificadas no itiner\u00e1rio<\/li>\n<li>Acomoda\u00e7\u00f5es em Cusco ou Aguas Calientes<\/li>\n<\/ul>\n<h3><span style=\"color: #008000;\"><strong>Lista recomendada<\/strong><\/span><\/h3>\n<ul>\n<li>Lanches<\/li>\n<li>Sapatos de caminhada ou t\u00eanis<\/li>\n<li>Equipamento completo para chuva ou poncho (de novembro a abril)<\/li>\n<li>Chap\u00e9u ou bon\u00e9<\/li>\n<li>\u00d3culos de sol<\/li>\n<li>Protetor solar<\/li>\n<li>Artigos de toalete<\/li>\n<li>C\u00e2meras fotogr\u00e1ficas \/ de v\u00eddeo e carregadores<\/li>\n<li>Garrafa de \u00c1gua<\/li>\n<\/ul>\n<p>&nbsp;<\/p>\n","protected":false},"excerpt":{"rendered":"<p><strong>Descri\u00e7\u00e3o<\/strong><\/p>\n<p><strong>C\u00d3DIGO: PVT-MP004<\/strong><\/p>\n<ul>\n<li><strong>Partida: <\/strong>todos os dias<\/li>\n<li><strong style=\"font-size: 16px;\">Dura\u00e7\u00e3o: <\/strong><span style=\"font-size: 16px;\">dia inteiro<\/span><\/li>\n<li><strong><span style=\"color: #ff0000;\">A entrada para Machu Picchu depender\u00e1 da disponibilidade no momento da reserva, podendo ser para o<\/span> Circuito 1, Circuito 2 ou Circuito 3.<\/strong><\/li>\n<\/ul>\n","protected":false},"featured_media":2681,"template":"","meta":{"site-sidebar-layout":"default","site-content-layout":"default","ast-site-content-layout":"default","site-content-style":"default","site-sidebar-style":"default","ast-global-header-display":"","ast-banner-title-visibility":"","ast-main-header-display":"","ast-hfb-above-header-display":"","ast-hfb-below-header-display":"","ast-hfb-mobile-header-display":"","site-post-title":"","ast-breadcrumbs-content":"","ast-featured-img":"","footer-sml-layout":"","ast-disable-related-posts":"","theme-transparent-header-meta":"default","adv-header-id-meta":"","stick-header-meta":"default","header-above-stick-meta":"","header-main-stick-meta":"","header-below-stick-meta":"","astra-migrate-meta-layouts":"set","ast-page-background-enabled":"default","ast-page-background-meta":{"desktop":{"background-color":"var(--ast-global-color-4)","background-image":"","background-repeat":"repeat","background-position":"center center","background-size":"auto","background-attachment":"scroll","background-type":"","background-media":"","overlay-type":"","overlay-color":"","overlay-opacity":"","overlay-gradient":""},"tablet":{"background-color":"","background-image":"","background-repeat":"repeat","background-position":"center center","background-size":"auto","background-attachment":"scroll","background-type":"","background-media":"","overlay-type":"","overlay-color":"","overlay-opacity":"","overlay-gradient":""},"mobile":{"background-color":"","background-image":"","background-repeat":"repeat","background-position":"center center","background-size":"auto","background-attachment":"scroll","background-type":"","background-media":"","overlay-type":"","overlay-color":"","overlay-opacity":"","overlay-gradient":""}},"ast-content-background-meta":{"desktop":{"background-color":"var(--ast-global-color-5)","background-image":"","background-repeat":"repeat","background-position":"center center","background-size":"auto","background-attachment":"scroll","background-type":"","background-media":"","overlay-type":"","overlay-color":"","overlay-opacity":"","overlay-gradient":""},"tablet":{"background-color":"var(--ast-global-color-5)","background-image":"","background-repeat":"repeat","background-position":"center center","background-size":"auto","background-attachment":"scroll","background-type":"","background-media":"","overlay-type":"","overlay-color":"","overlay-opacity":"","overlay-gradient":""},"mobile":{"background-color":"var(--ast-global-color-5)","background-image":"","background-repeat":"repeat","background-position":"center center","background-size":"auto","background-attachment":"scroll","background-type":"","background-media":"","overlay-type":"","overlay-color":"","overlay-opacity":"","overlay-gradient":""}},"_joinchat":[]},"product_brand":[],"product_cat":[62],"product_tag":[],"class_list":{"0":"post-2690","1":"product","2":"type-product","3":"status-publish","4":"has-post-thumbnail","6":"product_cat-cusco-packages-pt-pt","7":"desktop-align-center","8":"tablet-align-center","9":"mobile-align-center","10":"ast-product-gallery-layout-horizontal-slider","11":"ast-product-gallery-with-no-image","12":"ast-product-tabs-layout-horizontal","14":"first","15":"instock","16":"shipping-taxable","17":"purchasable","18":"product-type-simple"},"_links":{"self":[{"href":"https:\/\/www.pvtravels.com\/pt-pt\/wp-json\/wp\/v2\/product\/2690","targetHints":{"allow":["GET"]}}],"collection":[{"href":"https:\/\/www.pvtravels.com\/pt-pt\/wp-json\/wp\/v2\/product"}],"about":[{"href":"https:\/\/www.pvtravels.com\/pt-pt\/wp-json\/wp\/v2\/types\/product"}],"version-history":[{"count":5,"href":"https:\/\/www.pvtravels.com\/pt-pt\/wp-json\/wp\/v2\/product\/2690\/revisions"}],"predecessor-version":[{"id":6624,"href":"https:\/\/www.pvtravels.com\/pt-pt\/wp-json\/wp\/v2\/product\/2690\/revisions\/6624"}],"wp:featuredmedia":[{"embeddable":true,"href":"https:\/\/www.pvtravels.com\/pt-pt\/wp-json\/wp\/v2\/media\/2681"}],"wp:attachment":[{"href":"https:\/\/www.pvtravels.com\/pt-pt\/wp-json\/wp\/v2\/media?parent=2690"}],"wp:term":[{"taxonomy":"product_brand","embeddable":true,"href":"https:\/\/www.pvtravels.com\/pt-pt\/wp-json\/wp\/v2\/product_brand?post=2690"},{"taxonomy":"product_cat","embeddable":true,"href":"https:\/\/www.pvtravels.com\/pt-pt\/wp-json\/wp\/v2\/product_cat?post=2690"},{"taxonomy":"product_tag","embeddable":true,"href":"https:\/\/www.pvtravels.com\/pt-pt\/wp-json\/wp\/v2\/product_tag?post=2690"}],"curies":[{"name":"wp","href":"https:\/\/api.w.org\/{rel}","templated":true}]}}