{"id":2356,"date":"2021-12-22T09:46:58","date_gmt":"2021-12-22T14:46:58","guid":{"rendered":"https:\/\/www.pvtravels.com\/tour\/sem%20categoria\/lima-paracas-nazca-3d-2n\/"},"modified":"2025-02-12T16:41:01","modified_gmt":"2025-02-12T21:41:01","slug":"lima-paracas-nazca-3d-2n","status":"publish","type":"product","link":"https:\/\/www.pvtravels.com\/pt-pt\/tour\/lima-nazca-paracas-ica-pt-pt\/pacotes\/lima-paracas-nazca-3d-2n\/","title":{"rendered":"Lima \u2013 Paracas \u2013 Nazca 3D\/2N"},"content":{"rendered":"\t\t<div data-elementor-type=\"product-post\" data-elementor-id=\"2356\" class=\"elementor elementor-2356 elementor-2262\" data-elementor-post-type=\"product\">\n\t\t\t\t\t\t<section class=\"elementor-section elementor-top-section elementor-element elementor-element-def0144 elementor-section-boxed elementor-section-height-default elementor-section-height-default\" data-id=\"def0144\" data-element_type=\"section\" data-e-type=\"section\">\n\t\t\t\t\t\t<div class=\"elementor-container elementor-column-gap-default\">\n\t\t\t\t\t<div class=\"elementor-column elementor-col-100 elementor-top-column elementor-element elementor-element-d8b72b6\" data-id=\"d8b72b6\" data-element_type=\"column\" data-e-type=\"column\">\n\t\t\t<div class=\"elementor-widget-wrap elementor-element-populated\">\n\t\t\t\t\t\t<div class=\"elementor-element elementor-element-53cf38a elementor-widget elementor-widget-heading\" data-id=\"53cf38a\" data-element_type=\"widget\" data-e-type=\"widget\" data-widget_type=\"heading.default\">\n\t\t\t\t<div class=\"elementor-widget-container\">\n\t\t\t\t\t<h3 class=\"elementor-heading-title elementor-size-default\">Itiner\u00e1rio:<\/h3>\t\t\t\t<\/div>\n\t\t\t\t<\/div>\n\t\t\t\t<div class=\"elementor-element elementor-element-c82c2c8 elementor-widget elementor-widget-accordion\" data-id=\"c82c2c8\" data-element_type=\"widget\" data-e-type=\"widget\" data-widget_type=\"accordion.default\">\n\t\t\t\t<div class=\"elementor-widget-container\">\n\t\t\t\t\t\t\t<div class=\"elementor-accordion\">\n\t\t\t\t\t\t\t<div class=\"elementor-accordion-item\">\n\t\t\t\t\t<div id=\"elementor-tab-title-2091\" class=\"elementor-tab-title\" data-tab=\"1\" role=\"button\" aria-controls=\"elementor-tab-content-2091\" aria-expanded=\"false\">\n\t\t\t\t\t\t\t\t\t\t\t\t\t<span class=\"elementor-accordion-icon elementor-accordion-icon-left\" aria-hidden=\"true\">\n\t\t\t\t\t\t\t\t\t\t\t\t\t\t\t<span class=\"elementor-accordion-icon-closed\"><i class=\"fas fa-plus\"><\/i><\/span>\n\t\t\t\t\t\t\t\t<span class=\"elementor-accordion-icon-opened\"><i class=\"fas fa-minus\"><\/i><\/span>\n\t\t\t\t\t\t\t\t\t\t\t\t\t\t<\/span>\n\t\t\t\t\t\t\t\t\t\t\t\t<a class=\"elementor-accordion-title\" tabindex=\"0\">Dia 1: Lima - Chincha - Paracas<\/a>\n\t\t\t\t\t<\/div>\n\t\t\t\t\t<div id=\"elementor-tab-content-2091\" class=\"elementor-tab-content elementor-clearfix\" data-tab=\"1\" role=\"region\" aria-labelledby=\"elementor-tab-title-2091\"><p style=\"text-align: justify;\">Sa\u00edda de Lima entre 6h30 e 7h, do hotel em Lima (Miraflores, San Isidro ou Barranco). Se voc\u00ea estiver em uma acomoda\u00e7\u00e3o do Airbnb ou particular, envie-nos um e-mail e confirmaremos o local e o hor\u00e1rio exato de sa\u00edda (depende de onde voc\u00ea est\u00e1 hospedado!)<\/p><p style=\"text-align: justify;\">Faremos uma parada para o caf\u00e9 da manh\u00e3 (n\u00e3o incluso) entre 9h30 e 10h00 para o caf\u00e9 da manh\u00e3 no \u00fanico forno de p\u00e3o: o p\u00e3o mais fresco do Peru!<\/p><p style=\"text-align: justify;\">\u00c0s 12h faremos uma visita guiada aos t\u00faneis secretos da Hacienda San Jos\u00e9 e descobriremos os incr\u00edveis t\u00faneis secretos. Antes usados \u200b\u200bpara contrabandear escravos, esses t\u00faneis podem ser encontrados abaixo da hacienda, onde voc\u00ea tamb\u00e9m aprender\u00e1 sobre um lado mais sombrio da hist\u00f3ria peruana.<\/p><p style=\"text-align: justify;\">Por volta das 14h chegaremos \u00e0 bela cidadezinha de Paracas \u00e0 beira-mar.<\/p><p style=\"text-align: justify;\">Teremos o resto do dia livre para caminhar pela tranquila praia e desfrutar do lindo p\u00f4r do sol ou saborear alguns dos mais saborosos frutos do mar do Peru nesta pequena cidade \u00e0 beira-mar.<\/p><p style=\"text-align: justify;\">Pernoite em Paracas<\/p><\/div>\n\t\t\t\t<\/div>\n\t\t\t\t\t\t\t<div class=\"elementor-accordion-item\">\n\t\t\t\t\t<div id=\"elementor-tab-title-2092\" class=\"elementor-tab-title\" data-tab=\"2\" role=\"button\" aria-controls=\"elementor-tab-content-2092\" aria-expanded=\"false\">\n\t\t\t\t\t\t\t\t\t\t\t\t\t<span class=\"elementor-accordion-icon elementor-accordion-icon-left\" aria-hidden=\"true\">\n\t\t\t\t\t\t\t\t\t\t\t\t\t\t\t<span class=\"elementor-accordion-icon-closed\"><i class=\"fas fa-plus\"><\/i><\/span>\n\t\t\t\t\t\t\t\t<span class=\"elementor-accordion-icon-opened\"><i class=\"fas fa-minus\"><\/i><\/span>\n\t\t\t\t\t\t\t\t\t\t\t\t\t\t<\/span>\n\t\t\t\t\t\t\t\t\t\t\t\t<a class=\"elementor-accordion-title\" tabindex=\"0\">Dia 2: Paracas - Huacachina<\/a>\n\t\t\t\t\t<\/div>\n\t\t\t\t\t<div id=\"elementor-tab-content-2092\" class=\"elementor-tab-content elementor-clearfix\" data-tab=\"2\" role=\"region\" aria-labelledby=\"elementor-tab-title-2092\"><p style=\"text-align: justify;\">Ap\u00f3s o caf\u00e9 da manh\u00e3 no hotel, traslado ao porto de Paracas para iniciar nosso passeio de barco de 2 horas nas Ilhas Ballestas. As Ballestas s\u00e3o uma vers\u00e3o menor das Gal\u00e1pagos e t\u00e3o boas quanto. Voc\u00ea ver\u00e1 le\u00f5es marinhos, pinguins e muitos p\u00e1ssaros em seu habitat natural. Se voc\u00ea tiver sorte, poder\u00e1 at\u00e9 ver um ou tr\u00eas golfinhos!<\/p><p style=\"text-align: justify;\">\u00c0s 11h faremos nosso tour pela Reserva Nacional de Paracas, uma das maiores reservas des\u00e9rticas protegidas da Am\u00e9rica do Sul. Costa do Pac\u00edfico deslumbrante onde o deserto encontra o oceano.<\/p><p style=\"text-align: justify;\">Por volta das 13h sairemos de \u00f4nibus de Paracas para Huacachina, um pequeno o\u00e1sis natural localizado no deserto de Ica.<\/p><p style=\"text-align: justify;\">Onde teremos 2 horas de emocionantes passeios de buggy e sandboard: suba nos buggies e pratique sandboard nas maiores dunas da Am\u00e9rica do Sul. Uma experi\u00eancia \u00fanica no \u00fanico o\u00e1sis natural do deserto da Am\u00e9rica do Sul.<\/p><p style=\"text-align: justify;\">Pernoite em Huacachina.<\/p><\/div>\n\t\t\t\t<\/div>\n\t\t\t\t\t\t\t<div class=\"elementor-accordion-item\">\n\t\t\t\t\t<div id=\"elementor-tab-title-2093\" class=\"elementor-tab-title\" data-tab=\"3\" role=\"button\" aria-controls=\"elementor-tab-content-2093\" aria-expanded=\"false\">\n\t\t\t\t\t\t\t\t\t\t\t\t\t<span class=\"elementor-accordion-icon elementor-accordion-icon-left\" aria-hidden=\"true\">\n\t\t\t\t\t\t\t\t\t\t\t\t\t\t\t<span class=\"elementor-accordion-icon-closed\"><i class=\"fas fa-plus\"><\/i><\/span>\n\t\t\t\t\t\t\t\t<span class=\"elementor-accordion-icon-opened\"><i class=\"fas fa-minus\"><\/i><\/span>\n\t\t\t\t\t\t\t\t\t\t\t\t\t\t<\/span>\n\t\t\t\t\t\t\t\t\t\t\t\t<a class=\"elementor-accordion-title\" tabindex=\"0\">Dia 3: Huacachina - Nazca - Lima<\/a>\n\t\t\t\t\t<\/div>\n\t\t\t\t\t<div id=\"elementor-tab-content-2093\" class=\"elementor-tab-content elementor-clearfix\" data-tab=\"3\" role=\"region\" aria-labelledby=\"elementor-tab-title-2093\"><p style=\"text-align: justify;\">Ap\u00f3s o caf\u00e9 da manh\u00e3, \u00e0s 7h30, nos encontraremos no Hostel Wild Rover em Huacachina para iniciar nossa viagem \u00e0 cidade de Nazca. A viagem durar\u00e1 aproximadamente 3 horas.<\/p><p style=\"text-align: justify;\">Ap\u00f3s a chegada em Nazca, iremos ao aeroporto para iniciar nosso sobrevoo de 35 minutos. O Nazca Lines Tour \u00e9 uma Aventura Incr\u00edvel, na qual podes desfrutar da Adrenalina, os enormes desenhos gravados no deserto t\u00eam gerado um grande mist\u00e9rio nas pessoas.<\/p><p style=\"text-align: justify;\">Entre as 12h30 e as 15h00 teremos tempo livre em Nazca, para passear pela cidade deserta e descobrir alguns dos seus marcos como a Plaza de Armas!<\/p><p style=\"text-align: justify;\">Sairemos de Nazca de volta a Huacachina \u00e0s 15h00.<\/p><p style=\"text-align: justify;\">Voltaremos a Lima \u00e0s 19h com chegada aproximada \u00e0s 23h45. Traslado ao alojamento ou ponto de partida.<\/p><p style=\"text-align: justify;\">Fim dos nossos servi\u00e7os.<\/p><\/div>\n\t\t\t\t<\/div>\n\t\t\t\t\t\t\t\t<\/div>\n\t\t\t\t\t\t<\/div>\n\t\t\t\t<\/div>\n\t\t\t\t<div class=\"elementor-element elementor-element-5d10198 elementor-widget elementor-widget-text-editor\" data-id=\"5d10198\" data-element_type=\"widget\" data-e-type=\"widget\" data-widget_type=\"text-editor.default\">\n\t\t\t\t<div class=\"elementor-widget-container\">\n\t\t\t\t\t\t\t\t\t<h3><span style=\"color: #008000;\"><strong>O que est\u00e1 inclu\u00eddo:<\/strong><\/span><\/h3><ul><li>Traslado do alojamento em Miraflores, San Isidro ou Barranco<\/li><li>Transporte de ida e volta para Lima<\/li><li>Transporte de \u00f4nibus<\/li><li>Guia profissional em espanhol<\/li><li>Passeio \u00e0s Ilhas Ballestas em Paracas<\/li><li>Passeio \u00e0 Reserva Nacional de Paracas em Paracas<\/li><li>Dune Buggy e Sandboard em Huacachina<\/li><li>Tour pelos t\u00faneis secretos de escravos em Chincha<\/li><li>Voo para as Linhas de Nazca &#8211; N\u00c3O GUIADO<\/li><li>1 noite em Paracas<\/li><li>1 noite em Huacachina<\/li><li>Caf\u00e9 da Manh\u00e3 no Hotel<\/li><\/ul><h3><span style=\"color: #008000;\"><strong>N\u00e3o incluso:<\/strong><\/span><\/h3><ul><li>Refei\u00e7\u00f5es n\u00e3o especificadas no itiner\u00e1rio<\/li><li>Hospedagem em Lima<\/li><li>Taxa de aeroporto &#8211; 30 soles<\/li><\/ul><p>** O limite m\u00e1ximo de peso para o voo por pessoa \u00e9 de 95 quilos, um custo adicional de $ 80,00 ser\u00e1 adicionado se voc\u00ea exceder o limite de peso fornecido.<\/p><h3><span style=\"color: #008000;\"><strong>Lista recomendada:<\/strong><\/span><\/h3><ul><li>Lanches (frutas secas, biscoitos, doces, chocolates, etc.)<\/li><li>Sapatos de caminhada ou t\u00eanis<\/li><li>Chap\u00e9u ou bon\u00e9<\/li><li>Oculos escuros<\/li><li>Protetor solar<\/li><li>Produtos de higiene pessoal<\/li><li>C\u00e2meras de foto \/ v\u00eddeo e carregadores<\/li><li>Garrafa de agua<\/li><\/ul>\t\t\t\t\t\t\t\t<\/div>\n\t\t\t\t<\/div>\n\t\t\t\t\t<\/div>\n\t\t<\/div>\n\t\t\t\t\t<\/div>\n\t\t<\/section>\n\t\t\t\t<\/div>\n\t\t","protected":false},"excerpt":{"rendered":"<p><strong>C\u00d3DIGO:<\/strong> PVT-LT009<\/p>\n<ul>\n<li><strong>Sa\u00eddas: di\u00e1rias<\/strong><\/li>\n<li><strong>Dura\u00e7\u00e3o: 3 dias \/ 2 noites<\/strong><\/li>\n<\/ul>\n","protected":false},"featured_media":2124,"template":"","meta":{"site-sidebar-layout":"no-sidebar","site-content-layout":"page-builder","ast-site-content-layout":"full-width-container","site-content-style":"unboxed","site-sidebar-style":"unboxed","ast-global-header-display":"","ast-banner-title-visibility":"","ast-main-header-display":"","ast-hfb-above-header-display":"","ast-hfb-below-header-display":"","ast-hfb-mobile-header-display":"","site-post-title":"disabled","ast-breadcrumbs-content":"","ast-featured-img":"disabled","footer-sml-layout":"","ast-disable-related-posts":"","theme-transparent-header-meta":"default","adv-header-id-meta":"","stick-header-meta":"default","header-above-stick-meta":"","header-main-stick-meta":"","header-below-stick-meta":"","astra-migrate-meta-layouts":"set","ast-page-background-enabled":"default","ast-page-background-meta":{"desktop":{"background-color":"var(--ast-global-color-4)","background-image":"","background-repeat":"repeat","background-position":"center center","background-size":"auto","background-attachment":"scroll","background-type":"","background-media":"","overlay-type":"","overlay-color":"","overlay-opacity":"","overlay-gradient":""},"tablet":{"background-color":"","background-image":"","background-repeat":"repeat","background-position":"center center","background-size":"auto","background-attachment":"scroll","background-type":"","background-media":"","overlay-type":"","overlay-color":"","overlay-opacity":"","overlay-gradient":""},"mobile":{"background-color":"","background-image":"","background-repeat":"repeat","background-position":"center center","background-size":"auto","background-attachment":"scroll","background-type":"","background-media":"","overlay-type":"","overlay-color":"","overlay-opacity":"","overlay-gradient":""}},"ast-content-background-meta":{"desktop":{"background-color":"var(--ast-global-color-5)","background-image":"","background-repeat":"repeat","background-position":"center center","background-size":"auto","background-attachment":"scroll","background-type":"","background-media":"","overlay-type":"","overlay-color":"","overlay-opacity":"","overlay-gradient":""},"tablet":{"background-color":"var(--ast-global-color-5)","background-image":"","background-repeat":"repeat","background-position":"center center","background-size":"auto","background-attachment":"scroll","background-type":"","background-media":"","overlay-type":"","overlay-color":"","overlay-opacity":"","overlay-gradient":""},"mobile":{"background-color":"var(--ast-global-color-5)","background-image":"","background-repeat":"repeat","background-position":"center center","background-size":"auto","background-attachment":"scroll","background-type":"","background-media":"","overlay-type":"","overlay-color":"","overlay-opacity":"","overlay-gradient":""}},"_joinchat":[]},"product_brand":[],"product_cat":[148],"product_tag":[],"class_list":{"0":"post-2356","1":"product","2":"type-product","3":"status-publish","4":"has-post-thumbnail","6":"product_cat-pacotes","7":"desktop-align-center","8":"tablet-align-center","9":"mobile-align-center","10":"ast-product-gallery-layout-horizontal-slider","11":"ast-product-gallery-with-no-image","12":"ast-product-single-variable","13":"ast-product-tabs-layout-horizontal","15":"first","16":"instock","17":"shipping-taxable","18":"purchasable","19":"product-type-variable"},"_links":{"self":[{"href":"https:\/\/www.pvtravels.com\/pt-pt\/wp-json\/wp\/v2\/product\/2356","targetHints":{"allow":["GET"]}}],"collection":[{"href":"https:\/\/www.pvtravels.com\/pt-pt\/wp-json\/wp\/v2\/product"}],"about":[{"href":"https:\/\/www.pvtravels.com\/pt-pt\/wp-json\/wp\/v2\/types\/product"}],"version-history":[{"count":9,"href":"https:\/\/www.pvtravels.com\/pt-pt\/wp-json\/wp\/v2\/product\/2356\/revisions"}],"predecessor-version":[{"id":5858,"href":"https:\/\/www.pvtravels.com\/pt-pt\/wp-json\/wp\/v2\/product\/2356\/revisions\/5858"}],"wp:featuredmedia":[{"embeddable":true,"href":"https:\/\/www.pvtravels.com\/pt-pt\/wp-json\/wp\/v2\/media\/2124"}],"wp:attachment":[{"href":"https:\/\/www.pvtravels.com\/pt-pt\/wp-json\/wp\/v2\/media?parent=2356"}],"wp:term":[{"taxonomy":"product_brand","embeddable":true,"href":"https:\/\/www.pvtravels.com\/pt-pt\/wp-json\/wp\/v2\/product_brand?post=2356"},{"taxonomy":"product_cat","embeddable":true,"href":"https:\/\/www.pvtravels.com\/pt-pt\/wp-json\/wp\/v2\/product_cat?post=2356"},{"taxonomy":"product_tag","embeddable":true,"href":"https:\/\/www.pvtravels.com\/pt-pt\/wp-json\/wp\/v2\/product_tag?post=2356"}],"curies":[{"name":"wp","href":"https:\/\/api.w.org\/{rel}","templated":true}]}}