{"id":2336,"date":"2021-12-22T09:38:55","date_gmt":"2021-12-22T14:38:55","guid":{"rendered":"https:\/\/www.pvtravels.com\/tour\/sem%20categoria\/fullday-lima-paracas-huacahina\/"},"modified":"2022-02-01T14:51:36","modified_gmt":"2022-02-01T19:51:36","slug":"fullday-lima-paracas-huacahina","status":"publish","type":"product","link":"https:\/\/www.pvtravels.com\/pt-pt\/tour\/lima-nazca-paracas-ica-pt-pt\/pacotes\/fullday-lima-paracas-huacahina\/","title":{"rendered":"Fullday: Lima \u2013 Paracas &#8211; Huacahina"},"content":{"rendered":"<h3 style=\"text-align: justify;\"><span style=\"color: #008000;\"><strong>Itiner\u00e1rio:<\/strong><\/span><\/h3>\n<p style=\"text-align: justify;\">Sa\u00edda de Lima entre 5h30 e 6h, do hotel em Lima (Miraflores, San Isidro ou Barranco). Se voc\u00ea estiver em uma acomoda\u00e7\u00e3o do Airbnb ou particular, envie-nos um e-mail e confirmaremos o local e o hor\u00e1rio exato de sua busca (dependendo de onde voc\u00ea est\u00e1 hospedado!)<\/p>\n<p style=\"text-align: justify;\">Por volta das 09:30 estaremos chegando \u00e0 pequena e bela cidade de Paracas \u00e0 beira-mar. De onde come\u00e7aremos nosso passeio de barco de 2 horas nas Ilhas Ballestas. As Ballestas s\u00e3o uma vers\u00e3o menor das Gal\u00e1pagos e t\u00e3o boas quanto. Voc\u00ea ver\u00e1 le\u00f5es marinhos, pinguins e muitos p\u00e1ssaros em seu habitat natural. Se voc\u00ea tiver sorte, poder\u00e1 at\u00e9 ver um ou tr\u00eas golfinhos!<\/p>\n<p style=\"text-align: justify;\">\u00c0s 13 horas nosso \u00f4nibus sair\u00e1 diretamente de Paracas para Huacachina, um pequeno o\u00e1sis natural localizado no deserto de Ica.<\/p>\n<p style=\"text-align: justify;\">Chegaremos por volta das 15h30, onde teremos tempo livre para explorar e almo\u00e7ar em um dos restaurantes locais ao redor do o\u00e1sis.<\/p>\n<p style=\"text-align: justify;\">\u00c0s 16h come\u00e7aremos nosso tour de 2 horas de emocionantes passeios de buggy e sandboard: embarque nos buggies e pratique sandboard nas maiores dunas da Am\u00e9rica do Sul. Uma experi\u00eancia \u00fanica no \u00fanico o\u00e1sis natural do deserto da Am\u00e9rica do Sul.<\/p>\n<p style=\"text-align: justify;\">Voltaremos a Lima \u00e0s 19h com chegada aproximada \u00e0s 23h45. Traslado ao alojamento ou ponto de partida.<\/p>\n<p style=\"text-align: justify;\">Fim dos nossos servi\u00e7os.<\/p>\n<h3><span style=\"color: #008000;\"><strong>O que est\u00e1 inclu\u00eddo:<\/strong><\/span><\/h3>\n<ul>\n<li>Traslado do alojamento em Miraflores, San Isidro ou Barranco<\/li>\n<li>Transporte de ida e volta para Lima<\/li>\n<li>Transporte de \u00f4nibus<\/li>\n<li>Guia profissional em espanhol<\/li>\n<li>Ingressos e taxas para todos os destinos<\/li>\n<li>Passeio \u00e0s Ilhas Ballestas em Paracas<\/li>\n<li>Dune Buggy e Sandboard em Huacachina<\/li>\n<\/ul>\n<h3><span style=\"color: #008000;\"><strong>N\u00e3o incluso:<\/strong><\/span><\/h3>\n<ul>\n<li>Refei\u00e7\u00f5es n\u00e3o especificadas no itiner\u00e1rio<\/li>\n<li>Alojamento<\/li>\n<\/ul>\n<h3><span style=\"color: #008000;\"><strong>Lista recomendada<\/strong><\/span><\/h3>\n<ul>\n<li>Lanches (frutas secas, biscoitos, doces, chocolates, etc.)<\/li>\n<li>Sapatos de caminhada ou t\u00eanis<\/li>\n<li>Chap\u00e9u ou bon\u00e9<\/li>\n<li>Oculos escuros<\/li>\n<li>Protetor solar<\/li>\n<li>Produtos de higiene pessoal<\/li>\n<li>C\u00e2meras de foto \/ v\u00eddeo e carregadores<\/li>\n<li>Garrafa de agua<\/li>\n<\/ul>\n","protected":false},"excerpt":{"rendered":"<p><strong>C\u00d3DIGO:<\/strong> PVT-LT007<\/p>\n<ul>\n<li><strong>Sa\u00eddas: di\u00e1rias<\/strong><\/li>\n<li><strong>Dura\u00e7\u00e3o: Dia inteiro, chegada em Lima por volta das 23h<\/strong><\/li>\n<\/ul>\n","protected":false},"featured_media":3374,"template":"","meta":{"site-sidebar-layout":"default","site-content-layout":"default","ast-site-content-layout":"default","site-content-style":"default","site-sidebar-style":"default","ast-global-header-display":"","ast-banner-title-visibility":"","ast-main-header-display":"","ast-hfb-above-header-display":"","ast-hfb-below-header-display":"","ast-hfb-mobile-header-display":"","site-post-title":"","ast-breadcrumbs-content":"","ast-featured-img":"","footer-sml-layout":"","ast-disable-related-posts":"","theme-transparent-header-meta":"default","adv-header-id-meta":"","stick-header-meta":"default","header-above-stick-meta":"","header-main-stick-meta":"","header-below-stick-meta":"","astra-migrate-meta-layouts":"default","ast-page-background-enabled":"default","ast-page-background-meta":{"desktop":{"background-color":"var(--ast-global-color-4)","background-image":"","background-repeat":"repeat","background-position":"center center","background-size":"auto","background-attachment":"scroll","background-type":"","background-media":"","overlay-type":"","overlay-color":"","overlay-opacity":"","overlay-gradient":""},"tablet":{"background-color":"","background-image":"","background-repeat":"repeat","background-position":"center center","background-size":"auto","background-attachment":"scroll","background-type":"","background-media":"","overlay-type":"","overlay-color":"","overlay-opacity":"","overlay-gradient":""},"mobile":{"background-color":"","background-image":"","background-repeat":"repeat","background-position":"center center","background-size":"auto","background-attachment":"scroll","background-type":"","background-media":"","overlay-type":"","overlay-color":"","overlay-opacity":"","overlay-gradient":""}},"ast-content-background-meta":{"desktop":{"background-color":"var(--ast-global-color-5)","background-image":"","background-repeat":"repeat","background-position":"center center","background-size":"auto","background-attachment":"scroll","background-type":"","background-media":"","overlay-type":"","overlay-color":"","overlay-opacity":"","overlay-gradient":""},"tablet":{"background-color":"var(--ast-global-color-5)","background-image":"","background-repeat":"repeat","background-position":"center center","background-size":"auto","background-attachment":"scroll","background-type":"","background-media":"","overlay-type":"","overlay-color":"","overlay-opacity":"","overlay-gradient":""},"mobile":{"background-color":"var(--ast-global-color-5)","background-image":"","background-repeat":"repeat","background-position":"center center","background-size":"auto","background-attachment":"scroll","background-type":"","background-media":"","overlay-type":"","overlay-color":"","overlay-opacity":"","overlay-gradient":""}},"_joinchat":[]},"product_brand":[],"product_cat":[148],"product_tag":[],"class_list":{"0":"post-2336","1":"product","2":"type-product","3":"status-publish","4":"has-post-thumbnail","6":"product_cat-pacotes","7":"desktop-align-center","8":"tablet-align-center","9":"mobile-align-center","10":"ast-product-gallery-layout-horizontal-slider","11":"ast-product-gallery-with-no-image","12":"ast-product-tabs-layout-horizontal","14":"first","15":"instock","16":"shipping-taxable","17":"purchasable","18":"product-type-simple"},"_links":{"self":[{"href":"https:\/\/www.pvtravels.com\/pt-pt\/wp-json\/wp\/v2\/product\/2336","targetHints":{"allow":["GET"]}}],"collection":[{"href":"https:\/\/www.pvtravels.com\/pt-pt\/wp-json\/wp\/v2\/product"}],"about":[{"href":"https:\/\/www.pvtravels.com\/pt-pt\/wp-json\/wp\/v2\/types\/product"}],"version-history":[{"count":4,"href":"https:\/\/www.pvtravels.com\/pt-pt\/wp-json\/wp\/v2\/product\/2336\/revisions"}],"predecessor-version":[{"id":3199,"href":"https:\/\/www.pvtravels.com\/pt-pt\/wp-json\/wp\/v2\/product\/2336\/revisions\/3199"}],"wp:featuredmedia":[{"embeddable":true,"href":"https:\/\/www.pvtravels.com\/pt-pt\/wp-json\/wp\/v2\/media\/3374"}],"wp:attachment":[{"href":"https:\/\/www.pvtravels.com\/pt-pt\/wp-json\/wp\/v2\/media?parent=2336"}],"wp:term":[{"taxonomy":"product_brand","embeddable":true,"href":"https:\/\/www.pvtravels.com\/pt-pt\/wp-json\/wp\/v2\/product_brand?post=2336"},{"taxonomy":"product_cat","embeddable":true,"href":"https:\/\/www.pvtravels.com\/pt-pt\/wp-json\/wp\/v2\/product_cat?post=2336"},{"taxonomy":"product_tag","embeddable":true,"href":"https:\/\/www.pvtravels.com\/pt-pt\/wp-json\/wp\/v2\/product_tag?post=2336"}],"curies":[{"name":"wp","href":"https:\/\/api.w.org\/{rel}","templated":true}]}}