{"id":2147,"date":"2021-12-21T16:35:29","date_gmt":"2021-12-21T21:35:29","guid":{"rendered":"https:\/\/www.pvtravels.com\/tour\/sem%20categoria\/centro-cerimonial-de-cahuachi\/"},"modified":"2022-02-01T14:59:51","modified_gmt":"2022-02-01T19:59:51","slug":"centro-cerimonial-de-cahuachi","status":"publish","type":"product","link":"https:\/\/www.pvtravels.com\/pt-pt\/tour\/lima-nazca-paracas-ica-pt-pt\/nazca-pt-pt\/centro-cerimonial-de-cahuachi\/","title":{"rendered":"Centro Cerimonial de Cahuachi"},"content":{"rendered":"<h3 style=\"text-align: justify;\"><span style=\"color: #008000;\"><strong>Itiner\u00e1rio:<\/strong><\/span><\/h3>\n<p style=\"text-align: justify;\">O centro cerimonial de Cahuachi tem uma grande import\u00e2ncia, pois foi ali que a antiga cultura de Nazca se desenvolveu. H\u00e1 muitas evid\u00eancias que indicam que os construtores das Linhas de Nazca oraram em Cahuachi, todas essas evid\u00eancias s\u00e3o apoiadas pela grande variedade de artefatos e vest\u00edgios encontrados em Cahuachi incluem caba\u00e7as gravadas com desenhos abstratos e relacionados \u00e0 natureza, t\u00eaxteis e cer\u00e2micas da civiliza\u00e7\u00e3o nazca, t\u00eaxteis, instrumentos musicais, bem como os restos de uma crian\u00e7a sacrificada e dezenas de locais de enterro contendo m\u00famias que datam de 2000 anos atr\u00e1s.<\/p>\n<p style=\"text-align: justify;\">Voc\u00ea ser\u00e1 pego em seu hotel em Nazca e levado para um passeio tur\u00edstico por Cahuachi. Um guia bil\u00edngue (ingl\u00eas \/ espanhol) ir\u00e1 acompanh\u00e1-lo nesta excurs\u00e3o.<\/p>\n<p style=\"text-align: justify;\">Dirigiremos nossa excurs\u00e3o para o oeste de Nazca em dire\u00e7\u00e3o \u00e0 parte inferior do vale de Nazca e passaremos por campos agr\u00edcolas e maravilhosas paisagens des\u00e9rticas e, eventualmente, antes de chegarmos \u00e0s ru\u00ednas de Cahuachi, pararemos em uma \u00e1rvore de Huarango duzentos anos de idade. Aprendemos sobre o qu\u00e3o \u00fatil era esta \u00e1rvore nesta civiliza\u00e7\u00e3o. Depois de seguirmos um pouco mais, nos depararemos com muitos fragmentos antigos de cer\u00e2mica e restos humanos.<\/p>\n<p style=\"text-align: justify;\">Chegando ao Cahuachi, nosso guia local nos mostrar\u00e1 os setores mais importantes de Cahuachi, como a Grande Pir\u00e2mide, o Templo Degrau e os muitos outros setores que constituem as principais atra\u00e7\u00f5es de Cahuachi.<\/p>\n<p style=\"text-align: justify;\">No final do passeio, voc\u00ea ser\u00e1 retirado seu hotel em Nazca.<\/p>\n<h3><span style=\"color: #008000;\"><strong>O que est\u00e1 inclu\u00eddo:<\/strong><\/span><\/h3>\n<ul>\n<li>Traslado ida\/retorno do hotel em Nazca<\/li>\n<li>Guia de Ingl\u00eas ou Espanhol<\/li>\n<li>Entrada<\/li>\n<li><span style=\"color: #008000;\">Transporte<\/span><\/li>\n<\/ul>\n<h3><span style=\"color: #008000;\"><strong>N\u00e3o incluso:<\/strong><\/span><\/h3>\n<ul>\n<li>Refei\u00e7\u00f5es n\u00e3o especificadas no itiner\u00e1rio<\/li>\n<li>Acomoda\u00e7\u00f5es<\/li>\n<\/ul>\n<h3><span style=\"color: #008000;\"><strong>Lista recomendada<\/strong><\/span><\/h3>\n<ul>\n<li>Lanches<\/li>\n<li>Sapatos de caminhada ou t\u00eanis<\/li>\n<li>Chap\u00e9u ou bon\u00e9<\/li>\n<li>\u00d3culos de sol<\/li>\n<li>Protetor solar<\/li>\n<li>Artigos de toalete<\/li>\n<li>C\u00e2meras fotogr\u00e1ficas \/ de v\u00eddeo e carregadores<\/li>\n<li>Garrafa de agua<\/li>\n<\/ul>\n","protected":false},"excerpt":{"rendered":"<p><strong>C\u00d3DIGO: <\/strong>PVT-NT003<\/p>\n<ul>\n<li><strong>Partidas: Di\u00e1rias<\/strong><\/li>\n<li><strong>Dura\u00e7\u00e3o: Aproximadamente 2 horas<\/strong><\/li>\n<\/ul>\n","protected":false},"featured_media":2134,"template":"","meta":{"site-sidebar-layout":"default","site-content-layout":"default","ast-site-content-layout":"default","site-content-style":"default","site-sidebar-style":"default","ast-global-header-display":"","ast-banner-title-visibility":"","ast-main-header-display":"","ast-hfb-above-header-display":"","ast-hfb-below-header-display":"","ast-hfb-mobile-header-display":"","site-post-title":"","ast-breadcrumbs-content":"","ast-featured-img":"","footer-sml-layout":"","ast-disable-related-posts":"","theme-transparent-header-meta":"default","adv-header-id-meta":"","stick-header-meta":"default","header-above-stick-meta":"","header-main-stick-meta":"","header-below-stick-meta":"","astra-migrate-meta-layouts":"default","ast-page-background-enabled":"default","ast-page-background-meta":{"desktop":{"background-color":"var(--ast-global-color-4)","background-image":"","background-repeat":"repeat","background-position":"center center","background-size":"auto","background-attachment":"scroll","background-type":"","background-media":"","overlay-type":"","overlay-color":"","overlay-opacity":"","overlay-gradient":""},"tablet":{"background-color":"","background-image":"","background-repeat":"repeat","background-position":"center center","background-size":"auto","background-attachment":"scroll","background-type":"","background-media":"","overlay-type":"","overlay-color":"","overlay-opacity":"","overlay-gradient":""},"mobile":{"background-color":"","background-image":"","background-repeat":"repeat","background-position":"center center","background-size":"auto","background-attachment":"scroll","background-type":"","background-media":"","overlay-type":"","overlay-color":"","overlay-opacity":"","overlay-gradient":""}},"ast-content-background-meta":{"desktop":{"background-color":"var(--ast-global-color-5)","background-image":"","background-repeat":"repeat","background-position":"center center","background-size":"auto","background-attachment":"scroll","background-type":"","background-media":"","overlay-type":"","overlay-color":"","overlay-opacity":"","overlay-gradient":""},"tablet":{"background-color":"var(--ast-global-color-5)","background-image":"","background-repeat":"repeat","background-position":"center center","background-size":"auto","background-attachment":"scroll","background-type":"","background-media":"","overlay-type":"","overlay-color":"","overlay-opacity":"","overlay-gradient":""},"mobile":{"background-color":"var(--ast-global-color-5)","background-image":"","background-repeat":"repeat","background-position":"center center","background-size":"auto","background-attachment":"scroll","background-type":"","background-media":"","overlay-type":"","overlay-color":"","overlay-opacity":"","overlay-gradient":""}},"_joinchat":[]},"product_brand":[],"product_cat":[101],"product_tag":[],"class_list":{"0":"post-2147","1":"product","2":"type-product","3":"status-publish","4":"has-post-thumbnail","6":"product_cat-nazca-pt-pt","7":"desktop-align-center","8":"tablet-align-center","9":"mobile-align-center","10":"ast-product-gallery-layout-horizontal-slider","11":"ast-product-gallery-with-no-image","12":"ast-product-tabs-layout-horizontal","14":"first","15":"instock","16":"shipping-taxable","17":"purchasable","18":"product-type-simple"},"_links":{"self":[{"href":"https:\/\/www.pvtravels.com\/pt-pt\/wp-json\/wp\/v2\/product\/2147","targetHints":{"allow":["GET"]}}],"collection":[{"href":"https:\/\/www.pvtravels.com\/pt-pt\/wp-json\/wp\/v2\/product"}],"about":[{"href":"https:\/\/www.pvtravels.com\/pt-pt\/wp-json\/wp\/v2\/types\/product"}],"version-history":[{"count":3,"href":"https:\/\/www.pvtravels.com\/pt-pt\/wp-json\/wp\/v2\/product\/2147\/revisions"}],"predecessor-version":[{"id":3207,"href":"https:\/\/www.pvtravels.com\/pt-pt\/wp-json\/wp\/v2\/product\/2147\/revisions\/3207"}],"wp:featuredmedia":[{"embeddable":true,"href":"https:\/\/www.pvtravels.com\/pt-pt\/wp-json\/wp\/v2\/media\/2134"}],"wp:attachment":[{"href":"https:\/\/www.pvtravels.com\/pt-pt\/wp-json\/wp\/v2\/media?parent=2147"}],"wp:term":[{"taxonomy":"product_brand","embeddable":true,"href":"https:\/\/www.pvtravels.com\/pt-pt\/wp-json\/wp\/v2\/product_brand?post=2147"},{"taxonomy":"product_cat","embeddable":true,"href":"https:\/\/www.pvtravels.com\/pt-pt\/wp-json\/wp\/v2\/product_cat?post=2147"},{"taxonomy":"product_tag","embeddable":true,"href":"https:\/\/www.pvtravels.com\/pt-pt\/wp-json\/wp\/v2\/product_tag?post=2147"}],"curies":[{"name":"wp","href":"https:\/\/api.w.org\/{rel}","templated":true}]}}