{"id":2145,"date":"2021-12-21T16:33:39","date_gmt":"2021-12-21T21:33:39","guid":{"rendered":"https:\/\/www.pvtravels.com\/tour\/sem%20categoria\/cemiterio-de-chauchilla\/"},"modified":"2022-02-01T15:00:52","modified_gmt":"2022-02-01T20:00:52","slug":"cemiterio-de-chauchilla","status":"publish","type":"product","link":"https:\/\/www.pvtravels.com\/pt-pt\/tour\/lima-nazca-paracas-ica-pt-pt\/nazca-pt-pt\/cemiterio-de-chauchilla\/","title":{"rendered":"Cemit\u00e9rio de Chauchilla"},"content":{"rendered":"<h3 style=\"text-align: justify;\"><span style=\"color: #008000;\"><strong>Itiner\u00e1rio:<\/strong><\/span><\/h3>\n<p style=\"text-align: justify;\">Voc\u00ea ser\u00e1 pego em seu hotel em Nazca e levado para um passeio tur\u00edstico pelo Cemit\u00e9rio Chauchilla. Um guia bil\u00edngue (ingl\u00eas \/ espanhol) ir\u00e1 acompanh\u00e1-lo nesta excurs\u00e3o.<\/p>\n<p style=\"text-align: justify;\">Vamos come\u00e7ar nosso tour primeiro fazendo uma parada no local onde um mestre artes\u00e3o nos dar\u00e1 uma boa explica\u00e7\u00e3o sobre a cer\u00e2mica Nazca para entender mais sobre a iconografia e tamb\u00e9m sobre como o antigo povo de Nazca fez olarias coloridas e bonitas.<\/p>\n<p style=\"text-align: justify;\">Continuando nosso passeio, nos dirigiremos para o sul de Nazca, seguindo a rota pan-americana por cerca de 21 quil\u00f4metros e, em seguida, faremos um desvio por uma estrada de 7 quil\u00f4metros que leva ao cemit\u00e9rio arqueol\u00f3gico de Chauchilla.<\/p>\n<p style=\"text-align: justify;\">No cemit\u00e9rio de Chauchilla, visitaremos v\u00e1rios t\u00famulos contendo fragmentos antigos de cer\u00e2mica e restos humanos. E tamb\u00e9m o nosso guia nos mostrar\u00e1 t\u00famulos onde as pessoas n\u00e3o foram para descobrir o que est\u00e3o l\u00e1.<\/p>\n<p style=\"text-align: justify;\">No final do passeio, voc\u00ea ser\u00e1 retirado seu hotel em Nazca.<\/p>\n<h3><span style=\"color: #008000;\"><strong>O que est\u00e1 inclu\u00eddo:<\/strong><\/span><\/h3>\n<ul>\n<li>Traslado ida\/retorno do hotel em Nazca<\/li>\n<li>Guia de Ingl\u00eas ou Espanhol<\/li>\n<li>Entrada para o cemit\u00e9rio de Chauchilla<\/li>\n<li>Transporte<\/li>\n<\/ul>\n<h3><span style=\"color: #008000;\"><strong>N\u00e3o incluso:<\/strong><\/span><\/h3>\n<ul>\n<li>Refei\u00e7\u00f5es n\u00e3o especificadas no itiner\u00e1rio<\/li>\n<li>Acomoda\u00e7\u00f5es<\/li>\n<\/ul>\n<h3><span style=\"color: #008000;\"><strong>Lista recomendada<\/strong><\/span><\/h3>\n<ul>\n<li>Lanches<\/li>\n<li>Sapatos de caminhada ou t\u00eanis<\/li>\n<li>Chap\u00e9u ou bon\u00e9<\/li>\n<li>\u00d3culos de sol<\/li>\n<li>Protetor solar<\/li>\n<li>Artigos de toalete<\/li>\n<li>C\u00e2meras fotogr\u00e1ficas \/ de v\u00eddeo e carregadores<\/li>\n<li>Garrafa de agua<\/li>\n<\/ul>\n","protected":false},"excerpt":{"rendered":"<p><strong>C\u00d3DIGO: <\/strong>PVT-NT002<\/p>\n<ul>\n<li><strong>Partidas: 7:00 \/ 15:00<\/strong><\/li>\n<li><strong>Dura\u00e7\u00e3o: Aproximadamente 3 horas<\/strong><\/li>\n<\/ul>\n","protected":false},"featured_media":3644,"template":"","meta":{"site-sidebar-layout":"default","site-content-layout":"default","ast-site-content-layout":"default","site-content-style":"default","site-sidebar-style":"default","ast-global-header-display":"","ast-banner-title-visibility":"","ast-main-header-display":"","ast-hfb-above-header-display":"","ast-hfb-below-header-display":"","ast-hfb-mobile-header-display":"","site-post-title":"","ast-breadcrumbs-content":"","ast-featured-img":"","footer-sml-layout":"","ast-disable-related-posts":"","theme-transparent-header-meta":"default","adv-header-id-meta":"","stick-header-meta":"default","header-above-stick-meta":"","header-main-stick-meta":"","header-below-stick-meta":"","astra-migrate-meta-layouts":"default","ast-page-background-enabled":"default","ast-page-background-meta":{"desktop":{"background-color":"var(--ast-global-color-4)","background-image":"","background-repeat":"repeat","background-position":"center center","background-size":"auto","background-attachment":"scroll","background-type":"","background-media":"","overlay-type":"","overlay-color":"","overlay-opacity":"","overlay-gradient":""},"tablet":{"background-color":"","background-image":"","background-repeat":"repeat","background-position":"center center","background-size":"auto","background-attachment":"scroll","background-type":"","background-media":"","overlay-type":"","overlay-color":"","overlay-opacity":"","overlay-gradient":""},"mobile":{"background-color":"","background-image":"","background-repeat":"repeat","background-position":"center center","background-size":"auto","background-attachment":"scroll","background-type":"","background-media":"","overlay-type":"","overlay-color":"","overlay-opacity":"","overlay-gradient":""}},"ast-content-background-meta":{"desktop":{"background-color":"var(--ast-global-color-5)","background-image":"","background-repeat":"repeat","background-position":"center center","background-size":"auto","background-attachment":"scroll","background-type":"","background-media":"","overlay-type":"","overlay-color":"","overlay-opacity":"","overlay-gradient":""},"tablet":{"background-color":"var(--ast-global-color-5)","background-image":"","background-repeat":"repeat","background-position":"center center","background-size":"auto","background-attachment":"scroll","background-type":"","background-media":"","overlay-type":"","overlay-color":"","overlay-opacity":"","overlay-gradient":""},"mobile":{"background-color":"var(--ast-global-color-5)","background-image":"","background-repeat":"repeat","background-position":"center center","background-size":"auto","background-attachment":"scroll","background-type":"","background-media":"","overlay-type":"","overlay-color":"","overlay-opacity":"","overlay-gradient":""}},"_joinchat":[]},"product_brand":[],"product_cat":[101],"product_tag":[],"class_list":{"0":"post-2145","1":"product","2":"type-product","3":"status-publish","4":"has-post-thumbnail","6":"product_cat-nazca-pt-pt","7":"desktop-align-center","8":"tablet-align-center","9":"mobile-align-center","10":"ast-product-gallery-layout-horizontal-slider","11":"ast-product-gallery-with-no-image","12":"ast-product-tabs-layout-horizontal","14":"first","15":"instock","16":"shipping-taxable","17":"purchasable","18":"product-type-simple"},"_links":{"self":[{"href":"https:\/\/www.pvtravels.com\/pt-pt\/wp-json\/wp\/v2\/product\/2145","targetHints":{"allow":["GET"]}}],"collection":[{"href":"https:\/\/www.pvtravels.com\/pt-pt\/wp-json\/wp\/v2\/product"}],"about":[{"href":"https:\/\/www.pvtravels.com\/pt-pt\/wp-json\/wp\/v2\/types\/product"}],"version-history":[{"count":2,"href":"https:\/\/www.pvtravels.com\/pt-pt\/wp-json\/wp\/v2\/product\/2145\/revisions"}],"predecessor-version":[{"id":3208,"href":"https:\/\/www.pvtravels.com\/pt-pt\/wp-json\/wp\/v2\/product\/2145\/revisions\/3208"}],"wp:featuredmedia":[{"embeddable":true,"href":"https:\/\/www.pvtravels.com\/pt-pt\/wp-json\/wp\/v2\/media\/3644"}],"wp:attachment":[{"href":"https:\/\/www.pvtravels.com\/pt-pt\/wp-json\/wp\/v2\/media?parent=2145"}],"wp:term":[{"taxonomy":"product_brand","embeddable":true,"href":"https:\/\/www.pvtravels.com\/pt-pt\/wp-json\/wp\/v2\/product_brand?post=2145"},{"taxonomy":"product_cat","embeddable":true,"href":"https:\/\/www.pvtravels.com\/pt-pt\/wp-json\/wp\/v2\/product_cat?post=2145"},{"taxonomy":"product_tag","embeddable":true,"href":"https:\/\/www.pvtravels.com\/pt-pt\/wp-json\/wp\/v2\/product_tag?post=2145"}],"curies":[{"name":"wp","href":"https:\/\/api.w.org\/{rel}","templated":true}]}}