{"id":2087,"date":"2021-12-21T15:39:31","date_gmt":"2021-12-21T20:39:31","guid":{"rendered":"https:\/\/www.pvtravels.com\/tour\/sem%20categoria\/city-tour-ica\/"},"modified":"2022-02-01T15:08:32","modified_gmt":"2022-02-01T20:08:32","slug":"city-tour-ica","status":"publish","type":"product","link":"https:\/\/www.pvtravels.com\/pt-pt\/tour\/lima-nazca-paracas-ica-pt-pt\/ica-pt-pt\/city-tour-ica\/","title":{"rendered":"City Tour Ica"},"content":{"rendered":"<h3 style=\"text-align: justify;\"><span style=\"color: #008000;\"><strong>Itiner\u00e1rio:<\/strong><\/span><\/h3>\n<p style=\"text-align: justify;\">N\u00f3s exploramos as rel\u00edquias das grandes civiliza\u00e7\u00f5es que floresceram na areia e no mar, o\u00e1sis e vales. Ica, degustando seu famoso conhaque de Pisco, e conhecer sua hist\u00f3ria colonial e a religiosidade popular que a popula\u00e7\u00e3o dedica ao patrono da cidade, Lorde de Luren.<\/p>\n<p style=\"text-align: justify;\">Nossa visita inclui a Laguna de Huacachina, que oferece paisagens muito bonitas, porque \u00e9 um pequeno lago localizado no meio do deserto, rodeado por palmeiras, dunas de areia e alfarrobeiras ou huarangos, bem como belas casas que est\u00e3o em suas margens que fazem \u00e9 um espet\u00e1culo verdadeiramente \u00fanico.<\/p>\n<p style=\"text-align: justify;\">Vin\u00edcola artesanal ou industrial, tradi\u00e7\u00e3o que produz pisco de alta qualidade, um produto de nossas uvas que adquirem uma peculiaridade devido ao seu clima e solo onde s\u00e3o cultivados, adquirindo um equil\u00edbrio perfeito. Visite a cidade e a Plaza de Armas, onde veremos as casas antigas que est\u00e3o localizadas ao redor da pra\u00e7a.<\/p>\n<h3><span style=\"color: #008000;\"><strong>O que est\u00e1 inclu\u00eddo:<\/strong><\/span><\/h3>\n<ul>\n<li>Traslado do hotel em Ica<\/li>\n<li>Transporte Privado<\/li>\n<li>Guia Profissional Bil\u00edng\u00fce<\/li>\n<li>Degusta\u00e7\u00e3o De Pisco E Vinho<\/li>\n<li>Traslado ao hotel em Ica<\/li>\n<\/ul>\n<h3><span style=\"color: #008000;\"><strong>N\u00e3o incluso:<\/strong><\/span><\/h3>\n<ul>\n<li>Refei\u00e7\u00f5es n\u00e3o especificadas no itiner\u00e1rio<\/li>\n<li>Alojamento<\/li>\n<\/ul>\n<h3><span style=\"color: #008000;\"><strong>Lista recomendada<\/strong><\/span><\/h3>\n<ul>\n<li>Lanches<\/li>\n<li>Sapatos de caminhada ou t\u00eanis<\/li>\n<li>Chap\u00e9u ou bon\u00e9<\/li>\n<li>\u00d3culos de sol<\/li>\n<li>Protetor solar<\/li>\n<li>Artigos de toalete<\/li>\n<li>C\u00e2meras fotogr\u00e1ficas \/ de v\u00eddeo e carregadores<\/li>\n<li>Garrafa de \u00e1gua<\/li>\n<\/ul>\n","protected":false},"excerpt":{"rendered":"<p><strong>C\u00d3DIGO: <\/strong>PVT-IT001<\/p>\n<ul>\n<li><strong>Salidas: diarias<\/strong><\/li>\n<li><strong>Dura\u00e7\u00e3o: aproximadamente 3 horas<\/strong><\/li>\n<\/ul>\n","protected":false},"featured_media":2066,"template":"","meta":{"site-sidebar-layout":"default","site-content-layout":"default","ast-site-content-layout":"default","site-content-style":"default","site-sidebar-style":"default","ast-global-header-display":"","ast-banner-title-visibility":"","ast-main-header-display":"","ast-hfb-above-header-display":"","ast-hfb-below-header-display":"","ast-hfb-mobile-header-display":"","site-post-title":"","ast-breadcrumbs-content":"","ast-featured-img":"","footer-sml-layout":"","ast-disable-related-posts":"","theme-transparent-header-meta":"default","adv-header-id-meta":"","stick-header-meta":"default","header-above-stick-meta":"","header-main-stick-meta":"","header-below-stick-meta":"","astra-migrate-meta-layouts":"default","ast-page-background-enabled":"default","ast-page-background-meta":{"desktop":{"background-color":"var(--ast-global-color-4)","background-image":"","background-repeat":"repeat","background-position":"center center","background-size":"auto","background-attachment":"scroll","background-type":"","background-media":"","overlay-type":"","overlay-color":"","overlay-opacity":"","overlay-gradient":""},"tablet":{"background-color":"","background-image":"","background-repeat":"repeat","background-position":"center center","background-size":"auto","background-attachment":"scroll","background-type":"","background-media":"","overlay-type":"","overlay-color":"","overlay-opacity":"","overlay-gradient":""},"mobile":{"background-color":"","background-image":"","background-repeat":"repeat","background-position":"center center","background-size":"auto","background-attachment":"scroll","background-type":"","background-media":"","overlay-type":"","overlay-color":"","overlay-opacity":"","overlay-gradient":""}},"ast-content-background-meta":{"desktop":{"background-color":"var(--ast-global-color-5)","background-image":"","background-repeat":"repeat","background-position":"center center","background-size":"auto","background-attachment":"scroll","background-type":"","background-media":"","overlay-type":"","overlay-color":"","overlay-opacity":"","overlay-gradient":""},"tablet":{"background-color":"var(--ast-global-color-5)","background-image":"","background-repeat":"repeat","background-position":"center center","background-size":"auto","background-attachment":"scroll","background-type":"","background-media":"","overlay-type":"","overlay-color":"","overlay-opacity":"","overlay-gradient":""},"mobile":{"background-color":"var(--ast-global-color-5)","background-image":"","background-repeat":"repeat","background-position":"center center","background-size":"auto","background-attachment":"scroll","background-type":"","background-media":"","overlay-type":"","overlay-color":"","overlay-opacity":"","overlay-gradient":""}},"_joinchat":[]},"product_brand":[],"product_cat":[103],"product_tag":[],"class_list":{"0":"post-2087","1":"product","2":"type-product","3":"status-publish","4":"has-post-thumbnail","6":"product_cat-ica-pt-pt","7":"desktop-align-center","8":"tablet-align-center","9":"mobile-align-center","10":"ast-product-gallery-layout-horizontal-slider","11":"ast-product-gallery-with-no-image","12":"ast-product-tabs-layout-horizontal","14":"first","15":"instock","16":"shipping-taxable","17":"purchasable","18":"product-type-simple"},"_links":{"self":[{"href":"https:\/\/www.pvtravels.com\/pt-pt\/wp-json\/wp\/v2\/product\/2087","targetHints":{"allow":["GET"]}}],"collection":[{"href":"https:\/\/www.pvtravels.com\/pt-pt\/wp-json\/wp\/v2\/product"}],"about":[{"href":"https:\/\/www.pvtravels.com\/pt-pt\/wp-json\/wp\/v2\/types\/product"}],"version-history":[{"count":2,"href":"https:\/\/www.pvtravels.com\/pt-pt\/wp-json\/wp\/v2\/product\/2087\/revisions"}],"predecessor-version":[{"id":3215,"href":"https:\/\/www.pvtravels.com\/pt-pt\/wp-json\/wp\/v2\/product\/2087\/revisions\/3215"}],"wp:featuredmedia":[{"embeddable":true,"href":"https:\/\/www.pvtravels.com\/pt-pt\/wp-json\/wp\/v2\/media\/2066"}],"wp:attachment":[{"href":"https:\/\/www.pvtravels.com\/pt-pt\/wp-json\/wp\/v2\/media?parent=2087"}],"wp:term":[{"taxonomy":"product_brand","embeddable":true,"href":"https:\/\/www.pvtravels.com\/pt-pt\/wp-json\/wp\/v2\/product_brand?post=2087"},{"taxonomy":"product_cat","embeddable":true,"href":"https:\/\/www.pvtravels.com\/pt-pt\/wp-json\/wp\/v2\/product_cat?post=2087"},{"taxonomy":"product_tag","embeddable":true,"href":"https:\/\/www.pvtravels.com\/pt-pt\/wp-json\/wp\/v2\/product_tag?post=2087"}],"curies":[{"name":"wp","href":"https:\/\/api.w.org\/{rel}","templated":true}]}}