{"id":1890,"date":"2021-12-21T11:04:52","date_gmt":"2021-12-21T16:04:52","guid":{"rendered":"https:\/\/www.pvtravels.com\/tour\/sem%20categoria\/rafting-rio-chilli\/"},"modified":"2022-02-01T15:19:12","modified_gmt":"2022-02-01T20:19:12","slug":"rafting-rio-chilli","status":"publish","type":"product","link":"https:\/\/www.pvtravels.com\/pt-pt\/tour\/arequipa-pt-pt\/arequipa-adventure-pt-pt\/rafting-rio-chilli\/","title":{"rendered":"Rafting \u2013 Rio Chilli"},"content":{"rendered":"<h3 style=\"text-align: justify;\"><span style=\"color: #008000;\"><strong>Itiner\u00e1rio:<\/strong><\/span><\/h3>\n<p style=\"text-align: justify;\">Traslado do alojamento em Arequipa e continuamos para trocar nossas roupas para o seu equipamento rio. Logo depois, vamos para o rio atrav\u00e9s da beleza do Vale do Chilina para o Santu\u00e1rio da Virgem de Chapi-Charcani, uma pequena igreja que faz fronteira com o rio Chili, onde come\u00e7a nosso passeio. Antes de entrar na \u00e1gua, nossos guias nos dar\u00e3o uma breve li\u00e7\u00e3o sobre seguran\u00e7a e resgate no rio, e tamb\u00e9m explicar\u00e3o o papel dos guias de rafting e do caiaque de seguran\u00e7a.<\/p>\n<p style=\"text-align: justify;\">A primeira se\u00e7\u00e3o de corredeiras \u00e9 de Classe II e \u00e9 \u00fatil para praticar t\u00e9cnica de remo e seguran\u00e7a fluvial. Em seguida, vamos executar uma emocionante se\u00e7\u00e3o de Classe III, onde certamente ficar\u00e1 um pouco molhado. A pr\u00f3xima se\u00e7\u00e3o \u00e9 a Classe IV, as corredeiras mais fortes que voc\u00ea encontrar\u00e1 (se voc\u00ea n\u00e3o estiver com vontade de enfrentar as corredeiras da Classe IV, voc\u00ea tem a op\u00e7\u00e3o de sair e caminhar a uma curta dist\u00e2ncia). Para a se\u00e7\u00e3o final da Classe III: quase todo mundo est\u00e1 disposto a participar das \u00e1guas bravas, mas, no entanto, voc\u00ea tamb\u00e9m pode sair e caminhar at\u00e9 o ponto final. Depois de uma emocionante excurs\u00e3o pelas corredeiras da Classe IV, pararemos para nadar e pular do penhasco que \u00e9 uma op\u00e7\u00e3o se voc\u00ea n\u00e3o se sentir molhado o suficiente. O \u00faltimo trecho de 15 minutos antes de sairmos do rio \u00e9 a Classe III com corredeiras consider\u00e1veis.<\/p>\n<p style=\"text-align: justify;\">Quando voc\u00ea sair do rio, voc\u00ea vai trocar seus equipamentos e faremos uma parada r\u00e1pida em nosso armaz\u00e9m para fazer um lanche (n\u00e3o incluso). Vamos lev\u00e1-lo de volta \u00e0 Plaza de Armas para aproveitar o resto do seu dia na cidade branca.<\/p>\n<p style=\"text-align: justify;\">Fim dos nossos servi\u00e7os!<\/p>\n<h3 style=\"text-align: justify;\"><span style=\"color: #008000;\"><strong>O que est\u00e1 inclu\u00eddo:<\/strong><\/span><\/h3>\n<ul style=\"text-align: justify;\">\n<li>Transfer\u00eancia de alojamento em Arequipa<\/li>\n<li>Guias profissionais bil\u00edngues.<\/li>\n<li>Kayaker de seguran\u00e7a<\/li>\n<li>Equipamento fluvial certificado (capacete, colete salva-vidas, roupa de mergulho, botas)<\/li>\n<\/ul>\n<h3 style=\"text-align: justify;\"><span style=\"color: #008000;\"><strong>N\u00e3o incluso:<\/strong><\/span><\/h3>\n<ul style=\"text-align: justify;\">\n<li>Refei\u00e7\u00f5es e bebidas n\u00e3o especificadas no itiner\u00e1rio<\/li>\n<li>Alojamento em Arequipa<\/li>\n<\/ul>\n<h3 style=\"text-align: justify;\"><span style=\"color: #008000;\"><strong>Lista recomendada:<\/strong><\/span><\/h3>\n<ul>\n<li style=\"text-align: justify;\">Protetor solar<\/li>\n<li style=\"text-align: justify;\">Lanches (frutas secas, biscoitos, doces, chocolates, etc.)<\/li>\n<li style=\"text-align: justify;\">Agua<\/li>\n<li style=\"text-align: justify;\">Conjunto completo de roupas secas<\/li>\n<li style=\"text-align: justify;\">Par de sand\u00e1lias ou t\u00eanis para o rio<\/li>\n<li style=\"text-align: justify;\">Toalha pequena<\/li>\n<li style=\"text-align: justify;\">Roupa de banho para usar debaixo<\/li>\n<\/ul>\n","protected":false},"excerpt":{"rendered":"<p><strong>C\u00d3DIGO: <\/strong>PVT-AA005<\/p>\n<ul>\n<li><strong>Partidas: diariamente &#8211; das 08:00 h \u00e0s 14:00 h<\/strong><\/li>\n<li><strong>Dura\u00e7\u00e3o: Aproximadamente 3 horas<\/strong><\/li>\n<\/ul>\n","protected":false},"featured_media":3429,"template":"","meta":{"site-sidebar-layout":"default","site-content-layout":"default","ast-site-content-layout":"default","site-content-style":"default","site-sidebar-style":"default","ast-global-header-display":"","ast-banner-title-visibility":"","ast-main-header-display":"","ast-hfb-above-header-display":"","ast-hfb-below-header-display":"","ast-hfb-mobile-header-display":"","site-post-title":"","ast-breadcrumbs-content":"","ast-featured-img":"","footer-sml-layout":"","ast-disable-related-posts":"","theme-transparent-header-meta":"default","adv-header-id-meta":"","stick-header-meta":"default","header-above-stick-meta":"","header-main-stick-meta":"","header-below-stick-meta":"","astra-migrate-meta-layouts":"default","ast-page-background-enabled":"default","ast-page-background-meta":{"desktop":{"background-color":"var(--ast-global-color-4)","background-image":"","background-repeat":"repeat","background-position":"center center","background-size":"auto","background-attachment":"scroll","background-type":"","background-media":"","overlay-type":"","overlay-color":"","overlay-opacity":"","overlay-gradient":""},"tablet":{"background-color":"","background-image":"","background-repeat":"repeat","background-position":"center center","background-size":"auto","background-attachment":"scroll","background-type":"","background-media":"","overlay-type":"","overlay-color":"","overlay-opacity":"","overlay-gradient":""},"mobile":{"background-color":"","background-image":"","background-repeat":"repeat","background-position":"center center","background-size":"auto","background-attachment":"scroll","background-type":"","background-media":"","overlay-type":"","overlay-color":"","overlay-opacity":"","overlay-gradient":""}},"ast-content-background-meta":{"desktop":{"background-color":"var(--ast-global-color-5)","background-image":"","background-repeat":"repeat","background-position":"center center","background-size":"auto","background-attachment":"scroll","background-type":"","background-media":"","overlay-type":"","overlay-color":"","overlay-opacity":"","overlay-gradient":""},"tablet":{"background-color":"var(--ast-global-color-5)","background-image":"","background-repeat":"repeat","background-position":"center center","background-size":"auto","background-attachment":"scroll","background-type":"","background-media":"","overlay-type":"","overlay-color":"","overlay-opacity":"","overlay-gradient":""},"mobile":{"background-color":"var(--ast-global-color-5)","background-image":"","background-repeat":"repeat","background-position":"center center","background-size":"auto","background-attachment":"scroll","background-type":"","background-media":"","overlay-type":"","overlay-color":"","overlay-opacity":"","overlay-gradient":""}},"_joinchat":[]},"product_brand":[],"product_cat":[91,94],"product_tag":[],"class_list":{"0":"post-1890","1":"product","2":"type-product","3":"status-publish","4":"has-post-thumbnail","6":"product_cat-arequipa-pt-pt","7":"product_cat-arequipa-adventure-pt-pt","8":"desktop-align-center","9":"tablet-align-center","10":"mobile-align-center","11":"ast-product-gallery-layout-horizontal-slider","12":"ast-product-gallery-with-no-image","13":"ast-product-tabs-layout-horizontal","15":"first","16":"instock","17":"shipping-taxable","18":"purchasable","19":"product-type-simple"},"_links":{"self":[{"href":"https:\/\/www.pvtravels.com\/pt-pt\/wp-json\/wp\/v2\/product\/1890","targetHints":{"allow":["GET"]}}],"collection":[{"href":"https:\/\/www.pvtravels.com\/pt-pt\/wp-json\/wp\/v2\/product"}],"about":[{"href":"https:\/\/www.pvtravels.com\/pt-pt\/wp-json\/wp\/v2\/types\/product"}],"version-history":[{"count":2,"href":"https:\/\/www.pvtravels.com\/pt-pt\/wp-json\/wp\/v2\/product\/1890\/revisions"}],"predecessor-version":[{"id":3227,"href":"https:\/\/www.pvtravels.com\/pt-pt\/wp-json\/wp\/v2\/product\/1890\/revisions\/3227"}],"wp:featuredmedia":[{"embeddable":true,"href":"https:\/\/www.pvtravels.com\/pt-pt\/wp-json\/wp\/v2\/media\/3429"}],"wp:attachment":[{"href":"https:\/\/www.pvtravels.com\/pt-pt\/wp-json\/wp\/v2\/media?parent=1890"}],"wp:term":[{"taxonomy":"product_brand","embeddable":true,"href":"https:\/\/www.pvtravels.com\/pt-pt\/wp-json\/wp\/v2\/product_brand?post=1890"},{"taxonomy":"product_cat","embeddable":true,"href":"https:\/\/www.pvtravels.com\/pt-pt\/wp-json\/wp\/v2\/product_cat?post=1890"},{"taxonomy":"product_tag","embeddable":true,"href":"https:\/\/www.pvtravels.com\/pt-pt\/wp-json\/wp\/v2\/product_tag?post=1890"}],"curies":[{"name":"wp","href":"https:\/\/api.w.org\/{rel}","templated":true}]}}