{"id":1887,"date":"2021-12-21T11:01:51","date_gmt":"2021-12-21T16:01:51","guid":{"rendered":"https:\/\/www.pvtravels.com\/tour\/sem%20categoria\/ciclismo-campina\/"},"modified":"2026-03-04T16:32:28","modified_gmt":"2026-03-04T21:32:28","slug":"bicicleta-pelo-vulcao-pichu-picchu","status":"publish","type":"product","link":"https:\/\/www.pvtravels.com\/pt-pt\/tour\/arequipa-pt-pt\/arequipa-adventure-pt-pt\/bicicleta-pelo-vulcao-pichu-picchu\/","title":{"rendered":"Bicicleta pelo vulc\u00e3o Pichu Picchu"},"content":{"rendered":"<h3 style=\"text-align: justify;\"><span style=\"color: #008000;\"><strong>Itiner\u00e1rio:<\/strong><\/span><\/h3>\n<p style=\"text-align: justify;\">O Picchu Picchu \u00e9 um vulc\u00e3o inativo e erodido nos Andes peruanos, com sete cumes; o mais alto atinge uma altitude de 5.664 metros. Ele fica a leste da cidade de Arequipa e, juntamente com seus vizinhos Misti e Chachani, faz parte da Zona Vulc\u00e2nica Central dos Andes.<br \/>\n\u00c0s 8h, buscaremos o grupo em hot\u00e9is pr\u00f3ximos \u00e0 Plaza de Armas em Arequipa. Teremos um ve\u00edculo 4&#215;4 particular para nos levar at\u00e9 o sop\u00e9 do Picchu Picchu (4.300 metros acima do n\u00edvel do mar), seguindo a rota Chiguata. Este mesmo ve\u00edculo nos acompanhar\u00e1 durante toda a nossa aventura e descarga de adrenalina.<br \/>\nEm seguida, continuaremos por um trecho de areia fina, apreciando as vistas do campo e da cidade, onde a adrenalina se intensifica. Esta rota \u00e9 de n\u00edvel intermedi\u00e1rio, ideal para quem n\u00e3o tem muita experi\u00eancia.<br \/>\nRetorno \u00e0 Plaza de Armas em Arequipa por volta das 14h.<\/p>\n<p style=\"text-align: justify;\">Fim dos nossos servi\u00e7os!<\/p>\n<h3 style=\"text-align: justify;\"><span style=\"color: #008000;\"><strong>O que est\u00e1 inclu\u00eddo:<\/strong><\/span><\/h3>\n<ul style=\"text-align: justify;\">\n<li>Traslado do alojamento em Arequipa<\/li>\n<li>Guiado em ingl\u00eas ou espanhol<\/li>\n<li>Bicicleta de montanha com freio de frente<\/li>\n<li>Capacete, luvas, joelheiras e cotoveleiras<\/li>\n<li>Transporte<\/li>\n<li>Kid de ferramentas<\/li>\n<li>Kit b\u00e1sico de primeiros socorros<\/li>\n<\/ul>\n<h3 style=\"text-align: justify;\"><span style=\"color: #008000;\"><strong>N\u00e3o incluso:<\/strong><\/span><\/h3>\n<ul style=\"text-align: justify;\">\n<li>Refei\u00e7\u00f5es e bebidas n\u00e3o especificadas no itiner\u00e1rio<\/li>\n<li>Alojamento em Arequipa<\/li>\n<\/ul>\n<h3 style=\"text-align: justify;\"><span style=\"color: #008000;\"><strong>Lista recomendada:<\/strong><\/span><\/h3>\n<ul>\n<li style=\"text-align: justify;\">Protetor solar<\/li>\n<li style=\"text-align: justify;\">Lanches (frutas secas, biscoitos, doces, chocolates, etc.)<\/li>\n<li style=\"text-align: justify;\">Agua<\/li>\n<li style=\"text-align: justify;\">Sapatos de trekking<\/li>\n<li style=\"text-align: justify;\">Casaco e su\u00e9ter para o frio no alto ponto de partida<\/li>\n<li style=\"text-align: justify;\">Cal\u00e7as longas<\/li>\n<\/ul>\n","protected":false},"excerpt":{"rendered":"<p><strong>C\u00d3DIGO<\/strong>: PVT-AA004<\/p>\n<ul>\n<li><strong>Partidas: <\/strong>Di\u00e1rias Sa\u00edda: 08:30am- Retorno: 02:30pm<\/li>\n<li><strong>Dura\u00e7\u00e3o: <\/strong>Aproximadamente 5 horas<\/li>\n<\/ul>\n","protected":false},"featured_media":3439,"template":"","meta":{"site-sidebar-layout":"no-sidebar","site-content-layout":"page-builder","ast-site-content-layout":"full-width-container","site-content-style":"unboxed","site-sidebar-style":"unboxed","ast-global-header-display":"","ast-banner-title-visibility":"","ast-main-header-display":"","ast-hfb-above-header-display":"","ast-hfb-below-header-display":"","ast-hfb-mobile-header-display":"","site-post-title":"disabled","ast-breadcrumbs-content":"","ast-featured-img":"disabled","footer-sml-layout":"","ast-disable-related-posts":"","theme-transparent-header-meta":"default","adv-header-id-meta":"","stick-header-meta":"default","header-above-stick-meta":"","header-main-stick-meta":"","header-below-stick-meta":"","astra-migrate-meta-layouts":"set","ast-page-background-enabled":"default","ast-page-background-meta":{"desktop":{"background-color":"var(--ast-global-color-4)","background-image":"","background-repeat":"repeat","background-position":"center center","background-size":"auto","background-attachment":"scroll","background-type":"","background-media":"","overlay-type":"","overlay-color":"","overlay-opacity":"","overlay-gradient":""},"tablet":{"background-color":"","background-image":"","background-repeat":"repeat","background-position":"center center","background-size":"auto","background-attachment":"scroll","background-type":"","background-media":"","overlay-type":"","overlay-color":"","overlay-opacity":"","overlay-gradient":""},"mobile":{"background-color":"","background-image":"","background-repeat":"repeat","background-position":"center center","background-size":"auto","background-attachment":"scroll","background-type":"","background-media":"","overlay-type":"","overlay-color":"","overlay-opacity":"","overlay-gradient":""}},"ast-content-background-meta":{"desktop":{"background-color":"var(--ast-global-color-5)","background-image":"","background-repeat":"repeat","background-position":"center center","background-size":"auto","background-attachment":"scroll","background-type":"","background-media":"","overlay-type":"","overlay-color":"","overlay-opacity":"","overlay-gradient":""},"tablet":{"background-color":"var(--ast-global-color-5)","background-image":"","background-repeat":"repeat","background-position":"center center","background-size":"auto","background-attachment":"scroll","background-type":"","background-media":"","overlay-type":"","overlay-color":"","overlay-opacity":"","overlay-gradient":""},"mobile":{"background-color":"var(--ast-global-color-5)","background-image":"","background-repeat":"repeat","background-position":"center center","background-size":"auto","background-attachment":"scroll","background-type":"","background-media":"","overlay-type":"","overlay-color":"","overlay-opacity":"","overlay-gradient":""}},"_joinchat":[]},"product_brand":[],"product_cat":[91,94],"product_tag":[],"class_list":{"0":"post-1887","1":"product","2":"type-product","3":"status-publish","4":"has-post-thumbnail","6":"product_cat-arequipa-pt-pt","7":"product_cat-arequipa-adventure-pt-pt","8":"desktop-align-center","9":"tablet-align-center","10":"mobile-align-center","11":"ast-product-gallery-layout-horizontal-slider","12":"ast-product-gallery-with-no-image","13":"ast-product-tabs-layout-horizontal","15":"first","16":"instock","17":"shipping-taxable","18":"purchasable","19":"product-type-simple"},"_links":{"self":[{"href":"https:\/\/www.pvtravels.com\/pt-pt\/wp-json\/wp\/v2\/product\/1887","targetHints":{"allow":["GET"]}}],"collection":[{"href":"https:\/\/www.pvtravels.com\/pt-pt\/wp-json\/wp\/v2\/product"}],"about":[{"href":"https:\/\/www.pvtravels.com\/pt-pt\/wp-json\/wp\/v2\/types\/product"}],"version-history":[{"count":4,"href":"https:\/\/www.pvtravels.com\/pt-pt\/wp-json\/wp\/v2\/product\/1887\/revisions"}],"predecessor-version":[{"id":6654,"href":"https:\/\/www.pvtravels.com\/pt-pt\/wp-json\/wp\/v2\/product\/1887\/revisions\/6654"}],"wp:featuredmedia":[{"embeddable":true,"href":"https:\/\/www.pvtravels.com\/pt-pt\/wp-json\/wp\/v2\/media\/3439"}],"wp:attachment":[{"href":"https:\/\/www.pvtravels.com\/pt-pt\/wp-json\/wp\/v2\/media?parent=1887"}],"wp:term":[{"taxonomy":"product_brand","embeddable":true,"href":"https:\/\/www.pvtravels.com\/pt-pt\/wp-json\/wp\/v2\/product_brand?post=1887"},{"taxonomy":"product_cat","embeddable":true,"href":"https:\/\/www.pvtravels.com\/pt-pt\/wp-json\/wp\/v2\/product_cat?post=1887"},{"taxonomy":"product_tag","embeddable":true,"href":"https:\/\/www.pvtravels.com\/pt-pt\/wp-json\/wp\/v2\/product_tag?post=1887"}],"curies":[{"name":"wp","href":"https:\/\/api.w.org\/{rel}","templated":true}]}}