{"id":1866,"date":"2021-12-21T10:45:29","date_gmt":"2021-12-21T15:45:29","guid":{"rendered":"https:\/\/www.pvtravels.com\/tour\/sem%20categoria\/trilha-colca-canyon-2d-1n\/"},"modified":"2022-02-01T15:24:51","modified_gmt":"2022-02-01T20:24:51","slug":"trilha-colca-canyon-2d-1n","status":"publish","type":"product","link":"https:\/\/www.pvtravels.com\/pt-pt\/tour\/arequipa-pt-pt\/arequipa-adventure-pt-pt\/trilha-colca-canyon-2d-1n\/","title":{"rendered":"Trilha Colca Canyon 2D\/1N"},"content":{"rendered":"\t\t<div data-elementor-type=\"product-post\" data-elementor-id=\"1866\" class=\"elementor elementor-1866 elementor-1800\" data-elementor-post-type=\"product\">\n\t\t\t\t\t\t<section class=\"elementor-section elementor-top-section elementor-element elementor-element-6cce084 elementor-section-boxed elementor-section-height-default elementor-section-height-default\" data-id=\"6cce084\" data-element_type=\"section\" data-e-type=\"section\">\n\t\t\t\t\t\t<div class=\"elementor-container elementor-column-gap-default\">\n\t\t\t\t\t<div class=\"elementor-column elementor-col-100 elementor-top-column elementor-element elementor-element-ed55ace\" data-id=\"ed55ace\" data-element_type=\"column\" data-e-type=\"column\">\n\t\t\t<div class=\"elementor-widget-wrap elementor-element-populated\">\n\t\t\t\t\t\t<div class=\"elementor-element elementor-element-7a9be9f elementor-widget elementor-widget-heading\" data-id=\"7a9be9f\" data-element_type=\"widget\" data-e-type=\"widget\" data-widget_type=\"heading.default\">\n\t\t\t\t<div class=\"elementor-widget-container\">\n\t\t\t\t\t<h3 class=\"elementor-heading-title elementor-size-default\">Itiner\u00e1rio:<\/h3>\t\t\t\t<\/div>\n\t\t\t\t<\/div>\n\t\t\t\t<div class=\"elementor-element elementor-element-9c15a21 elementor-widget elementor-widget-accordion\" data-id=\"9c15a21\" data-element_type=\"widget\" data-e-type=\"widget\" data-widget_type=\"accordion.default\">\n\t\t\t\t<div class=\"elementor-widget-container\">\n\t\t\t\t\t\t\t<div class=\"elementor-accordion\">\n\t\t\t\t\t\t\t<div class=\"elementor-accordion-item\">\n\t\t\t\t\t<div id=\"elementor-tab-title-1631\" class=\"elementor-tab-title\" data-tab=\"1\" role=\"button\" aria-controls=\"elementor-tab-content-1631\" aria-expanded=\"false\">\n\t\t\t\t\t\t\t\t\t\t\t\t\t<span class=\"elementor-accordion-icon elementor-accordion-icon-left\" aria-hidden=\"true\">\n\t\t\t\t\t\t\t\t\t\t\t\t\t\t\t<span class=\"elementor-accordion-icon-closed\"><i class=\"fas fa-plus\"><\/i><\/span>\n\t\t\t\t\t\t\t\t<span class=\"elementor-accordion-icon-opened\"><i class=\"fas fa-minus\"><\/i><\/span>\n\t\t\t\t\t\t\t\t\t\t\t\t\t\t<\/span>\n\t\t\t\t\t\t\t\t\t\t\t\t<a class=\"elementor-accordion-title\" tabindex=\"0\">Dia 1: Arequipa\/ Cabanaconde\/ Sangalle<\/a>\n\t\t\t\t\t<\/div>\n\t\t\t\t\t<div id=\"elementor-tab-content-1631\" class=\"elementor-tab-content elementor-clearfix\" data-tab=\"1\" role=\"region\" aria-labelledby=\"elementor-tab-title-1631\"><p style=\"text-align: justify;\">Traslado entre 03:00 \u00e0s 03:30am do hotel em Arequipa, em seguida, partimos para o C\u00e2nion do Colca, depois de aproximadamente quatro horas de viagem chegaremos \u00e0 principal cidade de Valle, Chivay, onde tomaremos caf\u00e9 da manh\u00e3 e continuaremos nosso tour at\u00e9 chegamos a cidade De Cabanaconde de onde vamos come\u00e7ar a descida at\u00e9 a base do C\u00e2nion do Colca, durante o passeio teremos diferentes vistas espetaculares, uma vez que na base do C\u00e2nion, atravessaremos a ponte chegando \u00e0 cidade de San Juan de Chuccho, onde podemos fazer uma pausa e almo\u00e7ar, apreciando a beleza das montanhas, continuaremos nossa jornada em uma estrada pendente de aproximadamente 1 hora em dire\u00e7\u00e3o \u00e0 cidade de Cosnihua e depois em uma estrada mais plana em dire\u00e7\u00e3o \u00e0 cidade de Malata , terminou depois de 6 a 7 horas de caminhada em Sangalle (Oasis), lugar bonito localizado entre as montanhas do canyon, onde voc\u00ea tamb\u00e9m pode desfrutar de um refrescante mergulho nas piscinas do local.<\/p><p style=\"text-align: justify;\">Vamos jantar e passar a noite em camarotes (b\u00e1sico).<\/p><\/div>\n\t\t\t\t<\/div>\n\t\t\t\t\t\t\t<div class=\"elementor-accordion-item\">\n\t\t\t\t\t<div id=\"elementor-tab-title-1632\" class=\"elementor-tab-title\" data-tab=\"2\" role=\"button\" aria-controls=\"elementor-tab-content-1632\" aria-expanded=\"false\">\n\t\t\t\t\t\t\t\t\t\t\t\t\t<span class=\"elementor-accordion-icon elementor-accordion-icon-left\" aria-hidden=\"true\">\n\t\t\t\t\t\t\t\t\t\t\t\t\t\t\t<span class=\"elementor-accordion-icon-closed\"><i class=\"fas fa-plus\"><\/i><\/span>\n\t\t\t\t\t\t\t\t<span class=\"elementor-accordion-icon-opened\"><i class=\"fas fa-minus\"><\/i><\/span>\n\t\t\t\t\t\t\t\t\t\t\t\t\t\t<\/span>\n\t\t\t\t\t\t\t\t\t\t\t\t<a class=\"elementor-accordion-title\" tabindex=\"0\">Dia 2: Sangalle\/ Cabanaconde\/ Chivay\/ Arequipa<\/a>\n\t\t\t\t\t<\/div>\n\t\t\t\t\t<div id=\"elementor-tab-content-1632\" class=\"elementor-tab-content elementor-clearfix\" data-tab=\"2\" role=\"region\" aria-labelledby=\"elementor-tab-title-1632\"><p style=\"text-align: justify;\">04:30 Vamos come\u00e7ar a subida, \u00e9 um caminho em ziguezague e bastante pendente, mas depois de aproximadamente 3 horas, teremos a satisfa\u00e7\u00e3o de terminar esta bela rota.<\/p><p style=\"text-align: justify;\">Tomaremos nosso caf\u00e9 da manh\u00e3 em um restaurante local e, em seguida, pegaremos a mobilidade e seguiremos para o mirante Cruz del Condor. Deste famoso mirante voc\u00ea tem uma das vistas mais impressionantes do c\u00e2nion de Colca e de onde voc\u00ea pode ver o voo impressionante os condores, retornam a Chivay, tendo a oportunidade de visitar a calera e aproveitar as termas relaxantes. Almo\u00e7o e retorno a Arequipa, chegando entre 17 a 18 horas. Traslado para o alojamento em Arequipa.<\/p><p style=\"text-align: justify;\"><strong>Fim dos nossos servi\u00e7os!<\/strong><\/p><\/div>\n\t\t\t\t<\/div>\n\t\t\t\t\t\t\t\t<\/div>\n\t\t\t\t\t\t<\/div>\n\t\t\t\t<\/div>\n\t\t\t\t<div class=\"elementor-element elementor-element-18908df elementor-widget elementor-widget-text-editor\" data-id=\"18908df\" data-element_type=\"widget\" data-e-type=\"widget\" data-widget_type=\"text-editor.default\">\n\t\t\t\t<div class=\"elementor-widget-container\">\n\t\t\t\t\t\t\t\t\t<h3><span style=\"color: #008000;\"><strong>O que est\u00e1 inclu\u00eddo:<\/strong><\/span><\/h3><ul><li>Autocarro tur\u00edstico em servi\u00e7o compartilhado de ida e volta<\/li><li>Guia profissional em ingl\u00eas ou espanhol<\/li><li>01 noite de hospedagem em cabines b\u00e1sicas (Sangalle)<\/li><li>02 caf\u00e9s da manh\u00e3, 01 almo\u00e7o e 01 jantar<\/li><\/ul><h3><span style=\"color: #008000;\"><strong>N\u00e3o incluso:<\/strong><\/span><\/h3><ul><li>Bilhete tur\u00edstico (S\/ 70,00)<\/li><li>Entrada para os banhos termais<\/li><li>\u00daltimo almo\u00e7o em Chivay<\/li><li>Bebidas<\/li><li>Alojamento em Arequipa<\/li><\/ul><h3><span style=\"color: #008000;\"><strong>Lista recomendada:<\/strong><\/span><\/h3><ul><li>Dinheiro local (solas) pelo menos S \/ 150,00 por pessoa<\/li><li>Protetor solar<\/li><li>Lanterna<\/li><li>Repelente<\/li><li>Toalhas<\/li><li>Artigos de higiene pessoal (papel higi\u00eanico, shampoo, sabonete, creme para o corpo)<\/li><li>Lanches (frutas secas, biscoitos, doces, chocolates, etc.)<\/li><li>\u00c1gua (voc\u00ea pode comprar no caminho)<\/li><li>Mochila pequena (45lt)<\/li><li>Capa de chuva ou poncho, ponchos de pl\u00e1stico (apenas na esta\u00e7\u00e3o das chuvas, de dezembro a abril)<\/li><li>Cal\u00e7ado confort\u00e1vel e imperme\u00e1vel forte<\/li><li>Camisa e jaqueta (quente)<\/li><li>Ropa de banho (opcional para fontes termais)<\/li><li>Bast\u00f5es de caminhada (recomendado)<\/li><li>Chap\u00e9u ou bon\u00e9 para proteg\u00ea-lo do sol<\/li><li>C\u00e2mera e baterias<\/li><\/ul>\t\t\t\t\t\t\t\t<\/div>\n\t\t\t\t<\/div>\n\t\t\t\t\t<\/div>\n\t\t<\/div>\n\t\t\t\t\t<\/div>\n\t\t<\/section>\n\t\t\t\t<\/div>\n\t\t","protected":false},"excerpt":{"rendered":"<p><strong>C\u00d3DIGO: <\/strong>PVT-AA001<\/p>\n<ul>\n<li><strong>Partidas: Di\u00e1rias<\/strong><\/li>\n<li><strong>Dura\u00e7\u00e3o: 2 dias \/ 1 noite<\/strong><\/li>\n<\/ul>\n","protected":false},"featured_media":3459,"template":"","meta":{"site-sidebar-layout":"no-sidebar","site-content-layout":"page-builder","ast-site-content-layout":"default","site-content-style":"default","site-sidebar-style":"default","ast-global-header-display":"","ast-banner-title-visibility":"","ast-main-header-display":"","ast-hfb-above-header-display":"","ast-hfb-below-header-display":"","ast-hfb-mobile-header-display":"","site-post-title":"disabled","ast-breadcrumbs-content":"","ast-featured-img":"disabled","footer-sml-layout":"","ast-disable-related-posts":"","theme-transparent-header-meta":"default","adv-header-id-meta":"","stick-header-meta":"default","header-above-stick-meta":"","header-main-stick-meta":"","header-below-stick-meta":"","astra-migrate-meta-layouts":"default","ast-page-background-enabled":"default","ast-page-background-meta":{"desktop":{"background-color":"var(--ast-global-color-4)","background-image":"","background-repeat":"repeat","background-position":"center center","background-size":"auto","background-attachment":"scroll","background-type":"","background-media":"","overlay-type":"","overlay-color":"","overlay-opacity":"","overlay-gradient":""},"tablet":{"background-color":"","background-image":"","background-repeat":"repeat","background-position":"center center","background-size":"auto","background-attachment":"scroll","background-type":"","background-media":"","overlay-type":"","overlay-color":"","overlay-opacity":"","overlay-gradient":""},"mobile":{"background-color":"","background-image":"","background-repeat":"repeat","background-position":"center center","background-size":"auto","background-attachment":"scroll","background-type":"","background-media":"","overlay-type":"","overlay-color":"","overlay-opacity":"","overlay-gradient":""}},"ast-content-background-meta":{"desktop":{"background-color":"var(--ast-global-color-5)","background-image":"","background-repeat":"repeat","background-position":"center center","background-size":"auto","background-attachment":"scroll","background-type":"","background-media":"","overlay-type":"","overlay-color":"","overlay-opacity":"","overlay-gradient":""},"tablet":{"background-color":"var(--ast-global-color-5)","background-image":"","background-repeat":"repeat","background-position":"center center","background-size":"auto","background-attachment":"scroll","background-type":"","background-media":"","overlay-type":"","overlay-color":"","overlay-opacity":"","overlay-gradient":""},"mobile":{"background-color":"var(--ast-global-color-5)","background-image":"","background-repeat":"repeat","background-position":"center center","background-size":"auto","background-attachment":"scroll","background-type":"","background-media":"","overlay-type":"","overlay-color":"","overlay-opacity":"","overlay-gradient":""}},"_joinchat":[]},"product_brand":[],"product_cat":[91,94],"product_tag":[],"class_list":{"0":"post-1866","1":"product","2":"type-product","3":"status-publish","4":"has-post-thumbnail","6":"product_cat-arequipa-pt-pt","7":"product_cat-arequipa-adventure-pt-pt","8":"desktop-align-center","9":"tablet-align-center","10":"mobile-align-center","11":"ast-product-gallery-layout-horizontal-slider","12":"ast-product-gallery-with-no-image","13":"ast-product-tabs-layout-horizontal","15":"first","16":"instock","17":"shipping-taxable","18":"purchasable","19":"product-type-simple"},"_links":{"self":[{"href":"https:\/\/www.pvtravels.com\/pt-pt\/wp-json\/wp\/v2\/product\/1866","targetHints":{"allow":["GET"]}}],"collection":[{"href":"https:\/\/www.pvtravels.com\/pt-pt\/wp-json\/wp\/v2\/product"}],"about":[{"href":"https:\/\/www.pvtravels.com\/pt-pt\/wp-json\/wp\/v2\/types\/product"}],"version-history":[{"count":11,"href":"https:\/\/www.pvtravels.com\/pt-pt\/wp-json\/wp\/v2\/product\/1866\/revisions"}],"predecessor-version":[{"id":3237,"href":"https:\/\/www.pvtravels.com\/pt-pt\/wp-json\/wp\/v2\/product\/1866\/revisions\/3237"}],"wp:featuredmedia":[{"embeddable":true,"href":"https:\/\/www.pvtravels.com\/pt-pt\/wp-json\/wp\/v2\/media\/3459"}],"wp:attachment":[{"href":"https:\/\/www.pvtravels.com\/pt-pt\/wp-json\/wp\/v2\/media?parent=1866"}],"wp:term":[{"taxonomy":"product_brand","embeddable":true,"href":"https:\/\/www.pvtravels.com\/pt-pt\/wp-json\/wp\/v2\/product_brand?post=1866"},{"taxonomy":"product_cat","embeddable":true,"href":"https:\/\/www.pvtravels.com\/pt-pt\/wp-json\/wp\/v2\/product_cat?post=1866"},{"taxonomy":"product_tag","embeddable":true,"href":"https:\/\/www.pvtravels.com\/pt-pt\/wp-json\/wp\/v2\/product_tag?post=1866"}],"curies":[{"name":"wp","href":"https:\/\/api.w.org\/{rel}","templated":true}]}}