{"id":1690,"date":"2021-12-20T17:17:24","date_gmt":"2021-12-20T22:17:24","guid":{"rendered":"https:\/\/www.pvtravels.com\/tour\/sem%20categoria\/rota-do-sillar\/"},"modified":"2026-03-04T16:23:19","modified_gmt":"2026-03-04T21:23:19","slug":"rota-do-sillar","status":"publish","type":"product","link":"https:\/\/www.pvtravels.com\/pt-pt\/tour\/arequipa-pt-pt\/arequipa-tradicional-pt-pt\/rota-do-sillar\/","title":{"rendered":"Rota do Sillar"},"content":{"rendered":"<h3 style=\"text-align: justify;\"><span style=\"color: #008000;\"><strong>Itiner\u00e1rio:<\/strong><\/span><\/h3>\n<p style=\"text-align: justify;\">Traslado do hotel em Arequipa \u00e0s 08:00 para seguir para as pedreiras de Culebrillas (a 3 km do centro de Arequipa), localizadas principalmente no distrito de Cerro Colorado e Yura. Ap\u00f3s o terremoto em Arequipa em 1687, houve um uso maci\u00e7o do sistema de constru\u00e7\u00e3o com Sillar e, quando foi aperfei\u00e7oado, resultou na bela arquitetura colonial de Arequipe\u00f1a.<\/p>\n<p style=\"text-align: justify;\">As pedreiras de Sillar prov\u00eam das erup\u00e7\u00f5es e, no passeio, poderemos apreciar os cortadores desta pedra em suas tarefas di\u00e1rias, bem como algumas amostras de esculturas.<\/p>\n<p style=\"text-align: justify;\">Neste local, podemos ver onde os pedreiros levam Ignimbrite e, pacientemente, desenvolvem o Sillar, eles explicar\u00e3o em detalhes a prepara\u00e7\u00e3o l\u00e1 e tamb\u00e9m aprenderemos a hist\u00f3ria por tr\u00e1s do Sillar.<\/p>\n<p style=\"text-align: justify;\">Retornamos \u00e0 cidade de Arequipa por volta das 12h e transferimos para o hotel em Arequipa<\/p>\n<h3 style=\"text-align: justify;\"><span style=\"color: #008000;\"><strong>O que est\u00e1 inclu\u00eddo:<\/strong><\/span><\/h3>\n<ul style=\"text-align: justify;\">\n<li>Traslado do seu hotel em Arequipa.<\/li>\n<li>Transporte tur\u00edstico<\/li>\n<li>Guia profissional em ingl\u00eas ou espanhol<\/li>\n<\/ul>\n<h3 style=\"text-align: justify;\"><span style=\"color: #008000;\"><strong>N\u00e3o incluso:<\/strong><\/span><\/h3>\n<ul style=\"text-align: justify;\">\n<li>Refei\u00e7\u00f5es n\u00e3o especificadas no itiner\u00e1rio<\/li>\n<li>Entradas para Canteras<\/li>\n<li>Alojamento em Arequipa<\/li>\n<\/ul>\n<h3 style=\"text-align: justify;\"><span style=\"color: #008000;\"><strong>Lista recomendada:<\/strong><\/span><\/h3>\n<ul>\n<li style=\"text-align: justify;\">Lanches<\/li>\n<li style=\"text-align: justify;\">Sapatos ou t\u00eanis<\/li>\n<li style=\"text-align: justify;\">Chap\u00e9u ou bon\u00e9<\/li>\n<li style=\"text-align: justify;\">\u00d3culos de sol<\/li>\n<li style=\"text-align: justify;\">Protetor solar<\/li>\n<li style=\"text-align: justify;\">Artigos de toalete<\/li>\n<li style=\"text-align: justify;\">Garrafa de \u00c1gua<\/li>\n<\/ul>\n","protected":false},"excerpt":{"rendered":"<p><strong>C\u00d3DIGO: <\/strong>PVT-AT004<\/p>\n<ul>\n<li><strong>Partidas: Di\u00e1ria &#8211; 08:00h<\/strong><\/li>\n<li><strong>Dura\u00e7\u00e3o: 4 horas<\/strong><\/li>\n<\/ul>\n","protected":false},"featured_media":1661,"template":"","meta":{"site-sidebar-layout":"default","site-content-layout":"default","ast-site-content-layout":"default","site-content-style":"default","site-sidebar-style":"default","ast-global-header-display":"","ast-banner-title-visibility":"","ast-main-header-display":"","ast-hfb-above-header-display":"","ast-hfb-below-header-display":"","ast-hfb-mobile-header-display":"","site-post-title":"","ast-breadcrumbs-content":"","ast-featured-img":"","footer-sml-layout":"","ast-disable-related-posts":"","theme-transparent-header-meta":"default","adv-header-id-meta":"","stick-header-meta":"default","header-above-stick-meta":"","header-main-stick-meta":"","header-below-stick-meta":"","astra-migrate-meta-layouts":"set","ast-page-background-enabled":"default","ast-page-background-meta":{"desktop":{"background-color":"var(--ast-global-color-4)","background-image":"","background-repeat":"repeat","background-position":"center center","background-size":"auto","background-attachment":"scroll","background-type":"","background-media":"","overlay-type":"","overlay-color":"","overlay-opacity":"","overlay-gradient":""},"tablet":{"background-color":"","background-image":"","background-repeat":"repeat","background-position":"center center","background-size":"auto","background-attachment":"scroll","background-type":"","background-media":"","overlay-type":"","overlay-color":"","overlay-opacity":"","overlay-gradient":""},"mobile":{"background-color":"","background-image":"","background-repeat":"repeat","background-position":"center center","background-size":"auto","background-attachment":"scroll","background-type":"","background-media":"","overlay-type":"","overlay-color":"","overlay-opacity":"","overlay-gradient":""}},"ast-content-background-meta":{"desktop":{"background-color":"var(--ast-global-color-5)","background-image":"","background-repeat":"repeat","background-position":"center center","background-size":"auto","background-attachment":"scroll","background-type":"","background-media":"","overlay-type":"","overlay-color":"","overlay-opacity":"","overlay-gradient":""},"tablet":{"background-color":"var(--ast-global-color-5)","background-image":"","background-repeat":"repeat","background-position":"center center","background-size":"auto","background-attachment":"scroll","background-type":"","background-media":"","overlay-type":"","overlay-color":"","overlay-opacity":"","overlay-gradient":""},"mobile":{"background-color":"var(--ast-global-color-5)","background-image":"","background-repeat":"repeat","background-position":"center center","background-size":"auto","background-attachment":"scroll","background-type":"","background-media":"","overlay-type":"","overlay-color":"","overlay-opacity":"","overlay-gradient":""}},"_joinchat":[]},"product_brand":[],"product_cat":[91,92],"product_tag":[],"class_list":{"0":"post-1690","1":"product","2":"type-product","3":"status-publish","4":"has-post-thumbnail","6":"product_cat-arequipa-pt-pt","7":"product_cat-arequipa-tradicional-pt-pt","8":"desktop-align-center","9":"tablet-align-center","10":"mobile-align-center","11":"ast-product-gallery-layout-horizontal-slider","12":"ast-product-gallery-with-no-image","13":"ast-product-tabs-layout-horizontal","15":"first","16":"instock","17":"shipping-taxable","18":"purchasable","19":"product-type-simple"},"_links":{"self":[{"href":"https:\/\/www.pvtravels.com\/pt-pt\/wp-json\/wp\/v2\/product\/1690","targetHints":{"allow":["GET"]}}],"collection":[{"href":"https:\/\/www.pvtravels.com\/pt-pt\/wp-json\/wp\/v2\/product"}],"about":[{"href":"https:\/\/www.pvtravels.com\/pt-pt\/wp-json\/wp\/v2\/types\/product"}],"version-history":[{"count":3,"href":"https:\/\/www.pvtravels.com\/pt-pt\/wp-json\/wp\/v2\/product\/1690\/revisions"}],"predecessor-version":[{"id":6646,"href":"https:\/\/www.pvtravels.com\/pt-pt\/wp-json\/wp\/v2\/product\/1690\/revisions\/6646"}],"wp:featuredmedia":[{"embeddable":true,"href":"https:\/\/www.pvtravels.com\/pt-pt\/wp-json\/wp\/v2\/media\/1661"}],"wp:attachment":[{"href":"https:\/\/www.pvtravels.com\/pt-pt\/wp-json\/wp\/v2\/media?parent=1690"}],"wp:term":[{"taxonomy":"product_brand","embeddable":true,"href":"https:\/\/www.pvtravels.com\/pt-pt\/wp-json\/wp\/v2\/product_brand?post=1690"},{"taxonomy":"product_cat","embeddable":true,"href":"https:\/\/www.pvtravels.com\/pt-pt\/wp-json\/wp\/v2\/product_cat?post=1690"},{"taxonomy":"product_tag","embeddable":true,"href":"https:\/\/www.pvtravels.com\/pt-pt\/wp-json\/wp\/v2\/product_tag?post=1690"}],"curies":[{"name":"wp","href":"https:\/\/api.w.org\/{rel}","templated":true}]}}