{"id":1683,"date":"2021-12-20T17:03:06","date_gmt":"2021-12-20T22:03:06","guid":{"rendered":"https:\/\/www.pvtravels.com\/tour\/sem%20categoria\/arequipa-mirabus-tour\/"},"modified":"2022-02-02T11:05:34","modified_gmt":"2022-02-02T16:05:34","slug":"arequipa-mirabus-tour","status":"publish","type":"product","link":"https:\/\/www.pvtravels.com\/pt-pt\/tour\/arequipa-pt-pt\/arequipa-tradicional-pt-pt\/arequipa-mirabus-tour\/","title":{"rendered":"Arequipa Mirabus Tour"},"content":{"rendered":"<h3 style=\"text-align: justify;\"><span style=\"color: #008000;\"><strong>Itiner\u00e1rio:<\/strong><\/span><\/h3>\n<p style=\"text-align: justify;\">Traslado do seu alojamento em Arequipa para iniciar este interessante passeio conhecido como Mirabus Panor\u00e2mico de Arequipa, come\u00e7amos com uma visita aos monumentos arquitet\u00f4nicos e belos pontos de vista naturais que cercam a cidade branca. Em seguida, iremos para os arredores da cidade, onde primeiro visitaremos o belo mirante Sachaca, que oferecer\u00e1 uma bela paisagem natural de Arequipa e vulc\u00f5es.<\/p>\n<p style=\"text-align: justify;\">Em seguida, dirigimos nosso carro at\u00e9 a Miss\u00e3o do Fundador, belo edif\u00edcio colonial onde o fundador da cidade de Arequipa Garcia Manuel de Carvajal viveu no s\u00e9culo XV.<\/p>\n<p style=\"text-align: justify;\">Por fim, viajamos pelo espetacular cen\u00e1rio andino e chegamos ao moinho Sabandia, uma impressionante constru\u00e7\u00e3o baseada em rocha vulc\u00e2nica conhecida como sillar, onde \u00e9 poss\u00edvel ver um antigo moinho de pedra que foi constru\u00eddo no ano de 1785.<\/p>\n<p style=\"text-align: justify;\">Fim do passeio.<\/p>\n<h4 style=\"text-align: justify;\"><span style=\"color: #008000;\"><strong>Lugares para visitar:<\/strong><\/span><\/h4>\n<p style=\"text-align: justify;\"><strong>Plaza de Armas<\/strong> &#8211; Plaza Mayor da cidade. Consiste em tr\u00eas capas de duas fileiras constru\u00eddas em pedra e complementadas pela Bas\u00edlica da Catedral, localizada na parte norte. \u00c9 decorado no centro por uma bela fonte constru\u00edda em 1730, coroada pelo Tuturutu, representando um ex-soldado tocando trompete.<\/p>\n<p style=\"text-align: justify;\"><strong>Carmen Alto<\/strong> &#8211; Vila tradicional de Cayma, localizada no lado direito do rio Chile e a 4 km. da pra\u00e7a principal, com suas ruas e povos tradicionais, voc\u00ea tem belos terra\u00e7os de boa conserva\u00e7\u00e3o com paredes de pedra e cercados por pequenos caminhos antigos que ainda hoje s\u00e3o usados. Onde o rio Chili divide Arequipainto duas partes.<\/p>\n<p style=\"text-align: justify;\"><strong>Mirador la Rinconada<\/strong> &#8211; Com um belo cen\u00e1rio acompanhado pelas vistas dos vulc\u00f5es Chachani, Misti e PichuPichu. O clima agrad\u00e1vel que o torna perfeito para viveiros cultivados com frutas t\u00edpicas de Arequipa e mam\u00e3o de Arequipa.<\/p>\n<p style=\"text-align: justify;\"><strong>Yanahuara<\/strong> &#8211; bairro tradicional e elegante, localizado a 2 km. longe do centro da cidade e a cerca de 8 minutos de carro das belas ruas estreitas no alto, fica a pra\u00e7a principal, onde fica a famosa igreja (1750) San Juan de Yanahuara; Possui nave \u00fanica, fachada barroca e interior s\u00f3brio. Miradouro constru\u00eddo no s\u00e9culo XIX, decorado com arcos de silhar inscritos com fragmentos po\u00e9ticos da famosa Arequipa. Tem uma vista privilegiada da cidade e do vulc\u00e3o Misti.<\/p>\n<p style=\"text-align: justify;\"><strong>F\u00e1brica Incalpaca<\/strong> &#8211; Produtora de prest\u00edgio para camel\u00eddeos de fibra, como alpaca e vicunha, \u00e9 a INCALPACA TPX, tamb\u00e9m pertencente ao International Vicu\u00f1a Consortium, uma organiza\u00e7\u00e3o que cobre todos os produtores de vicunha do mundo, INCALPACA comercializa seus produtos atrav\u00e9s de sua loja 111.<\/p>\n<p style=\"text-align: justify;\"><strong>Mans\u00e3o Fundadora<\/strong> &#8211; As casas ou mans\u00f5es mais importantes e tradicionais da regi\u00e3o da constru\u00e7\u00e3o Virreynal, feitas em cantaria \u00e0 beira de um penhasco, datando do s\u00e9culo XVIII. Segundo ele, o fundador de Arequipa, Don Garci Manuel de Carbajal, mandou construir para o filho. Depois de passar por v\u00e1rios propriet\u00e1rios; em 1585, \u00e9 vendido aos jesu\u00edtas, que se estabeleceram em Huasacache, melhorando e expandindo os ambientes da casa, que se dedicou a descansar e, como Casa de Retiro, construiu a igreja, onde a imagem do mission\u00e1rio destacado \u00e9 jesu\u00edta, San Francisco Javier. Em 1785, Dom Juan Cris\u00f3stomo.<\/p>\n<p style=\"text-align: justify;\"><strong>Moinho Sabandia<\/strong> &#8211; Em uma bela paisagem dominada pelos vulc\u00f5es Chachani e Mistithere, est\u00e1 Saband\u00eda, uma pitoresca vila agr\u00edcola com muitos terra\u00e7os incas, onde abundam as nascentes que surgem \u00e0 superf\u00edcie em jorros. Seu famoso moinho, constru\u00eddo em 1621, que ainda se destaca por nossa admira\u00e7\u00e3o, as t\u00e9cnicas utilizadas para processar o trigo mostrado em moinhos de pedra, sendo a ind\u00fastria de farinha de trigo uma das mais importantes do distrito at\u00e9 hoje. Eles s\u00e3o caracter\u00edsticos de seus s\u00f3lidos contrafortes e varandas r\u00fasticas, que \u00e9 um monumento hist\u00f3rico que traz aos tempos antigos a mem\u00f3ria e a engenhosidade e o trabalho s\u00e3o as pessoas de arequipe\u00f1a.<\/p>\n<h3 style=\"text-align: justify;\"><span style=\"color: #008000;\"><strong>O que est\u00e1 inclu\u00eddo:<\/strong><\/span><\/h3>\n<ul style=\"text-align: justify;\">\n<li>Traslado do seu hotel em Arequipa.<\/li>\n<li>Transporte tur\u00edstico<\/li>\n<li>Entrada para o Museo do Fundador<\/li>\n<li>Entrada para o Moinho Sabandia<\/li>\n<li>Guia profissional em ingl\u00eas ou espanhol<\/li>\n<\/ul>\n<h3 style=\"text-align: justify;\"><span style=\"color: #008000;\"><strong>N\u00e3o incluso:<\/strong><\/span><\/h3>\n<ul style=\"text-align: justify;\">\n<li>Refei\u00e7\u00f5es n\u00e3o especificadas no itiner\u00e1rio<\/li>\n<li>Alojamento em Arequipa<\/li>\n<\/ul>\n<h3 style=\"text-align: justify;\"><span style=\"color: #008000;\"><strong>Lista recomendada:<\/strong><\/span><\/h3>\n<ul>\n<li style=\"text-align: justify;\">Lanches<\/li>\n<li style=\"text-align: justify;\">Sapatos ou t\u00eanis<\/li>\n<li style=\"text-align: justify;\">Chap\u00e9u ou bon\u00e9<\/li>\n<li style=\"text-align: justify;\">\u00d3culos de sol<\/li>\n<li style=\"text-align: justify;\">Protetor solar<\/li>\n<li style=\"text-align: justify;\">Artigos de toalete<\/li>\n<li style=\"text-align: justify;\">Garrafa de \u00c1gua<\/li>\n<\/ul>\n","protected":false},"excerpt":{"rendered":"<p><strong>C\u00d3DIGO: <\/strong>PVT-AT001<\/p>\n<ul>\n<li><strong>Dura\u00e7\u00e3o: Diario &#8211; 4 horas<\/strong><\/li>\n<li><strong>Hor\u00e1rio: 09:00 hrs \/ 14:00 hrs<\/strong><\/li>\n<\/ul>\n","protected":false},"featured_media":1646,"template":"","meta":{"site-sidebar-layout":"default","site-content-layout":"default","ast-site-content-layout":"default","site-content-style":"default","site-sidebar-style":"default","ast-global-header-display":"","ast-banner-title-visibility":"","ast-main-header-display":"","ast-hfb-above-header-display":"","ast-hfb-below-header-display":"","ast-hfb-mobile-header-display":"","site-post-title":"","ast-breadcrumbs-content":"","ast-featured-img":"","footer-sml-layout":"","ast-disable-related-posts":"","theme-transparent-header-meta":"default","adv-header-id-meta":"","stick-header-meta":"default","header-above-stick-meta":"","header-main-stick-meta":"","header-below-stick-meta":"","astra-migrate-meta-layouts":"default","ast-page-background-enabled":"default","ast-page-background-meta":{"desktop":{"background-color":"var(--ast-global-color-4)","background-image":"","background-repeat":"repeat","background-position":"center center","background-size":"auto","background-attachment":"scroll","background-type":"","background-media":"","overlay-type":"","overlay-color":"","overlay-opacity":"","overlay-gradient":""},"tablet":{"background-color":"","background-image":"","background-repeat":"repeat","background-position":"center center","background-size":"auto","background-attachment":"scroll","background-type":"","background-media":"","overlay-type":"","overlay-color":"","overlay-opacity":"","overlay-gradient":""},"mobile":{"background-color":"","background-image":"","background-repeat":"repeat","background-position":"center center","background-size":"auto","background-attachment":"scroll","background-type":"","background-media":"","overlay-type":"","overlay-color":"","overlay-opacity":"","overlay-gradient":""}},"ast-content-background-meta":{"desktop":{"background-color":"var(--ast-global-color-5)","background-image":"","background-repeat":"repeat","background-position":"center center","background-size":"auto","background-attachment":"scroll","background-type":"","background-media":"","overlay-type":"","overlay-color":"","overlay-opacity":"","overlay-gradient":""},"tablet":{"background-color":"var(--ast-global-color-5)","background-image":"","background-repeat":"repeat","background-position":"center center","background-size":"auto","background-attachment":"scroll","background-type":"","background-media":"","overlay-type":"","overlay-color":"","overlay-opacity":"","overlay-gradient":""},"mobile":{"background-color":"var(--ast-global-color-5)","background-image":"","background-repeat":"repeat","background-position":"center center","background-size":"auto","background-attachment":"scroll","background-type":"","background-media":"","overlay-type":"","overlay-color":"","overlay-opacity":"","overlay-gradient":""}},"_joinchat":[]},"product_brand":[],"product_cat":[91,92],"product_tag":[],"class_list":{"0":"post-1683","1":"product","2":"type-product","3":"status-publish","4":"has-post-thumbnail","6":"product_cat-arequipa-pt-pt","7":"product_cat-arequipa-tradicional-pt-pt","8":"desktop-align-center","9":"tablet-align-center","10":"mobile-align-center","11":"ast-product-gallery-layout-horizontal-slider","12":"ast-product-gallery-with-no-image","13":"ast-product-tabs-layout-horizontal","15":"first","16":"instock","17":"shipping-taxable","18":"purchasable","19":"product-type-simple"},"_links":{"self":[{"href":"https:\/\/www.pvtravels.com\/pt-pt\/wp-json\/wp\/v2\/product\/1683","targetHints":{"allow":["GET"]}}],"collection":[{"href":"https:\/\/www.pvtravels.com\/pt-pt\/wp-json\/wp\/v2\/product"}],"about":[{"href":"https:\/\/www.pvtravels.com\/pt-pt\/wp-json\/wp\/v2\/types\/product"}],"version-history":[{"count":4,"href":"https:\/\/www.pvtravels.com\/pt-pt\/wp-json\/wp\/v2\/product\/1683\/revisions"}],"predecessor-version":[{"id":3243,"href":"https:\/\/www.pvtravels.com\/pt-pt\/wp-json\/wp\/v2\/product\/1683\/revisions\/3243"}],"wp:featuredmedia":[{"embeddable":true,"href":"https:\/\/www.pvtravels.com\/pt-pt\/wp-json\/wp\/v2\/media\/1646"}],"wp:attachment":[{"href":"https:\/\/www.pvtravels.com\/pt-pt\/wp-json\/wp\/v2\/media?parent=1683"}],"wp:term":[{"taxonomy":"product_brand","embeddable":true,"href":"https:\/\/www.pvtravels.com\/pt-pt\/wp-json\/wp\/v2\/product_brand?post=1683"},{"taxonomy":"product_cat","embeddable":true,"href":"https:\/\/www.pvtravels.com\/pt-pt\/wp-json\/wp\/v2\/product_cat?post=1683"},{"taxonomy":"product_tag","embeddable":true,"href":"https:\/\/www.pvtravels.com\/pt-pt\/wp-json\/wp\/v2\/product_tag?post=1683"}],"curies":[{"name":"wp","href":"https:\/\/api.w.org\/{rel}","templated":true}]}}