{"id":1624,"date":"2021-12-20T16:02:57","date_gmt":"2021-12-20T21:02:57","guid":{"rendered":"https:\/\/www.pvtravels.com\/tour\/sem%20categoria\/tour-chucuito-medio-dia\/"},"modified":"2022-02-02T11:07:01","modified_gmt":"2022-02-02T16:07:01","slug":"tour-chucuito-medio-dia","status":"publish","type":"product","link":"https:\/\/www.pvtravels.com\/pt-pt\/tour\/puno-pt-pt\/tour-chucuito-medio-dia\/","title":{"rendered":"Tour Chucuito medio dia"},"content":{"rendered":"<h3 style=\"text-align: justify;\"><span style=\"color: #008000;\"><strong>Itiner\u00e1rio:<\/strong><\/span><\/h3>\n<p style=\"text-align: justify;\">Traslado do seu hotel para Chucuito, local dos dan\u00e7arinos e casais rom\u00e2nticos. Devido \u00e0 sua localiza\u00e7\u00e3o, tem uma bela vista do Lago Titicaca.<\/p>\n<p style=\"text-align: justify;\">A primeira coisa que vem visitar Chucuito \u00e9 o Templo da Fertilidade. Sabe-se que o Inca Uyo era um templo para a fertilidade, onde a natureza agradecia pelo milagre da reprodu\u00e7\u00e3o humana e da Pachamama ou da M\u00e3e Terra.<\/p>\n<p style=\"text-align: justify;\">O Inka Uyo foi constru\u00eddo na cidade do tesouro real, para onde v\u00e3o algumas pessoas que n\u00e3o podem brilhar por diversos motivos, depois visita a Iglesia de Chucuito mostrando a beleza de sua constru\u00e7\u00e3o a partir da entrada lateral, composta por colunas e arcos, \u00e9 considerada por alguns pesquisadores como um dos melhores da regi\u00e3o e um excelente exemplo da arquitetura colonial peruana da Renascen\u00e7a, o Rel\u00f3gio Solar no centro da pra\u00e7a principal. O rel\u00f3gio de sol Chucuito \u00e9 de grande import\u00e2ncia.<\/p>\n<p style=\"text-align: justify;\">Algo que d\u00e1 personalidade ao povo, \u00e9 o rel\u00f3gio de pedra Huamanga, de forma retangular, na parte superior e central tem uma agulha que marca as horas \u00e0 medida que o sol se move. Finalmente transferir para a piscicultura.<\/p>\n<p style=\"text-align: justify;\">Regresse \u00e0 cidade de Puno e transfira para o seu hotel.<\/p>\n<h3 style=\"text-align: justify;\"><span style=\"color: #008000;\"><strong>O que est\u00e1 inclu\u00eddo:<\/strong><\/span><\/h3>\n<ul style=\"text-align: justify;\">\n<li>Traslado ida\/retorno no hotel em Puno<\/li>\n<li>Transporte<\/li>\n<li>Guia em espanhol e ingl\u00eas.<\/li>\n<li>Entrada no complexo arqueol\u00f3gico.<\/li>\n<\/ul>\n<h3 style=\"text-align: justify;\"><span style=\"color: #008000;\"><strong>N\u00e3o incluso:<\/strong><\/span><\/h3>\n<ul style=\"text-align: justify;\">\n<li>Refei\u00e7\u00f5es n\u00e3o especificadas no itiner\u00e1rio<\/li>\n<li>Alojamento<\/li>\n<\/ul>\n<h3 style=\"text-align: justify;\"><span style=\"color: #008000;\"><strong>Lista recomendada<\/strong><\/span><\/h3>\n<ul>\n<li style=\"text-align: justify;\">Lanches (frutas secas, biscoitos, doces, chocolates, etc.)<\/li>\n<li style=\"text-align: justify;\">Sapatos de caminhada ou t\u00eanis<\/li>\n<li style=\"text-align: justify;\">Equipamento completo para chuva ou poncho (de novembro a abril)<\/li>\n<li style=\"text-align: justify;\">Roupas quentes<\/li>\n<li style=\"text-align: justify;\">Chap\u00e9u ou bon\u00e9<\/li>\n<li style=\"text-align: justify;\">\u00d3culos de sol<\/li>\n<li style=\"text-align: justify;\">Protetor solar<\/li>\n<li style=\"text-align: justify;\">Artigos de toalete<\/li>\n<li style=\"text-align: justify;\">C\u00e2meras fotogr\u00e1ficas \/ de v\u00eddeo e carregadores<\/li>\n<li style=\"text-align: justify;\">Garrafa de \u00c1gua<\/li>\n<\/ul>\n","protected":false},"excerpt":{"rendered":"<p><strong>C\u00d3DIGO: <\/strong>PVT-PU004<\/p>\n<ul>\n<li><strong>Partidas: Di\u00e1rias<\/strong><\/li>\n<li><strong>Dura\u00e7\u00e3o: 3 horas aprox.<\/strong><\/li>\n<\/ul>\n","protected":false},"featured_media":1601,"template":"","meta":{"site-sidebar-layout":"default","site-content-layout":"default","ast-site-content-layout":"default","site-content-style":"default","site-sidebar-style":"default","ast-global-header-display":"","ast-banner-title-visibility":"","ast-main-header-display":"","ast-hfb-above-header-display":"","ast-hfb-below-header-display":"","ast-hfb-mobile-header-display":"","site-post-title":"","ast-breadcrumbs-content":"","ast-featured-img":"","footer-sml-layout":"","ast-disable-related-posts":"","theme-transparent-header-meta":"default","adv-header-id-meta":"","stick-header-meta":"default","header-above-stick-meta":"","header-main-stick-meta":"","header-below-stick-meta":"","astra-migrate-meta-layouts":"default","ast-page-background-enabled":"default","ast-page-background-meta":{"desktop":{"background-color":"var(--ast-global-color-4)","background-image":"","background-repeat":"repeat","background-position":"center center","background-size":"auto","background-attachment":"scroll","background-type":"","background-media":"","overlay-type":"","overlay-color":"","overlay-opacity":"","overlay-gradient":""},"tablet":{"background-color":"","background-image":"","background-repeat":"repeat","background-position":"center center","background-size":"auto","background-attachment":"scroll","background-type":"","background-media":"","overlay-type":"","overlay-color":"","overlay-opacity":"","overlay-gradient":""},"mobile":{"background-color":"","background-image":"","background-repeat":"repeat","background-position":"center center","background-size":"auto","background-attachment":"scroll","background-type":"","background-media":"","overlay-type":"","overlay-color":"","overlay-opacity":"","overlay-gradient":""}},"ast-content-background-meta":{"desktop":{"background-color":"var(--ast-global-color-5)","background-image":"","background-repeat":"repeat","background-position":"center center","background-size":"auto","background-attachment":"scroll","background-type":"","background-media":"","overlay-type":"","overlay-color":"","overlay-opacity":"","overlay-gradient":""},"tablet":{"background-color":"var(--ast-global-color-5)","background-image":"","background-repeat":"repeat","background-position":"center center","background-size":"auto","background-attachment":"scroll","background-type":"","background-media":"","overlay-type":"","overlay-color":"","overlay-opacity":"","overlay-gradient":""},"mobile":{"background-color":"var(--ast-global-color-5)","background-image":"","background-repeat":"repeat","background-position":"center center","background-size":"auto","background-attachment":"scroll","background-type":"","background-media":"","overlay-type":"","overlay-color":"","overlay-opacity":"","overlay-gradient":""}},"_joinchat":[]},"product_brand":[],"product_cat":[81],"product_tag":[],"class_list":{"0":"post-1624","1":"product","2":"type-product","3":"status-publish","4":"has-post-thumbnail","6":"product_cat-puno-pt-pt","7":"desktop-align-center","8":"tablet-align-center","9":"mobile-align-center","10":"ast-product-gallery-layout-horizontal-slider","11":"ast-product-gallery-with-no-image","12":"ast-product-tabs-layout-horizontal","14":"first","15":"instock","16":"shipping-taxable","17":"purchasable","18":"product-type-simple"},"_links":{"self":[{"href":"https:\/\/www.pvtravels.com\/pt-pt\/wp-json\/wp\/v2\/product\/1624","targetHints":{"allow":["GET"]}}],"collection":[{"href":"https:\/\/www.pvtravels.com\/pt-pt\/wp-json\/wp\/v2\/product"}],"about":[{"href":"https:\/\/www.pvtravels.com\/pt-pt\/wp-json\/wp\/v2\/types\/product"}],"version-history":[{"count":2,"href":"https:\/\/www.pvtravels.com\/pt-pt\/wp-json\/wp\/v2\/product\/1624\/revisions"}],"predecessor-version":[{"id":3244,"href":"https:\/\/www.pvtravels.com\/pt-pt\/wp-json\/wp\/v2\/product\/1624\/revisions\/3244"}],"wp:featuredmedia":[{"embeddable":true,"href":"https:\/\/www.pvtravels.com\/pt-pt\/wp-json\/wp\/v2\/media\/1601"}],"wp:attachment":[{"href":"https:\/\/www.pvtravels.com\/pt-pt\/wp-json\/wp\/v2\/media?parent=1624"}],"wp:term":[{"taxonomy":"product_brand","embeddable":true,"href":"https:\/\/www.pvtravels.com\/pt-pt\/wp-json\/wp\/v2\/product_brand?post=1624"},{"taxonomy":"product_cat","embeddable":true,"href":"https:\/\/www.pvtravels.com\/pt-pt\/wp-json\/wp\/v2\/product_cat?post=1624"},{"taxonomy":"product_tag","embeddable":true,"href":"https:\/\/www.pvtravels.com\/pt-pt\/wp-json\/wp\/v2\/product_tag?post=1624"}],"curies":[{"name":"wp","href":"https:\/\/api.w.org\/{rel}","templated":true}]}}