{"id":1621,"date":"2021-12-20T15:58:49","date_gmt":"2021-12-20T20:58:49","guid":{"rendered":"https:\/\/www.pvtravels.com\/tour\/sem%20categoria\/tour-de-meio-dia-em-sillustani\/"},"modified":"2022-02-02T11:08:02","modified_gmt":"2022-02-02T16:08:02","slug":"tour-de-meio-dia-em-sillustani","status":"publish","type":"product","link":"https:\/\/www.pvtravels.com\/pt-pt\/tour\/puno-pt-pt\/tour-de-meio-dia-em-sillustani\/","title":{"rendered":"Tour de meio dia em Sillustani"},"content":{"rendered":"<h3 style=\"text-align: justify;\"><span style=\"color: #008000;\"><strong>Itiner\u00e1rio:<\/strong><\/span><\/h3>\n<p style=\"text-align: justify;\">Traslado do seu hotel por volta das 14:000h para iniciar a sua visita ao cerimonial Centre Sillustani localizado a 34 km da cidade de Puno, a cerca de 40 minutos do centro de Puno, o passeio dura aproximadamente 3,5 horas,<\/p>\n<p style=\"text-align: justify;\">Partimos de Puno por terra a caminho do norte de Puno, esta visita nos permitir\u00e1 apreciar a magn\u00edfica arquitetura e engenharia da \u00e9poca, que \u00e9 mostrada na chullpa do lagarto de um modo f\u00e1lico com 12m de altura em forma c\u00f4nica invertido com imensos blocos de pedra que desafiam a gravidade da Terra (pr\u00e9-Inca) e Inca (necr\u00f3pole), \u00fanica no Peru; Desfrute da energia positiva deste magn\u00edfico lugar sagrado, rodeado de natureza deslumbrante, paisagens maravilhosas rodeadas pela m\u00edstica Laguna e Ilha Umayo e vida selvagem (Vicu\u00f1as, alpacas e Vizcachas).<\/p>\n<p style=\"text-align: justify;\">Estaremos de volta em Puno por volta das 18:00.<\/p>\n<h3 style=\"text-align: justify;\"><span style=\"color: #008000;\"><strong>O que est\u00e1 inclu\u00eddo:<\/strong><\/span><\/h3>\n<ul style=\"text-align: justify;\">\n<li>Traslado ida\/retorno no hotel em Puno<\/li>\n<li>Transporte<\/li>\n<li>Guia em espanhol e ingl\u00eas.<\/li>\n<li>Entrada no complexo arqueol\u00f3gico.<\/li>\n<\/ul>\n<h3 style=\"text-align: justify;\"><span style=\"color: #008000;\"><strong>N\u00e3o incluso:<\/strong><\/span><\/h3>\n<ul style=\"text-align: justify;\">\n<li>Refei\u00e7\u00f5es n\u00e3o especificadas no itiner\u00e1rio<\/li>\n<li>Alojamento<\/li>\n<\/ul>\n<h3 style=\"text-align: justify;\"><span style=\"color: #008000;\"><strong>Lista recomendada<\/strong><\/span><\/h3>\n<ul>\n<li style=\"text-align: justify;\">Lanches (frutas secas, biscoitos, doces, chocolates, etc.)<\/li>\n<li style=\"text-align: justify;\">Sapatos de caminhada ou t\u00eanis<\/li>\n<li style=\"text-align: justify;\">Equipamento completo para chuva ou poncho (de novembro a abril)<\/li>\n<li style=\"text-align: justify;\">Roupas quentes<\/li>\n<li style=\"text-align: justify;\">Chap\u00e9u ou bon\u00e9<\/li>\n<li style=\"text-align: justify;\">\u00d3culos de sol<\/li>\n<li style=\"text-align: justify;\">Protetor solar<\/li>\n<li style=\"text-align: justify;\">Artigos de toalete<\/li>\n<li style=\"text-align: justify;\">C\u00e2meras fotogr\u00e1ficas \/ de v\u00eddeo e carregadores<\/li>\n<li style=\"text-align: justify;\">Garrafa de \u00c1gua<\/li>\n<\/ul>\n","protected":false},"excerpt":{"rendered":"<p><strong>C\u00d3DIGO:<\/strong> PVT-PU003<\/p>\n<ul>\n<li><strong>Partidas: Di\u00e1rias<\/strong><\/li>\n<li><strong>Dura\u00e7\u00e3o: 4 horas aprox.<\/strong><\/li>\n<\/ul>\n","protected":false},"featured_media":3742,"template":"","meta":{"site-sidebar-layout":"default","site-content-layout":"default","ast-site-content-layout":"default","site-content-style":"default","site-sidebar-style":"default","ast-global-header-display":"","ast-banner-title-visibility":"","ast-main-header-display":"","ast-hfb-above-header-display":"","ast-hfb-below-header-display":"","ast-hfb-mobile-header-display":"","site-post-title":"","ast-breadcrumbs-content":"","ast-featured-img":"","footer-sml-layout":"","ast-disable-related-posts":"","theme-transparent-header-meta":"default","adv-header-id-meta":"","stick-header-meta":"default","header-above-stick-meta":"","header-main-stick-meta":"","header-below-stick-meta":"","astra-migrate-meta-layouts":"default","ast-page-background-enabled":"default","ast-page-background-meta":{"desktop":{"background-color":"var(--ast-global-color-4)","background-image":"","background-repeat":"repeat","background-position":"center center","background-size":"auto","background-attachment":"scroll","background-type":"","background-media":"","overlay-type":"","overlay-color":"","overlay-opacity":"","overlay-gradient":""},"tablet":{"background-color":"","background-image":"","background-repeat":"repeat","background-position":"center center","background-size":"auto","background-attachment":"scroll","background-type":"","background-media":"","overlay-type":"","overlay-color":"","overlay-opacity":"","overlay-gradient":""},"mobile":{"background-color":"","background-image":"","background-repeat":"repeat","background-position":"center center","background-size":"auto","background-attachment":"scroll","background-type":"","background-media":"","overlay-type":"","overlay-color":"","overlay-opacity":"","overlay-gradient":""}},"ast-content-background-meta":{"desktop":{"background-color":"var(--ast-global-color-5)","background-image":"","background-repeat":"repeat","background-position":"center center","background-size":"auto","background-attachment":"scroll","background-type":"","background-media":"","overlay-type":"","overlay-color":"","overlay-opacity":"","overlay-gradient":""},"tablet":{"background-color":"var(--ast-global-color-5)","background-image":"","background-repeat":"repeat","background-position":"center center","background-size":"auto","background-attachment":"scroll","background-type":"","background-media":"","overlay-type":"","overlay-color":"","overlay-opacity":"","overlay-gradient":""},"mobile":{"background-color":"var(--ast-global-color-5)","background-image":"","background-repeat":"repeat","background-position":"center center","background-size":"auto","background-attachment":"scroll","background-type":"","background-media":"","overlay-type":"","overlay-color":"","overlay-opacity":"","overlay-gradient":""}},"_joinchat":[]},"product_brand":[],"product_cat":[81],"product_tag":[],"class_list":{"0":"post-1621","1":"product","2":"type-product","3":"status-publish","4":"has-post-thumbnail","6":"product_cat-puno-pt-pt","7":"desktop-align-center","8":"tablet-align-center","9":"mobile-align-center","10":"ast-product-gallery-layout-horizontal-slider","11":"ast-product-gallery-with-no-image","12":"ast-product-tabs-layout-horizontal","14":"first","15":"instock","16":"shipping-taxable","17":"purchasable","18":"product-type-simple"},"_links":{"self":[{"href":"https:\/\/www.pvtravels.com\/pt-pt\/wp-json\/wp\/v2\/product\/1621","targetHints":{"allow":["GET"]}}],"collection":[{"href":"https:\/\/www.pvtravels.com\/pt-pt\/wp-json\/wp\/v2\/product"}],"about":[{"href":"https:\/\/www.pvtravels.com\/pt-pt\/wp-json\/wp\/v2\/types\/product"}],"version-history":[{"count":3,"href":"https:\/\/www.pvtravels.com\/pt-pt\/wp-json\/wp\/v2\/product\/1621\/revisions"}],"predecessor-version":[{"id":3245,"href":"https:\/\/www.pvtravels.com\/pt-pt\/wp-json\/wp\/v2\/product\/1621\/revisions\/3245"}],"wp:featuredmedia":[{"embeddable":true,"href":"https:\/\/www.pvtravels.com\/pt-pt\/wp-json\/wp\/v2\/media\/3742"}],"wp:attachment":[{"href":"https:\/\/www.pvtravels.com\/pt-pt\/wp-json\/wp\/v2\/media?parent=1621"}],"wp:term":[{"taxonomy":"product_brand","embeddable":true,"href":"https:\/\/www.pvtravels.com\/pt-pt\/wp-json\/wp\/v2\/product_brand?post=1621"},{"taxonomy":"product_cat","embeddable":true,"href":"https:\/\/www.pvtravels.com\/pt-pt\/wp-json\/wp\/v2\/product_cat?post=1621"},{"taxonomy":"product_tag","embeddable":true,"href":"https:\/\/www.pvtravels.com\/pt-pt\/wp-json\/wp\/v2\/product_tag?post=1621"}],"curies":[{"name":"wp","href":"https:\/\/api.w.org\/{rel}","templated":true}]}}