{"id":1617,"date":"2021-12-20T15:52:31","date_gmt":"2021-12-20T20:52:31","guid":{"rendered":"https:\/\/www.pvtravels.com\/tour\/sem%20categoria\/tour-ilhas-de-uros-meio-dia\/"},"modified":"2022-02-02T11:10:19","modified_gmt":"2022-02-02T16:10:19","slug":"tour-ilhas-de-uros-meio-dia","status":"publish","type":"product","link":"https:\/\/www.pvtravels.com\/pt-pt\/tour\/puno-pt-pt\/tour-ilhas-de-uros-meio-dia\/","title":{"rendered":"Tour Ilhas de Uros meio dia"},"content":{"rendered":"<h3 style=\"text-align: justify;\"><span style=\"color: #008000;\"><strong>Itiner\u00e1rio:<\/strong><\/span><\/h3>\n<p style=\"text-align: justify;\">Traslado do seu hotel em Puno por volta das 9h, de onde iremos para o porto em Puno e depois subiremos em um barco a motor.<\/p>\n<p style=\"text-align: justify;\">Vamos fazer uma bela viagem de barco a motor (30 min.) Entre os juncos, chegamos a Uros, um arquip\u00e9lago de mais de 60 ilhas flutuantes feitas pelo homem, habitadas pelos Uros, um grupo \u00e9tnico de pescadores, parte de um grupo ancestral.<\/p>\n<p style=\"text-align: justify;\">Muito pouco \u00e9 conhecido sobre suas origens, uma tradi\u00e7\u00e3o diz que quando um rei inca perguntou; Quem \u00e9 Voc\u00ea? Eles responderam: &#8220;Somos os primeiros habitantes da Terra e temos sangue negro&#8221;.<\/p>\n<p style=\"text-align: justify;\">Na \u00e9poca colonial eles tentaram viver longe do contato do homem branco, mas nas \u00faltimas d\u00e9cadas eles fizeram um contato mais fluido com a cultura terrestre principal, mas ainda t\u00eam a ca\u00e7a e a pesca de p\u00e1ssaros como suas principais atividades. Pisar nessas plataformas de junco feitas pelo homem \u00e9 muito parecido com um colch\u00e3o de \u00e1gua, mas elas s\u00e3o muito seguras para andar. Na verdade, voc\u00ea observar\u00e1 um n\u00famero de ilhas de junco uma ao lado da outra, com casas e pessoas nelas. Fa\u00e7a um tour guiado para 2 ou 3 ilhas, explore os arredores em uma aut\u00eantica balsa de junco (opcional)<\/p>\n<p style=\"text-align: justify;\">Regresso a Puno, chegada \u00e0s 12h15 e traslado ao seu hotel.<\/p>\n<h3 style=\"text-align: justify;\"><span style=\"color: #008000;\"><strong>O que est\u00e1 inclu\u00eddo:<\/strong><\/span><\/h3>\n<ul style=\"text-align: justify;\">\n<li>Traslado ida\/retorno no hotel em Puno<\/li>\n<li>Entradas para as ilhas<\/li>\n<li>Transporte de barco<\/li>\n<li>Guia profissional em ingl\u00eas ou espanhol<\/li>\n<\/ul>\n<h3 style=\"text-align: justify;\"><span style=\"color: #008000;\"><strong>N\u00e3o incluso:<\/strong><\/span><\/h3>\n<ul style=\"text-align: justify;\">\n<li>Refei\u00e7\u00f5es n\u00e3o especificadas no itiner\u00e1rio<\/li>\n<li>Alojamento<\/li>\n<\/ul>\n<h3 style=\"text-align: justify;\"><span style=\"color: #008000;\"><strong>Lista recomendada<\/strong><\/span><\/h3>\n<ul>\n<li style=\"text-align: justify;\">Lanches (frutas secas, biscoitos, doces, chocolates, etc.)<\/li>\n<li style=\"text-align: justify;\">Sapatos de caminhada ou t\u00eanis<\/li>\n<li style=\"text-align: justify;\">Equipamento completo para chuva ou poncho (de novembro a abril)<\/li>\n<li style=\"text-align: justify;\">Roupas quentes<\/li>\n<li style=\"text-align: justify;\">Chap\u00e9u ou bon\u00e9<\/li>\n<li style=\"text-align: justify;\">\u00d3culos de sol<\/li>\n<li style=\"text-align: justify;\">Protetor solar<\/li>\n<li style=\"text-align: justify;\">Artigos de toalete<\/li>\n<li style=\"text-align: justify;\">C\u00e2meras fotogr\u00e1ficas \/ de v\u00eddeo e carregadores<\/li>\n<li style=\"text-align: justify;\">Garrafa de \u00c1gua<\/li>\n<\/ul>\n","protected":false},"excerpt":{"rendered":"<p><strong>C\u00d3DIGO: <\/strong>PVT-PU001<\/p>\n<ul>\n<li><strong>Partidas: Di\u00e1rias &#8211; <\/strong><strong>09:00am \/ 15:00h<\/strong><\/li>\n<li><strong>Dura\u00e7\u00e3o: 3 horas aprox<\/strong><\/li>\n<\/ul>\n","protected":false},"featured_media":3608,"template":"","meta":{"site-sidebar-layout":"default","site-content-layout":"default","ast-site-content-layout":"default","site-content-style":"default","site-sidebar-style":"default","ast-global-header-display":"","ast-banner-title-visibility":"","ast-main-header-display":"","ast-hfb-above-header-display":"","ast-hfb-below-header-display":"","ast-hfb-mobile-header-display":"","site-post-title":"","ast-breadcrumbs-content":"","ast-featured-img":"","footer-sml-layout":"","ast-disable-related-posts":"","theme-transparent-header-meta":"default","adv-header-id-meta":"","stick-header-meta":"default","header-above-stick-meta":"","header-main-stick-meta":"","header-below-stick-meta":"","astra-migrate-meta-layouts":"default","ast-page-background-enabled":"default","ast-page-background-meta":{"desktop":{"background-color":"var(--ast-global-color-4)","background-image":"","background-repeat":"repeat","background-position":"center center","background-size":"auto","background-attachment":"scroll","background-type":"","background-media":"","overlay-type":"","overlay-color":"","overlay-opacity":"","overlay-gradient":""},"tablet":{"background-color":"","background-image":"","background-repeat":"repeat","background-position":"center center","background-size":"auto","background-attachment":"scroll","background-type":"","background-media":"","overlay-type":"","overlay-color":"","overlay-opacity":"","overlay-gradient":""},"mobile":{"background-color":"","background-image":"","background-repeat":"repeat","background-position":"center center","background-size":"auto","background-attachment":"scroll","background-type":"","background-media":"","overlay-type":"","overlay-color":"","overlay-opacity":"","overlay-gradient":""}},"ast-content-background-meta":{"desktop":{"background-color":"var(--ast-global-color-5)","background-image":"","background-repeat":"repeat","background-position":"center center","background-size":"auto","background-attachment":"scroll","background-type":"","background-media":"","overlay-type":"","overlay-color":"","overlay-opacity":"","overlay-gradient":""},"tablet":{"background-color":"var(--ast-global-color-5)","background-image":"","background-repeat":"repeat","background-position":"center center","background-size":"auto","background-attachment":"scroll","background-type":"","background-media":"","overlay-type":"","overlay-color":"","overlay-opacity":"","overlay-gradient":""},"mobile":{"background-color":"var(--ast-global-color-5)","background-image":"","background-repeat":"repeat","background-position":"center center","background-size":"auto","background-attachment":"scroll","background-type":"","background-media":"","overlay-type":"","overlay-color":"","overlay-opacity":"","overlay-gradient":""}},"_joinchat":[]},"product_brand":[],"product_cat":[81],"product_tag":[],"class_list":{"0":"post-1617","1":"product","2":"type-product","3":"status-publish","4":"has-post-thumbnail","6":"product_cat-puno-pt-pt","7":"desktop-align-center","8":"tablet-align-center","9":"mobile-align-center","10":"ast-product-gallery-layout-horizontal-slider","11":"ast-product-gallery-with-no-image","12":"ast-product-tabs-layout-horizontal","14":"first","15":"instock","16":"shipping-taxable","17":"purchasable","18":"product-type-simple"},"_links":{"self":[{"href":"https:\/\/www.pvtravels.com\/pt-pt\/wp-json\/wp\/v2\/product\/1617","targetHints":{"allow":["GET"]}}],"collection":[{"href":"https:\/\/www.pvtravels.com\/pt-pt\/wp-json\/wp\/v2\/product"}],"about":[{"href":"https:\/\/www.pvtravels.com\/pt-pt\/wp-json\/wp\/v2\/types\/product"}],"version-history":[{"count":2,"href":"https:\/\/www.pvtravels.com\/pt-pt\/wp-json\/wp\/v2\/product\/1617\/revisions"}],"predecessor-version":[{"id":3247,"href":"https:\/\/www.pvtravels.com\/pt-pt\/wp-json\/wp\/v2\/product\/1617\/revisions\/3247"}],"wp:featuredmedia":[{"embeddable":true,"href":"https:\/\/www.pvtravels.com\/pt-pt\/wp-json\/wp\/v2\/media\/3608"}],"wp:attachment":[{"href":"https:\/\/www.pvtravels.com\/pt-pt\/wp-json\/wp\/v2\/media?parent=1617"}],"wp:term":[{"taxonomy":"product_brand","embeddable":true,"href":"https:\/\/www.pvtravels.com\/pt-pt\/wp-json\/wp\/v2\/product_brand?post=1617"},{"taxonomy":"product_cat","embeddable":true,"href":"https:\/\/www.pvtravels.com\/pt-pt\/wp-json\/wp\/v2\/product_cat?post=1617"},{"taxonomy":"product_tag","embeddable":true,"href":"https:\/\/www.pvtravels.com\/pt-pt\/wp-json\/wp\/v2\/product_tag?post=1617"}],"curies":[{"name":"wp","href":"https:\/\/api.w.org\/{rel}","templated":true}]}}