{"id":1553,"date":"2021-12-20T14:39:23","date_gmt":"2021-12-20T19:39:23","guid":{"rendered":"https:\/\/www.pvtravels.com\/tour\/sem%20categoria\/lago-titicaca-2d-1n\/"},"modified":"2022-02-02T11:18:26","modified_gmt":"2022-02-02T16:18:26","slug":"lago-titicaca-2d-1n","status":"publish","type":"product","link":"https:\/\/www.pvtravels.com\/pt-pt\/tour\/puno-pt-pt\/lago-titicaca-2d-1n\/","title":{"rendered":"Lago Titicaca 2D\/1N"},"content":{"rendered":"\t\t<div data-elementor-type=\"product-post\" data-elementor-id=\"1553\" class=\"elementor elementor-1553 elementor-1477\" data-elementor-post-type=\"product\">\n\t\t\t\t\t\t<section class=\"elementor-section elementor-top-section elementor-element elementor-element-fa9cd76 elementor-section-boxed elementor-section-height-default elementor-section-height-default\" data-id=\"fa9cd76\" data-element_type=\"section\" data-e-type=\"section\">\n\t\t\t\t\t\t<div class=\"elementor-container elementor-column-gap-default\">\n\t\t\t\t\t<div class=\"elementor-column elementor-col-100 elementor-top-column elementor-element elementor-element-a035742\" data-id=\"a035742\" data-element_type=\"column\" data-e-type=\"column\">\n\t\t\t<div class=\"elementor-widget-wrap elementor-element-populated\">\n\t\t\t\t\t\t<div class=\"elementor-element elementor-element-c32ad33 elementor-widget elementor-widget-heading\" data-id=\"c32ad33\" data-element_type=\"widget\" data-e-type=\"widget\" data-widget_type=\"heading.default\">\n\t\t\t\t<div class=\"elementor-widget-container\">\n\t\t\t\t\t<h3 class=\"elementor-heading-title elementor-size-default\">Itiner\u00e1rio:<\/h3>\t\t\t\t<\/div>\n\t\t\t\t<\/div>\n\t\t\t\t<div class=\"elementor-element elementor-element-e3aa5f0 elementor-widget elementor-widget-accordion\" data-id=\"e3aa5f0\" data-element_type=\"widget\" data-e-type=\"widget\" data-widget_type=\"accordion.default\">\n\t\t\t\t<div class=\"elementor-widget-container\">\n\t\t\t\t\t\t\t<div class=\"elementor-accordion\">\n\t\t\t\t\t\t\t<div class=\"elementor-accordion-item\">\n\t\t\t\t\t<div id=\"elementor-tab-title-2381\" class=\"elementor-tab-title\" data-tab=\"1\" role=\"button\" aria-controls=\"elementor-tab-content-2381\" aria-expanded=\"false\">\n\t\t\t\t\t\t\t\t\t\t\t\t\t<span class=\"elementor-accordion-icon elementor-accordion-icon-left\" aria-hidden=\"true\">\n\t\t\t\t\t\t\t\t\t\t\t\t\t\t\t<span class=\"elementor-accordion-icon-closed\"><i class=\"fas fa-plus\"><\/i><\/span>\n\t\t\t\t\t\t\t\t<span class=\"elementor-accordion-icon-opened\"><i class=\"fas fa-minus\"><\/i><\/span>\n\t\t\t\t\t\t\t\t\t\t\t\t\t\t<\/span>\n\t\t\t\t\t\t\t\t\t\t\t\t<a class=\"elementor-accordion-title\" tabindex=\"0\">Dia 1: Puno - Amantani<\/a>\n\t\t\t\t\t<\/div>\n\t\t\t\t\t<div id=\"elementor-tab-content-2381\" class=\"elementor-tab-content elementor-clearfix\" data-tab=\"1\" role=\"region\" aria-labelledby=\"elementor-tab-title-2381\"><p style=\"text-align: justify;\">Nosso passeio come\u00e7a com a retirada do seu hotel em Puno ou da esta\u00e7\u00e3o de \u00f4nibus.<\/p><p style=\"text-align: justify;\">Depois iremos ao porto em Puno, onde nosso guia local estar\u00e1 esperando com o barco para come\u00e7ar nossa aventura no Lago Titicaca. Assim que sa\u00edmos, nosso guia explicar\u00e1 pontos importantes deste grande lago e, ap\u00f3s 30 minutos, chegaremos \u00e0s ilhas flutuantes dos Uros. Aqui paramos em uma ilha, visitamos seus habitantes e aprendemos sobre os costumes dessas comunidades que vivem h\u00e1 anos nas terras altas. Na comunidade dos Uros pegamos uma jangada feita de juncos e um pequeno passeio no lago (opcional).<\/p><p style=\"text-align: justify;\">Mais tarde voltamos ao barco e continuamos nossa jornada em dire\u00e7\u00e3o \u00e0 ilha de Amantani. A viagem demora cerca de 3 horas de barco. Na chegada, voc\u00ea ser\u00e1 saudado por grupos de habitante da ilha que nos fornecem alojamento em suas casas humildes.<\/p><p style=\"text-align: justify;\">A tarde \u00e9 livre para explorar por conta pr\u00f3pria ou simplesmente compartilhar a noite com sua fam\u00edlia anfitri\u00e3. Pouco antes do p\u00f4r do sol, nosso guia ir\u00e1 convid\u00e1-lo a fazer uma pequena caminhada at\u00e9 uma pequena colina conhecida como Pachatata, onde est\u00e1 localizado um complexo arqueol\u00f3gico constru\u00eddo pelas antigas culturas que habitaram a ilha h\u00e1 muito tempo. A partir deste ponto, tamb\u00e9m podemos ver um belo p\u00f4r do sol. Ent\u00e3o descemos para nossas casas e jantamos com nossas respectivas fam\u00edlias.<\/p><p style=\"text-align: justify;\">Mais tarde, vamos ver um festival de folclore, onde podemos dan\u00e7ar com a popula\u00e7\u00e3o local. Nossas fam\u00edlias nos d\u00e3o roupas tradicionais para participar da festa. As mulheres vestem saias muito coloridas, lindas blusas, bordados \u00e0 m\u00e3o e um v\u00e9u preto. Os homens receberam um longo poncho Chuyo (gorro de l\u00e3 t\u00edpico dos Andes). Quando estiver pronto, iremos para a festa.<\/p><p style=\"text-align: justify;\">Pernoite com uma fam\u00edlia local.<\/p><\/div>\n\t\t\t\t<\/div>\n\t\t\t\t\t\t\t<div class=\"elementor-accordion-item\">\n\t\t\t\t\t<div id=\"elementor-tab-title-2382\" class=\"elementor-tab-title\" data-tab=\"2\" role=\"button\" aria-controls=\"elementor-tab-content-2382\" aria-expanded=\"false\">\n\t\t\t\t\t\t\t\t\t\t\t\t\t<span class=\"elementor-accordion-icon elementor-accordion-icon-left\" aria-hidden=\"true\">\n\t\t\t\t\t\t\t\t\t\t\t\t\t\t\t<span class=\"elementor-accordion-icon-closed\"><i class=\"fas fa-plus\"><\/i><\/span>\n\t\t\t\t\t\t\t\t<span class=\"elementor-accordion-icon-opened\"><i class=\"fas fa-minus\"><\/i><\/span>\n\t\t\t\t\t\t\t\t\t\t\t\t\t\t<\/span>\n\t\t\t\t\t\t\t\t\t\t\t\t<a class=\"elementor-accordion-title\" tabindex=\"0\">Dia 2: Ilha Taquile - Retorno a Puno<\/a>\n\t\t\t\t\t<\/div>\n\t\t\t\t\t<div id=\"elementor-tab-content-2382\" class=\"elementor-tab-content elementor-clearfix\" data-tab=\"2\" role=\"region\" aria-labelledby=\"elementor-tab-title-2382\"><p style=\"text-align: justify;\">Depois do caf\u00e9 da manh\u00e3, nos despedimos de nossa fam\u00edlia e descemos para a doca para continuar nossa visita \u00e0 ilha de Taquile. A viagem levar\u00e1 cerca de uma hora.<\/p><p style=\"text-align: justify;\">Taquile \u00e9 uma ilha enorme que se caracteriza por belos tecidos. Aqui os visitantes podem ver como as pessoas da ilha fazem ponchos, cintos, luvas e outras roupas t\u00edpicas andinas, todas feitas \u00e0 m\u00e3o. Para chegar ao topo da ilha, caminhamos por uma bela trilha, um pouco inclinada, com vistas espetaculares do lago. Aqui recomendamos caminhar devagar e relaxar, pois a altitude \u00e9 de cerca de 3800 msnm.<\/p><p style=\"text-align: justify;\">Depois vamos almo\u00e7ar em um restaurante t\u00edpico da pra\u00e7a. Ap\u00f3s o almo\u00e7o, voc\u00ea ter\u00e1 tempo livre para visitar as f\u00e1bricas de tecidos e tirar fotos com os habitantes da ilha.<\/p><p style=\"text-align: justify;\">Mais tarde, desceremos at\u00e9 o porto para pegar nosso barco de volta a Puno, chegando \u00e0 cidade por volta das 17: 00h.<\/p><p style=\"text-align: justify;\">Fim dos nossos servi\u00e7os!<\/p><\/div>\n\t\t\t\t<\/div>\n\t\t\t\t\t\t\t\t<\/div>\n\t\t\t\t\t\t<\/div>\n\t\t\t\t<\/div>\n\t\t\t\t<div class=\"elementor-element elementor-element-fcd791b elementor-widget elementor-widget-text-editor\" data-id=\"fcd791b\" data-element_type=\"widget\" data-e-type=\"widget\" data-widget_type=\"text-editor.default\">\n\t\t\t\t<div class=\"elementor-widget-container\">\n\t\t\t\t\t\t\t\t\t<h3><span style=\"color: #008000;\"><strong>O que est\u00e1 inclu\u00eddo:<\/strong><\/span><\/h3><ul><li>Traslado do hotel ou esta\u00e7\u00e3o de \u00f4nibus em Puno<\/li><li>Tours Uros, Amantani e Taquile<\/li><li>Jantar e caf\u00e9 da manh\u00e3 em Amantani<\/li><li>Almo\u00e7o em Taquile<\/li><li>Caf\u00e9 da manh\u00e3 no hotel<\/li><li>1 noite em fam\u00edlia anfitri\u00e3 em Amantani<\/li><li>Todas as entradas<\/li><li>Guia profissional em ingl\u00eas ou espanhol<\/li><li>Mobilidade para os passeios<\/li><\/ul><h3><span style=\"color: #008000;\"><strong>N\u00e3o incluso:<\/strong><\/span><\/h3><ul><li>Transferir<\/li><li>Transfer\u00eancia do aeroporto de Juliaca<\/li><li>Refei\u00e7\u00f5es n\u00e3o especificadas no itiner\u00e1rio<\/li><li>Alojamento<\/li><\/ul><h3><span style=\"color: #008000;\"><strong>Lista recomendada<\/strong><\/span><\/h3><ul><li>Lanches (frutas secas, biscoitos, doces, chocolates, etc.)<\/li><li>Sapatos de caminhada ou t\u00eanis<\/li><li>Equipamento completo para chuva ou poncho (de novembro a abril)<\/li><li>Roupas para inverno<\/li><li>Chap\u00e9u ou bon\u00e9<\/li><li>\u00d3culos de sol<\/li><li>Protetor solar<\/li><li>Artigos de higiene pessoal (xampu, sabonete, creme para o corpo)<\/li><li>C\u00e2meras fotogr\u00e1ficas \/ de v\u00eddeo e carregadores<\/li><li>Garrafa de \u00c1gua<\/li><\/ul>\t\t\t\t\t\t\t\t<\/div>\n\t\t\t\t<\/div>\n\t\t\t\t\t<\/div>\n\t\t<\/div>\n\t\t\t\t\t<\/div>\n\t\t<\/section>\n\t\t\t\t<\/div>\n\t\t","protected":false},"excerpt":{"rendered":"<p><strong>C\u00d3DIGO:<\/strong> PVT-PP001<\/p>\n<ul>\n<li>Partidas: Di\u00e1rias<\/li>\n<li>Dura\u00e7\u00e3o: 2 dias \/ 1 noite<\/li>\n<\/ul>\n","protected":false},"featured_media":3619,"template":"","meta":{"site-sidebar-layout":"no-sidebar","site-content-layout":"page-builder","ast-site-content-layout":"default","site-content-style":"default","site-sidebar-style":"default","ast-global-header-display":"","ast-banner-title-visibility":"","ast-main-header-display":"","ast-hfb-above-header-display":"","ast-hfb-below-header-display":"","ast-hfb-mobile-header-display":"","site-post-title":"disabled","ast-breadcrumbs-content":"","ast-featured-img":"disabled","footer-sml-layout":"","ast-disable-related-posts":"","theme-transparent-header-meta":"default","adv-header-id-meta":"","stick-header-meta":"default","header-above-stick-meta":"","header-main-stick-meta":"","header-below-stick-meta":"","astra-migrate-meta-layouts":"default","ast-page-background-enabled":"default","ast-page-background-meta":{"desktop":{"background-color":"var(--ast-global-color-4)","background-image":"","background-repeat":"repeat","background-position":"center center","background-size":"auto","background-attachment":"scroll","background-type":"","background-media":"","overlay-type":"","overlay-color":"","overlay-opacity":"","overlay-gradient":""},"tablet":{"background-color":"","background-image":"","background-repeat":"repeat","background-position":"center center","background-size":"auto","background-attachment":"scroll","background-type":"","background-media":"","overlay-type":"","overlay-color":"","overlay-opacity":"","overlay-gradient":""},"mobile":{"background-color":"","background-image":"","background-repeat":"repeat","background-position":"center center","background-size":"auto","background-attachment":"scroll","background-type":"","background-media":"","overlay-type":"","overlay-color":"","overlay-opacity":"","overlay-gradient":""}},"ast-content-background-meta":{"desktop":{"background-color":"var(--ast-global-color-5)","background-image":"","background-repeat":"repeat","background-position":"center center","background-size":"auto","background-attachment":"scroll","background-type":"","background-media":"","overlay-type":"","overlay-color":"","overlay-opacity":"","overlay-gradient":""},"tablet":{"background-color":"var(--ast-global-color-5)","background-image":"","background-repeat":"repeat","background-position":"center center","background-size":"auto","background-attachment":"scroll","background-type":"","background-media":"","overlay-type":"","overlay-color":"","overlay-opacity":"","overlay-gradient":""},"mobile":{"background-color":"var(--ast-global-color-5)","background-image":"","background-repeat":"repeat","background-position":"center center","background-size":"auto","background-attachment":"scroll","background-type":"","background-media":"","overlay-type":"","overlay-color":"","overlay-opacity":"","overlay-gradient":""}},"_joinchat":[]},"product_brand":[],"product_cat":[81],"product_tag":[],"class_list":{"0":"post-1553","1":"product","2":"type-product","3":"status-publish","4":"has-post-thumbnail","6":"product_cat-puno-pt-pt","7":"desktop-align-center","8":"tablet-align-center","9":"mobile-align-center","10":"ast-product-gallery-layout-horizontal-slider","11":"ast-product-gallery-with-no-image","12":"ast-product-tabs-layout-horizontal","14":"first","15":"instock","16":"shipping-taxable","17":"purchasable","18":"product-type-simple"},"_links":{"self":[{"href":"https:\/\/www.pvtravels.com\/pt-pt\/wp-json\/wp\/v2\/product\/1553","targetHints":{"allow":["GET"]}}],"collection":[{"href":"https:\/\/www.pvtravels.com\/pt-pt\/wp-json\/wp\/v2\/product"}],"about":[{"href":"https:\/\/www.pvtravels.com\/pt-pt\/wp-json\/wp\/v2\/types\/product"}],"version-history":[{"count":8,"href":"https:\/\/www.pvtravels.com\/pt-pt\/wp-json\/wp\/v2\/product\/1553\/revisions"}],"predecessor-version":[{"id":3256,"href":"https:\/\/www.pvtravels.com\/pt-pt\/wp-json\/wp\/v2\/product\/1553\/revisions\/3256"}],"wp:featuredmedia":[{"embeddable":true,"href":"https:\/\/www.pvtravels.com\/pt-pt\/wp-json\/wp\/v2\/media\/3619"}],"wp:attachment":[{"href":"https:\/\/www.pvtravels.com\/pt-pt\/wp-json\/wp\/v2\/media?parent=1553"}],"wp:term":[{"taxonomy":"product_brand","embeddable":true,"href":"https:\/\/www.pvtravels.com\/pt-pt\/wp-json\/wp\/v2\/product_brand?post=1553"},{"taxonomy":"product_cat","embeddable":true,"href":"https:\/\/www.pvtravels.com\/pt-pt\/wp-json\/wp\/v2\/product_cat?post=1553"},{"taxonomy":"product_tag","embeddable":true,"href":"https:\/\/www.pvtravels.com\/pt-pt\/wp-json\/wp\/v2\/product_tag?post=1553"}],"curies":[{"name":"wp","href":"https:\/\/api.w.org\/{rel}","templated":true}]}}