{"id":1446,"date":"2021-12-20T12:22:47","date_gmt":"2021-12-20T17:22:47","guid":{"rendered":"https:\/\/www.pvtravels.com\/tour\/sem%20categoria\/iquitos-selva-amazonica-2d-1n\/"},"modified":"2025-02-12T16:44:41","modified_gmt":"2025-02-12T21:44:41","slug":"iquitos-selva-amazonica-2d-1n","status":"publish","type":"product","link":"https:\/\/www.pvtravels.com\/pt-pt\/tour\/selva\/iquitos-pt-pt\/iquitos-selva-amazonica-2d-1n\/","title":{"rendered":"Iquitos Selva Amaz\u00f4nica 2D\/1N"},"content":{"rendered":"\t\t<div data-elementor-type=\"product-post\" data-elementor-id=\"1446\" class=\"elementor elementor-1446 elementor-1397\" data-elementor-post-type=\"product\">\n\t\t\t\t\t\t<section class=\"elementor-section elementor-top-section elementor-element elementor-element-eae720b elementor-section-boxed elementor-section-height-default elementor-section-height-default\" data-id=\"eae720b\" data-element_type=\"section\" data-e-type=\"section\">\n\t\t\t\t\t\t<div class=\"elementor-container elementor-column-gap-default\">\n\t\t\t\t\t<div class=\"elementor-column elementor-col-100 elementor-top-column elementor-element elementor-element-098f5a6\" data-id=\"098f5a6\" data-element_type=\"column\" data-e-type=\"column\">\n\t\t\t<div class=\"elementor-widget-wrap elementor-element-populated\">\n\t\t\t\t\t\t<div class=\"elementor-element elementor-element-b9cc40b elementor-widget elementor-widget-heading\" data-id=\"b9cc40b\" data-element_type=\"widget\" data-e-type=\"widget\" data-widget_type=\"heading.default\">\n\t\t\t\t<div class=\"elementor-widget-container\">\n\t\t\t\t\t<h3 class=\"elementor-heading-title elementor-size-default\">Itiner\u00e1rio:<\/h3>\t\t\t\t<\/div>\n\t\t\t\t<\/div>\n\t\t\t\t<div class=\"elementor-element elementor-element-8a0b6a7 elementor-widget elementor-widget-accordion\" data-id=\"8a0b6a7\" data-element_type=\"widget\" data-e-type=\"widget\" data-widget_type=\"accordion.default\">\n\t\t\t\t<div class=\"elementor-widget-container\">\n\t\t\t\t\t\t\t<div class=\"elementor-accordion\">\n\t\t\t\t\t\t\t<div class=\"elementor-accordion-item\">\n\t\t\t\t\t<div id=\"elementor-tab-title-1441\" class=\"elementor-tab-title\" data-tab=\"1\" role=\"button\" aria-controls=\"elementor-tab-content-1441\" aria-expanded=\"false\">\n\t\t\t\t\t\t\t\t\t\t\t\t\t<span class=\"elementor-accordion-icon elementor-accordion-icon-left\" aria-hidden=\"true\">\n\t\t\t\t\t\t\t\t\t\t\t\t\t\t\t<span class=\"elementor-accordion-icon-closed\"><i class=\"fas fa-plus\"><\/i><\/span>\n\t\t\t\t\t\t\t\t<span class=\"elementor-accordion-icon-opened\"><i class=\"fas fa-minus\"><\/i><\/span>\n\t\t\t\t\t\t\t\t\t\t\t\t\t\t<\/span>\n\t\t\t\t\t\t\t\t\t\t\t\t<a class=\"elementor-accordion-title\" tabindex=\"0\">Dia 1 - Chegada em Iquitos - Traslado ao hotel<\/a>\n\t\t\t\t\t<\/div>\n\t\t\t\t\t<div id=\"elementor-tab-content-1441\" class=\"elementor-tab-content elementor-clearfix\" data-tab=\"1\" role=\"region\" aria-labelledby=\"elementor-tab-title-1441\"><p style=\"text-align: justify;\">Recep\u00e7\u00e3o na chegada ao aeroporto da cidade de Iquitos, de onde seremos levados ao porto para embarcar em nosso barco; no caminho para o porto, teremos uma breve descri\u00e7\u00e3o sobre a cidade e seus arredores.<\/p><p style=\"text-align: justify;\">Em seguida, levaremos nosso barco pelo rio Nanay para alcan\u00e7ar o majestoso rio Amazonas, o maior do mundo. Nossa primeira parada ser\u00e1 visitar o Fundo Pedrito, os propriet\u00e1rios desta fazenda preservam para sua conserva\u00e7\u00e3o alguns animais como paiches, piranhas, jacar\u00e9s, tartarugas, papagaios, araras, sucuris e a famosa planta Victoria Regia.<\/p><p style=\"text-align: justify;\">Ap\u00f3s a chegada ao nosso alojamento, visitaremos o &#8220;MIRADOR&#8221; com 26 metros de onde voc\u00ea poder\u00e1 apreciar uma vista maravilhosa da selva. Come\u00e7amos nossa aventura, onde voc\u00ea pode lan\u00e7ar as cinco linhas de tirolesa, 2 pontes suspensas, 1 malha de escalada e rapel a partir de 25 metros, uma experi\u00eancia cheia de adrenalina!<\/p><p style=\"text-align: justify;\">Almo\u00e7o no Lodge.<\/p><p style=\"text-align: justify;\">\u00c0 tarde, faremos um passeio de canoa com um guia nativo profissional, que conhece todas as trilhas da regi\u00e3o. Voc\u00ea ser\u00e1 capaz de observar a flora e fauna t\u00edpicas do local e aprender com os m\u00faltiplos usos que a popula\u00e7\u00e3o local d\u00e1 a cada planta.<\/p><p style=\"text-align: justify;\">O jantar no Lodge desfruta de um jantar delicioso e do nosso bar acolhedor.<\/p><p style=\"text-align: justify;\">Excurs\u00e3o ao anoitecer, voc\u00ea ser\u00e1 guiado a p\u00e9 ou de canoa pela selva misteriosa para observar as tar\u00e2ntulas, cigarras, aranhas e louva-a-deus. Tamb\u00e9m distingue as can\u00e7\u00f5es das corujas e os &#8220;ayaymamas&#8221; e os sons dos animais noturnos.<\/p><p style=\"text-align: justify;\">Pernoite no Lodge<\/p><p style=\"text-align: justify;\"><strong>** Nota: os voos devem chegar antes das 8h para transporte<\/strong><\/p><\/div>\n\t\t\t\t<\/div>\n\t\t\t\t\t\t\t<div class=\"elementor-accordion-item\">\n\t\t\t\t\t<div id=\"elementor-tab-title-1442\" class=\"elementor-tab-title\" data-tab=\"2\" role=\"button\" aria-controls=\"elementor-tab-content-1442\" aria-expanded=\"false\">\n\t\t\t\t\t\t\t\t\t\t\t\t\t<span class=\"elementor-accordion-icon elementor-accordion-icon-left\" aria-hidden=\"true\">\n\t\t\t\t\t\t\t\t\t\t\t\t\t\t\t<span class=\"elementor-accordion-icon-closed\"><i class=\"fas fa-plus\"><\/i><\/span>\n\t\t\t\t\t\t\t\t<span class=\"elementor-accordion-icon-opened\"><i class=\"fas fa-minus\"><\/i><\/span>\n\t\t\t\t\t\t\t\t\t\t\t\t\t\t<\/span>\n\t\t\t\t\t\t\t\t\t\t\t\t<a class=\"elementor-accordion-title\" tabindex=\"0\">Dia 2 - Comunidade ind\u00edgena - Retorno a Iquitos<\/a>\n\t\t\t\t\t<\/div>\n\t\t\t\t\t<div id=\"elementor-tab-content-1442\" class=\"elementor-tab-content elementor-clearfix\" data-tab=\"2\" role=\"region\" aria-labelledby=\"elementor-tab-title-1442\"><p style=\"text-align: justify;\">Excurs\u00e3o ao amanhecer \u00e0s 4:30 da manh\u00e3, onde podemos apreciar o nascer do sol nesta maravilhosa paisagem \u00fanica no mundo.<\/p><p style=\"text-align: justify;\">Esta caminhada matinal levar\u00e1 voc\u00ea a observar e aprender sobre os p\u00e1ssaros t\u00edpicos da regi\u00e3o em todo o seu esplendor, n\u00e3o esque\u00e7a sua c\u00e2mera e fa\u00e7a sil\u00eancio para n\u00e3o assustar os animais.<\/p><p style=\"text-align: justify;\">Caf\u00e9 da manh\u00e3 8:00 retorno ao nosso ecolodge para saborear um delicioso caf\u00e9 da manh\u00e3.<\/p><p style=\"text-align: justify;\">Visita \u00e0 comunidade ind\u00edgena &#8220;Yaguas&#8221;, onde voc\u00ea pode apreciar e participar de uma exposi\u00e7\u00e3o com m\u00fasicas, dan\u00e7as e comprar os belos artesanatos feitos por eles.<\/p><p style=\"text-align: justify;\">N\u00f3s vamos come\u00e7ar a nossa excurs\u00e3o \u00e0 Reserva de Animais Livres. Visitaremos este espa\u00e7o original, onde os macacos estar\u00e3o esperando voc\u00ea se divertir e chamar sua aten\u00e7\u00e3o. Tamb\u00e9m observaremos araras, macacos, papagaios, ursos-pregui\u00e7a e a t\u00e3o temida anaconda ou jib\u00f3ia.<\/p><p style=\"text-align: justify;\">Nosso check-out \u00e9 12: 30pm e almo\u00e7o 13: 00h no Lodge.<\/p><p style=\"text-align: justify;\">N\u00f3s seremos transferidos \u00e0s 14:30, navegando no Rio Amazonas por aproximadamente 1 hora, retornando ao aeroporto. Chegada em Iquitos 16:00 aproximadamente.<\/p><p style=\"text-align: justify;\"><strong>** Nota: os voos devem partir depois das 18h para transporte<\/strong><\/p><\/div>\n\t\t\t\t<\/div>\n\t\t\t\t\t\t\t\t<\/div>\n\t\t\t\t\t\t<\/div>\n\t\t\t\t<\/div>\n\t\t\t\t<div class=\"elementor-element elementor-element-b6afbd0 elementor-widget elementor-widget-text-editor\" data-id=\"b6afbd0\" data-element_type=\"widget\" data-e-type=\"widget\" data-widget_type=\"text-editor.default\">\n\t\t\t\t<div class=\"elementor-widget-container\">\n\t\t\t\t\t\t\t\t\t<h3><span style=\"color: #008000;\"><strong>O que est\u00e1 inclu\u00eddo:<\/strong><\/span><\/h3><ul><li>Traslado do aeroporto de Iquitos<\/li><li>Transporte e barco<\/li><li>Todas as taxas de entrada<\/li><li>1 noite no alojamento<\/li><li>02 almo\u00e7os &#8211; 01 jantar e 01 caf\u00e9 da manh\u00e3<\/li><li>Visita \u00e0 fam\u00edlia ribeirinha<\/li><li>Visita \u00e0 comunidade ind\u00edgena Yaguas<\/li><li>Passeio a p\u00e9 noturno<\/li><li>Guia profissional em ingl\u00eas \/ espanhol<\/li><\/ul><h3><span style=\"color: #008000;\"><strong>N\u00e3o incluso:<\/strong><\/span><\/h3><ul><li>Refei\u00e7\u00f5es e bebidas n\u00e3o especificadas no itiner\u00e1rio<\/li><li>Alojamento em Iquitos<\/li><li>Voos<\/li><\/ul><h3><span style=\"color: #008000;\"><strong>Lista recomendada:<\/strong><\/span><\/h3><ul><li>Lanches (frutas secas, biscoitos, doces, chocolates, etc.)<\/li><li>T\u00eanis para caminhada<\/li><li>Equipamento completo para chuva ou poncho (de novembro a abril)<\/li><li>Cal\u00e7as de caminhada leves<\/li><li>Chap\u00e9u ou bon\u00e9<\/li><li>\u00d3culos de sol<\/li><li>Protetor solar<\/li><li>Repelente de insetos ** muito importante **<\/li><li>Lanterna<\/li><li>Artigos de higiene pessoal (shampoo, sabonete, creme corporal)<\/li><li>Cameras C\u00e2meras e carregadores de foto \/ v\u00eddeo<\/li><li>Garrafa de \u00e1gua<\/li><\/ul>\t\t\t\t\t\t\t\t<\/div>\n\t\t\t\t<\/div>\n\t\t\t\t\t<\/div>\n\t\t<\/div>\n\t\t\t\t\t<\/div>\n\t\t<\/section>\n\t\t\t\t<\/div>\n\t\t","protected":false},"excerpt":{"rendered":"<p><strong>CODE:\u00a0<\/strong>PVT-IQ001<\/p>\n<ul>\n<li><strong> Partidas: Diariamente<\/strong><\/li>\n<li><strong> Dura\u00e7\u00e3o: 2 dias \/ 1 noite<\/strong><\/li>\n<\/ul>\n","protected":false},"featured_media":3631,"template":"","meta":{"site-sidebar-layout":"no-sidebar","site-content-layout":"page-builder","ast-site-content-layout":"full-width-container","site-content-style":"unboxed","site-sidebar-style":"unboxed","ast-global-header-display":"","ast-banner-title-visibility":"","ast-main-header-display":"","ast-hfb-above-header-display":"","ast-hfb-below-header-display":"","ast-hfb-mobile-header-display":"","site-post-title":"disabled","ast-breadcrumbs-content":"","ast-featured-img":"disabled","footer-sml-layout":"","ast-disable-related-posts":"","theme-transparent-header-meta":"default","adv-header-id-meta":"","stick-header-meta":"default","header-above-stick-meta":"","header-main-stick-meta":"","header-below-stick-meta":"","astra-migrate-meta-layouts":"set","ast-page-background-enabled":"default","ast-page-background-meta":{"desktop":{"background-color":"var(--ast-global-color-4)","background-image":"","background-repeat":"repeat","background-position":"center center","background-size":"auto","background-attachment":"scroll","background-type":"","background-media":"","overlay-type":"","overlay-color":"","overlay-opacity":"","overlay-gradient":""},"tablet":{"background-color":"","background-image":"","background-repeat":"repeat","background-position":"center center","background-size":"auto","background-attachment":"scroll","background-type":"","background-media":"","overlay-type":"","overlay-color":"","overlay-opacity":"","overlay-gradient":""},"mobile":{"background-color":"","background-image":"","background-repeat":"repeat","background-position":"center center","background-size":"auto","background-attachment":"scroll","background-type":"","background-media":"","overlay-type":"","overlay-color":"","overlay-opacity":"","overlay-gradient":""}},"ast-content-background-meta":{"desktop":{"background-color":"var(--ast-global-color-5)","background-image":"","background-repeat":"repeat","background-position":"center center","background-size":"auto","background-attachment":"scroll","background-type":"","background-media":"","overlay-type":"","overlay-color":"","overlay-opacity":"","overlay-gradient":""},"tablet":{"background-color":"var(--ast-global-color-5)","background-image":"","background-repeat":"repeat","background-position":"center center","background-size":"auto","background-attachment":"scroll","background-type":"","background-media":"","overlay-type":"","overlay-color":"","overlay-opacity":"","overlay-gradient":""},"mobile":{"background-color":"var(--ast-global-color-5)","background-image":"","background-repeat":"repeat","background-position":"center center","background-size":"auto","background-attachment":"scroll","background-type":"","background-media":"","overlay-type":"","overlay-color":"","overlay-opacity":"","overlay-gradient":""}},"_joinchat":[]},"product_brand":[],"product_cat":[78,75],"product_tag":[],"class_list":{"0":"post-1446","1":"product","2":"type-product","3":"status-publish","4":"has-post-thumbnail","6":"product_cat-selva","7":"product_cat-iquitos-pt-pt","8":"desktop-align-center","9":"tablet-align-center","10":"mobile-align-center","11":"ast-product-gallery-layout-horizontal-slider","12":"ast-product-gallery-with-no-image","13":"ast-product-single-variable","14":"ast-product-tabs-layout-horizontal","16":"first","17":"instock","18":"shipping-taxable","19":"purchasable","20":"product-type-variable"},"_links":{"self":[{"href":"https:\/\/www.pvtravels.com\/pt-pt\/wp-json\/wp\/v2\/product\/1446","targetHints":{"allow":["GET"]}}],"collection":[{"href":"https:\/\/www.pvtravels.com\/pt-pt\/wp-json\/wp\/v2\/product"}],"about":[{"href":"https:\/\/www.pvtravels.com\/pt-pt\/wp-json\/wp\/v2\/types\/product"}],"version-history":[{"count":9,"href":"https:\/\/www.pvtravels.com\/pt-pt\/wp-json\/wp\/v2\/product\/1446\/revisions"}],"predecessor-version":[{"id":5867,"href":"https:\/\/www.pvtravels.com\/pt-pt\/wp-json\/wp\/v2\/product\/1446\/revisions\/5867"}],"wp:featuredmedia":[{"embeddable":true,"href":"https:\/\/www.pvtravels.com\/pt-pt\/wp-json\/wp\/v2\/media\/3631"}],"wp:attachment":[{"href":"https:\/\/www.pvtravels.com\/pt-pt\/wp-json\/wp\/v2\/media?parent=1446"}],"wp:term":[{"taxonomy":"product_brand","embeddable":true,"href":"https:\/\/www.pvtravels.com\/pt-pt\/wp-json\/wp\/v2\/product_brand?post=1446"},{"taxonomy":"product_cat","embeddable":true,"href":"https:\/\/www.pvtravels.com\/pt-pt\/wp-json\/wp\/v2\/product_cat?post=1446"},{"taxonomy":"product_tag","embeddable":true,"href":"https:\/\/www.pvtravels.com\/pt-pt\/wp-json\/wp\/v2\/product_tag?post=1446"}],"curies":[{"name":"wp","href":"https:\/\/api.w.org\/{rel}","templated":true}]}}