{"id":1365,"date":"2021-12-20T11:30:34","date_gmt":"2021-12-20T16:30:34","guid":{"rendered":"https:\/\/www.pvtravels.com\/tour\/sem%20categoria\/tambopata-selva-amazonica-3d-2n\/"},"modified":"2025-02-12T16:45:21","modified_gmt":"2025-02-12T21:45:21","slug":"tambopata-selva-amazonica-3d-2n","status":"publish","type":"product","link":"https:\/\/www.pvtravels.com\/pt-pt\/tour\/selva\/puerto-maldonado-pt-pt\/tambopata-selva-amazonica-3d-2n\/","title":{"rendered":"Tambopata Selva Amaz\u00f4nica 3D\/2N"},"content":{"rendered":"\t\t<div data-elementor-type=\"product-post\" data-elementor-id=\"1365\" class=\"elementor elementor-1365 elementor-1307\" data-elementor-post-type=\"product\">\n\t\t\t\t\t\t<section class=\"elementor-section elementor-top-section elementor-element elementor-element-ea40db4 elementor-section-boxed elementor-section-height-default elementor-section-height-default\" data-id=\"ea40db4\" data-element_type=\"section\" data-e-type=\"section\">\n\t\t\t\t\t\t<div class=\"elementor-container elementor-column-gap-default\">\n\t\t\t\t\t<div class=\"elementor-column elementor-col-100 elementor-top-column elementor-element elementor-element-5b8a66b\" data-id=\"5b8a66b\" data-element_type=\"column\" data-e-type=\"column\">\n\t\t\t<div class=\"elementor-widget-wrap elementor-element-populated\">\n\t\t\t\t\t\t<div class=\"elementor-element elementor-element-3273c30 elementor-widget elementor-widget-heading\" data-id=\"3273c30\" data-element_type=\"widget\" data-e-type=\"widget\" data-widget_type=\"heading.default\">\n\t\t\t\t<div class=\"elementor-widget-container\">\n\t\t\t\t\t<h3 class=\"elementor-heading-title elementor-size-default\">Itiner\u00e1rio:<\/h3>\t\t\t\t<\/div>\n\t\t\t\t<\/div>\n\t\t\t\t<div class=\"elementor-element elementor-element-967bfbf elementor-widget elementor-widget-accordion\" data-id=\"967bfbf\" data-element_type=\"widget\" data-e-type=\"widget\" data-widget_type=\"accordion.default\">\n\t\t\t\t<div class=\"elementor-widget-container\">\n\t\t\t\t\t\t\t<div class=\"elementor-accordion\">\n\t\t\t\t\t\t\t<div class=\"elementor-accordion-item\">\n\t\t\t\t\t<div id=\"elementor-tab-title-1571\" class=\"elementor-tab-title\" data-tab=\"1\" role=\"button\" aria-controls=\"elementor-tab-content-1571\" aria-expanded=\"false\">\n\t\t\t\t\t\t\t\t\t\t\t\t\t<span class=\"elementor-accordion-icon elementor-accordion-icon-left\" aria-hidden=\"true\">\n\t\t\t\t\t\t\t\t\t\t\t\t\t\t\t<span class=\"elementor-accordion-icon-closed\"><i class=\"fas fa-plus\"><\/i><\/span>\n\t\t\t\t\t\t\t\t<span class=\"elementor-accordion-icon-opened\"><i class=\"fas fa-minus\"><\/i><\/span>\n\t\t\t\t\t\t\t\t\t\t\t\t\t\t<\/span>\n\t\t\t\t\t\t\t\t\t\t\t\t<a class=\"elementor-accordion-title\" tabindex=\"0\">Dia 1: Puerto Maldonado ao Lodge<\/a>\n\t\t\t\t\t<\/div>\n\t\t\t\t\t<div id=\"elementor-tab-content-1571\" class=\"elementor-tab-content elementor-clearfix\" data-tab=\"1\" role=\"region\" aria-labelledby=\"elementor-tab-title-1571\"><p>Ao chegar ao aeroporto ou esta\u00e7\u00e3o de \u00f4nibus em Puerto Maldonado, n\u00f3s o encontraremos e o transferiremos para nosso escrit\u00f3rio para fazer um registro.<br \/>Sua bagagem excedente ser\u00e1 armazenada com seguran\u00e7a em nosso escrit\u00f3rio em Puerto Maldonado e ent\u00e3o o transferiremos para nosso alojamento. Uma bebida gelada de boas-vindas espera por voc\u00ea.<\/p><p>Ap\u00f3s um merecido almo\u00e7o, come\u00e7aremos nossa Canopy Tower. Ela tem 35 metros de altura e \u00e9 constru\u00edda na base de uma enorme \u00e1rvore Lupuna, representando a Amaz\u00f4nia com seu enorme tamanho.<\/p><p>Ao longo do dia, voc\u00ea poder\u00e1 observar v\u00e1rias esp\u00e9cies de p\u00e1ssaros aqui. Nosso especialista local fornecer\u00e1 explica\u00e7\u00f5es detalhadas sobre a flora e a fauna da \u00e1rea.<\/p><p>TIROLESA &#8211; Depois que voc\u00ea se cansar da caminhada pela copa das \u00e1rvores, faremos tirolesa pela floresta. Nosso instrutor local fornecer\u00e1 dicas de seguran\u00e7a e compartilhar\u00e1 informa\u00e7\u00f5es sobre como aproveitar ao m\u00e1ximo esta atividade. Voc\u00ea ent\u00e3o deslizar\u00e1 pela tirolesa de 190 metros de comprimento.<br \/>Um de nossos monitores o receber\u00e1 e o ajudar\u00e1 a cruzar uma pequena ponte de 100 m. Voc\u00ea retornar\u00e1 ao ponto de partida por tirolesa.<\/p><p>Mais tarde, come\u00e7aremos nossa pr\u00f3xima atividade, onde pegaremos nosso barco e navegaremos pelo Rio Madre de Dios em busca dos jacar\u00e9s da selva. Eles geralmente ficam nas margens do Rio Madre de Dios, com sorte, podemos ver a capivara, o maior roedor do mundo que pode pesar 60 quilos, fam\u00edlia impressionante do cuy peruano.<\/p><p style=\"text-align: justify;\">Noite no alojamento.<\/p><p style=\"text-align: justify;\"><strong>**NOTA:. O voo de chegada deve ser antes das 13:00hs para o transporte.<\/strong><\/p><\/div>\n\t\t\t\t<\/div>\n\t\t\t\t\t\t\t<div class=\"elementor-accordion-item\">\n\t\t\t\t\t<div id=\"elementor-tab-title-1572\" class=\"elementor-tab-title\" data-tab=\"2\" role=\"button\" aria-controls=\"elementor-tab-content-1572\" aria-expanded=\"false\">\n\t\t\t\t\t\t\t\t\t\t\t\t\t<span class=\"elementor-accordion-icon elementor-accordion-icon-left\" aria-hidden=\"true\">\n\t\t\t\t\t\t\t\t\t\t\t\t\t\t\t<span class=\"elementor-accordion-icon-closed\"><i class=\"fas fa-plus\"><\/i><\/span>\n\t\t\t\t\t\t\t\t<span class=\"elementor-accordion-icon-opened\"><i class=\"fas fa-minus\"><\/i><\/span>\n\t\t\t\t\t\t\t\t\t\t\t\t\t\t<\/span>\n\t\t\t\t\t\t\t\t\t\t\t\t<a class=\"elementor-accordion-title\" tabindex=\"0\">Dia 2: Lago Sandoval<\/a>\n\t\t\t\t\t<\/div>\n\t\t\t\t\t<div id=\"elementor-tab-content-1572\" class=\"elementor-tab-content elementor-clearfix\" data-tab=\"2\" role=\"region\" aria-labelledby=\"elementor-tab-title-1572\"><p style=\"text-align: justify;\">Depois de um \u00f3timo caf\u00e9 da manh\u00e3, tomaremos o barco para chegar ao controle da Reserva Nacional de Tambopata, depois de uma hora e meia caminhando pela floresta tropical, estamos nos aproximando do famoso Lago Sandoval. Onde estaremos cercados por imensas \u00e1rvores antigas e trepadeiras enredadas; poderemos ver flores e fauna multicoloridas, incluindo: lontras gigantes, p\u00e1ssaros, borboletas coloridas, tartarugas e variedade de peixes. Passaremos algumas horas em canoa em um dos mais belos lagos da regi\u00e3o.<\/p><p>Ap\u00f3s o almo\u00e7o, a aventura come\u00e7a chegando a uma torre e escada que sobe at\u00e9 a copa das \u00e1rvores onde uma experi\u00eancia inesquec\u00edvel atrav\u00e9s de pontes suspensas que atravessam as copas das grandes \u00e1rvores da baixa floresta amaz\u00f4nica, de onde voc\u00ea pode ver esp\u00e9cies coloridas de animais que normalmente n\u00e3o podem ser visto do ch\u00e3o.<\/p><p style=\"text-align: justify;\">Resto do dia para descansar e desfrutar do som e relaxante selva.<\/p><p style=\"text-align: justify;\">Noite no alojamento.<\/p><\/div>\n\t\t\t\t<\/div>\n\t\t\t\t\t\t\t<div class=\"elementor-accordion-item\">\n\t\t\t\t\t<div id=\"elementor-tab-title-1573\" class=\"elementor-tab-title\" data-tab=\"3\" role=\"button\" aria-controls=\"elementor-tab-content-1573\" aria-expanded=\"false\">\n\t\t\t\t\t\t\t\t\t\t\t\t\t<span class=\"elementor-accordion-icon elementor-accordion-icon-left\" aria-hidden=\"true\">\n\t\t\t\t\t\t\t\t\t\t\t\t\t\t\t<span class=\"elementor-accordion-icon-closed\"><i class=\"fas fa-plus\"><\/i><\/span>\n\t\t\t\t\t\t\t\t<span class=\"elementor-accordion-icon-opened\"><i class=\"fas fa-minus\"><\/i><\/span>\n\t\t\t\t\t\t\t\t\t\t\t\t\t\t<\/span>\n\t\t\t\t\t\t\t\t\t\t\t\t<a class=\"elementor-accordion-title\" tabindex=\"0\">Dia 3: Ninho das Araras e Loros - Puerto Maldonado<\/a>\n\t\t\t\t\t<\/div>\n\t\t\t\t\t<div id=\"elementor-tab-content-1573\" class=\"elementor-tab-content elementor-clearfix\" data-tab=\"3\" role=\"region\" aria-labelledby=\"elementor-tab-title-1573\"><p style=\"text-align: justify;\">Muito de manh\u00e3 cedo, n\u00f3s deixaremos nosso alojamento para alcan\u00e7ar as Araras e Loros. No in\u00edcio de cada dia, eles v\u00eam para comer argilas ricas em barro que lhes fornecem os sais e minerais necess\u00e1rios para metabolizar e neutralizar as toxinas e os \u00e1cidos das flores, frutos e sementes sobre os quais se alimentam.<\/p><p style=\"text-align: justify;\">Retornaremos ao Lodge por volta das 7am para o caf\u00e9 da manh\u00e3 e pegaremos nosso barco de volta para Puerto Maldonado, partiremos em nosso barco \u00e0s 10h30. Na chegada,\u00a0 traslado para o aeroporto ou esta\u00e7\u00e3o de \u00f4nibus.<\/p><p style=\"text-align: justify;\">Fim do nosso servi\u00e7o!<\/p><p style=\"text-align: justify;\"><strong>**NOTA:. Voo de retorno deve ser depois de 13: 00hs para o transporte<\/strong><\/p><\/div>\n\t\t\t\t<\/div>\n\t\t\t\t\t\t\t\t<\/div>\n\t\t\t\t\t\t<\/div>\n\t\t\t\t<\/div>\n\t\t\t\t<div class=\"elementor-element elementor-element-1520af6 elementor-widget elementor-widget-text-editor\" data-id=\"1520af6\" data-element_type=\"widget\" data-e-type=\"widget\" data-widget_type=\"text-editor.default\">\n\t\t\t\t<div class=\"elementor-widget-container\">\n\t\t\t\t\t\t\t\t\t<h3><span style=\"color: #008000;\"><strong>O que est\u00e1 inclu\u00eddo:<\/strong><\/span><\/h3><ul><li>Traslado de chegada \/ sa\u00edda\u00a0 aeroporto ou rodovi\u00e1ria em Puerto Maldonado<\/li><li>2 caf\u00e9s da manh\u00e3, 2 almo\u00e7os, 2 jantares<\/li><li>2 noites no Lodge<\/li><li>Caminhada para o Lago Sandoval<\/li><li>Canoa no Lago Sandoval<\/li><li>Copa de \u00c1rvores Canopy &amp; Tirolesa<\/li><li>Visita ao ninho de Araras<\/li><li>Visita guiada em ingl\u00eas ou espanhol<\/li><li>Equipamento necess\u00e1rio para cada excurs\u00e3o<\/li><li>Taxas de entrada para todos os sites visitados<\/li><\/ul><h3><span style=\"color: #008000;\"><strong>N\u00e3o incluso:<\/strong><\/span><\/h3><ul><li>Refei\u00e7\u00f5es e bebidas n\u00e3o especificadas no itiner\u00e1rio<\/li><li>Alojamento em Puerto Maldonado<\/li><li>Transporte de \/ para Puerto Maldonado<\/li><\/ul><h3><span style=\"color: #008000;\"><strong>Lista recomendada:<\/strong><\/span><\/h3><ul><li>Lanches (frutas secas, biscoitos, doces, chocolates, etc.)<\/li><li>Sapatos ou t\u00eanis<\/li><li>Equipamento completo para chuva ou poncho (de novembro a abril)<\/li><li>Cal\u00e7as leves para caminhadas<\/li><li>Chap\u00e9u ou bon\u00e9<\/li><li>\u00d3culos de sol<\/li><li>Protetor solar<\/li><li>Repelente de insetos ** muito importante **<\/li><li>Lanterna<\/li><li>Artigos de higiene pessoal (xampu, sabonete, creme para o corpo)<\/li><li>C\u00e2meras fotogr\u00e1ficas \/ de v\u00eddeo e carregadores<\/li><li>Garrafa de \u00c1gua<\/li><\/ul>\t\t\t\t\t\t\t\t<\/div>\n\t\t\t\t<\/div>\n\t\t\t\t\t<\/div>\n\t\t<\/div>\n\t\t\t\t\t<\/div>\n\t\t<\/section>\n\t\t\t\t<\/div>\n\t\t","protected":false},"excerpt":{"rendered":"<p><strong>CODE:\u00a0<\/strong>PVT-JT002<\/p>\n<ul>\n<li><strong>Sa\u00eddas: Di\u00e1rias<\/strong><\/li>\n<li><strong>Dura\u00e7\u00e3o: 3 dias \/ 2 noites<\/strong><\/li>\n<\/ul>\n<p><em>***TODOS OS PRE\u00c7OS S\u00c3O POR PESSOA EM QUARTO PRIVADO**<\/em><\/p>\n","protected":false},"featured_media":1311,"template":"","meta":{"site-sidebar-layout":"no-sidebar","site-content-layout":"page-builder","ast-site-content-layout":"full-width-container","site-content-style":"unboxed","site-sidebar-style":"unboxed","ast-global-header-display":"","ast-banner-title-visibility":"","ast-main-header-display":"","ast-hfb-above-header-display":"","ast-hfb-below-header-display":"","ast-hfb-mobile-header-display":"","site-post-title":"disabled","ast-breadcrumbs-content":"","ast-featured-img":"disabled","footer-sml-layout":"","ast-disable-related-posts":"","theme-transparent-header-meta":"default","adv-header-id-meta":"","stick-header-meta":"default","header-above-stick-meta":"","header-main-stick-meta":"","header-below-stick-meta":"","astra-migrate-meta-layouts":"set","ast-page-background-enabled":"default","ast-page-background-meta":{"desktop":{"background-color":"var(--ast-global-color-4)","background-image":"","background-repeat":"repeat","background-position":"center center","background-size":"auto","background-attachment":"scroll","background-type":"","background-media":"","overlay-type":"","overlay-color":"","overlay-opacity":"","overlay-gradient":""},"tablet":{"background-color":"","background-image":"","background-repeat":"repeat","background-position":"center center","background-size":"auto","background-attachment":"scroll","background-type":"","background-media":"","overlay-type":"","overlay-color":"","overlay-opacity":"","overlay-gradient":""},"mobile":{"background-color":"","background-image":"","background-repeat":"repeat","background-position":"center center","background-size":"auto","background-attachment":"scroll","background-type":"","background-media":"","overlay-type":"","overlay-color":"","overlay-opacity":"","overlay-gradient":""}},"ast-content-background-meta":{"desktop":{"background-color":"var(--ast-global-color-5)","background-image":"","background-repeat":"repeat","background-position":"center center","background-size":"auto","background-attachment":"scroll","background-type":"","background-media":"","overlay-type":"","overlay-color":"","overlay-opacity":"","overlay-gradient":""},"tablet":{"background-color":"var(--ast-global-color-5)","background-image":"","background-repeat":"repeat","background-position":"center center","background-size":"auto","background-attachment":"scroll","background-type":"","background-media":"","overlay-type":"","overlay-color":"","overlay-opacity":"","overlay-gradient":""},"mobile":{"background-color":"var(--ast-global-color-5)","background-image":"","background-repeat":"repeat","background-position":"center center","background-size":"auto","background-attachment":"scroll","background-type":"","background-media":"","overlay-type":"","overlay-color":"","overlay-opacity":"","overlay-gradient":""}},"_joinchat":[]},"product_brand":[],"product_cat":[73],"product_tag":[],"class_list":{"0":"post-1365","1":"product","2":"type-product","3":"status-publish","4":"has-post-thumbnail","6":"product_cat-puerto-maldonado-pt-pt","7":"desktop-align-center","8":"tablet-align-center","9":"mobile-align-center","10":"ast-product-gallery-layout-horizontal-slider","11":"ast-product-gallery-with-no-image","12":"ast-product-single-variable","13":"ast-product-tabs-layout-horizontal","15":"first","16":"instock","17":"shipping-taxable","18":"purchasable","19":"product-type-variable"},"_links":{"self":[{"href":"https:\/\/www.pvtravels.com\/pt-pt\/wp-json\/wp\/v2\/product\/1365","targetHints":{"allow":["GET"]}}],"collection":[{"href":"https:\/\/www.pvtravels.com\/pt-pt\/wp-json\/wp\/v2\/product"}],"about":[{"href":"https:\/\/www.pvtravels.com\/pt-pt\/wp-json\/wp\/v2\/types\/product"}],"version-history":[{"count":16,"href":"https:\/\/www.pvtravels.com\/pt-pt\/wp-json\/wp\/v2\/product\/1365\/revisions"}],"predecessor-version":[{"id":5728,"href":"https:\/\/www.pvtravels.com\/pt-pt\/wp-json\/wp\/v2\/product\/1365\/revisions\/5728"}],"wp:featuredmedia":[{"embeddable":true,"href":"https:\/\/www.pvtravels.com\/pt-pt\/wp-json\/wp\/v2\/media\/1311"}],"wp:attachment":[{"href":"https:\/\/www.pvtravels.com\/pt-pt\/wp-json\/wp\/v2\/media?parent=1365"}],"wp:term":[{"taxonomy":"product_brand","embeddable":true,"href":"https:\/\/www.pvtravels.com\/pt-pt\/wp-json\/wp\/v2\/product_brand?post=1365"},{"taxonomy":"product_cat","embeddable":true,"href":"https:\/\/www.pvtravels.com\/pt-pt\/wp-json\/wp\/v2\/product_cat?post=1365"},{"taxonomy":"product_tag","embeddable":true,"href":"https:\/\/www.pvtravels.com\/pt-pt\/wp-json\/wp\/v2\/product_tag?post=1365"}],"curies":[{"name":"wp","href":"https:\/\/api.w.org\/{rel}","templated":true}]}}