{"id":1244,"date":"2021-12-18T14:41:55","date_gmt":"2021-12-18T19:41:55","guid":{"rendered":"https:\/\/www.pvtravels.com\/tour\/sem%20categoria\/trilha-huchuy-qosqo-a-machu-picchu-2d-1n\/"},"modified":"2026-03-10T12:40:49","modified_gmt":"2026-03-10T17:40:49","slug":"trilha-huchuy-qosqo-a-machu-picchu-2d-1n","status":"publish","type":"product","link":"https:\/\/www.pvtravels.com\/pt-pt\/tour\/cusco-machu-picchu-pt-pt\/cusco-trek\/trilha-huchuy-qosqo-a-machu-picchu-2d-1n\/","title":{"rendered":"Trilha Huchuy Qosqo a Machu Picchu 2D\/1N"},"content":{"rendered":"\t\t<div data-elementor-type=\"product-post\" data-elementor-id=\"1244\" class=\"elementor elementor-1244 elementor-1037\" data-elementor-post-type=\"product\">\n\t\t\t\t\t\t<section class=\"elementor-section elementor-top-section elementor-element elementor-element-147acc2 elementor-section-boxed elementor-section-height-default elementor-section-height-default\" data-id=\"147acc2\" data-element_type=\"section\" data-e-type=\"section\">\n\t\t\t\t\t\t<div class=\"elementor-container elementor-column-gap-default\">\n\t\t\t\t\t<div class=\"elementor-column elementor-col-100 elementor-top-column elementor-element elementor-element-91d2a0c\" data-id=\"91d2a0c\" data-element_type=\"column\" data-e-type=\"column\">\n\t\t\t<div class=\"elementor-widget-wrap elementor-element-populated\">\n\t\t\t\t\t\t<div class=\"elementor-element elementor-element-bd0c827 elementor-widget elementor-widget-heading\" data-id=\"bd0c827\" data-element_type=\"widget\" data-e-type=\"widget\" data-widget_type=\"heading.default\">\n\t\t\t\t<div class=\"elementor-widget-container\">\n\t\t\t\t\t<h3 class=\"elementor-heading-title elementor-size-default\">Itiner\u00e1rio:<\/h3>\t\t\t\t<\/div>\n\t\t\t\t<\/div>\n\t\t\t\t<div class=\"elementor-element elementor-element-60f1f09 elementor-widget elementor-widget-accordion\" data-id=\"60f1f09\" data-element_type=\"widget\" data-e-type=\"widget\" data-widget_type=\"accordion.default\">\n\t\t\t\t<div class=\"elementor-widget-container\">\n\t\t\t\t\t\t\t<div class=\"elementor-accordion\">\n\t\t\t\t\t\t\t<div class=\"elementor-accordion-item\">\n\t\t\t\t\t<div id=\"elementor-tab-title-1011\" class=\"elementor-tab-title\" data-tab=\"1\" role=\"button\" aria-controls=\"elementor-tab-content-1011\" aria-expanded=\"false\">\n\t\t\t\t\t\t\t\t\t\t\t\t\t<span class=\"elementor-accordion-icon elementor-accordion-icon-left\" aria-hidden=\"true\">\n\t\t\t\t\t\t\t\t\t\t\t\t\t\t\t<span class=\"elementor-accordion-icon-closed\"><i class=\"fas fa-plus\"><\/i><\/span>\n\t\t\t\t\t\t\t\t<span class=\"elementor-accordion-icon-opened\"><i class=\"fas fa-minus\"><\/i><\/span>\n\t\t\t\t\t\t\t\t\t\t\t\t\t\t<\/span>\n\t\t\t\t\t\t\t\t\t\t\t\t<a class=\"elementor-accordion-title\" tabindex=\"0\">Dia 1: Cusco \u2013 Tauca \u2013 Huchuy Qosqo \u2013 Lamay \u2013 Ollantaytambo \u2013 Aguas Calientes <\/a>\n\t\t\t\t\t<\/div>\n\t\t\t\t\t<div id=\"elementor-tab-content-1011\" class=\"elementor-tab-content elementor-clearfix\" data-tab=\"1\" role=\"region\" aria-labelledby=\"elementor-tab-title-1011\"><p style=\"text-align: justify;\">Come\u00e7amos com traslado do hotel at\u00e9 a pequena vila de Tauca (3750m). O in\u00edcio de sua jornada ser\u00e1 em terreno plano, e a paisagem ser\u00e1 a dos vales andinos t\u00edpicos, ricos em milho, batata, cevada, quinoa e outros tub\u00e9rculos andinos. \u00c0 medida que voc\u00ea sobe em dire\u00e7\u00e3o ao seu passe a 4050m, a paisagem come\u00e7a a mudar drasticamente para o cl\u00e1ssico da alta savana andina ou Puna, com vegeta\u00e7\u00e3o escassa, principalmente ichu ou grama de alta altitude.<\/p><p style=\"text-align: justify;\">As vistas dos picos da Cordilheira Vilcabamba s\u00e3o espetaculares: os picos de neve de Veronica, Pitusiray, Chicon e San Juan. Logo ap\u00f3s o passe, voc\u00ea come\u00e7ar\u00e1 sua descida em dire\u00e7\u00e3o \u00e0s plan\u00edcies de Huchuy Qosqo, caminhando por um caminho que leva ao desfiladeiro de Ccauca, onde voc\u00ea poder\u00e1 ver restos arqueol\u00f3gicos e culturas silvestres, como tarwi e uma grande quantidade de cactos. Voc\u00ea caminhar\u00e1 ladeira abaixo em dire\u00e7\u00e3o ao desfiladeiro Leon Punku, onde encontrar\u00e1 restos de uma ponte e trilha inca. Este c\u00e2nion possui forma\u00e7\u00f5es geol\u00f3gicas cercadas por majestosas rochas e pedregulhos que direcionam o rio para Huchuy Qosqo a 3650 m. Huchuy Qosqo (&#8220;Little Cuzco&#8221;) \u00e9 um complexo inca digno de nota. Possui cantaria muito fina em um grande Kallanka (sal\u00e3o retangular), alguns bairros residenciais e defensivos e interessantes edif\u00edcios de dois andares em pedra e adobe. O Huchuy Qosqo est\u00e1 localizado em um planalto, cercado por terra\u00e7os agr\u00edcolas incas e com vistas soberbas da cordilheira de Vilcabamba. Depois, desceremos a Lamay (2900m), onde pegaremos nosso transporte para Ollantaytambo. Ollantaytambo \u00e9 o local onde continuaremos de trem at\u00e9 a cidade de Aguas Calientes. Pernoite no hotel.<\/p><p style=\"text-align: justify;\">Boxed lunch para almo\u00e7o e jantar em Aguas Calientes.<\/p><\/div>\n\t\t\t\t<\/div>\n\t\t\t\t\t\t\t<div class=\"elementor-accordion-item\">\n\t\t\t\t\t<div id=\"elementor-tab-title-1012\" class=\"elementor-tab-title\" data-tab=\"2\" role=\"button\" aria-controls=\"elementor-tab-content-1012\" aria-expanded=\"false\">\n\t\t\t\t\t\t\t\t\t\t\t\t\t<span class=\"elementor-accordion-icon elementor-accordion-icon-left\" aria-hidden=\"true\">\n\t\t\t\t\t\t\t\t\t\t\t\t\t\t\t<span class=\"elementor-accordion-icon-closed\"><i class=\"fas fa-plus\"><\/i><\/span>\n\t\t\t\t\t\t\t\t<span class=\"elementor-accordion-icon-opened\"><i class=\"fas fa-minus\"><\/i><\/span>\n\t\t\t\t\t\t\t\t\t\t\t\t\t\t<\/span>\n\t\t\t\t\t\t\t\t\t\t\t\t<a class=\"elementor-accordion-title\" tabindex=\"0\">Dia 2: Aguas Calientes \u2013 Machu Picchu \u2013 Cusco<\/a>\n\t\t\t\t\t<\/div>\n\t\t\t\t\t<div id=\"elementor-tab-content-1012\" class=\"elementor-tab-content elementor-clearfix\" data-tab=\"2\" role=\"region\" aria-labelledby=\"elementor-tab-title-1012\"><p style=\"text-align: justify;\">De manh\u00e3 cedo, subiremos no primeiro \u00f4nibus para visitar Machu Picchu (2450m) com o seu guia. Ap\u00f3s o seu tempo livre, descemos para a vila de Aguas Calientes (2050m) e pegaremos o trem que volta para Ollantaytambo, onde seu ve\u00edculo espera que voc\u00ea o leve ao seu hotel em Cusco (3350m).<\/p><\/div>\n\t\t\t\t<\/div>\n\t\t\t\t\t\t\t\t<\/div>\n\t\t\t\t\t\t<\/div>\n\t\t\t\t<\/div>\n\t\t\t\t<div class=\"elementor-element elementor-element-272649f elementor-widget elementor-widget-text-editor\" data-id=\"272649f\" data-element_type=\"widget\" data-e-type=\"widget\" data-widget_type=\"text-editor.default\">\n\t\t\t\t<div class=\"elementor-widget-container\">\n\t\t\t\t\t\t\t\t\t<h3><span style=\"color: #008000;\"><strong>O que est\u00e1 inclu\u00eddo:<\/strong><\/span><\/h3><ul><li>Instru\u00e7\u00f5es antes da partida em nosso escrit\u00f3rio na noite anterior \u00e0s 18h<\/li><li>Transporte<\/li><li>Refei\u00e7\u00f5es como B, L, D<\/li><li>Guia profissional bil\u00edngue (espanhol e ingl\u00eas)<\/li><li>Taxa de entrada para Huchuy Qosqo<\/li><li>Taxa de entrada para Machu Picchu<\/li><li>\u00d4nibus de Aguas Calientes para Machu Picchu<\/li><li>Albergue em Aguas Calientes (Machupicchu ou similar)<\/li><li>Primeiros socorros, incluindo garrafa de oxig\u00eanio de emerg\u00eancia<\/li><li>\u00c1gua fervida fria durante toda a caminhada.<\/li><\/ul><h3><span style=\"color: #008000;\"><strong>N\u00e3o incluso:<\/strong><\/span><\/h3><ul><li>Caf\u00e9 da manh\u00e3 no primeiro dia<\/li><li>Bebidas e lanches.<\/li><li>Almo\u00e7o e jantar no dia 2<\/li><\/ul><h3><span style=\"color: #008000;\"><strong>Lista recomendada<\/strong><\/span><\/h3><ul><li>Lanches (frutas secas, biscoitos, doces, chocolates, etc.)<\/li><li>T\u00eanis para caminhada ou t\u00eanis<\/li><li>Equipamento completo para chuva ou poncho (de novembro a abril)<\/li><li>Cal\u00e7as de caminhada leve<\/li><li>Chap\u00e9u ou bon\u00e9<\/li><li>\u00d3culos escuros<\/li><li>Protetor solar<\/li><li>Repelente de insetos<\/li><li>Artigos de higiene pessoal (shampoo, sabonete, creme para o corpo)<\/li><li>C\u00e2meras e carregadores de foto \/ v\u00eddeo<\/li><li>Garrafa de agua<\/li><li>Passaporte original<\/li><li>Dinheiro extra em soles pelo menos S\/400.00 por pessoa<\/li><\/ul>\t\t\t\t\t\t\t\t<\/div>\n\t\t\t\t<\/div>\n\t\t\t\t\t<\/div>\n\t\t<\/div>\n\t\t\t\t\t<\/div>\n\t\t<\/section>\n\t\t\t\t<\/div>\n\t\t","protected":false},"excerpt":{"rendered":"<p><strong>C\u00d3DIGO: <\/strong>PVT-TR005<\/p>\n<ul>\n<li><strong> Partidas: Diariamente<\/strong><\/li>\n<li><strong> Dura\u00e7\u00e3o: 2 dias \/ 1 noite<\/strong><\/li>\n<li><strong><span style=\"color: #ff0000;\">A entrada para Machu Picchu depender\u00e1 da disponibilidade no momento da reserva, podendo ser para o<\/span> Circuito 1, Circuito 2 ou Circuito 3.<\/strong><\/li>\n<\/ul>\n","protected":false},"featured_media":1039,"template":"","meta":{"site-sidebar-layout":"no-sidebar","site-content-layout":"page-builder","ast-site-content-layout":"full-width-container","site-content-style":"unboxed","site-sidebar-style":"unboxed","ast-global-header-display":"","ast-banner-title-visibility":"","ast-main-header-display":"","ast-hfb-above-header-display":"","ast-hfb-below-header-display":"","ast-hfb-mobile-header-display":"","site-post-title":"disabled","ast-breadcrumbs-content":"","ast-featured-img":"disabled","footer-sml-layout":"","ast-disable-related-posts":"","theme-transparent-header-meta":"default","adv-header-id-meta":"","stick-header-meta":"default","header-above-stick-meta":"","header-main-stick-meta":"","header-below-stick-meta":"","astra-migrate-meta-layouts":"default","ast-page-background-enabled":"default","ast-page-background-meta":{"desktop":{"background-color":"var(--ast-global-color-4)","background-image":"","background-repeat":"repeat","background-position":"center center","background-size":"auto","background-attachment":"scroll","background-type":"","background-media":"","overlay-type":"","overlay-color":"","overlay-opacity":"","overlay-gradient":""},"tablet":{"background-color":"","background-image":"","background-repeat":"repeat","background-position":"center center","background-size":"auto","background-attachment":"scroll","background-type":"","background-media":"","overlay-type":"","overlay-color":"","overlay-opacity":"","overlay-gradient":""},"mobile":{"background-color":"","background-image":"","background-repeat":"repeat","background-position":"center center","background-size":"auto","background-attachment":"scroll","background-type":"","background-media":"","overlay-type":"","overlay-color":"","overlay-opacity":"","overlay-gradient":""}},"ast-content-background-meta":{"desktop":{"background-color":"var(--ast-global-color-5)","background-image":"","background-repeat":"repeat","background-position":"center center","background-size":"auto","background-attachment":"scroll","background-type":"","background-media":"","overlay-type":"","overlay-color":"","overlay-opacity":"","overlay-gradient":""},"tablet":{"background-color":"var(--ast-global-color-5)","background-image":"","background-repeat":"repeat","background-position":"center center","background-size":"auto","background-attachment":"scroll","background-type":"","background-media":"","overlay-type":"","overlay-color":"","overlay-opacity":"","overlay-gradient":""},"mobile":{"background-color":"var(--ast-global-color-5)","background-image":"","background-repeat":"repeat","background-position":"center center","background-size":"auto","background-attachment":"scroll","background-type":"","background-media":"","overlay-type":"","overlay-color":"","overlay-opacity":"","overlay-gradient":""}},"_joinchat":[]},"product_brand":[],"product_cat":[60,64],"product_tag":[],"class_list":{"0":"post-1244","1":"product","2":"type-product","3":"status-publish","4":"has-post-thumbnail","6":"product_cat-cusco-machu-picchu-pt-pt","7":"product_cat-cusco-trek","8":"desktop-align-center","9":"tablet-align-center","10":"mobile-align-center","11":"ast-product-gallery-layout-horizontal-slider","12":"ast-product-gallery-with-no-image","13":"ast-product-tabs-layout-horizontal","15":"first","16":"instock","17":"shipping-taxable","18":"purchasable","19":"product-type-simple"},"_links":{"self":[{"href":"https:\/\/www.pvtravels.com\/pt-pt\/wp-json\/wp\/v2\/product\/1244","targetHints":{"allow":["GET"]}}],"collection":[{"href":"https:\/\/www.pvtravels.com\/pt-pt\/wp-json\/wp\/v2\/product"}],"about":[{"href":"https:\/\/www.pvtravels.com\/pt-pt\/wp-json\/wp\/v2\/types\/product"}],"version-history":[{"count":9,"href":"https:\/\/www.pvtravels.com\/pt-pt\/wp-json\/wp\/v2\/product\/1244\/revisions"}],"predecessor-version":[{"id":6942,"href":"https:\/\/www.pvtravels.com\/pt-pt\/wp-json\/wp\/v2\/product\/1244\/revisions\/6942"}],"wp:featuredmedia":[{"embeddable":true,"href":"https:\/\/www.pvtravels.com\/pt-pt\/wp-json\/wp\/v2\/media\/1039"}],"wp:attachment":[{"href":"https:\/\/www.pvtravels.com\/pt-pt\/wp-json\/wp\/v2\/media?parent=1244"}],"wp:term":[{"taxonomy":"product_brand","embeddable":true,"href":"https:\/\/www.pvtravels.com\/pt-pt\/wp-json\/wp\/v2\/product_brand?post=1244"},{"taxonomy":"product_cat","embeddable":true,"href":"https:\/\/www.pvtravels.com\/pt-pt\/wp-json\/wp\/v2\/product_cat?post=1244"},{"taxonomy":"product_tag","embeddable":true,"href":"https:\/\/www.pvtravels.com\/pt-pt\/wp-json\/wp\/v2\/product_tag?post=1244"}],"curies":[{"name":"wp","href":"https:\/\/api.w.org\/{rel}","templated":true}]}}