{"id":1226,"date":"2021-12-16T18:43:27","date_gmt":"2021-12-16T23:43:27","guid":{"rendered":"https:\/\/www.pvtravels.com\/tour\/sem%20categoria\/trilha-salkantay-a-machu-picchu-5d-4n\/"},"modified":"2026-03-10T14:08:19","modified_gmt":"2026-03-10T19:08:19","slug":"trilha-salkantay-a-machu-picchu-5d-4n","status":"publish","type":"product","link":"https:\/\/www.pvtravels.com\/pt-pt\/tour\/cusco-machu-picchu-pt-pt\/cusco-trek\/trilha-salkantay-a-machu-picchu-5d-4n\/","title":{"rendered":"Trilha Salkantay a Machu Picchu 5D\/4N"},"content":{"rendered":"\t\t<div data-elementor-type=\"product-post\" data-elementor-id=\"1226\" class=\"elementor elementor-1226 elementor-769\" data-elementor-post-type=\"product\">\n\t\t\t\t\t\t<section class=\"elementor-section elementor-top-section elementor-element elementor-element-455bea8 elementor-section-boxed elementor-section-height-default elementor-section-height-default\" data-id=\"455bea8\" data-element_type=\"section\" data-e-type=\"section\">\n\t\t\t\t\t\t<div class=\"elementor-container elementor-column-gap-default\">\n\t\t\t\t\t<div class=\"elementor-column elementor-col-100 elementor-top-column elementor-element elementor-element-2dec44f\" data-id=\"2dec44f\" data-element_type=\"column\" data-e-type=\"column\">\n\t\t\t<div class=\"elementor-widget-wrap elementor-element-populated\">\n\t\t\t\t\t\t<div class=\"elementor-element elementor-element-8f1a81c elementor-widget elementor-widget-heading\" data-id=\"8f1a81c\" data-element_type=\"widget\" data-e-type=\"widget\" data-widget_type=\"heading.default\">\n\t\t\t\t<div class=\"elementor-widget-container\">\n\t\t\t\t\t<h3 class=\"elementor-heading-title elementor-size-default\">Itiner\u00e1rio:<\/h3>\t\t\t\t<\/div>\n\t\t\t\t<\/div>\n\t\t\t\t<div class=\"elementor-element elementor-element-7ed811b elementor-widget elementor-widget-accordion\" data-id=\"7ed811b\" data-element_type=\"widget\" data-e-type=\"widget\" data-widget_type=\"accordion.default\">\n\t\t\t\t<div class=\"elementor-widget-container\">\n\t\t\t\t\t\t\t<div class=\"elementor-accordion\">\n\t\t\t\t\t\t\t<div class=\"elementor-accordion-item\">\n\t\t\t\t\t<div id=\"elementor-tab-title-1331\" class=\"elementor-tab-title\" data-tab=\"1\" role=\"button\" aria-controls=\"elementor-tab-content-1331\" aria-expanded=\"false\">\n\t\t\t\t\t\t\t\t\t\t\t\t\t<span class=\"elementor-accordion-icon elementor-accordion-icon-left\" aria-hidden=\"true\">\n\t\t\t\t\t\t\t\t\t\t\t\t\t\t\t<span class=\"elementor-accordion-icon-closed\"><i class=\"fas fa-plus\"><\/i><\/span>\n\t\t\t\t\t\t\t\t<span class=\"elementor-accordion-icon-opened\"><i class=\"fas fa-minus\"><\/i><\/span>\n\t\t\t\t\t\t\t\t\t\t\t\t\t\t<\/span>\n\t\t\t\t\t\t\t\t\t\t\t\t<a class=\"elementor-accordion-title\" tabindex=\"0\">Dia 01: Cusco - Mollepata - Sayapata \u2013 Lago Humantay - Soraypampa <\/a>\n\t\t\t\t\t<\/div>\n\t\t\t\t\t<div id=\"elementor-tab-content-1331\" class=\"elementor-tab-content elementor-clearfix\" data-tab=\"1\" role=\"region\" aria-labelledby=\"elementor-tab-title-1331\"><p style=\"text-align: justify;\">Sairemos de Cusco aproximadamente \u00e0s 5am. Nosso \u00f4nibus nos levar\u00e1 \u00e0 cidade de Mollepata (2900 metros acima do n\u00edvel do mar), onde chegaremos aproximadamente \u00e0s 7:30 da manh\u00e3, onde \u00a0pararemos nossos suprimentos de \u00faltima hora, alongamento de pernas ou usaremos os banheiros de um restaurante local . Continuaremos nossa jornada para Sayapata, nosso ponto de partida. Vamos nos encontrar com nossa equipe de suporte, que carregar\u00e1 o equipamento em cavalos e mulas.<\/p><p style=\"text-align: justify;\">Por volta das 9:00 da manh\u00e3, iniciaremos nossa caminhada em dire\u00e7\u00e3o a Soraypampa (3850 metros acima do n\u00edvel do mar). Durante a caminhada, teremos vistas panor\u00e2micas sobre o majestoso Salkantay, outras montanhas cobertas de neve e o vale do rio Apurimac. Por volta das 13:00, teremos um almo\u00e7o peruano.<\/p><p style=\"text-align: justify;\">Ap\u00f3s o almo\u00e7o, visitaremos o Lago Humantay, um maravilhoso lago nas montanhas (3 horas de caminhada) e voltaremos ao nosso acampamento, onde as tendas estar\u00e3o prontas para voc\u00ea e para o seu jantar.<\/p><\/div>\n\t\t\t\t<\/div>\n\t\t\t\t\t\t\t<div class=\"elementor-accordion-item\">\n\t\t\t\t\t<div id=\"elementor-tab-title-1332\" class=\"elementor-tab-title\" data-tab=\"2\" role=\"button\" aria-controls=\"elementor-tab-content-1332\" aria-expanded=\"false\">\n\t\t\t\t\t\t\t\t\t\t\t\t\t<span class=\"elementor-accordion-icon elementor-accordion-icon-left\" aria-hidden=\"true\">\n\t\t\t\t\t\t\t\t\t\t\t\t\t\t\t<span class=\"elementor-accordion-icon-closed\"><i class=\"fas fa-plus\"><\/i><\/span>\n\t\t\t\t\t\t\t\t<span class=\"elementor-accordion-icon-opened\"><i class=\"fas fa-minus\"><\/i><\/span>\n\t\t\t\t\t\t\t\t\t\t\t\t\t\t<\/span>\n\t\t\t\t\t\t\t\t\t\t\t\t<a class=\"elementor-accordion-title\" tabindex=\"0\">Dia 02: Soraypampa - Challway <\/a>\n\t\t\t\t\t<\/div>\n\t\t\t\t\t<div id=\"elementor-tab-content-1332\" class=\"elementor-tab-content elementor-clearfix\" data-tab=\"2\" role=\"region\" aria-labelledby=\"elementor-tab-title-1332\"><p style=\"text-align: justify;\">Hoje, a natureza mudar\u00e1 drasticamente de cen\u00e1rios secos para picos nevados e \u00e1reas tropicais. Ap\u00f3s um caf\u00e9 da manh\u00e3 nutritivo, iniciaremos a parte mais dif\u00edcil da jornada. Come\u00e7aremos a caminhada por volta das 7:00 da manh\u00e3. Caminharemos para um lugar chamado Pampas Salkantay, depois seguiremos para o lado esquerdo dos picos nevados de Umantay, localizado pr\u00f3ximo ao Apu Salkantay. Ao meio dia, estaremos no ponto mais alto (4600 metros acima do n\u00edvel do mar).<\/p><p style=\"text-align: justify;\">Apreciaremos vistas espetaculares das montanhas e os imponentes picos nevados do Salkantay (6264 metros acima do n\u00edvel do mar), conhecido como o segundo ponto mais alto da regi\u00e3o de Cusco. Por volta das 13:00, almo\u00e7aremos, na \u00e1rea chamada Huayracmachay.<\/p><p style=\"text-align: justify;\">Ap\u00f3s uma caminhada de aproximadamente 3 horas, chegaremos ao nosso acampamento em Challway (2920 metros acima do n\u00edvel do mar).<\/p><p style=\"text-align: justify;\">Por volta das 19:00, nos recuperaremos da caminhada e jantaremos.<\/p><\/div>\n\t\t\t\t<\/div>\n\t\t\t\t\t\t\t<div class=\"elementor-accordion-item\">\n\t\t\t\t\t<div id=\"elementor-tab-title-1333\" class=\"elementor-tab-title\" data-tab=\"3\" role=\"button\" aria-controls=\"elementor-tab-content-1333\" aria-expanded=\"false\">\n\t\t\t\t\t\t\t\t\t\t\t\t\t<span class=\"elementor-accordion-icon elementor-accordion-icon-left\" aria-hidden=\"true\">\n\t\t\t\t\t\t\t\t\t\t\t\t\t\t\t<span class=\"elementor-accordion-icon-closed\"><i class=\"fas fa-plus\"><\/i><\/span>\n\t\t\t\t\t\t\t\t<span class=\"elementor-accordion-icon-opened\"><i class=\"fas fa-minus\"><\/i><\/span>\n\t\t\t\t\t\t\t\t\t\t\t\t\t\t<\/span>\n\t\t\t\t\t\t\t\t\t\t\t\t<a class=\"elementor-accordion-title\" tabindex=\"0\">Dia 03: Challway - Playa Sahuayaco - Santa Teresa <\/a>\n\t\t\t\t\t<\/div>\n\t\t\t\t\t<div id=\"elementor-tab-content-1333\" class=\"elementor-tab-content elementor-clearfix\" data-tab=\"3\" role=\"region\" aria-labelledby=\"elementor-tab-title-1333\"><p style=\"text-align: justify;\">Por volta das 7:00 da manh\u00e3, iniciaremos nossa jornada. Caminharemos cerca de 6 horas em dire\u00e7\u00e3o a Playa Sahuayaco e durante esse per\u00edodo; observaremos uma cidade chamada Collpabamba, tamb\u00e9m chamada de \u201cFloresta Nublada\u201d, onde cachoeiras, \u00e1rvores frut\u00edferas, flora variada e p\u00e1ssaros podem ser observados.<\/p><p style=\"text-align: justify;\">Se tivermos sorte, poderemos observar o famoso p\u00e1ssaro chamado &#8220;Galo das Rochas&#8221;. Aqui vamos almo\u00e7ar. \u00c0s 14:00 um \u00f4nibus local nos levar\u00e1 a Santa Teresa Hot Springs, onde voc\u00ea poder\u00e1 desfrutar e relaxar nas piscinas quentes.<\/p><p>Janta e acampamento<\/p><\/div>\n\t\t\t\t<\/div>\n\t\t\t\t\t\t\t<div class=\"elementor-accordion-item\">\n\t\t\t\t\t<div id=\"elementor-tab-title-1334\" class=\"elementor-tab-title\" data-tab=\"4\" role=\"button\" aria-controls=\"elementor-tab-content-1334\" aria-expanded=\"false\">\n\t\t\t\t\t\t\t\t\t\t\t\t\t<span class=\"elementor-accordion-icon elementor-accordion-icon-left\" aria-hidden=\"true\">\n\t\t\t\t\t\t\t\t\t\t\t\t\t\t\t<span class=\"elementor-accordion-icon-closed\"><i class=\"fas fa-plus\"><\/i><\/span>\n\t\t\t\t\t\t\t\t<span class=\"elementor-accordion-icon-opened\"><i class=\"fas fa-minus\"><\/i><\/span>\n\t\t\t\t\t\t\t\t\t\t\t\t\t\t<\/span>\n\t\t\t\t\t\t\t\t\t\t\t\t<a class=\"elementor-accordion-title\" tabindex=\"0\">Dia 04: Santa Teresa - Lucmabamba - Llactapata - Hidroel\u00e9trica - Aguas Calientes <\/a>\n\t\t\t\t\t<\/div>\n\t\t\t\t\t<div id=\"elementor-tab-content-1334\" class=\"elementor-tab-content elementor-clearfix\" data-tab=\"4\" role=\"region\" aria-labelledby=\"elementor-tab-title-1334\"><p style=\"text-align: justify;\">Ap\u00f3s um caf\u00e9 da manh\u00e3, tomaremos um transporte local para Lucmabamba (40 minutos) at\u00e9 o ponto de partida. Uma vez na entrada de Llactapata, voc\u00ea come\u00e7ar\u00e1 uma subida em dire\u00e7\u00e3o \u00e0s ru\u00ednas de Llactapata. No caminho, voc\u00ea observar\u00e1 planta\u00e7\u00f5es de caf\u00e9, belas paisagens, bem como diversas flora e fauna. Ap\u00f3s tr\u00eas horas, voc\u00ea chegar\u00e1 a Llactapata, onde ter\u00e1 uma vista incr\u00edvel de Machu Picchu. Aqui voc\u00ea ter\u00e1 tempo para descansar e apreciar a paisagem. Uma trilha descendente o levar\u00e1 \u00e0 hidrel\u00e9trica, onde voc\u00ea almo\u00e7ar\u00e1.<\/p><p style=\"text-align: justify;\">Voc\u00ea aprender\u00e1 sobre a peregrina\u00e7\u00e3o inca e seus vest\u00edgios restantes em Llactapata. Desceremos ao longo do rio para chegar \u00e0 Esta\u00e7\u00e3o Hidrel\u00e9trica (1950m \/ 6398f), onde pegaremos o trem at\u00e9 a vila de Aguas Calientes (2050m \/ 6725f), localizada na base de Machu Picchu.<\/p><p style=\"text-align: justify;\">Voc\u00ea ir\u00e1 jantar em um restaurante local por volta das 19:00.<\/p><\/div>\n\t\t\t\t<\/div>\n\t\t\t\t\t\t\t<div class=\"elementor-accordion-item\">\n\t\t\t\t\t<div id=\"elementor-tab-title-1335\" class=\"elementor-tab-title\" data-tab=\"5\" role=\"button\" aria-controls=\"elementor-tab-content-1335\" aria-expanded=\"false\">\n\t\t\t\t\t\t\t\t\t\t\t\t\t<span class=\"elementor-accordion-icon elementor-accordion-icon-left\" aria-hidden=\"true\">\n\t\t\t\t\t\t\t\t\t\t\t\t\t\t\t<span class=\"elementor-accordion-icon-closed\"><i class=\"fas fa-plus\"><\/i><\/span>\n\t\t\t\t\t\t\t\t<span class=\"elementor-accordion-icon-opened\"><i class=\"fas fa-minus\"><\/i><\/span>\n\t\t\t\t\t\t\t\t\t\t\t\t\t\t<\/span>\n\t\t\t\t\t\t\t\t\t\t\t\t<a class=\"elementor-accordion-title\" tabindex=\"0\">Dia 05: Aguas Calientes - Machu Picchu - Cusco <\/a>\n\t\t\t\t\t<\/div>\n\t\t\t\t\t<div id=\"elementor-tab-content-1335\" class=\"elementor-tab-content elementor-clearfix\" data-tab=\"5\" role=\"region\" aria-labelledby=\"elementor-tab-title-1335\"><p style=\"text-align: justify;\">Hoje, voc\u00ea come\u00e7ar\u00e1 cedo por volta das 16h30. e caminhe at\u00e9 Machu Picchu.<\/p><p style=\"text-align: justify;\">Em Machu Picchu, voc\u00ea far\u00e1 uma visita guiada por cerca de duas horas e depois estar\u00e1 livre para explorar a Cidadela e tirar fotos, se desejar, caminhar por a\u00ed.<\/p><p style=\"text-align: justify;\">\u00c0s 18h45. (dependendo da disponibilidade), voc\u00ea pegar\u00e1 um trem para Ollantaytambo e de l\u00e1; um \u00f4nibus o levar\u00e1 a Cusco.<\/p><\/div>\n\t\t\t\t<\/div>\n\t\t\t\t\t\t\t\t<\/div>\n\t\t\t\t\t\t<\/div>\n\t\t\t\t<\/div>\n\t\t\t\t<div class=\"elementor-element elementor-element-8d3656f elementor-widget elementor-widget-text-editor\" data-id=\"8d3656f\" data-element_type=\"widget\" data-e-type=\"widget\" data-widget_type=\"text-editor.default\">\n\t\t\t\t<div class=\"elementor-widget-container\">\n\t\t\t\t\t\t\t\t\t<h3><span style=\"color: #008000;\"><strong>O que est\u00e1 inclu\u00eddo:<\/strong><\/span><\/h3><ul><li>Instru\u00e7\u00f5es antes da partida em nosso escrit\u00f3rio na noite anterior \u00e0s 18h<\/li><li>Traslado do escrit\u00f3rio do hotel para a vila de Mollepata (Marcoccasa)<\/li><li>Traslado de Chaullay a Lucmabamba (dia 3)<\/li><li>Trem da Esta\u00e7\u00e3o Hidroel\u00e9trica para Aguas Calientes<\/li><li>\u00d4nibus de Aguas Calientes para Machu Picchu<\/li><li>Trem de Aguas Calientes para Ollantaytambo, em seguida traslado para o hotel em Cusco<\/li><li>Pernoite em um quarto privado em um hotel em Aguas Calientes<\/li><li>Entrada para o site de Machu Picchu<\/li><li>Guia profissional bil\u00edngue espanhol-ingl\u00eas<\/li><li>Equipamento de camping de alta qualidade (barracas profissionais Eureka! Timberline 4 ou Doite Himalaya, para 2 pessoas com colch\u00f5es).<\/li><li>Equipamento de camping, barraca de jantar, cozinha, com abrigos e banheiros<\/li><li>Refei\u00e7\u00f5es durante a caminhada (caf\u00e9 da manh\u00e3, almo\u00e7o, jantar e lanches). Por favor, notifique a ag\u00eancia em caso de alergias ou dieta especial, como vegetariana.<\/li><li>Cozinhar e equipamento de cozinha.<\/li><li>Trituradores e mulas para o transporte de equipamentos de camping e seus pertences pessoais (m\u00e1ximo 7 kg \/ 15lb por pessoa)<\/li><li>Cavalo de resgate (2 pessoas)<\/li><li>Kit de primeiros socorros e garrafa de oxig\u00eanio<\/li><\/ul><h3><span style=\"color: #008000;\"><strong>N\u00e3o incluso:<\/strong><\/span><\/h3><ul><li>Caf\u00e9 da manh\u00e3 do 1\u00ba dia e almo\u00e7o do 4\u00ba dia em Aguas Calientes<\/li><li>Saco de dormir (se voc\u00ea n\u00e3o tiver um, poder\u00e1 alugar um de nossa ag\u00eancia)<\/li><li>\u00d4nibus de Machu Picchu para Aguas Calientes (custo $ 12.00USD). Voc\u00ea tamb\u00e9m pode descer a p\u00e9, o que leva cerca de 1 hora.<\/li><\/ul><h3><span style=\"color: #008000;\"><strong>Lista recomendada<\/strong><\/span><\/h3><ul><li>Lanches (frutas secas, biscoitos, doces, chocolates, etc.)<\/li><li>T\u00eanis para caminhada ou t\u00eanis<\/li><li>Equipamento completo para chuva ou poncho (de novembro a abril)<\/li><li>Cal\u00e7as de caminhada leve<\/li><li>Chap\u00e9u ou bon\u00e9<\/li><li>\u00d3culos escuros<\/li><li>Protetor solar<\/li><li>Repelente de insetos<\/li><li>Artigos de higiene pessoal (shampoo, sabonete, creme para o corpo)<\/li><li>C\u00e2meras e carregadores de foto \/ v\u00eddeo<\/li><li>Garrafa de agua<\/li><li>Passaporte original<\/li><li>Dinheiro extra em soles pelo menos S\/400.00 por pessoa<\/li><\/ul>\t\t\t\t\t\t\t\t<\/div>\n\t\t\t\t<\/div>\n\t\t\t\t\t<\/div>\n\t\t<\/div>\n\t\t\t\t\t<\/div>\n\t\t<\/section>\n\t\t\t\t<\/div>\n\t\t","protected":false},"excerpt":{"rendered":"<p><strong>C\u00d3DIGO: <\/strong>PVT-TR002<\/p>\n<ul>\n<li><strong> Partidas: Diariamente<\/strong><\/li>\n<li><strong> Dura\u00e7\u00e3o: 5 dias \/ 4 noites<\/strong><\/li>\n<li><strong><span style=\"color: #ff0000;\">A entrada para Machu Picchu depender\u00e1 da disponibilidade no momento da reserva, podendo ser para o<\/span> Circuito 1, Circuito 2 ou Circuito 3.<\/strong><\/li>\n<\/ul>\n","protected":false},"featured_media":771,"template":"","meta":{"site-sidebar-layout":"default","site-content-layout":"default","ast-site-content-layout":"default","site-content-style":"default","site-sidebar-style":"default","ast-global-header-display":"","ast-banner-title-visibility":"","ast-main-header-display":"","ast-hfb-above-header-display":"","ast-hfb-below-header-display":"","ast-hfb-mobile-header-display":"","site-post-title":"","ast-breadcrumbs-content":"","ast-featured-img":"","footer-sml-layout":"","ast-disable-related-posts":"","theme-transparent-header-meta":"default","adv-header-id-meta":"","stick-header-meta":"default","header-above-stick-meta":"","header-main-stick-meta":"","header-below-stick-meta":"","astra-migrate-meta-layouts":"default","ast-page-background-enabled":"default","ast-page-background-meta":{"desktop":{"background-color":"var(--ast-global-color-4)","background-image":"","background-repeat":"repeat","background-position":"center center","background-size":"auto","background-attachment":"scroll","background-type":"","background-media":"","overlay-type":"","overlay-color":"","overlay-opacity":"","overlay-gradient":""},"tablet":{"background-color":"","background-image":"","background-repeat":"repeat","background-position":"center center","background-size":"auto","background-attachment":"scroll","background-type":"","background-media":"","overlay-type":"","overlay-color":"","overlay-opacity":"","overlay-gradient":""},"mobile":{"background-color":"","background-image":"","background-repeat":"repeat","background-position":"center center","background-size":"auto","background-attachment":"scroll","background-type":"","background-media":"","overlay-type":"","overlay-color":"","overlay-opacity":"","overlay-gradient":""}},"ast-content-background-meta":{"desktop":{"background-color":"var(--ast-global-color-5)","background-image":"","background-repeat":"repeat","background-position":"center center","background-size":"auto","background-attachment":"scroll","background-type":"","background-media":"","overlay-type":"","overlay-color":"","overlay-opacity":"","overlay-gradient":""},"tablet":{"background-color":"var(--ast-global-color-5)","background-image":"","background-repeat":"repeat","background-position":"center center","background-size":"auto","background-attachment":"scroll","background-type":"","background-media":"","overlay-type":"","overlay-color":"","overlay-opacity":"","overlay-gradient":""},"mobile":{"background-color":"var(--ast-global-color-5)","background-image":"","background-repeat":"repeat","background-position":"center center","background-size":"auto","background-attachment":"scroll","background-type":"","background-media":"","overlay-type":"","overlay-color":"","overlay-opacity":"","overlay-gradient":""}},"_joinchat":[]},"product_brand":[],"product_cat":[60,64],"product_tag":[],"class_list":{"0":"post-1226","1":"product","2":"type-product","3":"status-publish","4":"has-post-thumbnail","6":"product_cat-cusco-machu-picchu-pt-pt","7":"product_cat-cusco-trek","8":"desktop-align-center","9":"tablet-align-center","10":"mobile-align-center","11":"ast-product-gallery-layout-horizontal-slider","12":"ast-product-gallery-with-no-image","13":"ast-product-single-variable","14":"ast-product-tabs-layout-horizontal","16":"first","17":"instock","18":"shipping-taxable","19":"purchasable","20":"product-type-variable"},"_links":{"self":[{"href":"https:\/\/www.pvtravels.com\/pt-pt\/wp-json\/wp\/v2\/product\/1226","targetHints":{"allow":["GET"]}}],"collection":[{"href":"https:\/\/www.pvtravels.com\/pt-pt\/wp-json\/wp\/v2\/product"}],"about":[{"href":"https:\/\/www.pvtravels.com\/pt-pt\/wp-json\/wp\/v2\/types\/product"}],"version-history":[{"count":9,"href":"https:\/\/www.pvtravels.com\/pt-pt\/wp-json\/wp\/v2\/product\/1226\/revisions"}],"predecessor-version":[{"id":6952,"href":"https:\/\/www.pvtravels.com\/pt-pt\/wp-json\/wp\/v2\/product\/1226\/revisions\/6952"}],"wp:featuredmedia":[{"embeddable":true,"href":"https:\/\/www.pvtravels.com\/pt-pt\/wp-json\/wp\/v2\/media\/771"}],"wp:attachment":[{"href":"https:\/\/www.pvtravels.com\/pt-pt\/wp-json\/wp\/v2\/media?parent=1226"}],"wp:term":[{"taxonomy":"product_brand","embeddable":true,"href":"https:\/\/www.pvtravels.com\/pt-pt\/wp-json\/wp\/v2\/product_brand?post=1226"},{"taxonomy":"product_cat","embeddable":true,"href":"https:\/\/www.pvtravels.com\/pt-pt\/wp-json\/wp\/v2\/product_cat?post=1226"},{"taxonomy":"product_tag","embeddable":true,"href":"https:\/\/www.pvtravels.com\/pt-pt\/wp-json\/wp\/v2\/product_tag?post=1226"}],"curies":[{"name":"wp","href":"https:\/\/api.w.org\/{rel}","templated":true}]}}