{"id":1214,"date":"2021-12-16T16:58:38","date_gmt":"2021-12-16T21:58:38","guid":{"rendered":"https:\/\/www.pvtravels.com\/tour\/sem%20categoria\/tour-gastronomico-em-cusco\/"},"modified":"2022-02-02T11:49:42","modified_gmt":"2022-02-02T16:49:42","slug":"tour-gastronomico-em-cusco","status":"publish","type":"product","link":"https:\/\/www.pvtravels.com\/pt-pt\/tour\/cusco-machu-picchu-pt-pt\/cusco-traditional-pt-pt\/tour-gastronomico-em-cusco\/","title":{"rendered":"Tour Gastron\u00f4mico em Cusco"},"content":{"rendered":"<h3 style=\"text-align: justify;\"><span style=\"color: #008000;\"><strong>Itiner\u00e1rio:<\/strong><\/span><\/h3>\n<p style=\"text-align: justify;\">A comida requintada e variada de Cusco \u00e9 caracterizada n\u00e3o apenas pelo sabor e pela combina\u00e7\u00e3o de produtos tradicionais andinos da regi\u00e3o; influencia tamb\u00e9m por ser uma das express\u00f5es vivas e mais representativa da cultura andina do sul no Peru<\/p>\n<p style=\"text-align: justify;\">Todos os dias, das 9h \u00e0s 13h (hor\u00e1rio de almo\u00e7o) e das 15h \u00e0s 19h (hor\u00e1rio de jantar), voc\u00ea ter\u00e1 a oportunidade de participar da nossa Experi\u00eancia de Culin\u00e1ria e aprender mais sobre a culin\u00e1ria peruana. Sua experi\u00eancia culin\u00e1ria come\u00e7a com uma visita ao mercado local, onde voc\u00ea ter\u00e1 uma introdu\u00e7\u00e3o a um grande e diversificado n\u00famero de ingredientes das 8 Regi\u00f5es Naturais do Peru e que comp\u00f5em uma parte importante da dieta local. Em seguida, vamos lev\u00e1-lo ao nosso belo est\u00fadio de culin\u00e1ria, localizado no centro de Cusco, onde voc\u00ea ter\u00e1 uma aula pr\u00e1tica, onde aprender\u00e1 a preparar pratos saud\u00e1veis e nutritivos usando nossos ingredientes mais representativos sob a orienta\u00e7\u00e3o do nosso Chef Profissional Peruano. Uma bebida refrescante, um menu degusta\u00e7\u00e3o de quatro pratos e, claro, o famoso Pisco Sour ser\u00e3o inclu\u00eddos. Venha, junte-se a n\u00f3s e participe deste &#8220;deve fazer&#8221; durante a sua estadia em Cusco!<\/p>\n<p style=\"text-align: justify;\"><strong>** Nota:<\/strong><em> todos os participantes fazem o mesmo menu em uma aula, classe.<\/em><\/p>\n<h3 style=\"text-align: justify;\"><span style=\"color: #008000;\"><strong>O que est\u00e1 inclu\u00eddo:<\/strong><\/span><\/h3>\n<ul style=\"text-align: justify;\">\n<li>Traslado do Hotel em Cusco<\/li>\n<li>Orienta\u00e7\u00e3o Do Chef<\/li>\n<li>Tour Do Mercado<\/li>\n<li>Tudo Que Voc\u00ea Precisa Para As Refei\u00e7\u00f5es.<\/li>\n<li>Op\u00e7\u00f5es De Bebidas (Escolha Uma): O Coquetel Nacional Peruano, Pisco Sour, Ou A Bebida Nacional N\u00e3o Alco\u00f3lica, Chicha Morrada.<\/li>\n<\/ul>\n<h3 style=\"text-align: justify;\"><span style=\"color: #008000;\"><strong>N\u00e3o incluso:<\/strong><\/span><\/h3>\n<ul style=\"text-align: justify;\">\n<li>Refei\u00e7\u00f5es n\u00e3o especificadas no itiner\u00e1rio<\/li>\n<li>Alojamento em Cusco<\/li>\n<li>Traslado de retorno ao alojamento<\/li>\n<\/ul>\n<h3 style=\"text-align: justify;\"><span style=\"color: #008000;\"><strong>Lista recomendada<\/strong><\/span><\/h3>\n<ul>\n<li style=\"text-align: justify;\">Lanches<\/li>\n<li style=\"text-align: justify;\">Sapatos de caminhada ou t\u00eanis<\/li>\n<li style=\"text-align: justify;\">Equipamento completo para chuva ou poncho (de novembro a abril)<\/li>\n<li style=\"text-align: justify;\">Chap\u00e9u ou bon\u00e9<\/li>\n<li style=\"text-align: justify;\">\u00d3culos de sol<\/li>\n<li style=\"text-align: justify;\">Protetor solar<\/li>\n<li style=\"text-align: justify;\">Artigos de toalete<\/li>\n<li style=\"text-align: justify;\">C\u00e2meras fotogr\u00e1ficas \/ de v\u00eddeo e carregadores<\/li>\n<li style=\"text-align: justify;\">Garrafa de \u00c1gua<\/li>\n<\/ul>\n","protected":false},"excerpt":{"rendered":"<p><strong>C\u00d3DIGO: <\/strong>PVT-CT007<\/p>\n<ul>\n<li><strong>Partida: diariamente \u2013 <\/strong>10:30 \/ 15:30hs<\/li>\n<li><strong>Dura\u00e7\u00e3o: Aproximadamente 4 horas<\/strong><\/li>\n<\/ul>\n","protected":false},"featured_media":696,"template":"","meta":{"site-sidebar-layout":"default","site-content-layout":"default","ast-site-content-layout":"default","site-content-style":"default","site-sidebar-style":"default","ast-global-header-display":"","ast-banner-title-visibility":"","ast-main-header-display":"","ast-hfb-above-header-display":"","ast-hfb-below-header-display":"","ast-hfb-mobile-header-display":"","site-post-title":"","ast-breadcrumbs-content":"","ast-featured-img":"","footer-sml-layout":"","ast-disable-related-posts":"","theme-transparent-header-meta":"default","adv-header-id-meta":"","stick-header-meta":"default","header-above-stick-meta":"","header-main-stick-meta":"","header-below-stick-meta":"","astra-migrate-meta-layouts":"default","ast-page-background-enabled":"default","ast-page-background-meta":{"desktop":{"background-color":"var(--ast-global-color-4)","background-image":"","background-repeat":"repeat","background-position":"center center","background-size":"auto","background-attachment":"scroll","background-type":"","background-media":"","overlay-type":"","overlay-color":"","overlay-opacity":"","overlay-gradient":""},"tablet":{"background-color":"","background-image":"","background-repeat":"repeat","background-position":"center center","background-size":"auto","background-attachment":"scroll","background-type":"","background-media":"","overlay-type":"","overlay-color":"","overlay-opacity":"","overlay-gradient":""},"mobile":{"background-color":"","background-image":"","background-repeat":"repeat","background-position":"center center","background-size":"auto","background-attachment":"scroll","background-type":"","background-media":"","overlay-type":"","overlay-color":"","overlay-opacity":"","overlay-gradient":""}},"ast-content-background-meta":{"desktop":{"background-color":"var(--ast-global-color-5)","background-image":"","background-repeat":"repeat","background-position":"center center","background-size":"auto","background-attachment":"scroll","background-type":"","background-media":"","overlay-type":"","overlay-color":"","overlay-opacity":"","overlay-gradient":""},"tablet":{"background-color":"var(--ast-global-color-5)","background-image":"","background-repeat":"repeat","background-position":"center center","background-size":"auto","background-attachment":"scroll","background-type":"","background-media":"","overlay-type":"","overlay-color":"","overlay-opacity":"","overlay-gradient":""},"mobile":{"background-color":"var(--ast-global-color-5)","background-image":"","background-repeat":"repeat","background-position":"center center","background-size":"auto","background-attachment":"scroll","background-type":"","background-media":"","overlay-type":"","overlay-color":"","overlay-opacity":"","overlay-gradient":""}},"_joinchat":[]},"product_brand":[],"product_cat":[60,63],"product_tag":[],"class_list":{"0":"post-1214","1":"product","2":"type-product","3":"status-publish","4":"has-post-thumbnail","6":"product_cat-cusco-machu-picchu-pt-pt","7":"product_cat-cusco-traditional-pt-pt","8":"desktop-align-center","9":"tablet-align-center","10":"mobile-align-center","11":"ast-product-gallery-layout-horizontal-slider","12":"ast-product-gallery-with-no-image","13":"ast-product-tabs-layout-horizontal","15":"first","16":"instock","17":"shipping-taxable","18":"purchasable","19":"product-type-simple"},"_links":{"self":[{"href":"https:\/\/www.pvtravels.com\/pt-pt\/wp-json\/wp\/v2\/product\/1214","targetHints":{"allow":["GET"]}}],"collection":[{"href":"https:\/\/www.pvtravels.com\/pt-pt\/wp-json\/wp\/v2\/product"}],"about":[{"href":"https:\/\/www.pvtravels.com\/pt-pt\/wp-json\/wp\/v2\/types\/product"}],"version-history":[{"count":3,"href":"https:\/\/www.pvtravels.com\/pt-pt\/wp-json\/wp\/v2\/product\/1214\/revisions"}],"predecessor-version":[{"id":3302,"href":"https:\/\/www.pvtravels.com\/pt-pt\/wp-json\/wp\/v2\/product\/1214\/revisions\/3302"}],"wp:featuredmedia":[{"embeddable":true,"href":"https:\/\/www.pvtravels.com\/pt-pt\/wp-json\/wp\/v2\/media\/696"}],"wp:attachment":[{"href":"https:\/\/www.pvtravels.com\/pt-pt\/wp-json\/wp\/v2\/media?parent=1214"}],"wp:term":[{"taxonomy":"product_brand","embeddable":true,"href":"https:\/\/www.pvtravels.com\/pt-pt\/wp-json\/wp\/v2\/product_brand?post=1214"},{"taxonomy":"product_cat","embeddable":true,"href":"https:\/\/www.pvtravels.com\/pt-pt\/wp-json\/wp\/v2\/product_cat?post=1214"},{"taxonomy":"product_tag","embeddable":true,"href":"https:\/\/www.pvtravels.com\/pt-pt\/wp-json\/wp\/v2\/product_tag?post=1214"}],"curies":[{"name":"wp","href":"https:\/\/api.w.org\/{rel}","templated":true}]}}