{"id":1114,"date":"2021-12-16T10:59:41","date_gmt":"2021-12-16T15:59:41","guid":{"rendered":"https:\/\/www.pvtravels.com\/tour\/sem%20categoria\/rafting-rio-chuquicahuana\/"},"modified":"2026-03-05T12:36:40","modified_gmt":"2026-03-05T17:36:40","slug":"rafting-rio-chuquicahuana","status":"publish","type":"product","link":"https:\/\/www.pvtravels.com\/pt-pt\/tour\/cusco-machu-picchu-pt-pt\/cusco-adventure-pt-pt\/rafting-rio-chuquicahuana\/","title":{"rendered":"Rafting Rio Chuquicahuana"},"content":{"rendered":"\t\t<div data-elementor-type=\"product-post\" data-elementor-id=\"1114\" class=\"elementor elementor-1114 elementor-432\" data-elementor-post-type=\"product\">\n\t\t\t\t\t\t<section class=\"elementor-section elementor-top-section elementor-element elementor-element-1313a91 elementor-section-boxed elementor-section-height-default elementor-section-height-default\" data-id=\"1313a91\" data-element_type=\"section\" data-e-type=\"section\">\n\t\t\t\t\t\t<div class=\"elementor-container elementor-column-gap-default\">\n\t\t\t\t\t<div class=\"elementor-column elementor-col-100 elementor-top-column elementor-element elementor-element-8ba87e8\" data-id=\"8ba87e8\" data-element_type=\"column\" data-e-type=\"column\">\n\t\t\t<div class=\"elementor-widget-wrap elementor-element-populated\">\n\t\t\t\t\t\t<div class=\"elementor-element elementor-element-73efefd elementor-widget elementor-widget-text-editor\" data-id=\"73efefd\" data-element_type=\"widget\" data-e-type=\"widget\" data-widget_type=\"text-editor.default\">\n\t\t\t\t<div class=\"elementor-widget-container\">\n\t\t\t\t\t\t\t\t\t<h3><span style=\"color: #008000;\"><strong>Itiner\u00e1rio:<\/strong><\/span><\/h3><p>Nosso dia come\u00e7a quando buscamos voc\u00ea em seu hotel em Cusco por volta das 8h50. Em seguida, seguiremos de carro por cerca de 1 hora e 30 minutos at\u00e9 chegarmos ao Cusipata River Lodge, onde poderemos esticar as pernas, usar algumas das instala\u00e7\u00f5es e deixar nossas malas e pertences pessoais. Nossos guias profissionais de rafting far\u00e3o uma apresenta\u00e7\u00e3o sobre seguran\u00e7a e explicar\u00e3o os comandos b\u00e1sicos para a pr\u00e1tica do esporte. Depois, entregar\u00e3o todo o equipamento necess\u00e1rio: capacete, roupa de neoprene, jaqueta imperme\u00e1vel, remos e, claro, seu bote infl\u00e1vel autovaziante.<br \/>Em seguida, viajaremos por 10 minutos at\u00e9 o ponto de partida, no trecho Chuquicahuana do Rio Urubamba. Descendo o rio, nos divertiremos muito navegando por corredeiras de Classe III e IV, com ondas estacion\u00e1rias e buracos, que elevam a adrenalina. Seu bote ser\u00e1 acompanhado por um caiaqueiro de seguran\u00e7a, garantindo sua prote\u00e7\u00e3o durante toda a descida. Nossa aventura de rafting dura cerca de duas horas e passaremos por paisagens espetaculares enquanto descemos o rio.<br \/>Ap\u00f3s o rafting, retornaremos ao Cusipata River Lodge para um delicioso almo\u00e7o. Voc\u00ea tamb\u00e9m pode aproveitar a sauna antes de seguirmos para a pr\u00f3xima etapa da nossa aventura: tirolesa. H\u00e1 duas tirolesas sobre o rio Urubamba, cada uma com cerca de 120 metros de comprimento. \u00c9 uma \u00f3tima maneira de encerrar o dia e, \u00e0 tarde, arrumaremos nossas coisas e retornaremos a Cusco, cansados, mas felizes ap\u00f3s um dia de aventuras ao ar livre.<\/p><h3><span style=\"color: #008000;\"><strong>O que est\u00e1 inclu\u00eddo:<\/strong><\/span><\/h3><ul><li>Transporte de Cusco para o rio<\/li><li>Todo o equipamento de rafting, como capacete, colete salva-vidas, remo, jangada<\/li><li>Guia profissional de rafting em ingl\u00eas ou espanhol<\/li><li>Almo\u00e7o<\/li><li>Transporte de volta do rio<\/li><li>Sauna<\/li><li>Chuveiros quentes<\/li><\/ul><h3><span style=\"color: #008000;\"><strong>N\u00e3o incluso:<\/strong><\/span><\/h3><ul><li>Refei\u00e7\u00f5es n\u00e3o especificadas no itiner\u00e1rio<\/li><li>Alojamento em Cusco<\/li><\/ul><h3><span style=\"color: #008000;\"><strong>Lista recomendada:<\/strong><\/span><\/h3><ul><li>Conjunto completo de roupas secas<\/li><li>Par de sand\u00e1lias ou t\u00eanis para o rio<\/li><li>Protetor solar<\/li><li>Toalha pequena<\/li><li>Roupa de banho para usar debaixo<\/li><li>Lanches<\/li><li>Sapatos de caminhada ou t\u00eanis<\/li><li>Chap\u00e9u ou bon\u00e9<\/li><li>\u00d3culos escuros<\/li><li>Protetor solar<\/li><li>Artigos de higiene pessoal<\/li><li>Garrafa de agua<\/li><\/ul>\t\t\t\t\t\t\t\t<\/div>\n\t\t\t\t<\/div>\n\t\t\t\t\t<\/div>\n\t\t<\/div>\n\t\t\t\t\t<\/div>\n\t\t<\/section>\n\t\t\t\t<\/div>\n\t\t","protected":false},"excerpt":{"rendered":"<p><strong>C\u00d3DIGO: <\/strong>PVT-CA005<\/p>\n<ul>\n<li><strong>Partida: 09:00am<\/strong><\/li>\n<li><strong>Dura\u00e7\u00e3o: dia inteiro<\/strong><\/li>\n<\/ul>\n","protected":false},"featured_media":435,"template":"","meta":{"site-sidebar-layout":"default","site-content-layout":"default","ast-site-content-layout":"default","site-content-style":"default","site-sidebar-style":"default","ast-global-header-display":"","ast-banner-title-visibility":"","ast-main-header-display":"","ast-hfb-above-header-display":"","ast-hfb-below-header-display":"","ast-hfb-mobile-header-display":"","site-post-title":"","ast-breadcrumbs-content":"","ast-featured-img":"","footer-sml-layout":"","ast-disable-related-posts":"","theme-transparent-header-meta":"default","adv-header-id-meta":"","stick-header-meta":"default","header-above-stick-meta":"","header-main-stick-meta":"","header-below-stick-meta":"","astra-migrate-meta-layouts":"set","ast-page-background-enabled":"default","ast-page-background-meta":{"desktop":{"background-color":"var(--ast-global-color-4)","background-image":"","background-repeat":"repeat","background-position":"center center","background-size":"auto","background-attachment":"scroll","background-type":"","background-media":"","overlay-type":"","overlay-color":"","overlay-opacity":"","overlay-gradient":""},"tablet":{"background-color":"","background-image":"","background-repeat":"repeat","background-position":"center center","background-size":"auto","background-attachment":"scroll","background-type":"","background-media":"","overlay-type":"","overlay-color":"","overlay-opacity":"","overlay-gradient":""},"mobile":{"background-color":"","background-image":"","background-repeat":"repeat","background-position":"center center","background-size":"auto","background-attachment":"scroll","background-type":"","background-media":"","overlay-type":"","overlay-color":"","overlay-opacity":"","overlay-gradient":""}},"ast-content-background-meta":{"desktop":{"background-color":"var(--ast-global-color-5)","background-image":"","background-repeat":"repeat","background-position":"center center","background-size":"auto","background-attachment":"scroll","background-type":"","background-media":"","overlay-type":"","overlay-color":"","overlay-opacity":"","overlay-gradient":""},"tablet":{"background-color":"var(--ast-global-color-5)","background-image":"","background-repeat":"repeat","background-position":"center center","background-size":"auto","background-attachment":"scroll","background-type":"","background-media":"","overlay-type":"","overlay-color":"","overlay-opacity":"","overlay-gradient":""},"mobile":{"background-color":"var(--ast-global-color-5)","background-image":"","background-repeat":"repeat","background-position":"center center","background-size":"auto","background-attachment":"scroll","background-type":"","background-media":"","overlay-type":"","overlay-color":"","overlay-opacity":"","overlay-gradient":""}},"_joinchat":[]},"product_brand":[],"product_cat":[60,61],"product_tag":[],"class_list":{"0":"post-1114","1":"product","2":"type-product","3":"status-publish","4":"has-post-thumbnail","6":"product_cat-cusco-machu-picchu-pt-pt","7":"product_cat-cusco-adventure-pt-pt","8":"desktop-align-center","9":"tablet-align-center","10":"mobile-align-center","11":"ast-product-gallery-layout-horizontal-slider","12":"ast-product-gallery-with-no-image","13":"ast-product-tabs-layout-horizontal","15":"first","16":"instock","17":"shipping-taxable","18":"purchasable","19":"product-type-simple"},"_links":{"self":[{"href":"https:\/\/www.pvtravels.com\/pt-pt\/wp-json\/wp\/v2\/product\/1114","targetHints":{"allow":["GET"]}}],"collection":[{"href":"https:\/\/www.pvtravels.com\/pt-pt\/wp-json\/wp\/v2\/product"}],"about":[{"href":"https:\/\/www.pvtravels.com\/pt-pt\/wp-json\/wp\/v2\/types\/product"}],"version-history":[{"count":18,"href":"https:\/\/www.pvtravels.com\/pt-pt\/wp-json\/wp\/v2\/product\/1114\/revisions"}],"predecessor-version":[{"id":6732,"href":"https:\/\/www.pvtravels.com\/pt-pt\/wp-json\/wp\/v2\/product\/1114\/revisions\/6732"}],"wp:featuredmedia":[{"embeddable":true,"href":"https:\/\/www.pvtravels.com\/pt-pt\/wp-json\/wp\/v2\/media\/435"}],"wp:attachment":[{"href":"https:\/\/www.pvtravels.com\/pt-pt\/wp-json\/wp\/v2\/media?parent=1114"}],"wp:term":[{"taxonomy":"product_brand","embeddable":true,"href":"https:\/\/www.pvtravels.com\/pt-pt\/wp-json\/wp\/v2\/product_brand?post=1114"},{"taxonomy":"product_cat","embeddable":true,"href":"https:\/\/www.pvtravels.com\/pt-pt\/wp-json\/wp\/v2\/product_cat?post=1114"},{"taxonomy":"product_tag","embeddable":true,"href":"https:\/\/www.pvtravels.com\/pt-pt\/wp-json\/wp\/v2\/product_tag?post=1114"}],"curies":[{"name":"wp","href":"https:\/\/api.w.org\/{rel}","templated":true}]}}