{"id":1108,"date":"2021-12-16T10:54:04","date_gmt":"2021-12-16T15:54:04","guid":{"rendered":"https:\/\/www.pvtravels.com\/tour\/sem%20categoria\/quatrimotos-maras-moray\/"},"modified":"2026-03-05T12:38:49","modified_gmt":"2026-03-05T17:38:49","slug":"quatrimotos-maras-moray","status":"publish","type":"product","link":"https:\/\/www.pvtravels.com\/pt-pt\/tour\/cusco-machu-picchu-pt-pt\/cusco-adventure-pt-pt\/quatrimotos-maras-moray\/","title":{"rendered":"Quatrimotos &#8211; Maras &#038; Moray"},"content":{"rendered":"\t\t<div data-elementor-type=\"product-post\" data-elementor-id=\"1108\" class=\"elementor elementor-1108 elementor-423\" data-elementor-post-type=\"product\">\n\t\t\t\t\t\t<section class=\"elementor-section elementor-top-section elementor-element elementor-element-78c985d6 elementor-section-boxed elementor-section-height-default elementor-section-height-default\" data-id=\"78c985d6\" data-element_type=\"section\" data-e-type=\"section\">\n\t\t\t\t\t\t<div class=\"elementor-container elementor-column-gap-default\">\n\t\t\t\t\t<div class=\"elementor-column elementor-col-100 elementor-top-column elementor-element elementor-element-8315301\" data-id=\"8315301\" data-element_type=\"column\" data-e-type=\"column\">\n\t\t\t<div class=\"elementor-widget-wrap elementor-element-populated\">\n\t\t\t\t\t\t<div class=\"elementor-element elementor-element-257b6f1 elementor-widget elementor-widget-text-editor\" data-id=\"257b6f1\" data-element_type=\"widget\" data-e-type=\"widget\" data-widget_type=\"text-editor.default\">\n\t\t\t\t<div class=\"elementor-widget-container\">\n\t\t\t\t\t\t\t\t\t<h3><span style=\"color: #008000;\"><strong>Itiner\u00e1rio:<\/strong><\/span><\/h3><p style=\"text-align: justify;\">N\u00f3s buscamos voc\u00ea em seu hotel em Cusco para lev\u00e1-lo uma hora de carro at\u00e9 nossa base localizada em Cruzpata, depois de uma breve informa\u00e7\u00e3o sobre os quadr\u00edculos e seguran\u00e7a, vamos praticar 10 minutos, ent\u00e3o come\u00e7amos o passeio, voc\u00ea estar\u00e1 andando aproximadamente 2 e 1\/2 a 3 horas, tudo fora de estrada, da maneira que voc\u00ea vai encontrar pessoas que est\u00e3o fazendo sua vida di\u00e1ria, vamos passar por lugares onde apenas poucas pessoas v\u00e3o e onde a natureza vai mostrar o melhor que voc\u00ea pode imaginar ; a cada momento, cada vis\u00e3o far\u00e1 voc\u00ea se sentir especial, na rota tamb\u00e9m podemos apreciar o s\u00edtio arqueol\u00f3gico de Moray (este era um tipo de estufa para os Incas), tamb\u00e9m as mais de 3000 fontes de sal (SALINERAS) s\u00e3o exploradas at\u00e9 agora para a popula\u00e7\u00e3o local e tamb\u00e9m dois lagos (isso depender\u00e1 de qual rota voc\u00ea decidir ir), ent\u00e3o retornaremos para nossa base onde nosso transporte estar\u00e1 esperando por voc\u00ea para trazer voc\u00ea de volta a Cusco, sem d\u00favida esta ser\u00e1 uma das melhores op\u00e7\u00f5es para as suas f\u00e9rias muito agrad\u00e1veis \u200b\u200bem Cusco.<\/p><p style=\"text-align: justify;\">** <strong>IMPORTANTE:<\/strong> Use cal\u00e7as compridas e sapatos fechados, sem sand\u00e1lias.<\/p><h3><span style=\"color: #008000;\"><strong>O que est\u00e1 inclu\u00eddo:<\/strong><\/span><\/h3><ul><li>Traslado alojamento em Cusco<\/li><li>Transporte Cusco &#8211; Cruzpata &#8211; Cusco<\/li><li>Quadric\u00edclo<\/li><li>Capacetes de seguran\u00e7a e luvas.<\/li><li>Guia de Ingl\u00eas ou Espanhol<\/li><li>Kit de primeiros socorros.<\/li><li>Retorno na Plaza Regocijo (a 2 quarteir\u00f5es da pra\u00e7a principal)<\/li><\/ul><h3><span style=\"color: #008000;\"><strong>N\u00e3o incluso:<\/strong><\/span><\/h3><ul><li>Entrada para as minas de sal\u00a0<\/li><li>Entrada para Moray (inclu\u00eddo no Boleto Tur\u00edstico)<\/li><li>Refei\u00e7\u00f5es n\u00e3o especificadas no itiner\u00e1rio<\/li><li>Alojamento em Cusco<\/li><\/ul><h3><span style=\"color: #008000;\"><strong>Lista recomendada:<\/strong><\/span><\/h3><ul><li>Lanches<\/li><li>Sapatos ou t\u00eanis<\/li><li>Chap\u00e9u ou bon\u00e9<\/li><li>\u00d3culos de sol<\/li><li>Protetor solar<\/li><li>Artigos de higiene pessoal<\/li><li>Garrafa de \u00c1gua<\/li><\/ul>\t\t\t\t\t\t\t\t<\/div>\n\t\t\t\t<\/div>\n\t\t\t\t\t<\/div>\n\t\t<\/div>\n\t\t\t\t\t<\/div>\n\t\t<\/section>\n\t\t\t\t<\/div>\n\t\t","protected":false},"excerpt":{"rendered":"<p><strong>C\u00d3DIGO: <\/strong>PVT-CA004<\/p>\n<ul>\n<li><strong>Partida: diariamente &#8211; das 07:00h \/13:00h<\/strong><\/li>\n<li><strong>Dura\u00e7\u00e3o: 4 horas<\/strong><\/li>\n<\/ul>\n","protected":false},"featured_media":426,"template":"","meta":{"site-sidebar-layout":"default","site-content-layout":"default","ast-site-content-layout":"default","site-content-style":"default","site-sidebar-style":"default","ast-global-header-display":"","ast-banner-title-visibility":"","ast-main-header-display":"","ast-hfb-above-header-display":"","ast-hfb-below-header-display":"","ast-hfb-mobile-header-display":"","site-post-title":"","ast-breadcrumbs-content":"","ast-featured-img":"","footer-sml-layout":"","ast-disable-related-posts":"","theme-transparent-header-meta":"default","adv-header-id-meta":"","stick-header-meta":"default","header-above-stick-meta":"","header-main-stick-meta":"","header-below-stick-meta":"","astra-migrate-meta-layouts":"set","ast-page-background-enabled":"default","ast-page-background-meta":{"desktop":{"background-color":"var(--ast-global-color-4)","background-image":"","background-repeat":"repeat","background-position":"center center","background-size":"auto","background-attachment":"scroll","background-type":"","background-media":"","overlay-type":"","overlay-color":"","overlay-opacity":"","overlay-gradient":""},"tablet":{"background-color":"","background-image":"","background-repeat":"repeat","background-position":"center center","background-size":"auto","background-attachment":"scroll","background-type":"","background-media":"","overlay-type":"","overlay-color":"","overlay-opacity":"","overlay-gradient":""},"mobile":{"background-color":"","background-image":"","background-repeat":"repeat","background-position":"center center","background-size":"auto","background-attachment":"scroll","background-type":"","background-media":"","overlay-type":"","overlay-color":"","overlay-opacity":"","overlay-gradient":""}},"ast-content-background-meta":{"desktop":{"background-color":"var(--ast-global-color-5)","background-image":"","background-repeat":"repeat","background-position":"center center","background-size":"auto","background-attachment":"scroll","background-type":"","background-media":"","overlay-type":"","overlay-color":"","overlay-opacity":"","overlay-gradient":""},"tablet":{"background-color":"var(--ast-global-color-5)","background-image":"","background-repeat":"repeat","background-position":"center center","background-size":"auto","background-attachment":"scroll","background-type":"","background-media":"","overlay-type":"","overlay-color":"","overlay-opacity":"","overlay-gradient":""},"mobile":{"background-color":"var(--ast-global-color-5)","background-image":"","background-repeat":"repeat","background-position":"center center","background-size":"auto","background-attachment":"scroll","background-type":"","background-media":"","overlay-type":"","overlay-color":"","overlay-opacity":"","overlay-gradient":""}},"_joinchat":[]},"product_brand":[],"product_cat":[60,61],"product_tag":[],"class_list":{"0":"post-1108","1":"product","2":"type-product","3":"status-publish","4":"has-post-thumbnail","6":"product_cat-cusco-machu-picchu-pt-pt","7":"product_cat-cusco-adventure-pt-pt","8":"desktop-align-center","9":"tablet-align-center","10":"mobile-align-center","11":"ast-product-gallery-layout-horizontal-slider","12":"ast-product-gallery-with-no-image","13":"ast-product-tabs-layout-horizontal","15":"first","16":"instock","17":"shipping-taxable","18":"purchasable","19":"product-type-simple"},"_links":{"self":[{"href":"https:\/\/www.pvtravels.com\/pt-pt\/wp-json\/wp\/v2\/product\/1108","targetHints":{"allow":["GET"]}}],"collection":[{"href":"https:\/\/www.pvtravels.com\/pt-pt\/wp-json\/wp\/v2\/product"}],"about":[{"href":"https:\/\/www.pvtravels.com\/pt-pt\/wp-json\/wp\/v2\/types\/product"}],"version-history":[{"count":12,"href":"https:\/\/www.pvtravels.com\/pt-pt\/wp-json\/wp\/v2\/product\/1108\/revisions"}],"predecessor-version":[{"id":6736,"href":"https:\/\/www.pvtravels.com\/pt-pt\/wp-json\/wp\/v2\/product\/1108\/revisions\/6736"}],"wp:featuredmedia":[{"embeddable":true,"href":"https:\/\/www.pvtravels.com\/pt-pt\/wp-json\/wp\/v2\/media\/426"}],"wp:attachment":[{"href":"https:\/\/www.pvtravels.com\/pt-pt\/wp-json\/wp\/v2\/media?parent=1108"}],"wp:term":[{"taxonomy":"product_brand","embeddable":true,"href":"https:\/\/www.pvtravels.com\/pt-pt\/wp-json\/wp\/v2\/product_brand?post=1108"},{"taxonomy":"product_cat","embeddable":true,"href":"https:\/\/www.pvtravels.com\/pt-pt\/wp-json\/wp\/v2\/product_cat?post=1108"},{"taxonomy":"product_tag","embeddable":true,"href":"https:\/\/www.pvtravels.com\/pt-pt\/wp-json\/wp\/v2\/product_tag?post=1108"}],"curies":[{"name":"wp","href":"https:\/\/api.w.org\/{rel}","templated":true}]}}