{"id":1084,"date":"2021-12-11T18:18:58","date_gmt":"2021-12-11T23:18:58","guid":{"rendered":"https:\/\/www.pvtravels.com\/tour\/sem%20categoria\/passeio-a-cavalo\/"},"modified":"2026-03-05T12:41:36","modified_gmt":"2026-03-05T17:41:36","slug":"passeio-a-cavalo","status":"publish","type":"product","link":"https:\/\/www.pvtravels.com\/pt-pt\/tour\/cusco-machu-picchu-pt-pt\/cusco-adventure-pt-pt\/passeio-a-cavalo\/","title":{"rendered":"Passeio a Cavalo"},"content":{"rendered":"\t\t<div data-elementor-type=\"product-post\" data-elementor-id=\"1084\" class=\"elementor elementor-1084 elementor-223\" data-elementor-post-type=\"product\">\n\t\t\t\t\t\t<section class=\"elementor-section elementor-top-section elementor-element elementor-element-78c985d6 elementor-section-boxed elementor-section-height-default elementor-section-height-default\" data-id=\"78c985d6\" data-element_type=\"section\" data-e-type=\"section\">\n\t\t\t\t\t\t<div class=\"elementor-container elementor-column-gap-default\">\n\t\t\t\t\t<div class=\"elementor-column elementor-col-100 elementor-top-column elementor-element elementor-element-8315301\" data-id=\"8315301\" data-element_type=\"column\" data-e-type=\"column\">\n\t\t\t<div class=\"elementor-widget-wrap elementor-element-populated\">\n\t\t\t\t\t\t<div class=\"elementor-element elementor-element-257b6f1 elementor-widget elementor-widget-text-editor\" data-id=\"257b6f1\" data-element_type=\"widget\" data-e-type=\"widget\" data-widget_type=\"text-editor.default\">\n\t\t\t\t<div class=\"elementor-widget-container\">\n\t\t\t\t\t\t\t\t\t<h3 style=\"text-align: justify;\"><span style=\"color: #008000;\"><strong>Itiner\u00e1rio:<\/strong><\/span><\/h3><p>9h00 \u2013 Embarque na Plaza Regocijo: Nossa equipe ir\u00e1 busc\u00e1-lo na Plaza Regocijo, onde iniciaremos a experi\u00eancia. Chegaremos ao rancho, onde voc\u00ea receber\u00e1 um cavalo cuidadosamente selecionado de acordo com seu n\u00edvel de experi\u00eancia. Antes de partirmos, voc\u00ea receber\u00e1 instru\u00e7\u00f5es sobre medidas de seguran\u00e7a, bem como orienta\u00e7\u00f5es b\u00e1sicas de equita\u00e7\u00e3o para garantir um passeio seguro.<\/p><p>Iniciaremos o passeio em dire\u00e7\u00e3o ao majestoso Templo da Lua e \u00e0 ic\u00f4nica forma\u00e7\u00e3o rochosa conhecida como Face Inca. Ao longo do caminho, voc\u00ea poder\u00e1 apreciar vistas panor\u00e2micas de Cusco e suas paisagens andinas enquanto o guia compartilha hist\u00f3ria, espiritualidade e lendas.<\/p><p>Ap\u00f3s o passeio e a visita aos pontos tur\u00edsticos, retornaremos ao rancho. De l\u00e1, o levaremos de volta ao centro de Cusco, concluindo nossa experi\u00eancia na Plaza Regocijo por volta das 11h30.<\/p><h3 style=\"text-align: justify;\"><span style=\"color: #008000;\"><strong>O que est\u00e1 inclu\u00eddo:<\/strong><\/span><\/h3><ul style=\"text-align: justify;\"><li>Traslado alojamento em Cusco<\/li><li>Cavalos<\/li><li>Equipamento de seguran\u00e7a<\/li><li>Transporte<\/li><li>Guia em ingl\u00eas ou espanhol<\/li><li>Treinador de cavalos<\/li><\/ul><h3 style=\"text-align: justify;\"><span style=\"color: #008000;\"><strong>N\u00e3o incluso:<\/strong><\/span><\/h3><ul><li style=\"text-align: justify;\">Refei\u00e7\u00f5es n\u00e3o especificadas no itiner\u00e1rio<\/li><li style=\"text-align: justify;\">Alojamento em Cusco<\/li><\/ul><h3><span style=\"color: #008000;\"><strong>Lista recomendada:<\/strong><\/span><\/h3><ul><li style=\"text-align: justify;\">Lanches<\/li><li style=\"text-align: justify;\">Sapatos ou t\u00eanis<\/li><li style=\"text-align: justify;\">Chap\u00e9u ou bon\u00e9<\/li><li style=\"text-align: justify;\">\u00d3culos de sol<\/li><li style=\"text-align: justify;\">Protetor solar<\/li><li style=\"text-align: justify;\">Artigos de higiene pessoal<\/li><li style=\"text-align: justify;\">Garrafa de \u00c1gua<\/li><\/ul>\t\t\t\t\t\t\t\t<\/div>\n\t\t\t\t<\/div>\n\t\t\t\t\t<\/div>\n\t\t<\/div>\n\t\t\t\t\t<\/div>\n\t\t<\/section>\n\t\t\t\t<\/div>\n\t\t","protected":false},"excerpt":{"rendered":"<p><strong>C\u00d3DIGO: <\/strong>PVT-CA001<\/p>\n<ul>\n<li><strong>Partida: diariamente: 9h\u00a0<\/strong><\/li>\n<li><strong>Dura\u00e7\u00e3o: 2 horas<\/strong><\/li>\n<\/ul>\n","protected":false},"featured_media":314,"template":"","meta":{"site-sidebar-layout":"default","site-content-layout":"default","ast-site-content-layout":"default","site-content-style":"default","site-sidebar-style":"default","ast-global-header-display":"","ast-banner-title-visibility":"","ast-main-header-display":"","ast-hfb-above-header-display":"","ast-hfb-below-header-display":"","ast-hfb-mobile-header-display":"","site-post-title":"","ast-breadcrumbs-content":"","ast-featured-img":"","footer-sml-layout":"","ast-disable-related-posts":"","theme-transparent-header-meta":"default","adv-header-id-meta":"","stick-header-meta":"default","header-above-stick-meta":"","header-main-stick-meta":"","header-below-stick-meta":"","astra-migrate-meta-layouts":"set","ast-page-background-enabled":"default","ast-page-background-meta":{"desktop":{"background-color":"var(--ast-global-color-4)","background-image":"","background-repeat":"repeat","background-position":"center center","background-size":"auto","background-attachment":"scroll","background-type":"","background-media":"","overlay-type":"","overlay-color":"","overlay-opacity":"","overlay-gradient":""},"tablet":{"background-color":"","background-image":"","background-repeat":"repeat","background-position":"center center","background-size":"auto","background-attachment":"scroll","background-type":"","background-media":"","overlay-type":"","overlay-color":"","overlay-opacity":"","overlay-gradient":""},"mobile":{"background-color":"","background-image":"","background-repeat":"repeat","background-position":"center center","background-size":"auto","background-attachment":"scroll","background-type":"","background-media":"","overlay-type":"","overlay-color":"","overlay-opacity":"","overlay-gradient":""}},"ast-content-background-meta":{"desktop":{"background-color":"var(--ast-global-color-5)","background-image":"","background-repeat":"repeat","background-position":"center center","background-size":"auto","background-attachment":"scroll","background-type":"","background-media":"","overlay-type":"","overlay-color":"","overlay-opacity":"","overlay-gradient":""},"tablet":{"background-color":"var(--ast-global-color-5)","background-image":"","background-repeat":"repeat","background-position":"center center","background-size":"auto","background-attachment":"scroll","background-type":"","background-media":"","overlay-type":"","overlay-color":"","overlay-opacity":"","overlay-gradient":""},"mobile":{"background-color":"var(--ast-global-color-5)","background-image":"","background-repeat":"repeat","background-position":"center center","background-size":"auto","background-attachment":"scroll","background-type":"","background-media":"","overlay-type":"","overlay-color":"","overlay-opacity":"","overlay-gradient":""}},"_joinchat":[]},"product_brand":[],"product_cat":[60,61],"product_tag":[],"class_list":{"0":"post-1084","1":"product","2":"type-product","3":"status-publish","4":"has-post-thumbnail","6":"product_cat-cusco-machu-picchu-pt-pt","7":"product_cat-cusco-adventure-pt-pt","8":"desktop-align-center","9":"tablet-align-center","10":"mobile-align-center","11":"ast-product-gallery-layout-horizontal-slider","12":"ast-product-gallery-with-no-image","13":"ast-product-tabs-layout-horizontal","15":"first","16":"instock","17":"shipping-taxable","18":"purchasable","19":"product-type-simple"},"_links":{"self":[{"href":"https:\/\/www.pvtravels.com\/pt-pt\/wp-json\/wp\/v2\/product\/1084","targetHints":{"allow":["GET"]}}],"collection":[{"href":"https:\/\/www.pvtravels.com\/pt-pt\/wp-json\/wp\/v2\/product"}],"about":[{"href":"https:\/\/www.pvtravels.com\/pt-pt\/wp-json\/wp\/v2\/types\/product"}],"version-history":[{"count":13,"href":"https:\/\/www.pvtravels.com\/pt-pt\/wp-json\/wp\/v2\/product\/1084\/revisions"}],"predecessor-version":[{"id":6740,"href":"https:\/\/www.pvtravels.com\/pt-pt\/wp-json\/wp\/v2\/product\/1084\/revisions\/6740"}],"wp:featuredmedia":[{"embeddable":true,"href":"https:\/\/www.pvtravels.com\/pt-pt\/wp-json\/wp\/v2\/media\/314"}],"wp:attachment":[{"href":"https:\/\/www.pvtravels.com\/pt-pt\/wp-json\/wp\/v2\/media?parent=1084"}],"wp:term":[{"taxonomy":"product_brand","embeddable":true,"href":"https:\/\/www.pvtravels.com\/pt-pt\/wp-json\/wp\/v2\/product_brand?post=1084"},{"taxonomy":"product_cat","embeddable":true,"href":"https:\/\/www.pvtravels.com\/pt-pt\/wp-json\/wp\/v2\/product_cat?post=1084"},{"taxonomy":"product_tag","embeddable":true,"href":"https:\/\/www.pvtravels.com\/pt-pt\/wp-json\/wp\/v2\/product_tag?post=1084"}],"curies":[{"name":"wp","href":"https:\/\/api.w.org\/{rel}","templated":true}]}}