{"id":2472,"date":"2021-12-22T15:05:04","date_gmt":"2021-12-22T20:05:04","guid":{"rendered":"https:\/\/www.pvtravels.com\/politica-de-privacidade\/"},"modified":"2023-05-12T15:50:24","modified_gmt":"2023-05-12T20:50:24","slug":"politica-de-privacidade","status":"publish","type":"page","link":"https:\/\/www.pvtravels.com\/pt-pt\/politica-de-privacidade\/","title":{"rendered":"Pol\u00edtica de Privacidade"},"content":{"rendered":"\t\t<div data-elementor-type=\"wp-page\" data-elementor-id=\"2472\" class=\"elementor elementor-2472 elementor-274\" data-elementor-post-type=\"page\">\n\t\t\t\t\t\t<section class=\"elementor-section elementor-top-section elementor-element elementor-element-d186d6a elementor-section-boxed elementor-section-height-default elementor-section-height-default\" data-id=\"d186d6a\" data-element_type=\"section\" data-e-type=\"section\" data-settings=\"{&quot;background_background&quot;:&quot;classic&quot;}\">\n\t\t\t\t\t\t\t<div class=\"elementor-background-overlay\"><\/div>\n\t\t\t\t\t\t\t<div class=\"elementor-container elementor-column-gap-default\">\n\t\t\t\t\t<div class=\"elementor-column elementor-col-100 elementor-top-column elementor-element elementor-element-1dbeb25\" data-id=\"1dbeb25\" data-element_type=\"column\" data-e-type=\"column\">\n\t\t\t<div class=\"elementor-widget-wrap elementor-element-populated\">\n\t\t\t\t\t\t<div class=\"elementor-element elementor-element-ef2a524 elementor-widget elementor-widget-heading\" data-id=\"ef2a524\" data-element_type=\"widget\" data-e-type=\"widget\" data-widget_type=\"heading.default\">\n\t\t\t\t<div class=\"elementor-widget-container\">\n\t\t\t\t\t<h1 class=\"elementor-heading-title elementor-size-default\">Pol\u00edtica de Privacidade<\/h1>\t\t\t\t<\/div>\n\t\t\t\t<\/div>\n\t\t\t\t\t<\/div>\n\t\t<\/div>\n\t\t\t\t\t<\/div>\n\t\t<\/section>\n\t\t\t\t<section class=\"elementor-section elementor-top-section elementor-element elementor-element-4e9a65a8 elementor-section-boxed elementor-section-height-default elementor-section-height-default\" data-id=\"4e9a65a8\" data-element_type=\"section\" data-e-type=\"section\">\n\t\t\t\t\t\t<div class=\"elementor-container elementor-column-gap-default\">\n\t\t\t\t\t<div class=\"elementor-column elementor-col-100 elementor-top-column elementor-element elementor-element-2d45678b\" data-id=\"2d45678b\" data-element_type=\"column\" data-e-type=\"column\">\n\t\t\t<div class=\"elementor-widget-wrap elementor-element-populated\">\n\t\t\t\t\t\t<div class=\"elementor-element elementor-element-7bbf38cd elementor-widget elementor-widget-text-editor\" data-id=\"7bbf38cd\" data-element_type=\"widget\" data-e-type=\"widget\" data-widget_type=\"text-editor.default\">\n\t\t\t\t<div class=\"elementor-widget-container\">\n\t\t\t\t\t\t\t\t\t<h3><strong>Pol\u00edtica de Reservas<\/strong><\/h3><ul><li>Os pre\u00e7os est\u00e3o em d\u00f3lares americanos.<br \/>Para confirmar uma reserva, um dep\u00f3sito n\u00e3o reembols\u00e1vel e intransfer\u00edvel de $ 300 deve ser pago em at\u00e9 10 dias ap\u00f3s a reserva. Se o passeio custar menos de $ 400, o valor total deve ser pago para confirmar a reserva.<br \/>Se a reserva for feita 10 dias ou menos antes do in\u00edcio do programa, ela deve ser paga integralmente<br \/>As reservas n\u00e3o s\u00e3o confirmadas at\u00e9 que o dep\u00f3sito seja pago. O espa\u00e7o pode ser alocado para a pr\u00f3xima inscri\u00e7\u00e3o na lista de espera.<br \/>Se a reserva for feita com menos de 10 dias antes do in\u00edcio dos servi\u00e7os, ela dever\u00e1 ser paga integralmente.<br \/>A PV Travel n\u00e3o se responsabiliza por itens perdidos ou roubados em nenhum de nossos passeios, programas ou acomoda\u00e7\u00f5es.<br \/>Os pre\u00e7os n\u00e3o incluem IGV 18% (aplic\u00e1vel apenas para peruanos ou residentes no Peru).<br \/>Se os participantes decidirem sair antes do final do servi\u00e7o, n\u00e3o haver\u00e1 reembolso.<br \/>Os assentos nos transportes n\u00e3o s\u00e3o reservados, ser\u00e3o ocupados de acordo com a ordem de chegada.<\/li><\/ul><h3><strong>Pol\u00edtica de cancelamento e reembolso<\/strong><\/h3><ul><li>Todos os cancelamentos 30 dias ou menos antes do in\u00edcio de nossos servi\u00e7os ser\u00e3o cobrados 100% e, portanto, n\u00e3o s\u00e3o reembols\u00e1veis e intransfer\u00edveis.<\/li><li>Cancelamentos por motivos m\u00e9dicos podem ser reembolsados em at\u00e9 50% ap\u00f3s o recebimento, por correio ou e-mail, de uma verifica\u00e7\u00e3o assinada pelo m\u00e9dico do cliente.<\/li><li>Servi\u00e7os de viagem cancelados\u00a0 31 dias antes do in\u00edcio do programa s\u00e3o reembols\u00e1veis at\u00e9 50% menos taxas de pagamento (PayPal 6%, transfer\u00eancia banc\u00e1ria internacional $ 50,00) e\/ou cr\u00e9ditos aplicados.<\/li><li>Dep\u00f3sitos n\u00e3o s\u00e3o reembols\u00e1veis e intransfer\u00edveis em todos os momentos.<\/li><li><strong>As reservas para Machupicchu N\u00c3O s\u00e3o reembols\u00e1veis a qualquer momento.<\/strong><\/li><\/ul>\t\t\t\t\t\t\t\t<\/div>\n\t\t\t\t<\/div>\n\t\t\t\t\t<\/div>\n\t\t<\/div>\n\t\t\t\t\t<\/div>\n\t\t<\/section>\n\t\t\t\t<\/div>\n\t\t","protected":false},"excerpt":{"rendered":"<p>Pol\u00edtica de Reservas Os pre\u00e7os est\u00e3o em d\u00f3lares americanos.Para confirmar uma reserva, um dep\u00f3sito n\u00e3o reembols\u00e1vel e intransfer\u00edvel de $ 300 deve ser pago em at\u00e9 10 dias ap\u00f3s a reserva. Se o passeio custar menos de $ 400, o valor total deve ser pago para confirmar a reserva.Se a reserva for feita 10 dias [&hellip;]<\/p>\n","protected":false},"author":1,"featured_media":0,"parent":0,"menu_order":0,"comment_status":"closed","ping_status":"closed","template":"elementor_header_footer","meta":{"site-sidebar-layout":"default","site-content-layout":"","ast-site-content-layout":"default","site-content-style":"default","site-sidebar-style":"default","ast-global-header-display":"","ast-banner-title-visibility":"","ast-main-header-display":"","ast-hfb-above-header-display":"","ast-hfb-below-header-display":"","ast-hfb-mobile-header-display":"","site-post-title":"","ast-breadcrumbs-content":"","ast-featured-img":"","footer-sml-layout":"","ast-disable-related-posts":"","theme-transparent-header-meta":"","adv-header-id-meta":"","stick-header-meta":"","header-above-stick-meta":"","header-main-stick-meta":"","header-below-stick-meta":"","astra-migrate-meta-layouts":"default","ast-page-background-enabled":"default","ast-page-background-meta":{"desktop":{"background-color":"var(--ast-global-color-4)","background-image":"","background-repeat":"repeat","background-position":"center center","background-size":"auto","background-attachment":"scroll","background-type":"","background-media":"","overlay-type":"","overlay-color":"","overlay-opacity":"","overlay-gradient":""},"tablet":{"background-color":"","background-image":"","background-repeat":"repeat","background-position":"center center","background-size":"auto","background-attachment":"scroll","background-type":"","background-media":"","overlay-type":"","overlay-color":"","overlay-opacity":"","overlay-gradient":""},"mobile":{"background-color":"","background-image":"","background-repeat":"repeat","background-position":"center center","background-size":"auto","background-attachment":"scroll","background-type":"","background-media":"","overlay-type":"","overlay-color":"","overlay-opacity":"","overlay-gradient":""}},"ast-content-background-meta":{"desktop":{"background-color":"var(--ast-global-color-5)","background-image":"","background-repeat":"repeat","background-position":"center center","background-size":"auto","background-attachment":"scroll","background-type":"","background-media":"","overlay-type":"","overlay-color":"","overlay-opacity":"","overlay-gradient":""},"tablet":{"background-color":"var(--ast-global-color-5)","background-image":"","background-repeat":"repeat","background-position":"center center","background-size":"auto","background-attachment":"scroll","background-type":"","background-media":"","overlay-type":"","overlay-color":"","overlay-opacity":"","overlay-gradient":""},"mobile":{"background-color":"var(--ast-global-color-5)","background-image":"","background-repeat":"repeat","background-position":"center center","background-size":"auto","background-attachment":"scroll","background-type":"","background-media":"","overlay-type":"","overlay-color":"","overlay-opacity":"","overlay-gradient":""}},"_joinchat":[],"footnotes":""},"class_list":["post-2472","page","type-page","status-publish","hentry"],"_links":{"self":[{"href":"https:\/\/www.pvtravels.com\/pt-pt\/wp-json\/wp\/v2\/pages\/2472","targetHints":{"allow":["GET"]}}],"collection":[{"href":"https:\/\/www.pvtravels.com\/pt-pt\/wp-json\/wp\/v2\/pages"}],"about":[{"href":"https:\/\/www.pvtravels.com\/pt-pt\/wp-json\/wp\/v2\/types\/page"}],"author":[{"embeddable":true,"href":"https:\/\/www.pvtravels.com\/pt-pt\/wp-json\/wp\/v2\/users\/1"}],"replies":[{"embeddable":true,"href":"https:\/\/www.pvtravels.com\/pt-pt\/wp-json\/wp\/v2\/comments?post=2472"}],"version-history":[{"count":13,"href":"https:\/\/www.pvtravels.com\/pt-pt\/wp-json\/wp\/v2\/pages\/2472\/revisions"}],"predecessor-version":[{"id":5235,"href":"https:\/\/www.pvtravels.com\/pt-pt\/wp-json\/wp\/v2\/pages\/2472\/revisions\/5235"}],"wp:attachment":[{"href":"https:\/\/www.pvtravels.com\/pt-pt\/wp-json\/wp\/v2\/media?parent=2472"}],"curies":[{"name":"wp","href":"https:\/\/api.w.org\/{rel}","templated":true}]}}