{"id":2466,"date":"2021-12-22T15:02:32","date_gmt":"2021-12-22T20:02:32","guid":{"rendered":"https:\/\/www.pvtravels.com\/terms-and-conditions\/"},"modified":"2025-11-28T15:14:24","modified_gmt":"2025-11-28T20:14:24","slug":"terms-and-conditions","status":"publish","type":"page","link":"https:\/\/www.pvtravels.com\/pt-pt\/terms-and-conditions\/","title":{"rendered":"Terms and Conditions"},"content":{"rendered":"\t\t<div data-elementor-type=\"wp-page\" data-elementor-id=\"2466\" class=\"elementor elementor-2466 elementor-255\" data-elementor-post-type=\"page\">\n\t\t\t\t\t\t<section class=\"elementor-section elementor-top-section elementor-element elementor-element-d186d6a elementor-section-boxed elementor-section-height-default elementor-section-height-default\" data-id=\"d186d6a\" data-element_type=\"section\" data-e-type=\"section\" data-settings=\"{&quot;background_background&quot;:&quot;classic&quot;}\">\n\t\t\t\t\t\t\t<div class=\"elementor-background-overlay\"><\/div>\n\t\t\t\t\t\t\t<div class=\"elementor-container elementor-column-gap-default\">\n\t\t\t\t\t<div class=\"elementor-column elementor-col-100 elementor-top-column elementor-element elementor-element-1dbeb25\" data-id=\"1dbeb25\" data-element_type=\"column\" data-e-type=\"column\">\n\t\t\t<div class=\"elementor-widget-wrap elementor-element-populated\">\n\t\t\t\t\t\t<div class=\"elementor-element elementor-element-ef2a524 elementor-widget elementor-widget-heading\" data-id=\"ef2a524\" data-element_type=\"widget\" data-e-type=\"widget\" data-widget_type=\"heading.default\">\n\t\t\t\t<div class=\"elementor-widget-container\">\n\t\t\t\t\t<h1 class=\"elementor-heading-title elementor-size-default\">Terms and Conditions<\/h1>\t\t\t\t<\/div>\n\t\t\t\t<\/div>\n\t\t\t\t\t<\/div>\n\t\t<\/div>\n\t\t\t\t\t<\/div>\n\t\t<\/section>\n\t\t\t\t<section class=\"elementor-section elementor-top-section elementor-element elementor-element-4e9a65a8 elementor-section-boxed elementor-section-height-default elementor-section-height-default\" data-id=\"4e9a65a8\" data-element_type=\"section\" data-e-type=\"section\">\n\t\t\t\t\t\t<div class=\"elementor-container elementor-column-gap-default\">\n\t\t\t\t\t<div class=\"elementor-column elementor-col-100 elementor-top-column elementor-element elementor-element-2d45678b\" data-id=\"2d45678b\" data-element_type=\"column\" data-e-type=\"column\">\n\t\t\t<div class=\"elementor-widget-wrap elementor-element-populated\">\n\t\t\t\t\t\t<div class=\"elementor-element elementor-element-7bbf38cd elementor-widget elementor-widget-text-editor\" data-id=\"7bbf38cd\" data-element_type=\"widget\" data-e-type=\"widget\" data-widget_type=\"text-editor.default\">\n\t\t\t\t<div class=\"elementor-widget-container\">\n\t\t\t\t\t\t\t\t\t<h3><strong>Pol\u00edtica de Reserva<\/strong><\/h3><ul><li>Os pre\u00e7os est\u00e3o em d\u00f3lares americanos.<\/li><li>Todos os pre\u00e7os s\u00e3o por pessoa.<\/li><li>Para confirmar uma reserva, o valor total deve ser pago.<\/li><li>A PV Travel n\u00e3o se responsabiliza por itens perdidos ou roubados em nenhum de nossos passeios, programas ou acomoda\u00e7\u00f5es.<\/li><li>Os pre\u00e7os n\u00e3o incluem IGV 18% (aplic\u00e1vel apenas a peruanos ou residentes no Peru).<\/li><li>Cancelamentos devido a mudan\u00e7as clim\u00e1ticas, tempestades, deslizamentos de terra ou for\u00e7a maior N\u00c3O ser\u00e3o reembolsados.<\/li><li>Se o viajante decidir sair antes do t\u00e9rmino do servi\u00e7o, N\u00c3O haver\u00e1 reembolso.<\/li><li>Se o viajante n\u00e3o comparecer no dia do servi\u00e7o, ele ser\u00e1 considerado &#8220;conclu\u00eddo&#8221;, sem direito a reclama\u00e7\u00f5es ou reembolsos.<\/li><li>Caso seja desejada a emiss\u00e3o de fatura, ser\u00e1 cobrada uma taxa de 18% sobre o valor total a ser pago pelo usu\u00e1rio.<\/li><li>Os assentos no transporte n\u00e3o s\u00e3o atribu\u00eddos; o transporte \u00e9 organizado por ordem de chegada.<\/li><li>Todos os servi\u00e7os s\u00e3o compartilhados com outros viajantes em grupos, salvo especifica\u00e7\u00e3o em contr\u00e1rio.<\/li><li>Crian\u00e7as menores de 3 anos n\u00e3o pagam, desde que compartilhem assento e cama com seus respons\u00e1veis.<\/li><li>M\u00e1ximo de uma crian\u00e7a n\u00e3o pagante por quarto.<\/li><\/ul><h3><strong>Pol\u00edtica de cancelamento e reembolso<\/strong><\/h3><ul><li>Todos os cancelamentos com 30 dias ou menos de anteced\u00eancia do in\u00edcio dos nossos servi\u00e7os ser\u00e3o cobrados em 100% e, portanto, n\u00e3o s\u00e3o reembols\u00e1veis nem transfer\u00edveis.<\/li><li>Servi\u00e7os de viagem cancelados com 31 dias de anteced\u00eancia do in\u00edcio do programa s\u00e3o reembols\u00e1veis em at\u00e9 50%, menos taxas de pagamento (PayPal 6%, transfer\u00eancia banc\u00e1ria internacional $50,00) e\/ou cr\u00e9ditos aplicados.<\/li><li><strong>Reservas para Machu Picchu N\u00c3O s\u00e3o reembols\u00e1veis em nenhum momento.<\/strong><\/li><\/ul>\t\t\t\t\t\t\t\t<\/div>\n\t\t\t\t<\/div>\n\t\t\t\t\t<\/div>\n\t\t<\/div>\n\t\t\t\t\t<\/div>\n\t\t<\/section>\n\t\t\t\t<\/div>\n\t\t","protected":false},"excerpt":{"rendered":"<p>Pol\u00edtica de Reserva Os pre\u00e7os est\u00e3o em d\u00f3lares americanos. Todos os pre\u00e7os s\u00e3o por pessoa. Para confirmar uma reserva, o valor total deve ser pago. A PV Travel n\u00e3o se responsabiliza por itens perdidos ou roubados em nenhum de nossos passeios, programas ou acomoda\u00e7\u00f5es. Os pre\u00e7os n\u00e3o incluem IGV 18% (aplic\u00e1vel apenas a peruanos ou [&hellip;]<\/p>\n","protected":false},"author":1,"featured_media":0,"parent":0,"menu_order":0,"comment_status":"closed","ping_status":"closed","template":"elementor_header_footer","meta":{"site-sidebar-layout":"default","site-content-layout":"","ast-site-content-layout":"default","site-content-style":"default","site-sidebar-style":"default","ast-global-header-display":"","ast-banner-title-visibility":"","ast-main-header-display":"","ast-hfb-above-header-display":"","ast-hfb-below-header-display":"","ast-hfb-mobile-header-display":"","site-post-title":"disabled","ast-breadcrumbs-content":"","ast-featured-img":"","footer-sml-layout":"","ast-disable-related-posts":"","theme-transparent-header-meta":"","adv-header-id-meta":"","stick-header-meta":"","header-above-stick-meta":"","header-main-stick-meta":"","header-below-stick-meta":"","astra-migrate-meta-layouts":"default","ast-page-background-enabled":"default","ast-page-background-meta":{"desktop":{"background-color":"var(--ast-global-color-4)","background-image":"","background-repeat":"repeat","background-position":"center center","background-size":"auto","background-attachment":"scroll","background-type":"","background-media":"","overlay-type":"","overlay-color":"","overlay-opacity":"","overlay-gradient":""},"tablet":{"background-color":"","background-image":"","background-repeat":"repeat","background-position":"center center","background-size":"auto","background-attachment":"scroll","background-type":"","background-media":"","overlay-type":"","overlay-color":"","overlay-opacity":"","overlay-gradient":""},"mobile":{"background-color":"","background-image":"","background-repeat":"repeat","background-position":"center center","background-size":"auto","background-attachment":"scroll","background-type":"","background-media":"","overlay-type":"","overlay-color":"","overlay-opacity":"","overlay-gradient":""}},"ast-content-background-meta":{"desktop":{"background-color":"var(--ast-global-color-5)","background-image":"","background-repeat":"repeat","background-position":"center center","background-size":"auto","background-attachment":"scroll","background-type":"","background-media":"","overlay-type":"","overlay-color":"","overlay-opacity":"","overlay-gradient":""},"tablet":{"background-color":"var(--ast-global-color-5)","background-image":"","background-repeat":"repeat","background-position":"center center","background-size":"auto","background-attachment":"scroll","background-type":"","background-media":"","overlay-type":"","overlay-color":"","overlay-opacity":"","overlay-gradient":""},"mobile":{"background-color":"var(--ast-global-color-5)","background-image":"","background-repeat":"repeat","background-position":"center center","background-size":"auto","background-attachment":"scroll","background-type":"","background-media":"","overlay-type":"","overlay-color":"","overlay-opacity":"","overlay-gradient":""}},"_joinchat":[],"footnotes":""},"class_list":["post-2466","page","type-page","status-publish","hentry"],"_links":{"self":[{"href":"https:\/\/www.pvtravels.com\/pt-pt\/wp-json\/wp\/v2\/pages\/2466","targetHints":{"allow":["GET"]}}],"collection":[{"href":"https:\/\/www.pvtravels.com\/pt-pt\/wp-json\/wp\/v2\/pages"}],"about":[{"href":"https:\/\/www.pvtravels.com\/pt-pt\/wp-json\/wp\/v2\/types\/page"}],"author":[{"embeddable":true,"href":"https:\/\/www.pvtravels.com\/pt-pt\/wp-json\/wp\/v2\/users\/1"}],"replies":[{"embeddable":true,"href":"https:\/\/www.pvtravels.com\/pt-pt\/wp-json\/wp\/v2\/comments?post=2466"}],"version-history":[{"count":19,"href":"https:\/\/www.pvtravels.com\/pt-pt\/wp-json\/wp\/v2\/pages\/2466\/revisions"}],"predecessor-version":[{"id":6049,"href":"https:\/\/www.pvtravels.com\/pt-pt\/wp-json\/wp\/v2\/pages\/2466\/revisions\/6049"}],"wp:attachment":[{"href":"https:\/\/www.pvtravels.com\/pt-pt\/wp-json\/wp\/v2\/media?parent=2466"}],"curies":[{"name":"wp","href":"https:\/\/api.w.org\/{rel}","templated":true}]}}