{"id":782,"date":"2021-12-16T18:43:27","date_gmt":"2021-12-16T23:43:27","guid":{"rendered":"https:\/\/www.pvtravels.com\/tour\/sin%20categor\u00eda\/caminata-salkantay-a-machu-picchu-5d-4n\/"},"modified":"2026-03-10T14:22:00","modified_gmt":"2026-03-10T19:22:00","slug":"caminata-salkantay-a-machu-picchu-5d-4n","status":"publish","type":"product","link":"https:\/\/www.pvtravels.com\/es\/tour\/cusco-machu-picchu-es\/cusco-caminatas\/caminata-salkantay-a-machu-picchu-5d-4n\/","title":{"rendered":"Caminata Salkantay a Machu Picchu 5D\/4N"},"content":{"rendered":"\t\t<div data-elementor-type=\"product-post\" data-elementor-id=\"782\" class=\"elementor elementor-782 elementor-769\" data-elementor-post-type=\"product\">\n\t\t\t\t\t\t<section class=\"elementor-section elementor-top-section elementor-element elementor-element-3f2863af elementor-section-boxed elementor-section-height-default elementor-section-height-default\" data-id=\"3f2863af\" data-element_type=\"section\" data-e-type=\"section\">\n\t\t\t\t\t\t<div class=\"elementor-container elementor-column-gap-default\">\n\t\t\t\t\t<div class=\"elementor-column elementor-col-100 elementor-top-column elementor-element elementor-element-5d997323\" data-id=\"5d997323\" data-element_type=\"column\" data-e-type=\"column\">\n\t\t\t<div class=\"elementor-widget-wrap elementor-element-populated\">\n\t\t\t\t\t\t<div class=\"elementor-element elementor-element-3ec2b132 elementor-widget elementor-widget-text-editor\" data-id=\"3ec2b132\" data-element_type=\"widget\" data-e-type=\"widget\" data-widget_type=\"text-editor.default\">\n\t\t\t\t<div class=\"elementor-widget-container\">\n\t\t\t\t\t\t\t\t\t<h3><strong>Itinerario:<\/strong><\/h3>\t\t\t\t\t\t\t\t<\/div>\n\t\t\t\t<\/div>\n\t\t\t\t<div class=\"elementor-element elementor-element-ef6fe02 elementor-widget elementor-widget-accordion\" data-id=\"ef6fe02\" data-element_type=\"widget\" data-e-type=\"widget\" data-widget_type=\"accordion.default\">\n\t\t\t\t<div class=\"elementor-widget-container\">\n\t\t\t\t\t\t\t<div class=\"elementor-accordion\">\n\t\t\t\t\t\t\t<div class=\"elementor-accordion-item\">\n\t\t\t\t\t<div id=\"elementor-tab-title-2511\" class=\"elementor-tab-title\" data-tab=\"1\" role=\"button\" aria-controls=\"elementor-tab-content-2511\" aria-expanded=\"false\">\n\t\t\t\t\t\t\t\t\t\t\t\t\t<span class=\"elementor-accordion-icon elementor-accordion-icon-left\" aria-hidden=\"true\">\n\t\t\t\t\t\t\t\t\t\t\t\t\t\t\t<span class=\"elementor-accordion-icon-closed\"><i class=\"fas fa-plus\"><\/i><\/span>\n\t\t\t\t\t\t\t\t<span class=\"elementor-accordion-icon-opened\"><i class=\"fas fa-minus\"><\/i><\/span>\n\t\t\t\t\t\t\t\t\t\t\t\t\t\t<\/span>\n\t\t\t\t\t\t\t\t\t\t\t\t<a class=\"elementor-accordion-title\" tabindex=\"0\">D\u00eda 01: Cusco - Mollepata - Sayapata \u2013 Laguna Humantay - Soraypampa <\/a>\n\t\t\t\t\t<\/div>\n\t\t\t\t\t<div id=\"elementor-tab-content-2511\" class=\"elementor-tab-content elementor-clearfix\" data-tab=\"1\" role=\"region\" aria-labelledby=\"elementor-tab-title-2511\"><p style=\"text-align: justify;\">Saldremos de Cusco aproximadamente a las 5:00 a.m. Un autob\u00fas nos llevar\u00e1 a la ciudad de Mollepata (2900 metros sobre el nivel del mar) donde llegaremos aproximadamente a las 7:30 de la ma\u00f1ana, nos detendremos para suministros de \u00faltima hora, estiramiento de piernas o para usar los ba\u00f1os en un restaurante local. Continuaremos nuestro viaje a Sayapata, nuestro punto de partida de la caminata. Nos reuniremos con nuestro personal de apoyo, que cargar\u00e1 el equipo en caballos y mulas.<\/p><p style=\"text-align: justify;\">Alrededor de las 9:00 a.m., comenzaremos nuestra caminata hacia Soraypampa (3850 metros sobre el nivel del mar). Durante la caminata tendremos vistas panor\u00e1micas del majestuoso Salkantay, otras monta\u00f1as cubiertas de nieve y el valle del r\u00edo Apurimac. Alrededor de la 1:00 p.m., tendremos un almuerzo peruano.<\/p><p style=\"text-align: justify;\">Despu\u00e9s del almuerzo, visitaremos el lago Humantay, un maravilloso lago en las monta\u00f1as, (caminata de 3 horas) y regresaremos a nuestro campamento donde las carpas estar\u00e1n listas para usted y su cena.<\/p><\/div>\n\t\t\t\t<\/div>\n\t\t\t\t\t\t\t<div class=\"elementor-accordion-item\">\n\t\t\t\t\t<div id=\"elementor-tab-title-2512\" class=\"elementor-tab-title\" data-tab=\"2\" role=\"button\" aria-controls=\"elementor-tab-content-2512\" aria-expanded=\"false\">\n\t\t\t\t\t\t\t\t\t\t\t\t\t<span class=\"elementor-accordion-icon elementor-accordion-icon-left\" aria-hidden=\"true\">\n\t\t\t\t\t\t\t\t\t\t\t\t\t\t\t<span class=\"elementor-accordion-icon-closed\"><i class=\"fas fa-plus\"><\/i><\/span>\n\t\t\t\t\t\t\t\t<span class=\"elementor-accordion-icon-opened\"><i class=\"fas fa-minus\"><\/i><\/span>\n\t\t\t\t\t\t\t\t\t\t\t\t\t\t<\/span>\n\t\t\t\t\t\t\t\t\t\t\t\t<a class=\"elementor-accordion-title\" tabindex=\"0\">D\u00eda 02: Soraypampa - Challway <\/a>\n\t\t\t\t\t<\/div>\n\t\t\t\t\t<div id=\"elementor-tab-content-2512\" class=\"elementor-tab-content elementor-clearfix\" data-tab=\"2\" role=\"region\" aria-labelledby=\"elementor-tab-title-2512\"><p style=\"text-align: justify;\">Hoy, la naturaleza cambiar\u00e1 dr\u00e1sticamente de paisajes secos a picos nevados y \u00e1reas tropicales. Despu\u00e9s de un desayuno nutritivo, comenzaremos la parte m\u00e1s dif\u00edcil de la caminata. Comenzaremos la caminata alrededor de las 7:00 de la ma\u00f1ana. Caminaremos a un lugar llamado Pampas Salkantay, luego iremos hacia el lado izquierdo de los picos nevados de Umantay ubicados al lado del Apu Salkantay. Al mediod\u00eda, estaremos en el punto m\u00e1s alto (4600 metros sobre el nivel del mar).<\/p><p style=\"text-align: justify;\">Apreciaremos vistas espectaculares de las monta\u00f1as y los imponentes picos nevados del Salkantay (6264 metros sobre el nivel del mar) que se conoce como el segundo punto m\u00e1s alto de la regi\u00f3n de Cusco. Alrededor de la 1:00 p.m., almorzaremos en el \u00e1rea llamada Huayracmachay.<\/p><p style=\"text-align: justify;\">Despu\u00e9s de una caminata de aproximadamente 3 horas, llegaremos a nuestro campamento en Challway (2920 metros sobre el nivel del mar).<\/p><p style=\"text-align: justify;\">Alrededor de las 7:00 p.m., nos recuperaremos de la caminata y cenaremos.<\/p><\/div>\n\t\t\t\t<\/div>\n\t\t\t\t\t\t\t<div class=\"elementor-accordion-item\">\n\t\t\t\t\t<div id=\"elementor-tab-title-2513\" class=\"elementor-tab-title\" data-tab=\"3\" role=\"button\" aria-controls=\"elementor-tab-content-2513\" aria-expanded=\"false\">\n\t\t\t\t\t\t\t\t\t\t\t\t\t<span class=\"elementor-accordion-icon elementor-accordion-icon-left\" aria-hidden=\"true\">\n\t\t\t\t\t\t\t\t\t\t\t\t\t\t\t<span class=\"elementor-accordion-icon-closed\"><i class=\"fas fa-plus\"><\/i><\/span>\n\t\t\t\t\t\t\t\t<span class=\"elementor-accordion-icon-opened\"><i class=\"fas fa-minus\"><\/i><\/span>\n\t\t\t\t\t\t\t\t\t\t\t\t\t\t<\/span>\n\t\t\t\t\t\t\t\t\t\t\t\t<a class=\"elementor-accordion-title\" tabindex=\"0\">D\u00eda 03: Challway - Playa Sahuayaco \u2013 Ba\u00f1os Termales Santa Teresa <\/a>\n\t\t\t\t\t<\/div>\n\t\t\t\t\t<div id=\"elementor-tab-content-2513\" class=\"elementor-tab-content elementor-clearfix\" data-tab=\"3\" role=\"region\" aria-labelledby=\"elementor-tab-title-2513\"><p style=\"text-align: justify;\">Alrededor de las 7:00 a.m., comenzaremos nuestra caminata. Caminaremos durante aproximadamente 6 horas hacia Playa Sahuayaco y durante este per\u00edodo; observaremos un pueblo llamado Collpabamba, tambi\u00e9n llamado \u201cCeja nublada del bosque\u201d, donde se pueden observar cascadas, \u00e1rboles frutales, flora variada y aves.<\/p><p style=\"text-align: justify;\">Si tenemos suerte, podremos observar el famoso p\u00e1jaro llamado \u00abGallo de las Rocas\u00bb. Aqu\u00ed almorzaremos. A las 2:00 p.m. un autob\u00fas local nos llevar\u00e1 a las aguas termales de Santa Teresa, donde podr\u00e1 disfrutar y relajarse en las piscinas de agua caliente.<\/p><p style=\"text-align: justify;\">Cenar\u00e1 y acampar\u00e1 all\u00ed.<\/p><\/div>\n\t\t\t\t<\/div>\n\t\t\t\t\t\t\t<div class=\"elementor-accordion-item\">\n\t\t\t\t\t<div id=\"elementor-tab-title-2514\" class=\"elementor-tab-title\" data-tab=\"4\" role=\"button\" aria-controls=\"elementor-tab-content-2514\" aria-expanded=\"false\">\n\t\t\t\t\t\t\t\t\t\t\t\t\t<span class=\"elementor-accordion-icon elementor-accordion-icon-left\" aria-hidden=\"true\">\n\t\t\t\t\t\t\t\t\t\t\t\t\t\t\t<span class=\"elementor-accordion-icon-closed\"><i class=\"fas fa-plus\"><\/i><\/span>\n\t\t\t\t\t\t\t\t<span class=\"elementor-accordion-icon-opened\"><i class=\"fas fa-minus\"><\/i><\/span>\n\t\t\t\t\t\t\t\t\t\t\t\t\t\t<\/span>\n\t\t\t\t\t\t\t\t\t\t\t\t<a class=\"elementor-accordion-title\" tabindex=\"0\">D\u00eda 04: Santa Teresa - Lucmabamba - Llactapata - Hidroel\u00e9ctrica - Aguas Calientes <\/a>\n\t\t\t\t\t<\/div>\n\t\t\t\t\t<div id=\"elementor-tab-content-2514\" class=\"elementor-tab-content elementor-clearfix\" data-tab=\"4\" role=\"region\" aria-labelledby=\"elementor-tab-title-2514\"><p style=\"text-align: justify;\">Despu\u00e9s de un desayuno temprano, tomaremos un transporte local a Lucmabamba (40 minutos de viaje) hasta nuestro punto de inicio. Una vez en la entrada de Llactapata, comenzar\u00e1 una caminata de ascenso hacia las ruinas de Llactapata. En el camino observar\u00e1 plantaciones de caf\u00e9, hermosos paisajes, as\u00ed como diversa flora y fauna. Despu\u00e9s de tres horas, llegar\u00e1 a Llactapata, donde tendr\u00e1 una vista incre\u00edble de Machu Picchu. Aqu\u00ed tendr\u00e1 tiempo para descansar y disfrutar del paisaje. Un sendero descendente lo llevar\u00e1 a la Hidroel\u00e9ctrica donde almorzar\u00e1.<\/p><p style=\"text-align: justify;\">Aprender\u00e1s sobre la peregrinaci\u00f3n inca y sus vestigios restantes en Llactapata. Descenderemos a lo largo del r\u00edo para llegar a la Estaci\u00f3n Hidroel\u00e9ctrica (1950m \/ 6398f), donde tomaremos el tren hasta el pueblo de Aguas Calientes (2050m \/ 6725f), ubicado en la base de Machu Picchu.<\/p><p style=\"text-align: justify;\">Disfrutar\u00e1 de una cena en un restaurante local alrededor de las 7:00 p.m.<\/p><\/div>\n\t\t\t\t<\/div>\n\t\t\t\t\t\t\t<div class=\"elementor-accordion-item\">\n\t\t\t\t\t<div id=\"elementor-tab-title-2515\" class=\"elementor-tab-title\" data-tab=\"5\" role=\"button\" aria-controls=\"elementor-tab-content-2515\" aria-expanded=\"false\">\n\t\t\t\t\t\t\t\t\t\t\t\t\t<span class=\"elementor-accordion-icon elementor-accordion-icon-left\" aria-hidden=\"true\">\n\t\t\t\t\t\t\t\t\t\t\t\t\t\t\t<span class=\"elementor-accordion-icon-closed\"><i class=\"fas fa-plus\"><\/i><\/span>\n\t\t\t\t\t\t\t\t<span class=\"elementor-accordion-icon-opened\"><i class=\"fas fa-minus\"><\/i><\/span>\n\t\t\t\t\t\t\t\t\t\t\t\t\t\t<\/span>\n\t\t\t\t\t\t\t\t\t\t\t\t<a class=\"elementor-accordion-title\" tabindex=\"0\">D\u00eda 05: Aguas Calientes - Machu Picchu - Cusco <\/a>\n\t\t\t\t\t<\/div>\n\t\t\t\t\t<div id=\"elementor-tab-content-2515\" class=\"elementor-tab-content elementor-clearfix\" data-tab=\"5\" role=\"region\" aria-labelledby=\"elementor-tab-title-2515\"><p style=\"text-align: justify;\">Hoy, comenzar\u00e1 temprano alrededor de las 4:30 a.m. y caminar hasta Machu Picchu.<br \/>En Machu Picchu, tendr\u00e1 una visita guiada durante aproximadamente dos horas y despu\u00e9s de eso, podr\u00e1 explorar la Ciudadela y tomar fotograf\u00edas, si lo desea, caminar.<\/p><p style=\"text-align: justify;\">A las 6:45 p.m. (seg\u00fan disponibilidad), tomar\u00e1 un tren a Ollantaytambo y desde all\u00ed; un bus lo llevar\u00e1 a Cusco.<\/p><\/div>\n\t\t\t\t<\/div>\n\t\t\t\t\t\t\t\t<\/div>\n\t\t\t\t\t\t<\/div>\n\t\t\t\t<\/div>\n\t\t\t\t<div class=\"elementor-element elementor-element-3dfce68 elementor-widget elementor-widget-text-editor\" data-id=\"3dfce68\" data-element_type=\"widget\" data-e-type=\"widget\" data-widget_type=\"text-editor.default\">\n\t\t\t\t<div class=\"elementor-widget-container\">\n\t\t\t\t\t\t\t\t\t<h3><span style=\"color: #008000;\"><strong>Qu\u00e9 est\u00e1 incluido:<\/strong><\/span><\/h3><ul><li>Reuni\u00f3n informativa previa a la salida en nuestra oficina la noche anterior a las 6 p.m.<\/li><li>Traslado desde la oficina del hotel hasta el pueblo de Mollepata (Marcoccasa)<\/li><li>Traslado de Chaullay a Lucmabamba (D\u00eda 3)<\/li><li>Tren de la Estaci\u00f3n Hidroel\u00e9ctrica a Aguas Calientes<\/li><li>Bus de Aguas Calientes a Machu Picchu<\/li><li>Tren de Aguas Calientes a Ollantaytambo, luego traslado a su hotel en Cusco<\/li><li>Pasaremos la noche en una habitaci\u00f3n privada en un hotel en Aguas Calientes.<\/li><li>Entrada al sitio de Machu Picchu<\/li><li>Gu\u00eda profesional biling\u00fce espa\u00f1ol-ingl\u00e9s.<\/li><li>Equipo de campamento de alta calidad (Carpas Profesionales Eureka! Timberline 4 o Doite Himalaya, para 2 personas con colchones).<\/li><li>Equipo de campamento, carpa comedor, cocina, con refugios y ba\u00f1os.<\/li><li>Comidas durante la caminata (desayuno, almuerzo, cena y meriendas). Notifique a la agencia en caso de alergias o dieta especial como vegetariana.<\/li><li>Cocinero y equipamiento de cocina.<\/li><li>Arrieros y mulas para transportar equipo de campamento y sus pertenencias personales (m\u00e1ximo 7 kg \/ 15 lb por persona)<\/li><li>Caballo de rescate (2 personas)<\/li><li>Botiqu\u00edn de primeros auxilios y botella de ox\u00edgeno.<\/li><\/ul><h3><span style=\"color: #008000;\"><strong>No Incluye:<\/strong><\/span><\/h3><ul><li>Desayuno del 1er d\u00eda y almuerzo del 4to d\u00eda en Aguas Calientes.<\/li><li>Bolsa de dormir (si no tiene una, puede alquilar una en nuestra agencia)<\/li><li>Bus por Machu Picchu a Aguas Calientes (costo $ 12.00USD). Tambi\u00e9n puede descender a pie, lo que dura aproximadamente 1 hora.<\/li><\/ul><h3><span style=\"color: #008000;\"><strong>Lista recomendada<\/strong><\/span><\/h3><ul><li>Snack (frutas secas, galletas, dulces, chocolates, etc.)<\/li><li>Zapatos para caminar o zapatillas de deporte<\/li><li>Equipo completo para lluvia o poncho (de noviembre a abril)<\/li><li>Pantalones de senderismo ligeros<\/li><li>Sombrero o gorra<\/li><li>Gafas de sol<\/li><li>Protector solar<\/li><li>Repelente de insectos<\/li><li>Art\u00edculos de tocador (champ\u00fa, jab\u00f3n, crema corporal)<\/li><li>C\u00e1maras fotogr\u00e1ficas \/ de video y cargadores<\/li><li>Botella de agua<\/li><li>Pasaporte original<\/li><li>Dinero extra en soles S\/400.00 por persona<\/li><\/ul>\t\t\t\t\t\t\t\t<\/div>\n\t\t\t\t<\/div>\n\t\t\t\t\t<\/div>\n\t\t<\/div>\n\t\t\t\t\t<\/div>\n\t\t<\/section>\n\t\t\t\t<\/div>\n\t\t","protected":false},"excerpt":{"rendered":"<p><strong>CODIGO: <\/strong>PVT-TR002<\/p>\n<ul>\n<li><strong> Salidas: diarias<\/strong><\/li>\n<li><strong> Duraci\u00f3n: 5 d\u00edas \/ 4 noches.<\/strong><\/li>\n<li><strong><span style=\"color: #ff0000;\">El ingreso a Machu Picchu depender\u00e1 de la disponibilidad al momento de la reserva, puede ser para el<\/span> Circuito 1, Circuito 2 o Circuito 3<\/strong><\/li>\n<\/ul>\n","protected":false},"featured_media":772,"template":"","meta":{"site-sidebar-layout":"default","site-content-layout":"default","ast-site-content-layout":"default","site-content-style":"default","site-sidebar-style":"default","ast-global-header-display":"","ast-banner-title-visibility":"","ast-main-header-display":"","ast-hfb-above-header-display":"","ast-hfb-below-header-display":"","ast-hfb-mobile-header-display":"","site-post-title":"","ast-breadcrumbs-content":"","ast-featured-img":"","footer-sml-layout":"","ast-disable-related-posts":"","theme-transparent-header-meta":"default","adv-header-id-meta":"","stick-header-meta":"default","header-above-stick-meta":"","header-main-stick-meta":"","header-below-stick-meta":"","astra-migrate-meta-layouts":"default","ast-page-background-enabled":"default","ast-page-background-meta":{"desktop":{"background-color":"var(--ast-global-color-4)","background-image":"","background-repeat":"repeat","background-position":"center center","background-size":"auto","background-attachment":"scroll","background-type":"","background-media":"","overlay-type":"","overlay-color":"","overlay-opacity":"","overlay-gradient":""},"tablet":{"background-color":"","background-image":"","background-repeat":"repeat","background-position":"center center","background-size":"auto","background-attachment":"scroll","background-type":"","background-media":"","overlay-type":"","overlay-color":"","overlay-opacity":"","overlay-gradient":""},"mobile":{"background-color":"","background-image":"","background-repeat":"repeat","background-position":"center center","background-size":"auto","background-attachment":"scroll","background-type":"","background-media":"","overlay-type":"","overlay-color":"","overlay-opacity":"","overlay-gradient":""}},"ast-content-background-meta":{"desktop":{"background-color":"var(--ast-global-color-5)","background-image":"","background-repeat":"repeat","background-position":"center center","background-size":"auto","background-attachment":"scroll","background-type":"","background-media":"","overlay-type":"","overlay-color":"","overlay-opacity":"","overlay-gradient":""},"tablet":{"background-color":"var(--ast-global-color-5)","background-image":"","background-repeat":"repeat","background-position":"center center","background-size":"auto","background-attachment":"scroll","background-type":"","background-media":"","overlay-type":"","overlay-color":"","overlay-opacity":"","overlay-gradient":""},"mobile":{"background-color":"var(--ast-global-color-5)","background-image":"","background-repeat":"repeat","background-position":"center center","background-size":"auto","background-attachment":"scroll","background-type":"","background-media":"","overlay-type":"","overlay-color":"","overlay-opacity":"","overlay-gradient":""}},"_joinchat":[]},"product_brand":[],"product_cat":[41,45],"product_tag":[],"class_list":{"0":"post-782","1":"product","2":"type-product","3":"status-publish","4":"has-post-thumbnail","6":"product_cat-cusco-machu-picchu-es","7":"product_cat-cusco-caminatas","8":"desktop-align-center","9":"tablet-align-center","10":"mobile-align-center","11":"ast-product-gallery-layout-horizontal-slider","12":"ast-product-gallery-with-no-image","13":"ast-product-single-variable","14":"ast-product-tabs-layout-horizontal","16":"first","17":"instock","18":"shipping-taxable","19":"purchasable","20":"product-type-variable"},"_links":{"self":[{"href":"https:\/\/www.pvtravels.com\/es\/wp-json\/wp\/v2\/product\/782","targetHints":{"allow":["GET"]}}],"collection":[{"href":"https:\/\/www.pvtravels.com\/es\/wp-json\/wp\/v2\/product"}],"about":[{"href":"https:\/\/www.pvtravels.com\/es\/wp-json\/wp\/v2\/types\/product"}],"version-history":[{"count":9,"href":"https:\/\/www.pvtravels.com\/es\/wp-json\/wp\/v2\/product\/782\/revisions"}],"predecessor-version":[{"id":6953,"href":"https:\/\/www.pvtravels.com\/es\/wp-json\/wp\/v2\/product\/782\/revisions\/6953"}],"wp:featuredmedia":[{"embeddable":true,"href":"https:\/\/www.pvtravels.com\/es\/wp-json\/wp\/v2\/media\/772"}],"wp:attachment":[{"href":"https:\/\/www.pvtravels.com\/es\/wp-json\/wp\/v2\/media?parent=782"}],"wp:term":[{"taxonomy":"product_brand","embeddable":true,"href":"https:\/\/www.pvtravels.com\/es\/wp-json\/wp\/v2\/product_brand?post=782"},{"taxonomy":"product_cat","embeddable":true,"href":"https:\/\/www.pvtravels.com\/es\/wp-json\/wp\/v2\/product_cat?post=782"},{"taxonomy":"product_tag","embeddable":true,"href":"https:\/\/www.pvtravels.com\/es\/wp-json\/wp\/v2\/product_tag?post=782"}],"curies":[{"name":"wp","href":"https:\/\/api.w.org\/{rel}","templated":true}]}}