{"id":7544,"date":"2026-03-27T14:31:03","date_gmt":"2026-03-27T19:31:03","guid":{"rendered":"https:\/\/www.pvtravels.com\/tour\/sin%20categor\u00eda\/paracas-huacachina-nazca-2d-1n\/"},"modified":"2026-04-22T11:46:07","modified_gmt":"2026-04-22T16:46:07","slug":"paracas-huacachina-nazca-2d-1n","status":"publish","type":"product","link":"https:\/\/www.pvtravels.com\/es\/tour\/lima-nazca-paracas-ica-es\/paquetes\/paracas-huacachina-nazca-2d-1n\/","title":{"rendered":"Paracas &#8211; Huacachina &#8211; Nazca 2D\/1N"},"content":{"rendered":"\t\t<div data-elementor-type=\"product-post\" data-elementor-id=\"7544\" class=\"elementor elementor-7544 elementor-7451\" data-elementor-post-type=\"product\">\n\t\t\t\t\t\t<section class=\"elementor-section elementor-top-section elementor-element elementor-element-4604dc33 elementor-section-boxed elementor-section-height-default elementor-section-height-default\" data-id=\"4604dc33\" data-element_type=\"section\" data-e-type=\"section\">\n\t\t\t\t\t\t<div class=\"elementor-container elementor-column-gap-default\">\n\t\t\t\t\t<div class=\"elementor-column elementor-col-100 elementor-top-column elementor-element elementor-element-4915a35a\" data-id=\"4915a35a\" data-element_type=\"column\" data-e-type=\"column\">\n\t\t\t<div class=\"elementor-widget-wrap elementor-element-populated\">\n\t\t\t\t\t\t<div class=\"elementor-element elementor-element-282f11ed elementor-widget elementor-widget-heading\" data-id=\"282f11ed\" data-element_type=\"widget\" data-e-type=\"widget\" data-widget_type=\"heading.default\">\n\t\t\t\t<div class=\"elementor-widget-container\">\n\t\t\t\t\t<h3 class=\"elementor-heading-title elementor-size-default\">Itinerario<\/h3>\t\t\t\t<\/div>\n\t\t\t\t<\/div>\n\t\t\t\t<div class=\"elementor-element elementor-element-6b67733 elementor-widget elementor-widget-accordion\" data-id=\"6b67733\" data-element_type=\"widget\" data-e-type=\"widget\" data-widget_type=\"accordion.default\">\n\t\t\t\t<div class=\"elementor-widget-container\">\n\t\t\t\t\t\t\t<div class=\"elementor-accordion\">\n\t\t\t\t\t\t\t<div class=\"elementor-accordion-item\">\n\t\t\t\t\t<div id=\"elementor-tab-title-1121\" class=\"elementor-tab-title\" data-tab=\"1\" role=\"button\" aria-controls=\"elementor-tab-content-1121\" aria-expanded=\"false\">\n\t\t\t\t\t\t\t\t\t\t\t\t\t<span class=\"elementor-accordion-icon elementor-accordion-icon-left\" aria-hidden=\"true\">\n\t\t\t\t\t\t\t\t\t\t\t\t\t\t\t<span class=\"elementor-accordion-icon-closed\"><i class=\"fas fa-plus\"><\/i><\/span>\n\t\t\t\t\t\t\t\t<span class=\"elementor-accordion-icon-opened\"><i class=\"fas fa-minus\"><\/i><\/span>\n\t\t\t\t\t\t\t\t\t\t\t\t\t\t<\/span>\n\t\t\t\t\t\t\t\t\t\t\t\t<a class=\"elementor-accordion-title\" tabindex=\"0\">D\u00eda 1: Lima - Paracas - Huacachina<\/a>\n\t\t\t\t\t<\/div>\n\t\t\t\t\t<div id=\"elementor-tab-content-1121\" class=\"elementor-tab-content elementor-clearfix\" data-tab=\"1\" role=\"region\" aria-labelledby=\"elementor-tab-title-1121\"><p>Salida desde Lima entre las 5:30 y las 6:00 h. Recogemos directamente en hostales de la zona de Miraflores. Si se hospeda en un Airbnb o alojamiento privado, env\u00edenos un correo electr\u00f3nico para confirmar la ubicaci\u00f3n y la hora exacta de recogida (depende de d\u00f3nde se hospede).<\/p>\n<p>Alrededor de las 10:00 h, llegaremos a Paracas y nos dirigiremos al puerto para nuestra primera visita: las Islas Ballestas. Se trata de un paseo en barco de dos horas por las islas. Las Ballestas son una versi\u00f3n m\u00e1s peque\u00f1a de las Gal\u00e1pagos e igual de fant\u00e1sticas. Podr\u00e1 observar lobos marinos, ping\u00fcinos y numerosas aves en su h\u00e1bitat natural. Si tiene suerte, incluso podr\u00e1 ver uno o tres delfines.<\/p>\n<p>Despu\u00e9s de la visita, continuaremos hacia Huacachina. De camino, visitaremos un vi\u00f1edo de pisco: vea c\u00f3mo se elabora el pisco, la bebida nacional del Per\u00fa, desde la uva hasta la botella, y disfrute de degustaciones gratuitas.<br \/>\nAl llegar a Huacachina, dispondr\u00e1 de tiempo libre para explorar el Oasis de Huacachina. El clima aqu\u00ed siempre es soleado y c\u00e1lido, as\u00ed que \u00bfpor qu\u00e9 no dar un paseo por este impresionante oasis?<\/p>\n<p>Por la tarde, disfrutaremos de un paseo en buggy y sandboard: dos horas llenas de adrenalina. Sube en buggy y baja en sandboard por las dunas m\u00e1s grandes de Sudam\u00e9rica. Una experiencia \u00fanica en el \u00fanico oasis natural del desierto de Sudam\u00e9rica.<\/p>\n<p>Alojamiento en Huacachina.<\/p>\n<p>**<em>Nota importante:<\/em>** Debido al tama\u00f1o del pueblo, no ofrecemos servicio de recogida ni de regreso a hoteles ni hostales. El punto de encuentro principal es el Wild Rover Hostel.<\/p>\n<\/div>\n\t\t\t\t<\/div>\n\t\t\t\t\t\t\t<div class=\"elementor-accordion-item\">\n\t\t\t\t\t<div id=\"elementor-tab-title-1122\" class=\"elementor-tab-title\" data-tab=\"2\" role=\"button\" aria-controls=\"elementor-tab-content-1122\" aria-expanded=\"false\">\n\t\t\t\t\t\t\t\t\t\t\t\t\t<span class=\"elementor-accordion-icon elementor-accordion-icon-left\" aria-hidden=\"true\">\n\t\t\t\t\t\t\t\t\t\t\t\t\t\t\t<span class=\"elementor-accordion-icon-closed\"><i class=\"fas fa-plus\"><\/i><\/span>\n\t\t\t\t\t\t\t\t<span class=\"elementor-accordion-icon-opened\"><i class=\"fas fa-minus\"><\/i><\/span>\n\t\t\t\t\t\t\t\t\t\t\t\t\t\t<\/span>\n\t\t\t\t\t\t\t\t\t\t\t\t<a class=\"elementor-accordion-title\" tabindex=\"0\">D\u00eda 2: Huacachina - L\u00edneas de Nazca - Lima<\/a>\n\t\t\t\t\t<\/div>\n\t\t\t\t\t<div id=\"elementor-tab-content-1122\" class=\"elementor-tab-content elementor-clearfix\" data-tab=\"2\" role=\"region\" aria-labelledby=\"elementor-tab-title-1122\"><p>A las 6:45 a. m., el punto de encuentro es el Wild Rover Hostel. Traslado privado desde Huacachina directamente al Aeropuerto de Nazca con Nazca Shuttle. Al llegar al aeropuerto, realice el check-in para su vuelo.<\/p>\n<p>Duraci\u00f3n aproximada del vuelo: 35 minutos. Sobrevuelo de las L\u00edneas de Nazca: Un sobrevuelo de las L\u00edneas de Nazca es la \u00fanica manera de apreciar verdaderamente, desde una perspectiva \u00fanica, la inmensa escala y los intrincados detalles de las famosas L\u00edneas de Nazca, enormes geoglifos grabados en el desierto de Nazca. Las L\u00edneas de Nazca se aprecian mejor desde el aire e incluyen diversas formas como animales, plantas y patrones geom\u00e9tricos, siendo algunas de las figuras m\u00e1s famosas el mono, la ara\u00f1a y el colibr\u00ed.<\/p>\n<p>12:30 p. m. Tiempo libre en Nazca. Explore la ciudad del desierto y descubra algunos de sus lugares emblem\u00e1ticos, como la Plaza de Armas.<\/p>\n<p>A las 3 p. m., traslado privado desde Nazca directamente a Huacachina con Nazca Shuttle.<\/p>\n<p>Tendr\u00e1s tiempo para comer antes de que salga el autob\u00fas y, despu\u00e9s, podr\u00e1s relajarte en los asientos reclinables mientras disfrutas de una pel\u00edcula cl\u00e1sica.<\/p>\n<p>Llegada a Lima alrededor de las 23:00 h. Traslado a tu hotel o punto de partida.<\/p>\n<\/div>\n\t\t\t\t<\/div>\n\t\t\t\t\t\t\t\t<\/div>\n\t\t\t\t\t\t<\/div>\n\t\t\t\t<\/div>\n\t\t\t\t<div class=\"elementor-element elementor-element-315bf1d4 elementor-widget elementor-widget-text-editor\" data-id=\"315bf1d4\" data-element_type=\"widget\" data-e-type=\"widget\" data-widget_type=\"text-editor.default\">\n\t\t\t\t<div class=\"elementor-widget-container\">\n\t\t\t\t\t\t\t\t\t<h3><span style=\"color: #008000;\">Qu\u00e9 incluye<\/span><\/h3>\n<ul>\n<li>Traslado desde el alojamiento en Miraflores<\/li>\n<li>Transporte de ida y vuelta a Lima<\/li>\n<li>Transporte en autob\u00fas<\/li>\n<li>Gu\u00eda profesional en espa\u00f1ol e ingl\u00e9s<\/li>\n<li>Excursi\u00f3n a las Islas Ballestas en Paracas<\/li>\n<li>Paseo en buggy y sandboard en Huacachina<\/li>\n<li>Vuelo a las L\u00edneas de Nazca (SIN GU\u00cdA)<\/li>\n<li>1 noche en Huacachina<\/li>\n<li>Desayuno en el hotel<\/li>\n<\/ul>\n<h3><span style=\"color: #008000;\">No incluye<\/span><\/h3>\n<ul>\n<li>Comidas no especificadas en el itinerario<\/li>\n<li>Impuestos aeroportuarios para las L\u00edneas de Nazca<\/li>\n<li>Alojamiento en Lima<\/li>\n<li>Propinas<br \/>\n** El l\u00edmite de peso m\u00e1ximo para el vuelo por persona es de 95 kilos. Se a\u00f1adir\u00e1 un cargo adicional de $80.00 si se excede este l\u00edmite.<\/li>\n<\/ul>\n<h3><span style=\"color: #008000;\">Lista de recomendaciones<\/span><\/h3>\n<ul>\n<li>Snacks (frutas secas, galletas, dulces, chocolates, etc.)<\/li>\n<li>Zapatos para caminar o zapatillas deportivas<\/li>\n<li>Guantes<\/li>\n<li>Sombrero o gorra<\/li>\n<li>Gafas de sol<\/li>\n<li>Protector solar<\/li>\n<li>Art\u00edculos de aseo (champ\u00fa, jab\u00f3n, crema corporal)<\/li>\n<li>C\u00e1maras de fotos\/video y cargadores<\/li>\n<li>Botella de agua<\/li>\n<\/ul>\n\t\t\t\t\t\t\t\t<\/div>\n\t\t\t\t<\/div>\n\t\t\t\t\t<\/div>\n\t\t<\/div>\n\t\t\t\t\t<\/div>\n\t\t<\/section>\n\t\t\t\t<\/div>\n\t\t","protected":false},"excerpt":{"rendered":"<p><strong>C\u00d3DIGO:<\/strong> PVT-LT010<\/p>\n<ul>\n<li><strong>Salidas: diarias<\/strong><\/li>\n<li><strong>Duraci\u00f3n: 2 d\u00edas \/ 1 noche<\/strong><\/li>\n<\/ul>\n<p><strong>**<span style=\"color: #ff0000;\">\u00a1RESERVA AHORA Y CONSIGUE UN 15% DE DESCUENTO!<\/span><\/strong><\/p>\n","protected":false},"featured_media":7543,"template":"","meta":{"site-sidebar-layout":"no-sidebar","site-content-layout":"page-builder","ast-site-content-layout":"full-width-container","site-content-style":"default","site-sidebar-style":"default","ast-global-header-display":"","ast-banner-title-visibility":"","ast-main-header-display":"","ast-hfb-above-header-display":"","ast-hfb-below-header-display":"","ast-hfb-mobile-header-display":"","site-post-title":"","ast-breadcrumbs-content":"","ast-featured-img":"disabled","footer-sml-layout":"","ast-disable-related-posts":"","theme-transparent-header-meta":"default","adv-header-id-meta":"","stick-header-meta":"default","header-above-stick-meta":"","header-main-stick-meta":"","header-below-stick-meta":"","astra-migrate-meta-layouts":"default","ast-page-background-enabled":"default","ast-page-background-meta":{"desktop":{"background-color":"var(--ast-global-color-4)","background-image":"","background-repeat":"repeat","background-position":"center center","background-size":"auto","background-attachment":"scroll","background-type":"","background-media":"","overlay-type":"","overlay-color":"","overlay-opacity":"","overlay-gradient":""},"tablet":{"background-color":"","background-image":"","background-repeat":"repeat","background-position":"center center","background-size":"auto","background-attachment":"scroll","background-type":"","background-media":"","overlay-type":"","overlay-color":"","overlay-opacity":"","overlay-gradient":""},"mobile":{"background-color":"","background-image":"","background-repeat":"repeat","background-position":"center center","background-size":"auto","background-attachment":"scroll","background-type":"","background-media":"","overlay-type":"","overlay-color":"","overlay-opacity":"","overlay-gradient":""}},"ast-content-background-meta":{"desktop":{"background-color":"var(--ast-global-color-5)","background-image":"","background-repeat":"repeat","background-position":"center center","background-size":"auto","background-attachment":"scroll","background-type":"","background-media":"","overlay-type":"","overlay-color":"","overlay-opacity":"","overlay-gradient":""},"tablet":{"background-color":"var(--ast-global-color-5)","background-image":"","background-repeat":"repeat","background-position":"center center","background-size":"auto","background-attachment":"scroll","background-type":"","background-media":"","overlay-type":"","overlay-color":"","overlay-opacity":"","overlay-gradient":""},"mobile":{"background-color":"var(--ast-global-color-5)","background-image":"","background-repeat":"repeat","background-position":"center center","background-size":"auto","background-attachment":"scroll","background-type":"","background-media":"","overlay-type":"","overlay-color":"","overlay-opacity":"","overlay-gradient":""}},"_joinchat":[]},"product_brand":[],"product_cat":[149],"product_tag":[],"class_list":{"0":"post-7544","1":"product","2":"type-product","3":"status-publish","4":"has-post-thumbnail","6":"product_cat-paquetes","7":"desktop-align-center","8":"tablet-align-center","9":"mobile-align-center","10":"ast-product-gallery-layout-horizontal-slider","11":"ast-product-gallery-with-no-image","12":"ast-product-single-variable","13":"ast-product-tabs-layout-horizontal","15":"first","16":"instock","17":"shipping-taxable","18":"purchasable","19":"product-type-variable"},"_links":{"self":[{"href":"https:\/\/www.pvtravels.com\/es\/wp-json\/wp\/v2\/product\/7544","targetHints":{"allow":["GET"]}}],"collection":[{"href":"https:\/\/www.pvtravels.com\/es\/wp-json\/wp\/v2\/product"}],"about":[{"href":"https:\/\/www.pvtravels.com\/es\/wp-json\/wp\/v2\/types\/product"}],"version-history":[{"count":7,"href":"https:\/\/www.pvtravels.com\/es\/wp-json\/wp\/v2\/product\/7544\/revisions"}],"predecessor-version":[{"id":7589,"href":"https:\/\/www.pvtravels.com\/es\/wp-json\/wp\/v2\/product\/7544\/revisions\/7589"}],"wp:featuredmedia":[{"embeddable":true,"href":"https:\/\/www.pvtravels.com\/es\/wp-json\/wp\/v2\/media\/7543"}],"wp:attachment":[{"href":"https:\/\/www.pvtravels.com\/es\/wp-json\/wp\/v2\/media?parent=7544"}],"wp:term":[{"taxonomy":"product_brand","embeddable":true,"href":"https:\/\/www.pvtravels.com\/es\/wp-json\/wp\/v2\/product_brand?post=7544"},{"taxonomy":"product_cat","embeddable":true,"href":"https:\/\/www.pvtravels.com\/es\/wp-json\/wp\/v2\/product_cat?post=7544"},{"taxonomy":"product_tag","embeddable":true,"href":"https:\/\/www.pvtravels.com\/es\/wp-json\/wp\/v2\/product_tag?post=7544"}],"curies":[{"name":"wp","href":"https:\/\/api.w.org\/{rel}","templated":true}]}}