{"id":7241,"date":"2026-03-23T14:14:09","date_gmt":"2026-03-23T19:14:09","guid":{"rendered":"https:\/\/www.pvtravels.com\/tour\/sin%20categor\u00eda\/cusco-machu-picchu-montanha-de-colores-laguna-humantay-5d-4n\/"},"modified":"2026-03-23T15:57:24","modified_gmt":"2026-03-23T20:57:24","slug":"cusco-machu-picchu-montanha-de-colores-laguna-humantay-5d-4n","status":"publish","type":"product","link":"https:\/\/www.pvtravels.com\/es\/tour\/cusco-machu-picchu-es\/paquetes-en-cusco\/cusco-machu-picchu-montanha-de-colores-laguna-humantay-5d-4n\/","title":{"rendered":"Cusco &#038; Machu Picchu &#038; Montanha de Colores &#038; Laguna Humantay 5D\/4N"},"content":{"rendered":"\t\t<div data-elementor-type=\"product-post\" data-elementor-id=\"7241\" class=\"elementor elementor-7241 elementor-7122\" data-elementor-post-type=\"product\">\n\t\t\t\t\t\t<section class=\"elementor-section elementor-top-section elementor-element elementor-element-16a93a66 elementor-section-boxed elementor-section-height-default elementor-section-height-default\" data-id=\"16a93a66\" data-element_type=\"section\" data-e-type=\"section\">\n\t\t\t\t\t\t<div class=\"elementor-container elementor-column-gap-default\">\n\t\t\t\t\t<div class=\"elementor-column elementor-col-100 elementor-top-column elementor-element elementor-element-2ca0247b\" data-id=\"2ca0247b\" data-element_type=\"column\" data-e-type=\"column\">\n\t\t\t<div class=\"elementor-widget-wrap elementor-element-populated\">\n\t\t\t\t\t\t<div class=\"elementor-element elementor-element-395c88ae elementor-widget elementor-widget-heading\" data-id=\"395c88ae\" data-element_type=\"widget\" data-e-type=\"widget\" data-widget_type=\"heading.default\">\n\t\t\t\t<div class=\"elementor-widget-container\">\n\t\t\t\t\t<h3 class=\"elementor-heading-title elementor-size-default\">Itinerario<\/h3>\t\t\t\t<\/div>\n\t\t\t\t<\/div>\n\t\t\t\t<div class=\"elementor-element elementor-element-787c14ab elementor-widget elementor-widget-accordion\" data-id=\"787c14ab\" data-element_type=\"widget\" data-e-type=\"widget\" data-widget_type=\"accordion.default\">\n\t\t\t\t<div class=\"elementor-widget-container\">\n\t\t\t\t\t\t\t<div class=\"elementor-accordion\">\n\t\t\t\t\t\t\t<div class=\"elementor-accordion-item\">\n\t\t\t\t\t<div id=\"elementor-tab-title-2021\" class=\"elementor-tab-title\" data-tab=\"1\" role=\"button\" aria-controls=\"elementor-tab-content-2021\" aria-expanded=\"false\">\n\t\t\t\t\t\t\t\t\t\t\t\t\t<span class=\"elementor-accordion-icon elementor-accordion-icon-left\" aria-hidden=\"true\">\n\t\t\t\t\t\t\t\t\t\t\t\t\t\t\t<span class=\"elementor-accordion-icon-closed\"><i class=\"fas fa-plus\"><\/i><\/span>\n\t\t\t\t\t\t\t\t<span class=\"elementor-accordion-icon-opened\"><i class=\"fas fa-minus\"><\/i><\/span>\n\t\t\t\t\t\t\t\t\t\t\t\t\t\t<\/span>\n\t\t\t\t\t\t\t\t\t\t\t\t<a class=\"elementor-accordion-title\" tabindex=\"0\">D\u00eda 1: Llegada a Cusco<\/a>\n\t\t\t\t\t<\/div>\n\t\t\t\t\t<div id=\"elementor-tab-content-2021\" class=\"elementor-tab-content elementor-clearfix\" data-tab=\"1\" role=\"region\" aria-labelledby=\"elementor-tab-title-2021\"><p>A su llegada a Cusco, recepci\u00f3n en el aeropuerto\/estaci\u00f3n de autobuses y traslado al hotel en el centro de la ciudad.<\/p>\n<p>El d\u00eda ser\u00e1 libre para descansar y aclimatarse a la altitud.<\/p>\n<p>**Nota: Se recomienda llegar a Cusco antes de las 11:00 h.<\/p>\n<p>Pernocte en Cusco.<\/p>\n<\/div>\n\t\t\t\t<\/div>\n\t\t\t\t\t\t\t<div class=\"elementor-accordion-item\">\n\t\t\t\t\t<div id=\"elementor-tab-title-2022\" class=\"elementor-tab-title\" data-tab=\"2\" role=\"button\" aria-controls=\"elementor-tab-content-2022\" aria-expanded=\"false\">\n\t\t\t\t\t\t\t\t\t\t\t\t\t<span class=\"elementor-accordion-icon elementor-accordion-icon-left\" aria-hidden=\"true\">\n\t\t\t\t\t\t\t\t\t\t\t\t\t\t\t<span class=\"elementor-accordion-icon-closed\"><i class=\"fas fa-plus\"><\/i><\/span>\n\t\t\t\t\t\t\t\t<span class=\"elementor-accordion-icon-opened\"><i class=\"fas fa-minus\"><\/i><\/span>\n\t\t\t\t\t\t\t\t\t\t\t\t\t\t<\/span>\n\t\t\t\t\t\t\t\t\t\t\t\t<a class=\"elementor-accordion-title\" tabindex=\"0\">D\u00eda 2: Caminata Monta\u00f1a de Colores<\/a>\n\t\t\t\t\t<\/div>\n\t\t\t\t\t<div id=\"elementor-tab-content-2022\" class=\"elementor-tab-content elementor-clearfix\" data-tab=\"2\" role=\"region\" aria-labelledby=\"elementor-tab-title-2022\"><p>Los recogeremos entre las 4:10 y las 4:30 de la ma\u00f1ana. Luego, emprenderemos un viaje por el Valle Sur. El trayecto dura aproximadamente 3 horas hasta la comunidad de Hanchipacha, donde pararemos para desayunar. Despu\u00e9s, los llevaremos en coche 15 minutos m\u00e1s hasta la comunidad de Quesiuno (4326 m \/ 14189 pies), donde comenzaremos la caminata de aproximadamente 3 horas hasta la Monta\u00f1a Arco\u00edris. Durante el ascenso, podremos disfrutar de paisajes impresionantes con reba\u00f1os de alpacas y llamas, la Monta\u00f1a Ausangate, numerosas monta\u00f1as rojizas y casas tradicionales locales. Al llegar a la Monta\u00f1a Arco\u00edris (5020 m \/ 16466 pies), tendr\u00e1n tiempo para explorar la zona y tomar fotograf\u00edas. Dedicaremos entre 30 minutos y 1 hora (dependiendo de su ritmo de caminata y las condiciones clim\u00e1ticas).<\/p>\n<p>Tras disfrutar de las impresionantes vistas desde la cima, descenderemos hasta el punto de inicio de nuestra caminata (comunidad de Quesiuno), que dura aproximadamente dos horas. All\u00ed tomaremos transporte hasta la comunidad de Hanchipacha para almorzar. Luego, nos trasladaremos en coche a Cusco y los dejaremos en la plaza de Regocijos, a dos cuadras de la Plaza de Armas.<\/p>\n<p>Pernocte en Cusco.<\/p>\n<\/div>\n\t\t\t\t<\/div>\n\t\t\t\t\t\t\t<div class=\"elementor-accordion-item\">\n\t\t\t\t\t<div id=\"elementor-tab-title-2023\" class=\"elementor-tab-title\" data-tab=\"3\" role=\"button\" aria-controls=\"elementor-tab-content-2023\" aria-expanded=\"false\">\n\t\t\t\t\t\t\t\t\t\t\t\t\t<span class=\"elementor-accordion-icon elementor-accordion-icon-left\" aria-hidden=\"true\">\n\t\t\t\t\t\t\t\t\t\t\t\t\t\t\t<span class=\"elementor-accordion-icon-closed\"><i class=\"fas fa-plus\"><\/i><\/span>\n\t\t\t\t\t\t\t\t<span class=\"elementor-accordion-icon-opened\"><i class=\"fas fa-minus\"><\/i><\/span>\n\t\t\t\t\t\t\t\t\t\t\t\t\t\t<\/span>\n\t\t\t\t\t\t\t\t\t\t\t\t<a class=\"elementor-accordion-title\" tabindex=\"0\">D\u00eda 3: Excursi\u00f3n a Machu Picchu<\/a>\n\t\t\t\t\t<\/div>\n\t\t\t\t\t<div id=\"elementor-tab-content-2023\" class=\"elementor-tab-content elementor-clearfix\" data-tab=\"3\" role=\"region\" aria-labelledby=\"elementor-tab-title-2023\"><p>Recogida en nuestro hotel en Cusco alrededor de las 4:00 a. m. Nos dirigiremos a la estaci\u00f3n de tren de Ollantaytambo, a aproximadamente 1 hora y 30 minutos de Cusco, para luego embarcarnos en este extraordinario viaje en tren a Machu Picchu, donde disfrutaremos de hermosas vistas. El tren atraviesa ecosistemas impresionantes, as\u00ed que tenga su c\u00e1mara lista para tomar fotos.<\/p>\n<p>Aproximadamente cuatro horas despu\u00e9s de nuestra salida de Cusco, llegaremos a la estaci\u00f3n de tren de Aguas Calientes (el pueblo ubicado al pie de Machu Picchu), donde nos estar\u00e1 esperando nuestro gu\u00eda experto. Juntos tomaremos el autob\u00fas de Aguas Calientes a Machu Picchu, un trayecto de 25 minutos.<\/p>\n<p>Al llegar a Machu Picchu, entraremos al sitio arqueol\u00f3gico (no olvide su pasaporte) y nuestro gu\u00eda nos ofrecer\u00e1 un recorrido por la ciudadela de 2 horas. Despu\u00e9s de la visita guiada, tendremos tiempo libre para explorar y tomar fotos.<\/p>\n<p>Tras explorar Machu Picchu, tomaremos el autob\u00fas de regreso a Aguas Calientes. All\u00ed podr\u00e1 disfrutar de los restaurantes, explorar el pueblo o simplemente relajarse.<br \/>\nPor la tarde tomaremos el tren de regreso a Ollantaytambo, donde nuestro conductor nos estar\u00e1 esperando para llevarnos de vuelta a nuestro alojamiento en Cusco.<\/p>\n<p>Pernocte en Cusco.<\/p>\n<\/div>\n\t\t\t\t<\/div>\n\t\t\t\t\t\t\t<div class=\"elementor-accordion-item\">\n\t\t\t\t\t<div id=\"elementor-tab-title-2024\" class=\"elementor-tab-title\" data-tab=\"4\" role=\"button\" aria-controls=\"elementor-tab-content-2024\" aria-expanded=\"false\">\n\t\t\t\t\t\t\t\t\t\t\t\t\t<span class=\"elementor-accordion-icon elementor-accordion-icon-left\" aria-hidden=\"true\">\n\t\t\t\t\t\t\t\t\t\t\t\t\t\t\t<span class=\"elementor-accordion-icon-closed\"><i class=\"fas fa-plus\"><\/i><\/span>\n\t\t\t\t\t\t\t\t<span class=\"elementor-accordion-icon-opened\"><i class=\"fas fa-minus\"><\/i><\/span>\n\t\t\t\t\t\t\t\t\t\t\t\t\t\t<\/span>\n\t\t\t\t\t\t\t\t\t\t\t\t<a class=\"elementor-accordion-title\" tabindex=\"0\">D\u00eda 4: Caminata a la Laguna Humantay<\/a>\n\t\t\t\t\t<\/div>\n\t\t\t\t\t<div id=\"elementor-tab-content-2024\" class=\"elementor-tab-content elementor-clearfix\" data-tab=\"4\" role=\"region\" aria-labelledby=\"elementor-tab-title-2024\"><p>Lo recogeremos en su alojamiento entre las 4:10 y las 4:30 a. m. Luego continuaremos nuestro viaje en autob\u00fas hasta la ciudad de Mollepata, donde disfrutaremos de un desayuno t\u00edpico de la zona.<\/p>\n<p>Despu\u00e9s del desayuno, regresaremos al autob\u00fas para continuar nuestro recorrido hacia Soraypama. Recorreremos un sendero pintoresco llamado \u00abCamino Real\u00bb mientras ganamos altitud. Al llegar al peque\u00f1o pueblo, con pocos servicios, comenzaremos nuestra caminata hacia la laguna Humantay, a 4250 m s. n. m. El ascenso durar\u00e1 aproximadamente una hora y media hasta llegar a la laguna. Tras superar la \u00faltima colina, contemplaremos la laguna de color turquesa, rodeada de escarpadas cumbres y un impresionante glaciar.<\/p>\n<p>Al llegar a la hermosa laguna Humantay, tendremos aproximadamente una hora para disfrutar de la belleza natural que nos rodea y llenarnos de la energ\u00eda de esta monta\u00f1a del nevado Salkantay.<\/p>\n<p>Cuando est\u00e9n listos para el descenso, bajaremos a Soraypampa, disfrutando de las impresionantes vistas panor\u00e1micas de los picos nevados.<\/p>\n<p>Continuaremos el viaje hasta Mollepata, donde almorzaremos, y luego regresaremos a Cusco, llegando a la ciudad a las 18:30 h.<\/p>\n<p>El autob\u00fas saldr\u00e1 de la Plaza Regocijo, a solo dos cuadras de la plaza principal.<\/p>\n<p>Pernocte en Cusco.<\/p>\n<\/div>\n\t\t\t\t<\/div>\n\t\t\t\t\t\t\t<div class=\"elementor-accordion-item\">\n\t\t\t\t\t<div id=\"elementor-tab-title-2025\" class=\"elementor-tab-title\" data-tab=\"5\" role=\"button\" aria-controls=\"elementor-tab-content-2025\" aria-expanded=\"false\">\n\t\t\t\t\t\t\t\t\t\t\t\t\t<span class=\"elementor-accordion-icon elementor-accordion-icon-left\" aria-hidden=\"true\">\n\t\t\t\t\t\t\t\t\t\t\t\t\t\t\t<span class=\"elementor-accordion-icon-closed\"><i class=\"fas fa-plus\"><\/i><\/span>\n\t\t\t\t\t\t\t\t<span class=\"elementor-accordion-icon-opened\"><i class=\"fas fa-minus\"><\/i><\/span>\n\t\t\t\t\t\t\t\t\t\t\t\t\t\t<\/span>\n\t\t\t\t\t\t\t\t\t\t\t\t<a class=\"elementor-accordion-title\" tabindex=\"0\">D\u00eda 5: Salida de Cusco<\/a>\n\t\t\t\t\t<\/div>\n\t\t\t\t\t<div id=\"elementor-tab-content-2025\" class=\"elementor-tab-content elementor-clearfix\" data-tab=\"5\" role=\"region\" aria-labelledby=\"elementor-tab-title-2025\"><p>Desayuno en el hotel y traslado al aeropuerto para su vuelo de regreso.<\/p>\n<p>Nota: Salida del hotel a las 11:00 am<\/p>\n<p>Fin de nuestros servicios.<\/p>\n<\/div>\n\t\t\t\t<\/div>\n\t\t\t\t\t\t\t\t<\/div>\n\t\t\t\t\t\t<\/div>\n\t\t\t\t<\/div>\n\t\t\t\t<div class=\"elementor-element elementor-element-2a4137d4 elementor-widget elementor-widget-text-editor\" data-id=\"2a4137d4\" data-element_type=\"widget\" data-e-type=\"widget\" data-widget_type=\"text-editor.default\">\n\t\t\t\t<div class=\"elementor-widget-container\">\n\t\t\t\t\t\t\t\t\t<h3><span style=\"color: #008000;\">Qu\u00e9 incluye<\/span><\/h3>\n<ul>\n<li>Traslados aeropuerto &#8211; hotel &#8211; aeropuerto (o terminal de autobuses)<\/li>\n<li>4 noches en Cusco<\/li>\n<li>Desayuno incluido en el hotel<\/li>\n<li>Desayuno y almuerzo en la Monta\u00f1a Arco\u00edris<\/li>\n<li>Desayuno y almuerzo en Humantay<\/li>\n<li>Trekking de d\u00eda completo a la Monta\u00f1a Arco\u00edris<\/li>\n<li>Trekking de d\u00eda completo al Lago Humantay<\/li>\n<li>Tour de d\u00eda completo a Machu Picchu<\/li>\n<li>Visita guiada en ingl\u00e9s o espa\u00f1ol<\/li>\n<li>Entradas a la Monta\u00f1a Arco\u00edris<\/li>\n<li>Entradas al Lago Humantay<\/li>\n<li>Entradas a Machu Picchu<\/li>\n<li>Boleto de autob\u00fas: Aguas Calientes-Machu Picchu-Aguas<\/li>\n<li>Calientes Boleto de tren Ollantaytambo-Aguas Calientes-Ollantaytambo (servicio Expedition o Voyager)<\/li>\n<li>Transporte a todas las visitas incluidas en el itinerario<\/li>\n<li>Asistencia 24\/7<\/li>\n<\/ul>\n<h3><span style=\"color: #008000;\">No incluye<\/span><\/h3>\n<ul>\n<li>Comidas no especificadas en el itinerario<\/li>\n<li>Vuelo\/autob\u00fas desde\/hacia Cusco<\/li>\n<li>Propinas<\/li>\n<\/ul>\n<h3><span style=\"color: #008000;\">Lista de recomendaciones<\/span><\/h3>\n<ul>\n<li>Snacks (frutas secas, galletas, dulces, chocolates, etc.)<\/li>\n<li>Calzado para caminar o zapatillas deportivas<\/li>\n<li>Equipo completo para la lluvia o poncho (de noviembre a abril)<\/li>\n<li>Guantes<\/li>\n<li>Sombrero o gorra<\/li>\n<li>Gafas de sol<\/li>\n<li>Protector solar<\/li>\n<li>Art\u00edculos de aseo (champ\u00fa, jab\u00f3n, crema corporal)<\/li>\n<li>C\u00e1maras de fotos\/video y cargadores<\/li>\n<li>Botella de agua<\/li>\n<\/ul>\n\t\t\t\t\t\t\t\t<\/div>\n\t\t\t\t<\/div>\n\t\t\t\t\t<\/div>\n\t\t<\/div>\n\t\t\t\t\t<\/div>\n\t\t<\/section>\n\t\t\t\t<\/div>\n\t\t","protected":false},"excerpt":{"rendered":"<p><strong>C\u00d3DIGO:<\/strong> PVT-CP002 &#8211; A<\/p>\n<ul>\n<li><strong>Salida:<\/strong> Diaria<\/li>\n<li><strong>Duraci\u00f3n:<\/strong> 5 d\u00edas \/ 4 noches<\/li>\n<li>**<span style=\"color: #ff0000;\">\u00a1RESERVA AHORA Y OBT\u00c9N UN 15% DE DESCUENTO!**<\/span><\/li>\n<li><strong style=\"font-size: 16px;\"><span style=\"color: #ff0000;\">La entrada a Machu Picchu depender\u00e1 de la disponibilidad al momento de la reserva; puede ser para el<\/span> Circuito 1, el Circuito 2 o el Circuito 3.<\/strong><\/li>\n<\/ul>\n<p><em>Cont\u00e1ctanos para m\u00e1s informaci\u00f3n.**<\/em><\/p>\n","protected":false},"featured_media":7214,"template":"","meta":{"site-sidebar-layout":"default","site-content-layout":"","ast-site-content-layout":"default","site-content-style":"default","site-sidebar-style":"default","ast-global-header-display":"","ast-banner-title-visibility":"","ast-main-header-display":"","ast-hfb-above-header-display":"","ast-hfb-below-header-display":"","ast-hfb-mobile-header-display":"","site-post-title":"","ast-breadcrumbs-content":"","ast-featured-img":"","footer-sml-layout":"","ast-disable-related-posts":"","theme-transparent-header-meta":"default","adv-header-id-meta":"","stick-header-meta":"default","header-above-stick-meta":"","header-main-stick-meta":"","header-below-stick-meta":"","astra-migrate-meta-layouts":"default","ast-page-background-enabled":"default","ast-page-background-meta":{"desktop":{"background-color":"var(--ast-global-color-4)","background-image":"","background-repeat":"repeat","background-position":"center center","background-size":"auto","background-attachment":"scroll","background-type":"","background-media":"","overlay-type":"","overlay-color":"","overlay-opacity":"","overlay-gradient":""},"tablet":{"background-color":"","background-image":"","background-repeat":"repeat","background-position":"center center","background-size":"auto","background-attachment":"scroll","background-type":"","background-media":"","overlay-type":"","overlay-color":"","overlay-opacity":"","overlay-gradient":""},"mobile":{"background-color":"","background-image":"","background-repeat":"repeat","background-position":"center center","background-size":"auto","background-attachment":"scroll","background-type":"","background-media":"","overlay-type":"","overlay-color":"","overlay-opacity":"","overlay-gradient":""}},"ast-content-background-meta":{"desktop":{"background-color":"var(--ast-global-color-5)","background-image":"","background-repeat":"repeat","background-position":"center center","background-size":"auto","background-attachment":"scroll","background-type":"","background-media":"","overlay-type":"","overlay-color":"","overlay-opacity":"","overlay-gradient":""},"tablet":{"background-color":"var(--ast-global-color-5)","background-image":"","background-repeat":"repeat","background-position":"center center","background-size":"auto","background-attachment":"scroll","background-type":"","background-media":"","overlay-type":"","overlay-color":"","overlay-opacity":"","overlay-gradient":""},"mobile":{"background-color":"var(--ast-global-color-5)","background-image":"","background-repeat":"repeat","background-position":"center center","background-size":"auto","background-attachment":"scroll","background-type":"","background-media":"","overlay-type":"","overlay-color":"","overlay-opacity":"","overlay-gradient":""}},"_joinchat":[]},"product_brand":[],"product_cat":[122],"product_tag":[],"class_list":{"0":"post-7241","1":"product","2":"type-product","3":"status-publish","4":"has-post-thumbnail","6":"product_cat-paquetes-en-cusco","7":"desktop-align-center","8":"tablet-align-center","9":"mobile-align-center","10":"ast-product-gallery-layout-horizontal-slider","11":"ast-product-gallery-with-no-image","12":"ast-product-single-variable","13":"ast-product-tabs-layout-horizontal","15":"first","16":"instock","17":"shipping-taxable","18":"purchasable","19":"product-type-variable"},"_links":{"self":[{"href":"https:\/\/www.pvtravels.com\/es\/wp-json\/wp\/v2\/product\/7241","targetHints":{"allow":["GET"]}}],"collection":[{"href":"https:\/\/www.pvtravels.com\/es\/wp-json\/wp\/v2\/product"}],"about":[{"href":"https:\/\/www.pvtravels.com\/es\/wp-json\/wp\/v2\/types\/product"}],"version-history":[{"count":1,"href":"https:\/\/www.pvtravels.com\/es\/wp-json\/wp\/v2\/product\/7241\/revisions"}],"predecessor-version":[{"id":7254,"href":"https:\/\/www.pvtravels.com\/es\/wp-json\/wp\/v2\/product\/7241\/revisions\/7254"}],"wp:featuredmedia":[{"embeddable":true,"href":"https:\/\/www.pvtravels.com\/es\/wp-json\/wp\/v2\/media\/7214"}],"wp:attachment":[{"href":"https:\/\/www.pvtravels.com\/es\/wp-json\/wp\/v2\/media?parent=7241"}],"wp:term":[{"taxonomy":"product_brand","embeddable":true,"href":"https:\/\/www.pvtravels.com\/es\/wp-json\/wp\/v2\/product_brand?post=7241"},{"taxonomy":"product_cat","embeddable":true,"href":"https:\/\/www.pvtravels.com\/es\/wp-json\/wp\/v2\/product_cat?post=7241"},{"taxonomy":"product_tag","embeddable":true,"href":"https:\/\/www.pvtravels.com\/es\/wp-json\/wp\/v2\/product_tag?post=7241"}],"curies":[{"name":"wp","href":"https:\/\/api.w.org\/{rel}","templated":true}]}}