{"id":7196,"date":"2026-03-23T13:37:06","date_gmt":"2026-03-23T18:37:06","guid":{"rendered":"https:\/\/www.pvtravels.com\/tour\/sin%20categor\u00eda\/cusco-machu-picchu-montana-de-colores-4d-3n\/"},"modified":"2026-03-23T16:03:45","modified_gmt":"2026-03-23T21:03:45","slug":"cusco-machu-picchu-montana-de-colores-4d-3n","status":"publish","type":"product","link":"https:\/\/www.pvtravels.com\/es\/tour\/cusco-machu-picchu-es\/paquetes-en-cusco\/cusco-machu-picchu-montana-de-colores-4d-3n\/","title":{"rendered":"Cusco &#038; Machu Picchu &#038; Monta\u00f1a de Colores 4D\/3N"},"content":{"rendered":"\t\t<div data-elementor-type=\"product-post\" data-elementor-id=\"7196\" class=\"elementor elementor-7196 elementor-7075\" data-elementor-post-type=\"product\">\n\t\t\t\t\t\t<section class=\"elementor-section elementor-top-section elementor-element elementor-element-4c6e04e9 elementor-section-boxed elementor-section-height-default elementor-section-height-default\" data-id=\"4c6e04e9\" data-element_type=\"section\" data-e-type=\"section\">\n\t\t\t\t\t\t<div class=\"elementor-container elementor-column-gap-default\">\n\t\t\t\t\t<div class=\"elementor-column elementor-col-100 elementor-top-column elementor-element elementor-element-63c7fb5b\" data-id=\"63c7fb5b\" data-element_type=\"column\" data-e-type=\"column\">\n\t\t\t<div class=\"elementor-widget-wrap elementor-element-populated\">\n\t\t\t\t\t\t<div class=\"elementor-element elementor-element-594caf94 elementor-widget elementor-widget-heading\" data-id=\"594caf94\" data-element_type=\"widget\" data-e-type=\"widget\" data-widget_type=\"heading.default\">\n\t\t\t\t<div class=\"elementor-widget-container\">\n\t\t\t\t\t<h3 class=\"elementor-heading-title elementor-size-default\">Itinerario<\/h3>\t\t\t\t<\/div>\n\t\t\t\t<\/div>\n\t\t\t\t<div class=\"elementor-element elementor-element-5e026358 elementor-widget elementor-widget-accordion\" data-id=\"5e026358\" data-element_type=\"widget\" data-e-type=\"widget\" data-widget_type=\"accordion.default\">\n\t\t\t\t<div class=\"elementor-widget-container\">\n\t\t\t\t\t\t\t<div class=\"elementor-accordion\">\n\t\t\t\t\t\t\t<div class=\"elementor-accordion-item\">\n\t\t\t\t\t<div id=\"elementor-tab-title-1571\" class=\"elementor-tab-title\" data-tab=\"1\" role=\"button\" aria-controls=\"elementor-tab-content-1571\" aria-expanded=\"false\">\n\t\t\t\t\t\t\t\t\t\t\t\t\t<span class=\"elementor-accordion-icon elementor-accordion-icon-left\" aria-hidden=\"true\">\n\t\t\t\t\t\t\t\t\t\t\t\t\t\t\t<span class=\"elementor-accordion-icon-closed\"><i class=\"fas fa-plus\"><\/i><\/span>\n\t\t\t\t\t\t\t\t<span class=\"elementor-accordion-icon-opened\"><i class=\"fas fa-minus\"><\/i><\/span>\n\t\t\t\t\t\t\t\t\t\t\t\t\t\t<\/span>\n\t\t\t\t\t\t\t\t\t\t\t\t<a class=\"elementor-accordion-title\" tabindex=\"0\">D\u00eda 1: Llegada a Cusco<\/a>\n\t\t\t\t\t<\/div>\n\t\t\t\t\t<div id=\"elementor-tab-content-1571\" class=\"elementor-tab-content elementor-clearfix\" data-tab=\"1\" role=\"region\" aria-labelledby=\"elementor-tab-title-1571\"><p>A su llegada a Cusco, recepci\u00f3n en el aeropuerto\/estaci\u00f3n de autobuses y traslado al hotel en el centro de la ciudad.<\/p>\n<p>El d\u00eda ser\u00e1 libre para descansar y aclimatarse a la altitud.<\/p>\n<p>Nota: Check-in en el hotel a la 1:00 p. m.<\/p>\n<p>Pernocte en Cusco<\/p>\n<\/div>\n\t\t\t\t<\/div>\n\t\t\t\t\t\t\t<div class=\"elementor-accordion-item\">\n\t\t\t\t\t<div id=\"elementor-tab-title-1572\" class=\"elementor-tab-title\" data-tab=\"2\" role=\"button\" aria-controls=\"elementor-tab-content-1572\" aria-expanded=\"false\">\n\t\t\t\t\t\t\t\t\t\t\t\t\t<span class=\"elementor-accordion-icon elementor-accordion-icon-left\" aria-hidden=\"true\">\n\t\t\t\t\t\t\t\t\t\t\t\t\t\t\t<span class=\"elementor-accordion-icon-closed\"><i class=\"fas fa-plus\"><\/i><\/span>\n\t\t\t\t\t\t\t\t<span class=\"elementor-accordion-icon-opened\"><i class=\"fas fa-minus\"><\/i><\/span>\n\t\t\t\t\t\t\t\t\t\t\t\t\t\t<\/span>\n\t\t\t\t\t\t\t\t\t\t\t\t<a class=\"elementor-accordion-title\" tabindex=\"0\">D\u00eda 2: Caminata Monta\u00f1a de Colores<\/a>\n\t\t\t\t\t<\/div>\n\t\t\t\t\t<div id=\"elementor-tab-content-1572\" class=\"elementor-tab-content elementor-clearfix\" data-tab=\"2\" role=\"region\" aria-labelledby=\"elementor-tab-title-1572\"><p>Los recogeremos entre las 4:00 y las 4:30 de la ma\u00f1ana. Luego, emprenderemos un viaje por el Valle Sur. El trayecto dura aproximadamente 3 horas hasta la comunidad de Hanchipacha, donde pararemos para desayunar. Despu\u00e9s, los llevaremos en coche durante 15 minutos m\u00e1s hasta la comunidad de Quesiuno (4326 m \/ 14 189 pies), donde comenzaremos la caminata de aproximadamente 3 horas hasta la Monta\u00f1a Arco\u00edris. Durante el ascenso, podremos disfrutar de impresionantes paisajes con reba\u00f1os de alpacas y llamas, la Monta\u00f1a Ausangate, numerosas monta\u00f1as rojizas y casas tradicionales locales. Al llegar a la Monta\u00f1a Arco\u00edris (5020 m \/ 16 466 pies), tendr\u00e1n tiempo para explorar la zona y tomar fotograf\u00edas. Dedicaremos entre 30 minutos y 1 hora (dependiendo de su ritmo de caminata y las condiciones clim\u00e1ticas).<\/p>\n<p>Tras disfrutar de las impresionantes vistas desde la cima, descenderemos hasta el punto de inicio de nuestra caminata (comunidad de Quesiuno), que dura aproximadamente dos horas. All\u00ed tomaremos transporte hasta la comunidad de Hanchipacha para almorzar. Luego, nos trasladaremos en coche a Cusco y los dejaremos en la plaza de Regocijos, a dos cuadras de la Plaza de Armas.<\/p>\n<p>Pernocte en Cusco.<\/p>\n<\/div>\n\t\t\t\t<\/div>\n\t\t\t\t\t\t\t<div class=\"elementor-accordion-item\">\n\t\t\t\t\t<div id=\"elementor-tab-title-1573\" class=\"elementor-tab-title\" data-tab=\"3\" role=\"button\" aria-controls=\"elementor-tab-content-1573\" aria-expanded=\"false\">\n\t\t\t\t\t\t\t\t\t\t\t\t\t<span class=\"elementor-accordion-icon elementor-accordion-icon-left\" aria-hidden=\"true\">\n\t\t\t\t\t\t\t\t\t\t\t\t\t\t\t<span class=\"elementor-accordion-icon-closed\"><i class=\"fas fa-plus\"><\/i><\/span>\n\t\t\t\t\t\t\t\t<span class=\"elementor-accordion-icon-opened\"><i class=\"fas fa-minus\"><\/i><\/span>\n\t\t\t\t\t\t\t\t\t\t\t\t\t\t<\/span>\n\t\t\t\t\t\t\t\t\t\t\t\t<a class=\"elementor-accordion-title\" tabindex=\"0\">D\u00eda 3: Excursi\u00f3n a Machu Picchu<\/a>\n\t\t\t\t\t<\/div>\n\t\t\t\t\t<div id=\"elementor-tab-content-1573\" class=\"elementor-tab-content elementor-clearfix\" data-tab=\"3\" role=\"region\" aria-labelledby=\"elementor-tab-title-1573\"><p>Recogida en nuestro hotel en Cusco alrededor de las 4:00 a. m. Nos dirigiremos a la estaci\u00f3n de tren de Ollantaytambo, a aproximadamente 1 hora y 30 minutos de Cusco, para luego embarcarnos en este extraordinario viaje en tren a Machu Picchu, donde disfrutaremos de hermosas vistas. El tren atraviesa ecosistemas impresionantes, as\u00ed que tenga su c\u00e1mara lista para tomar fotos.<\/p>\n<p>Aproximadamente cuatro horas despu\u00e9s de nuestra salida de Cusco, llegaremos a la estaci\u00f3n de tren de Aguas Calientes (el pueblo ubicado al pie de Machu Picchu), donde nos estar\u00e1 esperando nuestro gu\u00eda experto. Juntos tomaremos el autob\u00fas de Aguas Calientes a Machu Picchu, un trayecto de 25 minutos.<\/p>\n<p>Al llegar a Machu Picchu, entraremos al sitio arqueol\u00f3gico (no olvide su pasaporte) y nuestro gu\u00eda nos ofrecer\u00e1 un recorrido por la ciudadela de 2 horas. Despu\u00e9s de la visita guiada, tendremos tiempo libre para explorar y tomar fotos.<\/p>\n<p>Tras explorar Machu Picchu, tomaremos el autob\u00fas de regreso a Aguas Calientes. All\u00ed podr\u00e1 disfrutar de los restaurantes, explorar el pueblo o simplemente relajarse.<br \/>\nPor la tarde tomaremos el tren de regreso a Ollantaytambo, donde nuestro conductor nos estar\u00e1 esperando para llevarnos de vuelta a nuestro alojamiento en Cusco.<\/p>\n<p>Pernocte en Cusco.<\/p>\n<\/div>\n\t\t\t\t<\/div>\n\t\t\t\t\t\t\t<div class=\"elementor-accordion-item\">\n\t\t\t\t\t<div id=\"elementor-tab-title-1574\" class=\"elementor-tab-title\" data-tab=\"4\" role=\"button\" aria-controls=\"elementor-tab-content-1574\" aria-expanded=\"false\">\n\t\t\t\t\t\t\t\t\t\t\t\t\t<span class=\"elementor-accordion-icon elementor-accordion-icon-left\" aria-hidden=\"true\">\n\t\t\t\t\t\t\t\t\t\t\t\t\t\t\t<span class=\"elementor-accordion-icon-closed\"><i class=\"fas fa-plus\"><\/i><\/span>\n\t\t\t\t\t\t\t\t<span class=\"elementor-accordion-icon-opened\"><i class=\"fas fa-minus\"><\/i><\/span>\n\t\t\t\t\t\t\t\t\t\t\t\t\t\t<\/span>\n\t\t\t\t\t\t\t\t\t\t\t\t<a class=\"elementor-accordion-title\" tabindex=\"0\">D\u00eda 4: Salida de Cusco<\/a>\n\t\t\t\t\t<\/div>\n\t\t\t\t\t<div id=\"elementor-tab-content-1574\" class=\"elementor-tab-content elementor-clearfix\" data-tab=\"4\" role=\"region\" aria-labelledby=\"elementor-tab-title-1574\"><p>Desayuno en el hotel y traslado al aeropuerto para su vuelo de regreso.<\/p>\n<p>Nota: Check out del hotel a las 11:00am<\/p>\n<p>Fin de nuestros servicios.<\/p>\n<\/div>\n\t\t\t\t<\/div>\n\t\t\t\t\t\t\t\t<\/div>\n\t\t\t\t\t\t<\/div>\n\t\t\t\t<\/div>\n\t\t\t\t<div class=\"elementor-element elementor-element-36b78b8a elementor-widget elementor-widget-text-editor\" data-id=\"36b78b8a\" data-element_type=\"widget\" data-e-type=\"widget\" data-widget_type=\"text-editor.default\">\n\t\t\t\t<div class=\"elementor-widget-container\">\n\t\t\t\t\t\t\t\t\t<h3><span style=\"color: #008000;\">Qu\u00e9 incluye:<\/span><\/h3>\n<ul>\n<li>Traslados aeropuerto &#8211; hotel &#8211; aeropuerto (o terminal de autobuses)<\/li>\n<li>3 noches en Cusco<\/li>\n<li>Desayuno incluido en el hotel<\/li>\n<li>Almuerzo buffet en la monta\u00f1a<\/li>\n<li>Excursi\u00f3n a la Monta\u00f1a Arco\u00edris<\/li>\n<li>Excursi\u00f3n de d\u00eda completo a Machu Picchu<\/li>\n<li>Movilidad para todas las excursiones mencionadas<\/li>\n<li>Visita guiada en ingl\u00e9s o espa\u00f1ol<\/li>\n<li>Entradas a Machu Picchu<\/li>\n<li>Entradas a la Monta\u00f1a Arco\u00edris<\/li>\n<li>Boleto de autob\u00fas: Aguas Calientes-Machu Picchu-Aguas<\/li>\n<li>Calientes Boleto de tren Ollantaytambo-Aguas Calientes-Ollantaytambo (servicio Expedition o Voyager)<\/li>\n<li>Transporte a todas las visitas incluidas en el itinerario<\/li>\n<li>Asistencia 24\/7<\/li>\n<\/ul>\n<h3><span style=\"color: #008000;\">No incluye:<\/span><\/h3>\n<ul>\n<li>Comidas no especificadas en el itinerario<\/li>\n<li>Vuelo\/autob\u00fas desde\/hacia Cusco<\/li>\n<li>Propinas<\/li>\n<\/ul>\n<h3><span style=\"color: #008000;\">Lista de recomendaciones<\/span><\/h3>\n<ul>\n<li>Snacks (frutas secas, galletas, dulces, chocolates, etc.)<\/li>\n<li>Calzado para caminar o zapatillas deportivas<\/li>\n<li>Equipo completo para la lluvia o poncho (de noviembre a abril)<\/li>\n<li>Guantes<\/li>\n<li>Sombrero o gorra<\/li>\n<li>Gafas de sol<\/li>\n<li>Protector solar<\/li>\n<li>Art\u00edculos de aseo (champ\u00fa, jab\u00f3n, crema corporal)<\/li>\n<li>C\u00e1maras de fotos\/video y cargadores<\/li>\n<li>Botella de agua<\/li>\n<\/ul>\n\t\t\t\t\t\t\t\t<\/div>\n\t\t\t\t<\/div>\n\t\t\t\t\t<\/div>\n\t\t<\/div>\n\t\t\t\t\t<\/div>\n\t\t<\/section>\n\t\t\t\t<\/div>\n\t\t","protected":false},"excerpt":{"rendered":"<p><strong>C\u00d3DIGO:<\/strong> PVT-CP001 &#8211; A<\/p>\n<ul>\n<li><strong>Salida<\/strong>: Diaria<\/li>\n<li><strong>Duraci\u00f3n:<\/strong> 4 d\u00edas \/ 3 noches<\/li>\n<li>**\u00a1<span style=\"color: #ff0000;\">RESERVA AHORA Y OBT\u00c9N UN 15% DE DESCUENTO!*<\/span>*<\/li>\n<li><strong style=\"font-size: 16px;\"><span style=\"color: #ff0000;\">La entrada a Machu Picchu depender\u00e1 de la disponibilidad al momento de la reserva y puede ser para el<\/span> Circuito 1, el Circuito 2 o el Circuito 3.<\/strong><\/li>\n<\/ul>\n<p><em>Cont\u00e1ctanos para m\u00e1s informaci\u00f3n.**<\/em><\/p>\n","protected":false},"featured_media":6138,"template":"","meta":{"site-sidebar-layout":"no-sidebar","site-content-layout":"page-builder","ast-site-content-layout":"full-width-container","site-content-style":"unboxed","site-sidebar-style":"unboxed","ast-global-header-display":"","ast-banner-title-visibility":"","ast-main-header-display":"","ast-hfb-above-header-display":"","ast-hfb-below-header-display":"","ast-hfb-mobile-header-display":"","site-post-title":"","ast-breadcrumbs-content":"","ast-featured-img":"disabled","footer-sml-layout":"","ast-disable-related-posts":"","theme-transparent-header-meta":"default","adv-header-id-meta":"","stick-header-meta":"default","header-above-stick-meta":"","header-main-stick-meta":"","header-below-stick-meta":"","astra-migrate-meta-layouts":"default","ast-page-background-enabled":"default","ast-page-background-meta":{"desktop":{"background-color":"var(--ast-global-color-4)","background-image":"","background-repeat":"repeat","background-position":"center center","background-size":"auto","background-attachment":"scroll","background-type":"","background-media":"","overlay-type":"","overlay-color":"","overlay-opacity":"","overlay-gradient":""},"tablet":{"background-color":"","background-image":"","background-repeat":"repeat","background-position":"center center","background-size":"auto","background-attachment":"scroll","background-type":"","background-media":"","overlay-type":"","overlay-color":"","overlay-opacity":"","overlay-gradient":""},"mobile":{"background-color":"","background-image":"","background-repeat":"repeat","background-position":"center center","background-size":"auto","background-attachment":"scroll","background-type":"","background-media":"","overlay-type":"","overlay-color":"","overlay-opacity":"","overlay-gradient":""}},"ast-content-background-meta":{"desktop":{"background-color":"var(--ast-global-color-5)","background-image":"","background-repeat":"repeat","background-position":"center center","background-size":"auto","background-attachment":"scroll","background-type":"","background-media":"","overlay-type":"","overlay-color":"","overlay-opacity":"","overlay-gradient":""},"tablet":{"background-color":"var(--ast-global-color-5)","background-image":"","background-repeat":"repeat","background-position":"center center","background-size":"auto","background-attachment":"scroll","background-type":"","background-media":"","overlay-type":"","overlay-color":"","overlay-opacity":"","overlay-gradient":""},"mobile":{"background-color":"var(--ast-global-color-5)","background-image":"","background-repeat":"repeat","background-position":"center center","background-size":"auto","background-attachment":"scroll","background-type":"","background-media":"","overlay-type":"","overlay-color":"","overlay-opacity":"","overlay-gradient":""}},"_joinchat":[]},"product_brand":[],"product_cat":[122],"product_tag":[],"class_list":{"0":"post-7196","1":"product","2":"type-product","3":"status-publish","4":"has-post-thumbnail","6":"product_cat-paquetes-en-cusco","7":"desktop-align-center","8":"tablet-align-center","9":"mobile-align-center","10":"ast-product-gallery-layout-horizontal-slider","11":"ast-product-gallery-with-no-image","12":"ast-product-single-variable","13":"ast-product-tabs-layout-horizontal","15":"first","16":"instock","17":"shipping-taxable","18":"purchasable","19":"product-type-variable"},"_links":{"self":[{"href":"https:\/\/www.pvtravels.com\/es\/wp-json\/wp\/v2\/product\/7196","targetHints":{"allow":["GET"]}}],"collection":[{"href":"https:\/\/www.pvtravels.com\/es\/wp-json\/wp\/v2\/product"}],"about":[{"href":"https:\/\/www.pvtravels.com\/es\/wp-json\/wp\/v2\/types\/product"}],"version-history":[{"count":13,"href":"https:\/\/www.pvtravels.com\/es\/wp-json\/wp\/v2\/product\/7196\/revisions"}],"predecessor-version":[{"id":7260,"href":"https:\/\/www.pvtravels.com\/es\/wp-json\/wp\/v2\/product\/7196\/revisions\/7260"}],"wp:featuredmedia":[{"embeddable":true,"href":"https:\/\/www.pvtravels.com\/es\/wp-json\/wp\/v2\/media\/6138"}],"wp:attachment":[{"href":"https:\/\/www.pvtravels.com\/es\/wp-json\/wp\/v2\/media?parent=7196"}],"wp:term":[{"taxonomy":"product_brand","embeddable":true,"href":"https:\/\/www.pvtravels.com\/es\/wp-json\/wp\/v2\/product_brand?post=7196"},{"taxonomy":"product_cat","embeddable":true,"href":"https:\/\/www.pvtravels.com\/es\/wp-json\/wp\/v2\/product_cat?post=7196"},{"taxonomy":"product_tag","embeddable":true,"href":"https:\/\/www.pvtravels.com\/es\/wp-json\/wp\/v2\/product_tag?post=7196"}],"curies":[{"name":"wp","href":"https:\/\/api.w.org\/{rel}","templated":true}]}}