{"id":699,"date":"2021-12-16T16:58:38","date_gmt":"2021-12-16T21:58:38","guid":{"rendered":"https:\/\/www.pvtravels.com\/tour\/sin%20categor\u00eda\/cusco-tour-gastronomico\/"},"modified":"2022-02-02T15:51:29","modified_gmt":"2022-02-02T20:51:29","slug":"cusco-tour-gastronomico","status":"publish","type":"product","link":"https:\/\/www.pvtravels.com\/es\/tour\/cusco-machu-picchu-es\/cusco-tradicional\/cusco-tour-gastronomico\/","title":{"rendered":"Cusco Tour Gastron\u00f3mico"},"content":{"rendered":"<h3 style=\"text-align: justify;\"><span style=\"color: #008000;\"><strong>Itinerario:<\/strong><\/span><\/h3>\n<p style=\"text-align: justify;\">La exquisita y variada comida cusque\u00f1a se caracteriza no solo por su sabor y por la combinaci\u00f3n de productos andinos tradicionales de la regi\u00f3n; influye tambi\u00e9n por ser una de las expresiones vivas y m\u00e1s representativas de la cultura andina del sur en Per\u00fa<\/p>\n<p style=\"text-align: justify;\">Todos los d\u00edas, de 9 am a 1 pm (Clase de almuerzo) y de 3 pm a 7 pm (Clase de cena), tendr\u00e1 la oportunidad de unirse a nuestra Experiencia de cocina y aprender m\u00e1s sobre la cocina peruana. Su experiencia culinaria comienza con una visita al mercado local, donde tendr\u00e1 una introducci\u00f3n a una gran y diversa cantidad de ingredientes de las 8 regiones naturales del Per\u00fa y que constituyen una parte importante de la dieta local. Luego, lo llevaremos a nuestro hermoso estudio de cocina, ubicado en el centro de Cusco, donde tendr\u00e1 una clase \u201cpr\u00e1ctica\u201d, donde aprender\u00e1 a preparar platos nutritivos y saludables con nuestros ingredientes m\u00e1s representativos en la secci\u00f3n Orientaci\u00f3n de nuestro Chef Profesional Peruano. Se incluir\u00e1 una bebida refrescante, un men\u00fa de degustaci\u00f3n de cuatro platos y, por supuesto, el famoso Pisco Sour. \u00a1Venga, \u00fanase a nosotros y participe en este \u00abdebe hacer\u00bb durante su estad\u00eda en Cusco!<\/p>\n<p>** <strong>Nota:<\/strong> <em>todos los participantes hacen el mismo men\u00fa en una lecci\u00f3n, clase.<\/em><\/p>\n<h3><span style=\"color: #008000;\"><strong>Qu\u00e9 est\u00e1 incluido:<\/strong><\/span><\/h3>\n<ul>\n<li>Traslado del alojamiento en Cusco<\/li>\n<li>Gu\u00eda del chef<\/li>\n<li>Recorrido por el mercado<\/li>\n<li>Todo lo que necesitas para las comidas<\/li>\n<li>Opciones de bebida (Elija una): el c\u00f3ctel nacional peruano, el pisco sour o la bebida nacional sin alcohol, la chicha morrada<\/li>\n<\/ul>\n<h3><span style=\"color: #008000;\"><strong>No incluido:<\/strong><\/span><\/h3>\n<ul>\n<li>Comidas no especificadas en el itinerario<\/li>\n<li>Alojamiento en Cusco<\/li>\n<li>Retorno al alojamiento<\/li>\n<\/ul>\n<h3><span style=\"color: #008000;\"><strong>Lista recomendada<\/strong><\/span><\/h3>\n<ul>\n<li>Snacks<\/li>\n<li>Zapatos para caminar o zapatillas de deporte<\/li>\n<li>Equipo completo para lluvia o poncho (de noviembre a abril)<\/li>\n<li>Sombrero o gorra<\/li>\n<li>Gafas de sol<\/li>\n<li>Protector solar<\/li>\n<li>Art\u00edculos de aseo<\/li>\n<li>C\u00e1maras de fotos \/ video y cargadores<\/li>\n<li>Botella de agua<\/li>\n<\/ul>\n","protected":false},"excerpt":{"rendered":"<p><strong>CODIGO: <\/strong>PVT-CT007<\/p>\n<ul>\n<li><strong>Salida: todos los d\u00edas &#8211; <\/strong>10:30 \/ 15:30hs<\/li>\n<li><strong>Duraci\u00f3n: Aproximadamente 4 horas<\/strong><\/li>\n<\/ul>\n","protected":false},"featured_media":697,"template":"","meta":{"site-sidebar-layout":"default","site-content-layout":"default","ast-site-content-layout":"default","site-content-style":"default","site-sidebar-style":"default","ast-global-header-display":"","ast-banner-title-visibility":"","ast-main-header-display":"","ast-hfb-above-header-display":"","ast-hfb-below-header-display":"","ast-hfb-mobile-header-display":"","site-post-title":"","ast-breadcrumbs-content":"","ast-featured-img":"","footer-sml-layout":"","ast-disable-related-posts":"","theme-transparent-header-meta":"default","adv-header-id-meta":"","stick-header-meta":"default","header-above-stick-meta":"","header-main-stick-meta":"","header-below-stick-meta":"","astra-migrate-meta-layouts":"default","ast-page-background-enabled":"default","ast-page-background-meta":{"desktop":{"background-color":"var(--ast-global-color-4)","background-image":"","background-repeat":"repeat","background-position":"center center","background-size":"auto","background-attachment":"scroll","background-type":"","background-media":"","overlay-type":"","overlay-color":"","overlay-opacity":"","overlay-gradient":""},"tablet":{"background-color":"","background-image":"","background-repeat":"repeat","background-position":"center center","background-size":"auto","background-attachment":"scroll","background-type":"","background-media":"","overlay-type":"","overlay-color":"","overlay-opacity":"","overlay-gradient":""},"mobile":{"background-color":"","background-image":"","background-repeat":"repeat","background-position":"center center","background-size":"auto","background-attachment":"scroll","background-type":"","background-media":"","overlay-type":"","overlay-color":"","overlay-opacity":"","overlay-gradient":""}},"ast-content-background-meta":{"desktop":{"background-color":"var(--ast-global-color-5)","background-image":"","background-repeat":"repeat","background-position":"center center","background-size":"auto","background-attachment":"scroll","background-type":"","background-media":"","overlay-type":"","overlay-color":"","overlay-opacity":"","overlay-gradient":""},"tablet":{"background-color":"var(--ast-global-color-5)","background-image":"","background-repeat":"repeat","background-position":"center center","background-size":"auto","background-attachment":"scroll","background-type":"","background-media":"","overlay-type":"","overlay-color":"","overlay-opacity":"","overlay-gradient":""},"mobile":{"background-color":"var(--ast-global-color-5)","background-image":"","background-repeat":"repeat","background-position":"center center","background-size":"auto","background-attachment":"scroll","background-type":"","background-media":"","overlay-type":"","overlay-color":"","overlay-opacity":"","overlay-gradient":""}},"_joinchat":[]},"product_brand":[],"product_cat":[41,44],"product_tag":[],"class_list":{"0":"post-699","1":"product","2":"type-product","3":"status-publish","4":"has-post-thumbnail","6":"product_cat-cusco-machu-picchu-es","7":"product_cat-cusco-tradicional","8":"desktop-align-center","9":"tablet-align-center","10":"mobile-align-center","11":"ast-product-gallery-layout-horizontal-slider","12":"ast-product-gallery-with-no-image","13":"ast-product-tabs-layout-horizontal","15":"first","16":"instock","17":"shipping-taxable","18":"purchasable","19":"product-type-simple"},"_links":{"self":[{"href":"https:\/\/www.pvtravels.com\/es\/wp-json\/wp\/v2\/product\/699","targetHints":{"allow":["GET"]}}],"collection":[{"href":"https:\/\/www.pvtravels.com\/es\/wp-json\/wp\/v2\/product"}],"about":[{"href":"https:\/\/www.pvtravels.com\/es\/wp-json\/wp\/v2\/types\/product"}],"version-history":[{"count":3,"href":"https:\/\/www.pvtravels.com\/es\/wp-json\/wp\/v2\/product\/699\/revisions"}],"predecessor-version":[{"id":3539,"href":"https:\/\/www.pvtravels.com\/es\/wp-json\/wp\/v2\/product\/699\/revisions\/3539"}],"wp:featuredmedia":[{"embeddable":true,"href":"https:\/\/www.pvtravels.com\/es\/wp-json\/wp\/v2\/media\/697"}],"wp:attachment":[{"href":"https:\/\/www.pvtravels.com\/es\/wp-json\/wp\/v2\/media?parent=699"}],"wp:term":[{"taxonomy":"product_brand","embeddable":true,"href":"https:\/\/www.pvtravels.com\/es\/wp-json\/wp\/v2\/product_brand?post=699"},{"taxonomy":"product_cat","embeddable":true,"href":"https:\/\/www.pvtravels.com\/es\/wp-json\/wp\/v2\/product_cat?post=699"},{"taxonomy":"product_tag","embeddable":true,"href":"https:\/\/www.pvtravels.com\/es\/wp-json\/wp\/v2\/product_tag?post=699"}],"curies":[{"name":"wp","href":"https:\/\/api.w.org\/{rel}","templated":true}]}}