{"id":6763,"date":"2026-03-05T13:13:08","date_gmt":"2026-03-05T18:13:08","guid":{"rendered":"https:\/\/www.pvtravels.com\/tour\/sin categor\u00eda\/skybike-cusco\/"},"modified":"2026-03-05T13:13:08","modified_gmt":"2026-03-05T18:13:08","slug":"skybike-cusco","status":"publish","type":"product","link":"https:\/\/www.pvtravels.com\/es\/tour\/cusco-machu-picchu-es\/aventuras-cusco\/skybike-cusco\/","title":{"rendered":"Skybike Cusco"},"content":{"rendered":"<h3><span style=\"color: #008000;\">Itinerario:<\/span><\/h3>\n<p style=\"text-align: justify;\">Te recogeremos alrededor de las 8:00 a. m. en tu hotel o en la Plazoleta Regocijo para luego dirigirnos al pueblo de Cachimayo (30 minutos). Una vez en el parque de aventuras, recibir\u00e1s todas las instrucciones de seguridad necesarias e informaci\u00f3n sobre el equipo para las actividades a\u00e9reas.<br \/>\n1. V\u00eda Ferrata: Iremos al inicio de la v\u00eda ferrata para una emocionante ascensi\u00f3n de aproximadamente 50 metros (dificultad K2) equipada con escaleras de hierro. Disfruta de las vistas panor\u00e1micas.<br \/>\n2. Skybike (bicicletas a\u00e9reas): Contin\u00faa tu d\u00eda de aventura con una emocionante experiencia en las bicicletas a\u00e9reas. Disfruta de la sensaci\u00f3n de volar mientras recorres los aproximadamente 130 metros (260 metros ida y vuelta) en la bicicleta a\u00e9rea y admiras el paisaje desde arriba.<br \/>\n3. Picnic: Al llegar a la cima, nos espera un almuerzo tipo picnic que incluye fruta, nueces, queso, aceitunas, pan andino, vino rosado y galletas andinas.<\/p>\n<p style=\"text-align: justify;\">4: Rappel (Descenso con Cuerdas): Concluye tu d\u00eda con una emocionante sesi\u00f3n de rappel. Un instructor te guiar\u00e1 en esta actividad de descenso con cuerdas. Aprovecha esta oportunidad para desafiarte a ti mismo y superar tu miedo a las alturas, y disfruta de la adrenalina mientras te deslizas aproximadamente 20 metros por la pared rocosa. Regresa a la plaza Regocijo alrededor de las 12:30 p. m.<\/p>\n<h3><span style=\"color: #008000;\">Qu\u00e9 incluye:<\/span><\/h3>\n<ul>\n<li>Recogida en el alojamiento en Cusco<\/li>\n<li>Equipo (arn\u00e9s, casco, guantes)<\/li>\n<li>Instructor<\/li>\n<li>Transporte<\/li>\n<li>Botiqu\u00edn de primeros auxilios<\/li>\n<\/ul>\n<h3><span style=\"color: #008000;\">No incluye:<\/span><\/h3>\n<ul>\n<li>Comidas no especificadas en el itinerario<\/li>\n<li>Retorno al alojamiento en Cusco<\/li>\n<\/ul>\n<h3><span style=\"color: #008000;\">Lista de recomendaciones<\/span><\/h3>\n<ul>\n<li>Snacks (frutos secos, galletas, dulces, chocolates, etc.)<\/li>\n<li>Zapatos para caminar o zapatillas deportivas<\/li>\n<li>Equipo completo para la lluvia o poncho (de noviembre a abril)<\/li>\n<li>Sombrero o gorra<\/li>\n<li>Gafas de sol<\/li>\n<li>Protector solar<\/li>\n<li>Botella de agua<\/li>\n<\/ul>\n","protected":false},"excerpt":{"rendered":"<p><strong>C\u00d3DIGO:<\/strong> PVT-CA002<\/p>\n<ul>\n<li><strong>Salida:<\/strong> Diaria: 8 h<\/li>\n<li><strong>Duraci\u00f3n<\/strong>: 5 h<\/li>\n<\/ul>\n","protected":false},"featured_media":6762,"template":"","meta":{"site-sidebar-layout":"default","site-content-layout":"","ast-site-content-layout":"default","site-content-style":"default","site-sidebar-style":"default","ast-global-header-display":"","ast-banner-title-visibility":"","ast-main-header-display":"","ast-hfb-above-header-display":"","ast-hfb-below-header-display":"","ast-hfb-mobile-header-display":"","site-post-title":"","ast-breadcrumbs-content":"","ast-featured-img":"","footer-sml-layout":"","ast-disable-related-posts":"","theme-transparent-header-meta":"default","adv-header-id-meta":"","stick-header-meta":"default","header-above-stick-meta":"","header-main-stick-meta":"","header-below-stick-meta":"","astra-migrate-meta-layouts":"default","ast-page-background-enabled":"default","ast-page-background-meta":{"desktop":{"background-color":"var(--ast-global-color-4)","background-image":"","background-repeat":"repeat","background-position":"center center","background-size":"auto","background-attachment":"scroll","background-type":"","background-media":"","overlay-type":"","overlay-color":"","overlay-opacity":"","overlay-gradient":""},"tablet":{"background-color":"","background-image":"","background-repeat":"repeat","background-position":"center center","background-size":"auto","background-attachment":"scroll","background-type":"","background-media":"","overlay-type":"","overlay-color":"","overlay-opacity":"","overlay-gradient":""},"mobile":{"background-color":"","background-image":"","background-repeat":"repeat","background-position":"center center","background-size":"auto","background-attachment":"scroll","background-type":"","background-media":"","overlay-type":"","overlay-color":"","overlay-opacity":"","overlay-gradient":""}},"ast-content-background-meta":{"desktop":{"background-color":"var(--ast-global-color-5)","background-image":"","background-repeat":"repeat","background-position":"center center","background-size":"auto","background-attachment":"scroll","background-type":"","background-media":"","overlay-type":"","overlay-color":"","overlay-opacity":"","overlay-gradient":""},"tablet":{"background-color":"var(--ast-global-color-5)","background-image":"","background-repeat":"repeat","background-position":"center center","background-size":"auto","background-attachment":"scroll","background-type":"","background-media":"","overlay-type":"","overlay-color":"","overlay-opacity":"","overlay-gradient":""},"mobile":{"background-color":"var(--ast-global-color-5)","background-image":"","background-repeat":"repeat","background-position":"center center","background-size":"auto","background-attachment":"scroll","background-type":"","background-media":"","overlay-type":"","overlay-color":"","overlay-opacity":"","overlay-gradient":""}},"_joinchat":[]},"product_brand":[],"product_cat":[42],"product_tag":[],"class_list":{"0":"post-6763","1":"product","2":"type-product","3":"status-publish","4":"has-post-thumbnail","6":"product_cat-aventuras-cusco","7":"desktop-align-center","8":"tablet-align-center","9":"mobile-align-center","10":"ast-product-gallery-layout-horizontal-slider","11":"ast-product-gallery-with-no-image","12":"ast-product-tabs-layout-horizontal","14":"first","15":"instock","16":"shipping-taxable","17":"purchasable","18":"product-type-simple"},"_links":{"self":[{"href":"https:\/\/www.pvtravels.com\/es\/wp-json\/wp\/v2\/product\/6763","targetHints":{"allow":["GET"]}}],"collection":[{"href":"https:\/\/www.pvtravels.com\/es\/wp-json\/wp\/v2\/product"}],"about":[{"href":"https:\/\/www.pvtravels.com\/es\/wp-json\/wp\/v2\/types\/product"}],"version-history":[{"count":0,"href":"https:\/\/www.pvtravels.com\/es\/wp-json\/wp\/v2\/product\/6763\/revisions"}],"wp:featuredmedia":[{"embeddable":true,"href":"https:\/\/www.pvtravels.com\/es\/wp-json\/wp\/v2\/media\/6762"}],"wp:attachment":[{"href":"https:\/\/www.pvtravels.com\/es\/wp-json\/wp\/v2\/media?parent=6763"}],"wp:term":[{"taxonomy":"product_brand","embeddable":true,"href":"https:\/\/www.pvtravels.com\/es\/wp-json\/wp\/v2\/product_brand?post=6763"},{"taxonomy":"product_cat","embeddable":true,"href":"https:\/\/www.pvtravels.com\/es\/wp-json\/wp\/v2\/product_cat?post=6763"},{"taxonomy":"product_tag","embeddable":true,"href":"https:\/\/www.pvtravels.com\/es\/wp-json\/wp\/v2\/product_tag?post=6763"}],"curies":[{"name":"wp","href":"https:\/\/api.w.org\/{rel}","templated":true}]}}