{"id":6702,"date":"2026-03-05T11:12:34","date_gmt":"2026-03-05T16:12:34","guid":{"rendered":"https:\/\/www.pvtravels.com\/tour\/sin%20categor\u00eda\/bus-turistico-de-cusco-a-puno\/"},"modified":"2026-03-05T11:28:21","modified_gmt":"2026-03-05T16:28:21","slug":"bus-turistico-de-cusco-a-puno","status":"publish","type":"product","link":"https:\/\/www.pvtravels.com\/es\/tour\/cusco-machu-picchu-es\/cusco-puno\/bus-turistico-de-cusco-a-puno\/","title":{"rendered":"Bus tur\u00edstico de Cusco a Puno"},"content":{"rendered":"<h3><span style=\"color: #008000;\">Itinerario:<\/span><\/h3>\n<p style=\"text-align: justify;\">Disfrute de los atractivos tur\u00edsticos que ofrece la famosa \u00abRuta del sol\u00bb. El viaje se inicia desde la ciudad de Puno, con direcci\u00f3n a Cusco, o parte de Cusco a Puno, con casi 400 km entre ambas ciudades. El servicio incluye 5 paradas para visitar el templo colonial de Andahuaylillas reconocido como la Capilla Sixtina de Am\u00e9rica, Raqchi \u201cel templo de Wiracocha, el creador del mundo andino\u201d, Sicuani \u201ccampestre donde disfrutaremos de un delicioso almuerzo buffet\u201d, La Raya \u201cposada tur\u00edstica con hermosos paisajes andinos\u201d y Pucar\u00e1 \u201cconocido como el templo de la fertilidad\u201d.<br \/>\nSalga temprano y brillante de Cusco para un recorrido en autob\u00fas a Puno con hermosas vistas de monta\u00f1as, lagos y ciudades hist\u00f3ricamente sagradas. Almuerce en Sicuani y det\u00e9ngase en los templos de Andahuaylillas y Raqchi, Raya Pass y el Museo L\u00edtico de Pukara para realizar visitas guiadas a estos importantes lugares peruanos.<br \/>\nPrep\u00e1rese para el recorrido de 10 horas por el corredor sur del altiplano, la secci\u00f3n m\u00e1s ancha de la cordillera de los Andes. Su primera parada es San Pedro Ap\u00f3stol de Andahuaylillas, una iglesia del siglo XVI conocida como la Capilla Sixtina de los Andes por sus extravagantes murales y adornos dorados.<br \/>\nEl siguiente es el templo Inka de Raqchi, donde podr\u00e1 vislumbrar el pasado lejano y ver c\u00f3mo era la vida de los adoradores del sol. Despu\u00e9s de explorar los extensos terrenos, haga una pausa para disfrutar de un almuerzo buffet en la cercana ciudad de Sicuani antes de continuar hacia el sur.<br \/>\nAscienda al paso de Raya a 4335 metros sobre el nivel del mar para disfrutar de vistas panor\u00e1micas de los Andes. Contempla el impresionante paisaje lleno de piscinas de agua dulce, monta\u00f1as cubiertas de nieve y vendedores que venden recuerdos tradicionales.<br \/>\nFinalmente, visite el Museo L\u00edtico en Pukara para aprender sobre la cultura inka y aimara. Vea artefactos raros y pasee por el sitio arqueol\u00f3gico del museo para apreciar la fascinante historia de la regi\u00f3n.<br \/>\nCada visita dura de 20 a 40 minutos, lo que le da tiempo para hacer preguntas, tomar fotos y explorar a su propio ritmo. Una vez que llegue a Puno, se separar\u00e1 del grupo y ser\u00e1 trasladado a su alojamiento en Puno.<\/p>\n<p style=\"text-align: justify;\">**buses cuentan con bodegas internas, donde podemos acomodar hasta 2 maletas de 23 kilos por persona**<\/p>\n<h3><span style=\"color: #008000;\">Qu\u00e9 incluye:<\/span><\/h3>\n<ul>\n<li>Recojo de alojamiento en Cusco<\/li>\n<li>Regreso al alojamiento en Puno<\/li>\n<li>Visitas guiadas en Andahuaylillas, Raqchi y Pukara.<\/li>\n<li>Entradas a los lugares visitados<\/li>\n<li>Servicio de guiado biling\u00fce, en ingl\u00e9s y espa\u00f1ol.<\/li>\n<li>Servicio a bordo de bebidas fr\u00edas y calientes.<\/li>\n<li>Almuerzo buffet en el pueblo de Sicuani.<\/li>\n<li>Transporte en autobuses modernos.<\/li>\n<li>C\u00f3modos asientos reclinables.<\/li>\n<li>Ox\u00edgeno medicado. Y botiqu\u00edn de primeros auxilios.<\/li>\n<li>Internet a bordo WIFI. (Solo en lugares con se\u00f1al de internet.)<\/li>\n<\/ul>\n<h3><span style=\"color: #008000;\">No incluido:<\/span><\/h3>\n<ul>\n<li>Comidas no especificadas en el itinerario<\/li>\n<li>Alojamiento en Cusco y Puno<\/li>\n<\/ul>\n<h3><span style=\"color: #008000;\">Lista recomendada<\/span><\/h3>\n<ul>\n<li>Snacks (frutas secas, galletas, dulces, chocolates, etc.)<\/li>\n<li>zapatos para caminar o tenis<\/li>\n<li>sombrero o gorra<\/li>\n<li>Gafas de sol<\/li>\n<li>protector solar<\/li>\n<li>Botella de agua<\/li>\n<\/ul>\n","protected":false},"excerpt":{"rendered":"<p><strong>Descripci\u00f3n<\/strong><\/p>\n<p><strong>C\u00d3DIGO:<\/strong> PVT-TB001<\/p>\n<ul>\n<li><strong>Salida<\/strong>: Diariamente a las 6:50 h<\/li>\n<li><strong>Duraci\u00f3n:<\/strong> Finalizaci\u00f3n prevista sobre las 18:00 h<\/li>\n<\/ul>\n","protected":false},"featured_media":6701,"template":"","meta":{"site-sidebar-layout":"default","site-content-layout":"","ast-site-content-layout":"default","site-content-style":"default","site-sidebar-style":"default","ast-global-header-display":"","ast-banner-title-visibility":"","ast-main-header-display":"","ast-hfb-above-header-display":"","ast-hfb-below-header-display":"","ast-hfb-mobile-header-display":"","site-post-title":"","ast-breadcrumbs-content":"","ast-featured-img":"","footer-sml-layout":"","ast-disable-related-posts":"","theme-transparent-header-meta":"default","adv-header-id-meta":"","stick-header-meta":"default","header-above-stick-meta":"","header-main-stick-meta":"","header-below-stick-meta":"","astra-migrate-meta-layouts":"default","ast-page-background-enabled":"default","ast-page-background-meta":{"desktop":{"background-color":"var(--ast-global-color-4)","background-image":"","background-repeat":"repeat","background-position":"center center","background-size":"auto","background-attachment":"scroll","background-type":"","background-media":"","overlay-type":"","overlay-color":"","overlay-opacity":"","overlay-gradient":""},"tablet":{"background-color":"","background-image":"","background-repeat":"repeat","background-position":"center center","background-size":"auto","background-attachment":"scroll","background-type":"","background-media":"","overlay-type":"","overlay-color":"","overlay-opacity":"","overlay-gradient":""},"mobile":{"background-color":"","background-image":"","background-repeat":"repeat","background-position":"center center","background-size":"auto","background-attachment":"scroll","background-type":"","background-media":"","overlay-type":"","overlay-color":"","overlay-opacity":"","overlay-gradient":""}},"ast-content-background-meta":{"desktop":{"background-color":"var(--ast-global-color-5)","background-image":"","background-repeat":"repeat","background-position":"center center","background-size":"auto","background-attachment":"scroll","background-type":"","background-media":"","overlay-type":"","overlay-color":"","overlay-opacity":"","overlay-gradient":""},"tablet":{"background-color":"var(--ast-global-color-5)","background-image":"","background-repeat":"repeat","background-position":"center center","background-size":"auto","background-attachment":"scroll","background-type":"","background-media":"","overlay-type":"","overlay-color":"","overlay-opacity":"","overlay-gradient":""},"mobile":{"background-color":"var(--ast-global-color-5)","background-image":"","background-repeat":"repeat","background-position":"center center","background-size":"auto","background-attachment":"scroll","background-type":"","background-media":"","overlay-type":"","overlay-color":"","overlay-opacity":"","overlay-gradient":""}},"_joinchat":[]},"product_brand":[],"product_cat":[196],"product_tag":[],"class_list":{"0":"post-6702","1":"product","2":"type-product","3":"status-publish","4":"has-post-thumbnail","6":"product_cat-cusco-puno","7":"desktop-align-center","8":"tablet-align-center","9":"mobile-align-center","10":"ast-product-gallery-layout-horizontal-slider","11":"ast-product-gallery-with-no-image","12":"ast-product-tabs-layout-horizontal","14":"first","15":"instock","16":"shipping-taxable","17":"purchasable","18":"product-type-simple"},"_links":{"self":[{"href":"https:\/\/www.pvtravels.com\/es\/wp-json\/wp\/v2\/product\/6702","targetHints":{"allow":["GET"]}}],"collection":[{"href":"https:\/\/www.pvtravels.com\/es\/wp-json\/wp\/v2\/product"}],"about":[{"href":"https:\/\/www.pvtravels.com\/es\/wp-json\/wp\/v2\/types\/product"}],"version-history":[{"count":1,"href":"https:\/\/www.pvtravels.com\/es\/wp-json\/wp\/v2\/product\/6702\/revisions"}],"predecessor-version":[{"id":6703,"href":"https:\/\/www.pvtravels.com\/es\/wp-json\/wp\/v2\/product\/6702\/revisions\/6703"}],"wp:featuredmedia":[{"embeddable":true,"href":"https:\/\/www.pvtravels.com\/es\/wp-json\/wp\/v2\/media\/6701"}],"wp:attachment":[{"href":"https:\/\/www.pvtravels.com\/es\/wp-json\/wp\/v2\/media?parent=6702"}],"wp:term":[{"taxonomy":"product_brand","embeddable":true,"href":"https:\/\/www.pvtravels.com\/es\/wp-json\/wp\/v2\/product_brand?post=6702"},{"taxonomy":"product_cat","embeddable":true,"href":"https:\/\/www.pvtravels.com\/es\/wp-json\/wp\/v2\/product_cat?post=6702"},{"taxonomy":"product_tag","embeddable":true,"href":"https:\/\/www.pvtravels.com\/es\/wp-json\/wp\/v2\/product_tag?post=6702"}],"curies":[{"name":"wp","href":"https:\/\/api.w.org\/{rel}","templated":true}]}}