{"id":6693,"date":"2026-03-05T10:32:06","date_gmt":"2026-03-05T15:32:06","guid":{"rendered":"https:\/\/www.pvtravels.com\/tour\/sin%20categor\u00eda\/tren-de-lujo-de-cusco-a-puno\/"},"modified":"2026-03-10T10:48:34","modified_gmt":"2026-03-10T15:48:34","slug":"tren-de-lujo-de-cusco-a-puno","status":"publish","type":"product","link":"https:\/\/www.pvtravels.com\/es\/tour\/cusco-machu-picchu-es\/cusco-puno\/tren-de-lujo-de-cusco-a-puno\/","title":{"rendered":"Tren de lujo de Cusco a Puno"},"content":{"rendered":"<h3><span style=\"color: #008000;\">Itinerario:<\/span><\/h3>\n<p>Esta aventura \u00fanica dura aproximadamente 10 horas y 30 minutos. Su viaje perfecto a Puno comienza con un traslado privado desde su alojamiento en Cusco a las 6:50 a. m. y traslado a la estaci\u00f3n de tren, donde ser\u00e1 recibido en la estaci\u00f3n Wanchaq de Cusco. All\u00ed, m\u00fasicos locales le brindar\u00e1n m\u00fasica de fondo mientras sube al tren. Una vez a bordo, podr\u00e1 disfrutar de los dos vagones comedor decorados al estilo de los vagones Pullman de la d\u00e9cada de 1920. Adem\u00e1s, durante el viaje, disfrutar\u00e1 de la mejor comida gourmet y un delicioso t\u00e9 de la tarde. La calidad de nuestro servicio personalizado est\u00e1 garantizada. A su llegada a Puno, recepci\u00f3n en la estaci\u00f3n de tren y traslado a su alojamiento. La hora de llegada est\u00e1 programada para las 18:00 p. m.<\/p>\n<p><strong>Equipaje permitido:<\/strong><br \/>\n1 Mochila con un peso m\u00e1ximo de 8 kg y dimensiones de hasta 100 cm (suma de alto + largo + ancho)<br \/>\n1 Maleta con un peso m\u00e1ximo de 23 kg y dimensiones de hasta 158 cm (suma de alto + largo + ancho)<br \/>\n**Se puede aceptar equipaje adicional con un cargo adicional, sujeto a t\u00e9rminos y condiciones.**<\/p>\n<h3><span style=\"color: #008000;\">Qu\u00e9 incluye:<\/span><\/h3>\n<ul>\n<li>Una bebida caliente de cortes\u00eda.<\/li>\n<li>Bar (todo el d\u00eda): Aperitivos<\/li>\n<li>T\u00e9 de la tarde<\/li>\n<li>Almuerzo gourmet de 3 tiempos con opciones en caso de restricciones alimentarias o alergias.<\/li>\n<li>Almuerzo\/cena: incluye bebidas no alcoh\u00f3licas como jugos, refrescos; copa de vino tinto o blanco y bebidas calientes al final de la comida.<\/li>\n<li>Durante todo el d\u00eda: agua con gas o natural por copa.<\/li>\n<li>T\u00e9 de la tarde: caf\u00e9, t\u00e9 o chocolate (comienza una hora y media antes de la llegada al destino final).<\/li>\n<li>Parada en La Raya (Mercado Andino).<\/li>\n<li>Coche sal\u00f3n<\/li>\n<li>Coche observatorio.<\/li>\n<li>Recogida en su alojamiento en Cusco<\/li>\n<li>Regreso a su alojamiento en Puno<\/li>\n<\/ul>\n<h3><span style=\"color: #008000;\"><strong>No incluido:<\/strong><\/span><\/h3>\n<ul>\n<li>Comidas no especificadas en el itinerario.<\/li>\n<li>Alojamiento<\/li>\n<\/ul>\n<h3><span style=\"color: #008000;\"><strong>Lista recomendada<\/strong><\/span><\/h3>\n<ul>\n<li>Snacks (frutas secas, galletas, dulces, chocolates, etc.)<\/li>\n<li>Zapatos para caminar o zapatillas de deporte<\/li>\n<li>Equipo completo para lluvia o poncho (de noviembre a abril)<\/li>\n<li>Guantes<\/li>\n<li>Sombrero o gorra<\/li>\n<li>Gafas de sol<\/li>\n<li>Protector solar<\/li>\n<li>Art\u00edculos de tocador (champ\u00fa, jab\u00f3n, crema corporal)<\/li>\n<li>C\u00e1maras de fotos \/ video y cargadores.<\/li>\n<li>Botella de agua<\/li>\n<\/ul>\n","protected":false},"excerpt":{"rendered":"<p><strong>Descripci\u00f3n<\/strong><\/p>\n<p><strong>C\u00d3DIGO:<\/strong> PVT-TB002<\/p>\n<ul>\n<li><strong>Salida:<\/strong> Traslado a las 6:50 h<\/li>\n<li><strong>Duraci\u00f3n:<\/strong> Finalizaci\u00f3n prevista sobre las 18:00 h<\/li>\n<li>***<strong><span style=\"color: #000000;\">Salidas de trenes SOLO<\/span> <span style=\"color: #ff0000;\">DOMINGOS, MI\u00c9RCOLES Y VIERNES<\/span><\/strong><\/li>\n<\/ul>\n","protected":false},"featured_media":6692,"template":"","meta":{"site-sidebar-layout":"default","site-content-layout":"","ast-site-content-layout":"default","site-content-style":"default","site-sidebar-style":"default","ast-global-header-display":"","ast-banner-title-visibility":"","ast-main-header-display":"","ast-hfb-above-header-display":"","ast-hfb-below-header-display":"","ast-hfb-mobile-header-display":"","site-post-title":"","ast-breadcrumbs-content":"","ast-featured-img":"","footer-sml-layout":"","ast-disable-related-posts":"","theme-transparent-header-meta":"default","adv-header-id-meta":"","stick-header-meta":"default","header-above-stick-meta":"","header-main-stick-meta":"","header-below-stick-meta":"","astra-migrate-meta-layouts":"default","ast-page-background-enabled":"default","ast-page-background-meta":{"desktop":{"background-color":"var(--ast-global-color-4)","background-image":"","background-repeat":"repeat","background-position":"center center","background-size":"auto","background-attachment":"scroll","background-type":"","background-media":"","overlay-type":"","overlay-color":"","overlay-opacity":"","overlay-gradient":""},"tablet":{"background-color":"","background-image":"","background-repeat":"repeat","background-position":"center center","background-size":"auto","background-attachment":"scroll","background-type":"","background-media":"","overlay-type":"","overlay-color":"","overlay-opacity":"","overlay-gradient":""},"mobile":{"background-color":"","background-image":"","background-repeat":"repeat","background-position":"center center","background-size":"auto","background-attachment":"scroll","background-type":"","background-media":"","overlay-type":"","overlay-color":"","overlay-opacity":"","overlay-gradient":""}},"ast-content-background-meta":{"desktop":{"background-color":"var(--ast-global-color-5)","background-image":"","background-repeat":"repeat","background-position":"center center","background-size":"auto","background-attachment":"scroll","background-type":"","background-media":"","overlay-type":"","overlay-color":"","overlay-opacity":"","overlay-gradient":""},"tablet":{"background-color":"var(--ast-global-color-5)","background-image":"","background-repeat":"repeat","background-position":"center center","background-size":"auto","background-attachment":"scroll","background-type":"","background-media":"","overlay-type":"","overlay-color":"","overlay-opacity":"","overlay-gradient":""},"mobile":{"background-color":"var(--ast-global-color-5)","background-image":"","background-repeat":"repeat","background-position":"center center","background-size":"auto","background-attachment":"scroll","background-type":"","background-media":"","overlay-type":"","overlay-color":"","overlay-opacity":"","overlay-gradient":""}},"_joinchat":[]},"product_brand":[],"product_cat":[196],"product_tag":[],"class_list":{"0":"post-6693","1":"product","2":"type-product","3":"status-publish","4":"has-post-thumbnail","6":"product_cat-cusco-puno","7":"desktop-align-center","8":"tablet-align-center","9":"mobile-align-center","10":"ast-product-gallery-layout-horizontal-slider","11":"ast-product-gallery-with-no-image","12":"ast-product-tabs-layout-horizontal","14":"first","15":"instock","16":"shipping-taxable","17":"purchasable","18":"product-type-simple"},"_links":{"self":[{"href":"https:\/\/www.pvtravels.com\/es\/wp-json\/wp\/v2\/product\/6693","targetHints":{"allow":["GET"]}}],"collection":[{"href":"https:\/\/www.pvtravels.com\/es\/wp-json\/wp\/v2\/product"}],"about":[{"href":"https:\/\/www.pvtravels.com\/es\/wp-json\/wp\/v2\/types\/product"}],"version-history":[{"count":2,"href":"https:\/\/www.pvtravels.com\/es\/wp-json\/wp\/v2\/product\/6693\/revisions"}],"predecessor-version":[{"id":6934,"href":"https:\/\/www.pvtravels.com\/es\/wp-json\/wp\/v2\/product\/6693\/revisions\/6934"}],"wp:featuredmedia":[{"embeddable":true,"href":"https:\/\/www.pvtravels.com\/es\/wp-json\/wp\/v2\/media\/6692"}],"wp:attachment":[{"href":"https:\/\/www.pvtravels.com\/es\/wp-json\/wp\/v2\/media?parent=6693"}],"wp:term":[{"taxonomy":"product_brand","embeddable":true,"href":"https:\/\/www.pvtravels.com\/es\/wp-json\/wp\/v2\/product_brand?post=6693"},{"taxonomy":"product_cat","embeddable":true,"href":"https:\/\/www.pvtravels.com\/es\/wp-json\/wp\/v2\/product_cat?post=6693"},{"taxonomy":"product_tag","embeddable":true,"href":"https:\/\/www.pvtravels.com\/es\/wp-json\/wp\/v2\/product_tag?post=6693"}],"curies":[{"name":"wp","href":"https:\/\/api.w.org\/{rel}","templated":true}]}}