{"id":6444,"date":"2026-02-04T12:53:34","date_gmt":"2026-02-04T17:53:34","guid":{"rendered":"https:\/\/www.pvtravels.com\/?post_type=product&#038;p=6444"},"modified":"2026-02-04T13:02:01","modified_gmt":"2026-02-04T18:02:01","slug":"arequipa-4-dias-3-noches","status":"publish","type":"product","link":"https:\/\/www.pvtravels.com\/es\/tour\/paquetes-para-peruanos-es\/arequipa-4-dias-3-noches\/","title":{"rendered":"Arequipa 4 d\u00edas 3 noches"},"content":{"rendered":"\t\t<div data-elementor-type=\"product-post\" data-elementor-id=\"6444\" class=\"elementor elementor-6444\" data-elementor-post-type=\"product\">\n\t\t\t\t\t\t<section class=\"elementor-section elementor-top-section elementor-element elementor-element-75ba2c0f elementor-section-boxed elementor-section-height-default elementor-section-height-default\" data-id=\"75ba2c0f\" data-element_type=\"section\" data-e-type=\"section\">\n\t\t\t\t\t\t<div class=\"elementor-container elementor-column-gap-default\">\n\t\t\t\t\t<div class=\"elementor-column elementor-col-100 elementor-top-column elementor-element elementor-element-72857de5\" data-id=\"72857de5\" data-element_type=\"column\" data-e-type=\"column\">\n\t\t\t<div class=\"elementor-widget-wrap elementor-element-populated\">\n\t\t\t\t\t\t<div class=\"elementor-element elementor-element-8e907a8 elementor-widget elementor-widget-heading\" data-id=\"8e907a8\" data-element_type=\"widget\" data-e-type=\"widget\" data-widget_type=\"heading.default\">\n\t\t\t\t<div class=\"elementor-widget-container\">\n\t\t\t\t\t<h3 class=\"elementor-heading-title elementor-size-default\">Itinerario<\/h3>\t\t\t\t<\/div>\n\t\t\t\t<\/div>\n\t\t\t\t<div class=\"elementor-element elementor-element-1204a38b elementor-widget elementor-widget-accordion\" data-id=\"1204a38b\" data-element_type=\"widget\" data-e-type=\"widget\" data-widget_type=\"accordion.default\">\n\t\t\t\t<div class=\"elementor-widget-container\">\n\t\t\t\t\t\t\t<div class=\"elementor-accordion\">\n\t\t\t\t\t\t\t<div class=\"elementor-accordion-item\">\n\t\t\t\t\t<div id=\"elementor-tab-title-3021\" class=\"elementor-tab-title\" data-tab=\"1\" role=\"button\" aria-controls=\"elementor-tab-content-3021\" aria-expanded=\"false\">\n\t\t\t\t\t\t\t\t\t\t\t\t\t<span class=\"elementor-accordion-icon elementor-accordion-icon-left\" aria-hidden=\"true\">\n\t\t\t\t\t\t\t\t\t\t\t\t\t\t\t<span class=\"elementor-accordion-icon-closed\"><i class=\"fas fa-plus\"><\/i><\/span>\n\t\t\t\t\t\t\t\t<span class=\"elementor-accordion-icon-opened\"><i class=\"fas fa-minus\"><\/i><\/span>\n\t\t\t\t\t\t\t\t\t\t\t\t\t\t<\/span>\n\t\t\t\t\t\t\t\t\t\t\t\t<a class=\"elementor-accordion-title\" tabindex=\"0\">D\u00eda 1: Llegada a Arequipa<\/a>\n\t\t\t\t\t<\/div>\n\t\t\t\t\t<div id=\"elementor-tab-content-3021\" class=\"elementor-tab-content elementor-clearfix\" data-tab=\"1\" role=\"region\" aria-labelledby=\"elementor-tab-title-3021\"><p>En su llegada a Arequipa (aeropuerto o estaci\u00f3n de buses) recojo y traslado al hotel.<\/p><p>**NOTA:. Check in en el hotel a partir de la 1pm<\/p><p style=\"text-align: justify;\"><em><strong><span style=\"text-decoration: underline;\">Arequipa Mirabus<\/span><\/strong><\/em><\/p><p>Recojo de su alojamiento a las 2pm en Arequipa para comenzar este interesante recorrido conocido como Mirabus panor\u00e1mico de Arequipa, comenzamos con una visita a los monumentos arquitect\u00f3nicos y hermosos miradores naturales que rodean la ciudad blanca.<\/p><p>Luego iremos a las afueras de la ciudad donde primero visitaremos el hermoso mirador Sachaca, que ofrecer\u00e1 un hermoso paisaje natural de Arequipa y volcanes.<\/p><p>Luego conducimos nuestro autom\u00f3vil hasta la Misi\u00f3n del Fundador, hermoso edificio colonial donde vivi\u00f3 el fundador de la ciudad de Arequipa<\/p><p>Garc\u00eda Manuel de Carvajal en el siglo XV.<\/p><p>Finalmente viajamos a trav\u00e9s de espectaculares paisajes andinos y llegamos al molino Sabandia, una impresionante construcci\u00f3n basada en roca volc\u00e1nica conocida como sillar, donde se puede ver un antiguo molino de piedra que se construy\u00f3 en el a\u00f1o 1785.<\/p><p style=\"text-align: justify;\">Pernocte en hotel &#8211; HOTEL HERUZALEM<\/p><\/div>\n\t\t\t\t<\/div>\n\t\t\t\t\t\t\t<div class=\"elementor-accordion-item\">\n\t\t\t\t\t<div id=\"elementor-tab-title-3022\" class=\"elementor-tab-title\" data-tab=\"2\" role=\"button\" aria-controls=\"elementor-tab-content-3022\" aria-expanded=\"false\">\n\t\t\t\t\t\t\t\t\t\t\t\t\t<span class=\"elementor-accordion-icon elementor-accordion-icon-left\" aria-hidden=\"true\">\n\t\t\t\t\t\t\t\t\t\t\t\t\t\t\t<span class=\"elementor-accordion-icon-closed\"><i class=\"fas fa-plus\"><\/i><\/span>\n\t\t\t\t\t\t\t\t<span class=\"elementor-accordion-icon-opened\"><i class=\"fas fa-minus\"><\/i><\/span>\n\t\t\t\t\t\t\t\t\t\t\t\t\t\t<\/span>\n\t\t\t\t\t\t\t\t\t\t\t\t<a class=\"elementor-accordion-title\" tabindex=\"0\">D\u00eda 2: Full day Ca\u00f1\u00f3n del Colca<\/a>\n\t\t\t\t\t<\/div>\n\t\t\t\t\t<div id=\"elementor-tab-content-3022\" class=\"elementor-tab-content elementor-clearfix\" data-tab=\"2\" role=\"region\" aria-labelledby=\"elementor-tab-title-3022\"><p>Salimos de Arequipa entre las 2:30-3:00am, conduciremos durante 3 horas al noroeste detr\u00e1s de Chachani hasta Chivay, capital del Ca\u00f1\u00f3n del Colca. Donde desayunaremos.<\/p><p>Continuamos conduciendo durante 2 horas en el lugar m\u00e1s famoso del Ca\u00f1\u00f3n del Colca \u00abLa Cruz del C\u00f3ndor\u00bb. Aqu\u00ed es donde vemos la profundidad del ca\u00f1\u00f3n y el vuelo del c\u00f3ndor.<\/p><p>El \u00e1rea tiene hermosos pueblos t\u00edpicos como Yanque y Maca, iglesias coloniales, gente amigable con vestidos y sombreros con costura t\u00edpica, y cientos de terrazas pre-incas que todav\u00eda est\u00e1n en uso con cultivos andinos como el ma\u00edz, la quinoa y<br \/>el amaranto.<\/p><p>Ya en Chivay al mediod\u00eda, hay una visita opcional a las aguas termales de La Calera, con piscinas que tienen una temperatura del agua de 40 \u00b0 C \/ 104 \u00b0 F.<\/p><p>Una vez en Chivay tendremos un almuerzo tradicional y despu\u00e9s del almuerzo viajaremos de regreso a Arequipa. Nos detendremos en el camino, en el escal\u00f3n m\u00e1s alto: el mirador de los volcanes y las monta\u00f1as cubiertas de nieve en Patapampa (4,800 m).<\/p><p>M\u00e1s adelante veremos vicu\u00f1as silvestres, alpacas y llamas en la reserva nacional de Pampa Ca\u00f1ahuas y algunas aves como flamencos, ibis, gansos andinos, patos y \u00e1guilas llamados \u00abKara Kara\u00bb.<\/p><p>Finalmente llegamos a la ciudad de Arequipa al final de la tarde, aproximadamente a las 17:00.<\/p><p style=\"text-align: justify;\">Pernocte en hotel &#8211; HOTEL HERUZALEM<\/p><\/div>\n\t\t\t\t<\/div>\n\t\t\t\t\t\t\t<div class=\"elementor-accordion-item\">\n\t\t\t\t\t<div id=\"elementor-tab-title-3023\" class=\"elementor-tab-title\" data-tab=\"3\" role=\"button\" aria-controls=\"elementor-tab-content-3023\" aria-expanded=\"false\">\n\t\t\t\t\t\t\t\t\t\t\t\t\t<span class=\"elementor-accordion-icon elementor-accordion-icon-left\" aria-hidden=\"true\">\n\t\t\t\t\t\t\t\t\t\t\t\t\t\t\t<span class=\"elementor-accordion-icon-closed\"><i class=\"fas fa-plus\"><\/i><\/span>\n\t\t\t\t\t\t\t\t<span class=\"elementor-accordion-icon-opened\"><i class=\"fas fa-minus\"><\/i><\/span>\n\t\t\t\t\t\t\t\t\t\t\t\t\t\t<\/span>\n\t\t\t\t\t\t\t\t\t\t\t\t<a class=\"elementor-accordion-title\" tabindex=\"0\">D\u00eda 3: Full day Laguna Salinas<\/a>\n\t\t\t\t\t<\/div>\n\t\t\t\t\t<div id=\"elementor-tab-content-3023\" class=\"elementor-tab-content elementor-clearfix\" data-tab=\"3\" role=\"region\" aria-labelledby=\"elementor-tab-title-3023\"><p>Recojo del alojamiento en Arequipa alrededor de las 06:30 am.<\/p><p>Iniciamos nuestro viaje hacia la Laguna de Salinas realizando diferentes paradas.<br \/>Nuestra primera visita ser\u00e1 en el Mirador de los Volcanes en el distrito de Chiguata; que llegaremos en un promedio de 45 minutos; desde all\u00ed podremos observar nuestros volcanes representativos y tomar fotograf\u00edas.<\/p><p>Posteriormente, llegaremos a la plaza de armas de Chiguata, donde se encuentra su tradicional iglesia del Esp\u00edritu Santo, y disfrutaremos de un desayuno tradicional de la regi\u00f3n .<\/p><p>Luego continuaremos nuestro camino y en un recorrido de 01 hora aproximadamente haremos una parada en Alto Simbral (4200 msnm) donde podremos observar plantas propias de la regi\u00f3n como Que\u00f1ua, Yareta, Tola, etc.<\/p><p>Continuando nuestro recorrido llegaremos a la Lagoa das Salinas donde permaneceremos entre 01 hora y 01 hora y 30 minutos realizando diferentes paradas para observar flamencos, parihuanas y espejos de agua.<\/p><p>Luego nos dirigiremos hacia las Termas de Lojen y el mini volc\u00e1n para disfrutar de un relajante ba\u00f1o.<\/p><p>Finalmente, retornaremos a Chiguata para almorzar (no incluido) y luego emprenderemos el camino de regreso a la ciudad de Arequipa. Llegada a la ciudad alrededor de las 17:00 horas y os dejaremos cerca de la Plaza de Armas.<\/p><p style=\"text-align: justify;\">Pernocte en hotel &#8211; HOTEL HERUZALEM<\/p><\/div>\n\t\t\t\t<\/div>\n\t\t\t\t\t\t\t<div class=\"elementor-accordion-item\">\n\t\t\t\t\t<div id=\"elementor-tab-title-3024\" class=\"elementor-tab-title\" data-tab=\"4\" role=\"button\" aria-controls=\"elementor-tab-content-3024\" aria-expanded=\"false\">\n\t\t\t\t\t\t\t\t\t\t\t\t\t<span class=\"elementor-accordion-icon elementor-accordion-icon-left\" aria-hidden=\"true\">\n\t\t\t\t\t\t\t\t\t\t\t\t\t\t\t<span class=\"elementor-accordion-icon-closed\"><i class=\"fas fa-plus\"><\/i><\/span>\n\t\t\t\t\t\t\t\t<span class=\"elementor-accordion-icon-opened\"><i class=\"fas fa-minus\"><\/i><\/span>\n\t\t\t\t\t\t\t\t\t\t\t\t\t\t<\/span>\n\t\t\t\t\t\t\t\t\t\t\t\t<a class=\"elementor-accordion-title\" tabindex=\"0\">D\u00eda 4: Salida de Arequipa<\/a>\n\t\t\t\t\t<\/div>\n\t\t\t\t\t<div id=\"elementor-tab-content-3024\" class=\"elementor-tab-content elementor-clearfix\" data-tab=\"4\" role=\"region\" aria-labelledby=\"elementor-tab-title-3024\"><p>En la hora apropiada, traslado del hote al aeropuerto o estaci\u00f3n de buses de Arequipa<\/p><p>**NOTA:. Check out en el hotel a las 11am<\/p><p>Fin de nuestros servicios!<\/p><\/div>\n\t\t\t\t<\/div>\n\t\t\t\t\t\t\t\t<\/div>\n\t\t\t\t\t\t<\/div>\n\t\t\t\t<\/div>\n\t\t\t\t<div class=\"elementor-element elementor-element-57e53965 elementor-widget elementor-widget-text-editor\" data-id=\"57e53965\" data-element_type=\"widget\" data-e-type=\"widget\" data-widget_type=\"text-editor.default\">\n\t\t\t\t<div class=\"elementor-widget-container\">\n\t\t\t\t\t\t\t\t\t<h3><span style=\"color: #ff0000;\"><strong>Precios:<\/strong><\/span><\/h3><ul><li><strong> Habitaci\u00f3n individual &#8211; S\/874.00<\/strong><\/li><li><strong>Habitaci\u00f3n doble\/matrimonial &#8211; S\/588.00<\/strong><\/li><li><strong>Habitaci\u00f3n triple &#8211; S\/537.00<\/strong><\/li><li><strong>Habitaci\u00f3n cu\u00e1druple &#8211; S\/520.00<\/strong><\/li><\/ul><p><em>**Todos los precios son por persona<\/em><\/p><h3><span style=\"color: #008000;\"><strong>Qu\u00e9 est\u00e1 incluido:<\/strong><\/span><\/h3><ul><li>Traslado aeropuerto-hotel aeropuerto (o estaci\u00f3n de buses)<\/li><li>3 noches de alojamiento en Arequipa<\/li><li>3 desayunos 1 almuerzo<\/li><li>Visitas como especificado en el itinerario<\/li><li>Todas las entradas a las visitas<\/li><li>Guia en espa\u00f1ol<\/li><li>Transporte a todas las visitas<\/li><li>Soporte 24\/7<\/li><\/ul><h3><span style=\"color: #008000;\"><strong>No incluido:<\/strong><\/span><\/h3><ul><li>Transporte de llegada y salida de Arequipa<\/li><li><span style=\"color: #ff0000;\">Entradas al Mirabus<\/span><\/li><li><span style=\"color: #ff0000;\">Entradas al Colca &#8211; S\/20.00 por persona peruana \/\/ S\/40.00 por persona mercosur<\/span><\/li><li><span style=\"color: #ff0000;\">Entradas a las Salinas &#8211; S\/20.00 por persona<\/span><\/li><li>Comidas no especificadas<\/li><li>Seguro de viaje<\/li><\/ul><h3><span style=\"color: #008000;\"><strong>Lista recomendada<\/strong><\/span><\/h3><ul><li>Snacks (frutas secas, galletas, caramelos, chocolates, etc)<\/li><li>Zapatos para caminar o zapatillas de deporte<\/li><li>Sombrero o gorra<\/li><li>Lentes de sol<\/li><li>Protector solar<\/li><li>Art\u00edculos de aseo (shampoo, cremas, jab\u00f3n)<\/li><li>Botella de agua<\/li><\/ul><h3><span style=\"color: #ff0000;\"><strong>NOTAS IMPORTANTES:<\/strong><\/span><\/h3><p><strong>**Precios exclusivos para Peruanos**<\/strong><\/p><p><strong>Pol\u00edtica de Reservas<\/strong><\/p><ul><li>Precios en SOLES.<\/li><li>Todos los precios son por persona.<\/li><li>Para confirmar una reserva, se debe abonar el importe total.<\/li><li>PV Travel no se responsabiliza por la p\u00e9rdida o el robo de objetos en ninguno de nuestros tours, programas o alojamientos.<\/li><li>Caso sea deseable la emisi\u00f3n de factura, ser\u00e1 cobrado 18% al valor total que deber\u00e1 ser pagado por el usuario<\/li><li>Las cancelaciones por cambios clim\u00e1ticos, tormentas, deslizamientos o fuerza mayor NO ser\u00e1n reembolsadas.<\/li><li>Si el viajero decide retirarse antes de la finalizaci\u00f3n del servicio, NO se realizar\u00e1 ning\u00fan reembolso.<\/li><li>Si el viajero no asiste el d\u00eda del servicio, este se considerar\u00e1 \u00abcompletado\u00bb sin derecho a reclamos ni reembolsos.<\/li><li>Los asientos en el transporte no se asignan; el transporte se organiza por orden de llegada.<\/li><li>Todos los servicios se comparten con otros viajeros en grupos, a menos que se especifique lo contrario.<\/li><li>Los ni\u00f1os menores de 3 a\u00f1os no pagan, siempre que compartan asiento y cama con sus tutores.<\/li><li>M\u00e1ximo un ni\u00f1o por habitaci\u00f3n que no paga.<\/li><\/ul><p><strong>Pol\u00edtica de cancelaci\u00f3n y reembolso<\/strong><\/p><ul><li>Todas las cancelaciones realizadas 30 d\u00edas o menos antes del inicio de nuestros servicios tendr\u00e1n un cargo del 100% y, por lo tanto, no son reembolsables ni<br \/>transferibles.<\/li><li>Los servicios de viaje cancelados 31 d\u00edas antes del inicio del programa son reembolsables hasta el 50%, menos los cargos de pago ( transferencia bancaria ) y\/o<br \/>los cr\u00e9ditos aplicados.<\/li><\/ul>\t\t\t\t\t\t\t\t<\/div>\n\t\t\t\t<\/div>\n\t\t\t\t\t<\/div>\n\t\t<\/div>\n\t\t\t\t\t<\/div>\n\t\t<\/section>\n\t\t\t\t<\/div>\n\t\t","protected":false},"excerpt":{"rendered":"<p><strong>PVT &#8211; AQ4001<\/strong><\/p>\n<h3><span style=\"color: #ff0000;\"><strong>Precios:<\/strong><\/span><\/h3>\n<ul>\n<li><strong> Habitaci\u00f3n individual &#8211; S\/874.00<\/strong><\/li>\n<li><strong>Habitaci\u00f3n doble\/matrimonial &#8211; S\/588.00<\/strong><\/li>\n<li><strong>Habitaci\u00f3n triple &#8211; S\/537.00<\/strong><\/li>\n<li><strong>Habitaci\u00f3n cu\u00e1druple &#8211; S\/520.00<\/strong><\/li>\n<\/ul>\n<p>Para reservas, por favor\u00a0<a href=\"https:\/\/www.pvtravels.com\/es\/contacto\/\">cont\u00e1ctenos<\/a><\/p>\n","protected":false},"featured_media":6445,"template":"","meta":{"site-sidebar-layout":"no-sidebar","site-content-layout":"page-builder","ast-site-content-layout":"full-width-container","site-content-style":"unboxed","site-sidebar-style":"unboxed","ast-global-header-display":"","ast-banner-title-visibility":"","ast-main-header-display":"","ast-hfb-above-header-display":"","ast-hfb-below-header-display":"","ast-hfb-mobile-header-display":"","site-post-title":"disabled","ast-breadcrumbs-content":"","ast-featured-img":"disabled","footer-sml-layout":"","ast-disable-related-posts":"","theme-transparent-header-meta":"default","adv-header-id-meta":"","stick-header-meta":"default","header-above-stick-meta":"","header-main-stick-meta":"","header-below-stick-meta":"","astra-migrate-meta-layouts":"set","ast-page-background-enabled":"default","ast-page-background-meta":{"desktop":{"background-color":"var(--ast-global-color-4)","background-image":"","background-repeat":"repeat","background-position":"center center","background-size":"auto","background-attachment":"scroll","background-type":"","background-media":"","overlay-type":"","overlay-color":"","overlay-opacity":"","overlay-gradient":""},"tablet":{"background-color":"","background-image":"","background-repeat":"repeat","background-position":"center center","background-size":"auto","background-attachment":"scroll","background-type":"","background-media":"","overlay-type":"","overlay-color":"","overlay-opacity":"","overlay-gradient":""},"mobile":{"background-color":"","background-image":"","background-repeat":"repeat","background-position":"center center","background-size":"auto","background-attachment":"scroll","background-type":"","background-media":"","overlay-type":"","overlay-color":"","overlay-opacity":"","overlay-gradient":""}},"ast-content-background-meta":{"desktop":{"background-color":"var(--ast-global-color-5)","background-image":"","background-repeat":"repeat","background-position":"center center","background-size":"auto","background-attachment":"scroll","background-type":"","background-media":"","overlay-type":"","overlay-color":"","overlay-opacity":"","overlay-gradient":""},"tablet":{"background-color":"var(--ast-global-color-5)","background-image":"","background-repeat":"repeat","background-position":"center center","background-size":"auto","background-attachment":"scroll","background-type":"","background-media":"","overlay-type":"","overlay-color":"","overlay-opacity":"","overlay-gradient":""},"mobile":{"background-color":"var(--ast-global-color-5)","background-image":"","background-repeat":"repeat","background-position":"center center","background-size":"auto","background-attachment":"scroll","background-type":"","background-media":"","overlay-type":"","overlay-color":"","overlay-opacity":"","overlay-gradient":""}},"_joinchat":[]},"product_brand":[],"product_cat":[162],"product_tag":[],"class_list":{"0":"post-6444","1":"product","2":"type-product","3":"status-publish","4":"has-post-thumbnail","6":"product_cat-paquetes-para-peruanos-es","7":"desktop-align-center","8":"tablet-align-center","9":"mobile-align-center","10":"ast-product-gallery-layout-horizontal-slider","11":"ast-product-gallery-with-no-image","12":"ast-product-tabs-layout-horizontal","14":"first","15":"instock","16":"shipping-taxable","17":"product-type-simple"},"_links":{"self":[{"href":"https:\/\/www.pvtravels.com\/es\/wp-json\/wp\/v2\/product\/6444","targetHints":{"allow":["GET"]}}],"collection":[{"href":"https:\/\/www.pvtravels.com\/es\/wp-json\/wp\/v2\/product"}],"about":[{"href":"https:\/\/www.pvtravels.com\/es\/wp-json\/wp\/v2\/types\/product"}],"version-history":[{"count":4,"href":"https:\/\/www.pvtravels.com\/es\/wp-json\/wp\/v2\/product\/6444\/revisions"}],"predecessor-version":[{"id":6451,"href":"https:\/\/www.pvtravels.com\/es\/wp-json\/wp\/v2\/product\/6444\/revisions\/6451"}],"wp:featuredmedia":[{"embeddable":true,"href":"https:\/\/www.pvtravels.com\/es\/wp-json\/wp\/v2\/media\/6445"}],"wp:attachment":[{"href":"https:\/\/www.pvtravels.com\/es\/wp-json\/wp\/v2\/media?parent=6444"}],"wp:term":[{"taxonomy":"product_brand","embeddable":true,"href":"https:\/\/www.pvtravels.com\/es\/wp-json\/wp\/v2\/product_brand?post=6444"},{"taxonomy":"product_cat","embeddable":true,"href":"https:\/\/www.pvtravels.com\/es\/wp-json\/wp\/v2\/product_cat?post=6444"},{"taxonomy":"product_tag","embeddable":true,"href":"https:\/\/www.pvtravels.com\/es\/wp-json\/wp\/v2\/product_tag?post=6444"}],"curies":[{"name":"wp","href":"https:\/\/api.w.org\/{rel}","templated":true}]}}