{"id":6435,"date":"2026-02-04T12:30:55","date_gmt":"2026-02-04T17:30:55","guid":{"rendered":"https:\/\/www.pvtravels.com\/?post_type=product&#038;p=6435"},"modified":"2026-02-04T12:46:23","modified_gmt":"2026-02-04T17:46:23","slug":"cusco-montana-palcoyo-4-dias-3-noches","status":"publish","type":"product","link":"https:\/\/www.pvtravels.com\/es\/tour\/paquetes-para-peruanos-es\/cusco-montana-palcoyo-4-dias-3-noches\/","title":{"rendered":"Cusco &#038; Monta\u00f1a Palcoyo 4 d\u00edas 3 noches"},"content":{"rendered":"\t\t<div data-elementor-type=\"product-post\" data-elementor-id=\"6435\" class=\"elementor elementor-6435\" data-elementor-post-type=\"product\">\n\t\t\t\t\t\t<section class=\"elementor-section elementor-top-section elementor-element elementor-element-75ba2c0f elementor-section-boxed elementor-section-height-default elementor-section-height-default\" data-id=\"75ba2c0f\" data-element_type=\"section\" data-e-type=\"section\">\n\t\t\t\t\t\t<div class=\"elementor-container elementor-column-gap-default\">\n\t\t\t\t\t<div class=\"elementor-column elementor-col-100 elementor-top-column elementor-element elementor-element-72857de5\" data-id=\"72857de5\" data-element_type=\"column\" data-e-type=\"column\">\n\t\t\t<div class=\"elementor-widget-wrap elementor-element-populated\">\n\t\t\t\t\t\t<div class=\"elementor-element elementor-element-8e907a8 elementor-widget elementor-widget-heading\" data-id=\"8e907a8\" data-element_type=\"widget\" data-e-type=\"widget\" data-widget_type=\"heading.default\">\n\t\t\t\t<div class=\"elementor-widget-container\">\n\t\t\t\t\t<h3 class=\"elementor-heading-title elementor-size-default\">Itinerario<\/h3>\t\t\t\t<\/div>\n\t\t\t\t<\/div>\n\t\t\t\t<div class=\"elementor-element elementor-element-1204a38b elementor-widget elementor-widget-accordion\" data-id=\"1204a38b\" data-element_type=\"widget\" data-e-type=\"widget\" data-widget_type=\"accordion.default\">\n\t\t\t\t<div class=\"elementor-widget-container\">\n\t\t\t\t\t\t\t<div class=\"elementor-accordion\">\n\t\t\t\t\t\t\t<div class=\"elementor-accordion-item\">\n\t\t\t\t\t<div id=\"elementor-tab-title-3021\" class=\"elementor-tab-title\" data-tab=\"1\" role=\"button\" aria-controls=\"elementor-tab-content-3021\" aria-expanded=\"false\">\n\t\t\t\t\t\t\t\t\t\t\t\t\t<span class=\"elementor-accordion-icon elementor-accordion-icon-left\" aria-hidden=\"true\">\n\t\t\t\t\t\t\t\t\t\t\t\t\t\t\t<span class=\"elementor-accordion-icon-closed\"><i class=\"fas fa-plus\"><\/i><\/span>\n\t\t\t\t\t\t\t\t<span class=\"elementor-accordion-icon-opened\"><i class=\"fas fa-minus\"><\/i><\/span>\n\t\t\t\t\t\t\t\t\t\t\t\t\t\t<\/span>\n\t\t\t\t\t\t\t\t\t\t\t\t<a class=\"elementor-accordion-title\" tabindex=\"0\">D\u00eda 1: Llegada a Cusco<\/a>\n\t\t\t\t\t<\/div>\n\t\t\t\t\t<div id=\"elementor-tab-content-3021\" class=\"elementor-tab-content elementor-clearfix\" data-tab=\"1\" role=\"region\" aria-labelledby=\"elementor-tab-title-3021\"><p>En su llegada a Cusco (aeropuerto o estaci\u00f3n de buses) recojo y traslado al hotel.<\/p><p>**NOTA:. Check in en el hotel a partir de la 1pm<\/p><p style=\"text-align: justify;\"><em><strong><span style=\"text-decoration: underline;\">Cusco City tour<\/span><\/strong><\/em><\/p><p>Recogida en su alojamiento en Cusco alrededor de la 1:30pm y visitaremos el Templo del Sol (Qoricancha) y los diversos sitios incas que se encuentran a las afueras del centro de la ciudad, como la Fortaleza de Sacsayhuaman, Quenqo, Pucapucara y los ba\u00f1os incas de Tambomachay.<\/p><p style=\"text-align: justify;\">Pernocte en hotel &#8211; HOTEL PAQARINA SAN BLAS<\/p><\/div>\n\t\t\t\t<\/div>\n\t\t\t\t\t\t\t<div class=\"elementor-accordion-item\">\n\t\t\t\t\t<div id=\"elementor-tab-title-3022\" class=\"elementor-tab-title\" data-tab=\"2\" role=\"button\" aria-controls=\"elementor-tab-content-3022\" aria-expanded=\"false\">\n\t\t\t\t\t\t\t\t\t\t\t\t\t<span class=\"elementor-accordion-icon elementor-accordion-icon-left\" aria-hidden=\"true\">\n\t\t\t\t\t\t\t\t\t\t\t\t\t\t\t<span class=\"elementor-accordion-icon-closed\"><i class=\"fas fa-plus\"><\/i><\/span>\n\t\t\t\t\t\t\t\t<span class=\"elementor-accordion-icon-opened\"><i class=\"fas fa-minus\"><\/i><\/span>\n\t\t\t\t\t\t\t\t\t\t\t\t\t\t<\/span>\n\t\t\t\t\t\t\t\t\t\t\t\t<a class=\"elementor-accordion-title\" tabindex=\"0\">D\u00eda 2: Full day Valle Sagrado & Maras<\/a>\n\t\t\t\t\t<\/div>\n\t\t\t\t\t<div id=\"elementor-tab-content-3022\" class=\"elementor-tab-content elementor-clearfix\" data-tab=\"2\" role=\"region\" aria-labelledby=\"elementor-tab-title-3022\"><p>Nuestro recorrido comenzar\u00e1 con el recojo del hotel entre las 6:30 am y las 6:45 am Excursi\u00f3n que combina las experiencias culturales de los pueblos del Valle Sagrado, la adaptaci\u00f3n de las plantas alimenticias y la explotaci\u00f3n comunitaria de las Salineras, con sitios arqueol\u00f3gicos y Paisajes naturales, cadena de nevados como Ver\u00f3nica, Chic\u00f3n entre otros.<\/p><p>Tendremos como primer punto de visita la Zona Arqueol\u00f3gica y centro textil ubicado en Chinchero.<\/p><p>Luego visitaremos el Parque Arqueol\u00f3gico de Moray, tambi\u00e9n pasaremos por el pueblo de Maras y tambi\u00e9n visitaremos las Salineras para luego ir al Pueblo de Urubamba donde haremos una parada para almorzar.<\/p><p>Luego del almuerzo visitaremos los sitios arqueol\u00f3gicos de Ollantaytambo; posteriormente el parque arqueol\u00f3gico de Pisaq, y para finalizar la visita nos dirigiremos al pueblo de Pisaq en este lugar se har\u00e1 una parada de 30min para que los pasajeros puedan realizar una visita al mercado artesanal.<\/p><p>Terminaremos nuestro recorrido aproximadamente a las 7:00 pm.<\/p><p>En la zona c\u00e9ntrica de la ciudad del Cusco. Cerca de la plaza de armas. Estaremos de regreso en Cusco alrededor de las 8pm.<\/p><p style=\"text-align: justify;\">Pernocte en hotel &#8211; HOTEL PAQARINA SAN BLAS<\/p><\/div>\n\t\t\t\t<\/div>\n\t\t\t\t\t\t\t<div class=\"elementor-accordion-item\">\n\t\t\t\t\t<div id=\"elementor-tab-title-3023\" class=\"elementor-tab-title\" data-tab=\"3\" role=\"button\" aria-controls=\"elementor-tab-content-3023\" aria-expanded=\"false\">\n\t\t\t\t\t\t\t\t\t\t\t\t\t<span class=\"elementor-accordion-icon elementor-accordion-icon-left\" aria-hidden=\"true\">\n\t\t\t\t\t\t\t\t\t\t\t\t\t\t\t<span class=\"elementor-accordion-icon-closed\"><i class=\"fas fa-plus\"><\/i><\/span>\n\t\t\t\t\t\t\t\t<span class=\"elementor-accordion-icon-opened\"><i class=\"fas fa-minus\"><\/i><\/span>\n\t\t\t\t\t\t\t\t\t\t\t\t\t\t<\/span>\n\t\t\t\t\t\t\t\t\t\t\t\t<a class=\"elementor-accordion-title\" tabindex=\"0\">D\u00eda 3: Full day Caminata Monta\u00f1a PALCOYO<\/a>\n\t\t\t\t\t<\/div>\n\t\t\t\t\t<div id=\"elementor-tab-content-3023\" class=\"elementor-tab-content elementor-clearfix\" data-tab=\"3\" role=\"region\" aria-labelledby=\"elementor-tab-title-3023\"><p>Salida desde su hotel en Cusco entre las 4:00 y 4:30 am (dependiendo de la ubicaci\u00f3n de su hotel). Luego emprender\u00e1 un viaje de 1,40 horas hasta el pueblo de Cusipata, donde har\u00e1 una breve parada para disfrutar de un desayuno buffet cuidadosamente preparado con ingredientes locales. Tambi\u00e9n puedes utilizar los ba\u00f1os aqu\u00ed.<\/p><p>Luego, tome un viaje de 20 minutos hasta el pueblo de Checacupe y visite los legendarios<br \/>puentes que se construyeron en diferentes \u00e9pocas.<\/p><p>Admira la historia y el legado arquitect\u00f3nico de dos culturas diferentes que, incluso despu\u00e9s de cientos de a\u00f1os, permanecen en perfecto estado.<\/p><p>Despu\u00e9s de disfrutar de las obras maestras, contin\u00fae su viaje por otras 1,5 horas hasta la monta\u00f1a de siete colores de Palccoyo.<\/p><p>En esta ruta podr\u00e1s observar cientos de cam\u00e9lidos sudamericanos y lugare\u00f1os realizando sus actividades cotidianas. Desde la estaci\u00f3n de autobuses, realiza una caminata de 40 minutos hasta el mirador de las Monta\u00f1as Arcoiris y disfruta de unas vistas panor\u00e1micas \u00fanicas e incre\u00edbles. Si tienes buena condici\u00f3n f\u00edsica, sube al punto m\u00e1s alto (4.900 metros sobre el nivel del mar), donde ver\u00e1s una especie de bosque de piedras. Desde all\u00ed tambi\u00e9n se puede disfrutar de impresionantes vistas panor\u00e1micas.<\/p><p>Finalmente, tome su veh\u00edculo tur\u00edstico de regreso al pueblo de Cusipata y disfrute de la exquisita gastronom\u00eda peruana. Despu\u00e9s de un gratificante descanso, contin\u00fae su viaje de regreso a Cusco. Llegada a Cusco aproximadamente entre las 17:30 y 18:00 horas.<\/p><p style=\"text-align: justify;\">Pernocte en hotel &#8211; HOTEL PAQARINA SAN BLAS<\/p><\/div>\n\t\t\t\t<\/div>\n\t\t\t\t\t\t\t<div class=\"elementor-accordion-item\">\n\t\t\t\t\t<div id=\"elementor-tab-title-3024\" class=\"elementor-tab-title\" data-tab=\"4\" role=\"button\" aria-controls=\"elementor-tab-content-3024\" aria-expanded=\"false\">\n\t\t\t\t\t\t\t\t\t\t\t\t\t<span class=\"elementor-accordion-icon elementor-accordion-icon-left\" aria-hidden=\"true\">\n\t\t\t\t\t\t\t\t\t\t\t\t\t\t\t<span class=\"elementor-accordion-icon-closed\"><i class=\"fas fa-plus\"><\/i><\/span>\n\t\t\t\t\t\t\t\t<span class=\"elementor-accordion-icon-opened\"><i class=\"fas fa-minus\"><\/i><\/span>\n\t\t\t\t\t\t\t\t\t\t\t\t\t\t<\/span>\n\t\t\t\t\t\t\t\t\t\t\t\t<a class=\"elementor-accordion-title\" tabindex=\"0\">D\u00eda 4: Salida de Cusco<\/a>\n\t\t\t\t\t<\/div>\n\t\t\t\t\t<div id=\"elementor-tab-content-3024\" class=\"elementor-tab-content elementor-clearfix\" data-tab=\"4\" role=\"region\" aria-labelledby=\"elementor-tab-title-3024\"><p>En la hora apropiada, traslado del hote al aeropuerto o estaci\u00f3n de buses de Cusco<\/p><p>**NOTA:. Check out en el hotel a las 11am<\/p><p>Fin de nuestros servicios!<\/p><\/div>\n\t\t\t\t<\/div>\n\t\t\t\t\t\t\t\t<\/div>\n\t\t\t\t\t\t<\/div>\n\t\t\t\t<\/div>\n\t\t\t\t<div class=\"elementor-element elementor-element-57e53965 elementor-widget elementor-widget-text-editor\" data-id=\"57e53965\" data-element_type=\"widget\" data-e-type=\"widget\" data-widget_type=\"text-editor.default\">\n\t\t\t\t<div class=\"elementor-widget-container\">\n\t\t\t\t\t\t\t\t\t<h3><span style=\"color: #ff0000;\"><strong>Precios:<\/strong><\/span><\/h3><ul><li><strong> Habitaci\u00f3n individual &#8211; S\/897.00<\/strong><\/li><li><strong>Habitaci\u00f3n doble\/matrimonial &#8211; S\/653.00<\/strong><\/li><li><strong>Habitaci\u00f3n triple &#8211; S\/571.00<\/strong><\/li><li><strong>Habitaci\u00f3n cu\u00e1druple &#8211; S\/539.00<\/strong><\/li><\/ul><p><em>**Todos los precios son por persona<\/em><\/p><h3><span style=\"color: #008000;\"><strong>Qu\u00e9 est\u00e1 incluido:<\/strong><\/span><\/h3><ul><li>Traslado aeropuerto-hotel aeropuerto (o estaci\u00f3n de buses)<\/li><li>3 noches de alojamiento en Cusco<\/li><li>3 desayunos 2 almuerzos<\/li><li>Visitas como especificado en el itinerario<\/li><li>Todas las entradas a las visitas<\/li><li>Guia en espa\u00f1ol<\/li><li>Transporte a todas las visitas<\/li><li>Soporte 24\/7<\/li><\/ul><h3><span style=\"color: #008000;\"><strong>No incluido:<\/strong><\/span><\/h3><ul><li>Transporte de llegada y salida de Cusco<\/li><li><span style=\"color: #ff0000;\">Entrada a la monta\u00f1a de Palcoyo &#8211; S\/20.00 por persona<\/span><\/li><li>Comidas no especificadas<\/li><li>Seguro de viaje<\/li><\/ul><h3><span style=\"color: #008000;\"><strong>Lista recomendada<\/strong><\/span><\/h3><ul><li>Snacks (frutas secas, galletas, caramelos, chocolates, etc)<\/li><li>Zapatos para caminar o zapatillas de deporte<\/li><li>Sombrero o gorra<\/li><li>Lentes de sol<\/li><li>Protector solar<\/li><li>Art\u00edculos de aseo (shampoo, cremas, jab\u00f3n)<\/li><li>Botella de agua<\/li><\/ul><h3><span style=\"color: #ff0000;\"><strong>NOTAS IMPORTANTES:<\/strong><\/span><\/h3><p><strong>**Precios exclusivos para Peruanos**<\/strong><\/p><p><strong>Pol\u00edtica de Reservas<\/strong><\/p><ul><li>Precios en SOLES.<\/li><li>Todos los precios son por persona.<\/li><li>Para confirmar una reserva, se debe abonar el importe total.<\/li><li>PV Travel no se responsabiliza por la p\u00e9rdida o el robo de objetos en ninguno de nuestros tours, programas o alojamientos.<\/li><li>Caso sea deseable la emisi\u00f3n de factura, ser\u00e1 cobrado 18% al valor total que deber\u00e1 ser pagado por el usuario<\/li><li>Las cancelaciones por cambios clim\u00e1ticos, tormentas, deslizamientos o fuerza mayor NO ser\u00e1n reembolsadas.<\/li><li>Si el viajero decide retirarse antes de la finalizaci\u00f3n del servicio, NO se realizar\u00e1 ning\u00fan reembolso.<\/li><li>Si el viajero no asiste el d\u00eda del servicio, este se considerar\u00e1 \u00abcompletado\u00bb sin derecho a reclamos ni reembolsos.<\/li><li>Los asientos en el transporte no se asignan; el transporte se organiza por orden de llegada.<\/li><li>Todos los servicios se comparten con otros viajeros en grupos, a menos que se especifique lo contrario.<\/li><li>Los ni\u00f1os menores de 3 a\u00f1os no pagan, siempre que compartan asiento y cama con sus tutores.<\/li><li>M\u00e1ximo un ni\u00f1o por habitaci\u00f3n que no paga.<\/li><\/ul><p><strong>Pol\u00edtica de cancelaci\u00f3n y reembolso<\/strong><\/p><ul><li>Todas las cancelaciones realizadas 30 d\u00edas o menos antes del inicio de nuestros servicios tendr\u00e1n un cargo del 100% y, por lo tanto, no son reembolsables ni<br \/>transferibles.<\/li><li>Los servicios de viaje cancelados 31 d\u00edas antes del inicio del programa son reembolsables hasta el 50%, menos los cargos de pago ( transferencia bancaria ) y\/o<br \/>los cr\u00e9ditos aplicados.<\/li><\/ul>\t\t\t\t\t\t\t\t<\/div>\n\t\t\t\t<\/div>\n\t\t\t\t\t<\/div>\n\t\t<\/div>\n\t\t\t\t\t<\/div>\n\t\t<\/section>\n\t\t\t\t<\/div>\n\t\t","protected":false},"excerpt":{"rendered":"<p><strong>PVT &#8211; CZ4001<\/strong><\/p>\n<h3><span style=\"color: #ff0000;\"><strong>Precios:<\/strong><\/span><\/h3>\n<ul>\n<li><strong> Habitaci\u00f3n individual &#8211; S\/897.00<\/strong><\/li>\n<li><strong>Habitaci\u00f3n doble\/matrimonial &#8211; S\/600.00<\/strong><\/li>\n<li><strong>Habitaci\u00f3n triple &#8211; S\/571.00<\/strong><\/li>\n<li><strong>Habitaci\u00f3n cu\u00e1druple &#8211; S\/539.00<\/strong><\/li>\n<\/ul>\n<p>Para reservas, por favor\u00a0<a href=\"https:\/\/www.pvtravels.com\/es\/contacto\/\">cont\u00e1ctenos<\/a><\/p>\n","protected":false},"featured_media":6436,"template":"","meta":{"site-sidebar-layout":"no-sidebar","site-content-layout":"page-builder","ast-site-content-layout":"full-width-container","site-content-style":"unboxed","site-sidebar-style":"unboxed","ast-global-header-display":"","ast-banner-title-visibility":"","ast-main-header-display":"","ast-hfb-above-header-display":"","ast-hfb-below-header-display":"","ast-hfb-mobile-header-display":"","site-post-title":"disabled","ast-breadcrumbs-content":"","ast-featured-img":"disabled","footer-sml-layout":"","ast-disable-related-posts":"","theme-transparent-header-meta":"default","adv-header-id-meta":"","stick-header-meta":"default","header-above-stick-meta":"","header-main-stick-meta":"","header-below-stick-meta":"","astra-migrate-meta-layouts":"set","ast-page-background-enabled":"default","ast-page-background-meta":{"desktop":{"background-color":"var(--ast-global-color-4)","background-image":"","background-repeat":"repeat","background-position":"center center","background-size":"auto","background-attachment":"scroll","background-type":"","background-media":"","overlay-type":"","overlay-color":"","overlay-opacity":"","overlay-gradient":""},"tablet":{"background-color":"","background-image":"","background-repeat":"repeat","background-position":"center center","background-size":"auto","background-attachment":"scroll","background-type":"","background-media":"","overlay-type":"","overlay-color":"","overlay-opacity":"","overlay-gradient":""},"mobile":{"background-color":"","background-image":"","background-repeat":"repeat","background-position":"center center","background-size":"auto","background-attachment":"scroll","background-type":"","background-media":"","overlay-type":"","overlay-color":"","overlay-opacity":"","overlay-gradient":""}},"ast-content-background-meta":{"desktop":{"background-color":"var(--ast-global-color-5)","background-image":"","background-repeat":"repeat","background-position":"center center","background-size":"auto","background-attachment":"scroll","background-type":"","background-media":"","overlay-type":"","overlay-color":"","overlay-opacity":"","overlay-gradient":""},"tablet":{"background-color":"var(--ast-global-color-5)","background-image":"","background-repeat":"repeat","background-position":"center center","background-size":"auto","background-attachment":"scroll","background-type":"","background-media":"","overlay-type":"","overlay-color":"","overlay-opacity":"","overlay-gradient":""},"mobile":{"background-color":"var(--ast-global-color-5)","background-image":"","background-repeat":"repeat","background-position":"center center","background-size":"auto","background-attachment":"scroll","background-type":"","background-media":"","overlay-type":"","overlay-color":"","overlay-opacity":"","overlay-gradient":""}},"_joinchat":[]},"product_brand":[],"product_cat":[162],"product_tag":[],"class_list":{"0":"post-6435","1":"product","2":"type-product","3":"status-publish","4":"has-post-thumbnail","6":"product_cat-paquetes-para-peruanos-es","7":"desktop-align-center","8":"tablet-align-center","9":"mobile-align-center","10":"ast-product-gallery-layout-horizontal-slider","11":"ast-product-gallery-with-no-image","12":"ast-product-tabs-layout-horizontal","14":"first","15":"instock","16":"shipping-taxable","17":"product-type-simple"},"_links":{"self":[{"href":"https:\/\/www.pvtravels.com\/es\/wp-json\/wp\/v2\/product\/6435","targetHints":{"allow":["GET"]}}],"collection":[{"href":"https:\/\/www.pvtravels.com\/es\/wp-json\/wp\/v2\/product"}],"about":[{"href":"https:\/\/www.pvtravels.com\/es\/wp-json\/wp\/v2\/types\/product"}],"version-history":[{"count":4,"href":"https:\/\/www.pvtravels.com\/es\/wp-json\/wp\/v2\/product\/6435\/revisions"}],"predecessor-version":[{"id":6443,"href":"https:\/\/www.pvtravels.com\/es\/wp-json\/wp\/v2\/product\/6435\/revisions\/6443"}],"wp:featuredmedia":[{"embeddable":true,"href":"https:\/\/www.pvtravels.com\/es\/wp-json\/wp\/v2\/media\/6436"}],"wp:attachment":[{"href":"https:\/\/www.pvtravels.com\/es\/wp-json\/wp\/v2\/media?parent=6435"}],"wp:term":[{"taxonomy":"product_brand","embeddable":true,"href":"https:\/\/www.pvtravels.com\/es\/wp-json\/wp\/v2\/product_brand?post=6435"},{"taxonomy":"product_cat","embeddable":true,"href":"https:\/\/www.pvtravels.com\/es\/wp-json\/wp\/v2\/product_cat?post=6435"},{"taxonomy":"product_tag","embeddable":true,"href":"https:\/\/www.pvtravels.com\/es\/wp-json\/wp\/v2\/product_tag?post=6435"}],"curies":[{"name":"wp","href":"https:\/\/api.w.org\/{rel}","templated":true}]}}